{"id":555,"date":"2018-05-02T22:50:02","date_gmt":"2018-05-02T20:50:02","guid":{"rendered":"http:\/\/adepublicite.fr\/?page_id=555"},"modified":"2020-07-13T11:29:09","modified_gmt":"2020-07-13T09:29:09","slug":"tapisserie-magnetique","status":"publish","type":"page","link":"https:\/\/adepublicite.fr\/en\/tapisserie\/tapisserie-magnetique\/","title":{"rendered":"Tapisserie magn\u00e9tique"},"content":{"rendered":"<table style=\"width: 100%;\">\n<tbody>\n<tr>\n<td style=\"width: 75%;\">\n<h2>Description<\/h2>\n<p>Le papier peint magn\u00e9tique va r\u00e9volutionner vos murs\u00a0!<\/p>\n<p>Dans votre restaurant des soir\u00e9es \u00e0 th\u00e8mes diff\u00e9rentes tous les mois, c\u2019est la solution.<\/p>\n<p>Imprimez les visuels de vos choix et changez la d\u00e9coration quand le c\u0153ur vous en dit.<\/p>\n<p>Vous louez des salles de s\u00e9minaires\u00a0: Identifiez l\u00e0 \u00e0 l\u2019image de votre client.<\/p>\n<p>Concept innovant, le papier peint magn\u00e9tique permet de modifier, repositionner \u00e0 l&#8217;infini un papier amovible et transportable.<\/p>\n<p>C\u2019est rapide, facile et tr\u00e8s qualitatif.<\/td>\n<td style=\"text-align: center; vertical-align: top;\"><div id=\"metaslider-id-409\" style=\"max-width: 700px;\" class=\"ml-slider-3-108-0 metaslider metaslider-flex metaslider-409 ml-slider ms-theme-default nav-hidden\" role=\"region\" aria-label=\"Tapisserie magn\u00e9tique\" data-height=\"300\" data-width=\"700\">\n    <div id=\"metaslider_container_409\">\n        <div id=\"metaslider_409\">\n            <ul class='slides'>\n                <li style=\"display: block; width: 100%;\" class=\"slide-713 ms-image \" aria-roledescription=\"slide\" data-date=\"2018-05-03 17:43:58\" data-filename=\"tapisserie_magnetique_1.jpg\" data-slide-type=\"image\"><img loading=\"lazy\" decoding=\"async\" width=\"500\" height=\"500\" src=\"https:\/\/adepublicite.fr\/wp-content\/uploads\/2018\/05\/tapisserie_magnetique_1.jpg\" class=\"slider-409 slide-713 msDefaultImage\" alt=\"tapisserie magn\u00e9tique\" rel=\"\" title=\"tapisserie_magnetique_1\" srcset=\"https:\/\/adepublicite.fr\/wp-content\/uploads\/2018\/05\/tapisserie_magnetique_1.jpg 500w, https:\/\/adepublicite.fr\/wp-content\/uploads\/2018\/05\/tapisserie_magnetique_1-150x150.jpg 150w, https:\/\/adepublicite.fr\/wp-content\/uploads\/2018\/05\/tapisserie_magnetique_1-300x300.jpg 300w\" sizes=\"auto, (max-width: 500px) 100vw, 500px\" \/><\/li>\n                <li style=\"display: none; width: 100%;\" class=\"slide-714 ms-image \" aria-roledescription=\"slide\" data-date=\"2018-05-03 17:43:58\" data-filename=\"tapisserie_magnetique_2.jpg\" data-slide-type=\"image\"><img loading=\"lazy\" decoding=\"async\" width=\"500\" height=\"500\" src=\"https:\/\/adepublicite.fr\/wp-content\/uploads\/2018\/05\/tapisserie_magnetique_2.jpg\" class=\"slider-409 slide-714 msDefaultImage\" alt=\"tapisserie magn\u00e9tique\" rel=\"\" title=\"tapisserie_magnetique_2\" srcset=\"https:\/\/adepublicite.fr\/wp-content\/uploads\/2018\/05\/tapisserie_magnetique_2.jpg 500w, https:\/\/adepublicite.fr\/wp-content\/uploads\/2018\/05\/tapisserie_magnetique_2-150x150.jpg 150w, https:\/\/adepublicite.fr\/wp-content\/uploads\/2018\/05\/tapisserie_magnetique_2-300x300.jpg 300w\" sizes=\"auto, (max-width: 500px) 100vw, 500px\" \/><\/li>\n                <li style=\"display: none; width: 100%;\" class=\"slide-715 ms-image \" aria-roledescription=\"slide\" data-date=\"2018-05-03 17:43:58\" data-filename=\"tapisserie_magnetique_3.jpg\" data-slide-type=\"image\"><img loading=\"lazy\" decoding=\"async\" width=\"500\" height=\"500\" src=\"https:\/\/adepublicite.fr\/wp-content\/uploads\/2018\/05\/tapisserie_magnetique_3.jpg\" class=\"slider-409 slide-715 msDefaultImage\" alt=\"tapisserie magn\u00e9tique\" rel=\"\" title=\"tapisserie_magnetique_3\" srcset=\"https:\/\/adepublicite.fr\/wp-content\/uploads\/2018\/05\/tapisserie_magnetique_3.jpg 500w, https:\/\/adepublicite.fr\/wp-content\/uploads\/2018\/05\/tapisserie_magnetique_3-150x150.jpg 150w, https:\/\/adepublicite.fr\/wp-content\/uploads\/2018\/05\/tapisserie_magnetique_3-300x300.jpg 300w\" sizes=\"auto, (max-width: 500px) 100vw, 500px\" \/><\/li>\n                <li style=\"display: none; width: 100%;\" class=\"slide-716 ms-image \" aria-roledescription=\"slide\" data-date=\"2018-05-03 17:43:59\" data-filename=\"tapisserie_magnetique_4.jpg\" data-slide-type=\"image\"><img loading=\"lazy\" decoding=\"async\" width=\"500\" height=\"500\" src=\"https:\/\/adepublicite.fr\/wp-content\/uploads\/2018\/05\/tapisserie_magnetique_4.jpg\" class=\"slider-409 slide-716 msDefaultImage\" alt=\"tapisserie magn\u00e9tique\" rel=\"\" title=\"tapisserie_magnetique_4\" srcset=\"https:\/\/adepublicite.fr\/wp-content\/uploads\/2018\/05\/tapisserie_magnetique_4.jpg 500w, https:\/\/adepublicite.fr\/wp-content\/uploads\/2018\/05\/tapisserie_magnetique_4-150x150.jpg 150w, https:\/\/adepublicite.fr\/wp-content\/uploads\/2018\/05\/tapisserie_magnetique_4-300x300.jpg 300w\" sizes=\"auto, (max-width: 500px) 100vw, 500px\" \/><\/li>\n            <\/ul>\n        <\/div>\n        \n    <\/div>\n<\/div><\/td>\n<\/tr>\n<\/tbody>\n<\/table>\n<table>\n<tbody>\n<tr>\n<td><\/td>\n<\/tr>\n<\/tbody>\n<\/table>\n<h2>Description technique<\/h2>\n<p><strong>Support\u00a0:<\/strong> Installation d\u2019une feuille magn\u00e9tique au mur puis par-dessus positionnement du papier peint magn\u00e9tique<\/p>\n<p><strong>Impression :<\/strong> num\u00e9rique<\/p>\n<p><strong>Format :<\/strong> laize de 2,63m maximum<\/p>\n<p><strong>Origine\u00a0:\u00a0<\/strong>dans nos locaux en Is\u00e8re (France)<\/p>\n<p>Vous souhaitez en savoir plus sur nos techniques de fabrication d\u2019ardoise\u00a0? Consultez la page\u00a0<a href=\"http:\/\/adepublicite.fr\/savoir-faire\/\">savoir faire<\/a>\u00a0ou\u00a0venez <a href=\"https:\/\/adepublicite.fr\/contact\/\">nous rencontrer<\/a>\u00a0!<\/p>\n<table>\n<tbody>\n<tr>\n<td><\/td>\n<\/tr>\n<\/tbody>\n<\/table>\n<h2>Tarifs<\/h2>\n<p>Nos tarifs d\u00e9pendent de vos crit\u00e8res de personnalisation (la taille de l\u2019ardoise, le nombre de couleurs \u00e0 l&#8217;impression, le type d\u2019encadrement, si besoin la retouche de vos fichiers, la quantit\u00e9 souhait\u00e9e&#8230; voir nos\u00a0<a href=\"http:\/\/adepublicite.fr\/savoir-faire\/\">savoir faire<\/a> pour plus d&#8217;explications), et sont donc exclusivement sur devis.<\/p>\n","protected":false},"excerpt":{"rendered":"<p>Description Le papier peint magn&eacute;tique va r&eacute;volutionner vos murs&nbsp;! Dans votre restaurant des soir&eacute;es &agrave; th&egrave;mes diff&eacute;rentes tous les mois, c&rsquo;est la solution. Imprimez les visuels de vos choix et changez la d&eacute;coration quand le c&oelig;ur vous en dit. Vous &hellip; <a href=\"https:\/\/adepublicite.fr\/en\/tapisserie\/tapisserie-magnetique\/\">Continued<\/a><\/p>\n","protected":false},"author":1,"featured_media":0,"parent":551,"menu_order":0,"comment_status":"closed","ping_status":"closed","template":"","meta":{"kt_blocks_editor_width":"","_monsterinsights_skip_tracking":false,"_monsterinsights_sitenote_active":false,"_monsterinsights_sitenote_note":"","_monsterinsights_sitenote_category":0,"footnotes":""},"class_list":["post-555","page","type-page","status-publish","hentry"],"translation":{"provider":"WPGlobus","version":"3.0.2","language":"en","enabled_languages":["fr","en"],"languages":{"fr":{"title":true,"content":true,"excerpt":false},"en":{"title":false,"content":false,"excerpt":false}}},"yoast_head":"<!-- This site is optimized with the Yoast SEO plugin v27.4 - https:\/\/yoast.com\/product\/yoast-seo-wordpress\/ -->\n<title>Tapisserie magn\u00e9tique - ADE Publicit\u00e9<\/title>\n<meta name=\"robots\" content=\"index, follow, max-snippet:-1, max-image-preview:large, max-video-preview:-1\" \/>\n<link rel=\"canonical\" href=\"https:\/\/adepublicite.fr\/tapisserie\/tapisserie-magnetique\/\" \/>\n<meta property=\"og:locale\" content=\"en_US\" \/>\n<meta property=\"og:type\" content=\"article\" \/>\n<meta property=\"og:title\" content=\"Tapisserie magn\u00e9tique - ADE Publicit\u00e9\" \/>\n<meta property=\"og:url\" content=\"https:\/\/adepublicite.fr\/tapisserie\/tapisserie-magnetique\/\" \/>\n<meta property=\"og:site_name\" content=\"ADE Publicit\u00e9\" \/>\n<meta property=\"article:publisher\" content=\"https:\/\/www.facebook.com\/adepublicite\/?ref=bookmarks\" \/>\n<meta property=\"article:modified_time\" content=\"2020-07-13T09:29:09+00:00\" \/>\n<meta name=\"twitter:card\" content=\"summary_large_image\" \/>\n<meta name=\"twitter:label1\" content=\"Est. reading time\" \/>\n\t<meta name=\"twitter:data1\" content=\"1 minute\" \/>\n<script type=\"application\/ld+json\" class=\"yoast-schema-graph\">{\"@context\":\"https:\\\/\\\/schema.org\",\"@graph\":[{\"@type\":\"WebPage\",\"@id\":\"https:\\\/\\\/adepublicite.fr\\\/tapisserie\\\/tapisserie-magnetique\\\/\",\"url\":\"https:\\\/\\\/adepublicite.fr\\\/tapisserie\\\/tapisserie-magnetique\\\/\",\"name\":\"Tapisserie magn\u00e9tique - ADE Publicit\u00e9\",\"isPartOf\":{\"@id\":\"https:\\\/\\\/adepublicite.fr\\\/#website\"},\"datePublished\":\"2018-05-02T20:50:02+00:00\",\"dateModified\":\"2020-07-13T09:29:09+00:00\",\"breadcrumb\":{\"@id\":\"https:\\\/\\\/adepublicite.fr\\\/tapisserie\\\/tapisserie-magnetique\\\/#breadcrumb\"},\"inLanguage\":\"en-US\",\"potentialAction\":[{\"@type\":\"ReadAction\",\"target\":[\"https:\\\/\\\/adepublicite.fr\\\/tapisserie\\\/tapisserie-magnetique\\\/\"]}]},{\"@type\":\"BreadcrumbList\",\"@id\":\"https:\\\/\\\/adepublicite.fr\\\/tapisserie\\\/tapisserie-magnetique\\\/#breadcrumb\",\"itemListElement\":[{\"@type\":\"ListItem\",\"position\":1,\"name\":\"Accueil\",\"item\":\"https:\\\/\\\/adepublicite.fr\\\/\"},{\"@type\":\"ListItem\",\"position\":2,\"name\":\"Tapisserie\",\"item\":\"https:\\\/\\\/adepublicite.fr\\\/tapisserie\\\/\"},{\"@type\":\"ListItem\",\"position\":3,\"name\":\"Tapisserie magn\u00e9tique\"}]},{\"@type\":\"WebSite\",\"@id\":\"https:\\\/\\\/adepublicite.fr\\\/#website\",\"url\":\"https:\\\/\\\/adepublicite.fr\\\/\",\"name\":\"ADE Publicit\u00e9\",\"description\":\"\",\"publisher\":{\"@id\":\"https:\\\/\\\/adepublicite.fr\\\/#organization\"},\"potentialAction\":[{\"@type\":\"SearchAction\",\"target\":{\"@type\":\"EntryPoint\",\"urlTemplate\":\"https:\\\/\\\/adepublicite.fr\\\/?s={search_term_string}\"},\"query-input\":{\"@type\":\"PropertyValueSpecification\",\"valueRequired\":true,\"valueName\":\"search_term_string\"}}],\"inLanguage\":\"en-US\"},{\"@type\":\"Organization\",\"@id\":\"https:\\\/\\\/adepublicite.fr\\\/#organization\",\"name\":\"ADE Publicit\u00e9\",\"url\":\"https:\\\/\\\/adepublicite.fr\\\/\",\"logo\":{\"@type\":\"ImageObject\",\"inLanguage\":\"en-US\",\"@id\":\"https:\\\/\\\/adepublicite.fr\\\/#\\\/schema\\\/logo\\\/image\\\/\",\"url\":\"https:\\\/\\\/adepublicite.fr\\\/wp-content\\\/uploads\\\/2018\\\/05\\\/FAVICON.png\",\"contentUrl\":\"https:\\\/\\\/adepublicite.fr\\\/wp-content\\\/uploads\\\/2018\\\/05\\\/FAVICON.png\",\"width\":512,\"height\":512,\"caption\":\"ADE Publicit\u00e9\"},\"image\":{\"@id\":\"https:\\\/\\\/adepublicite.fr\\\/#\\\/schema\\\/logo\\\/image\\\/\"},\"sameAs\":[\"https:\\\/\\\/www.facebook.com\\\/adepublicite\\\/?ref=bookmarks\",\"https:\\\/\\\/www.linkedin.com\\\/company\\\/ade-publicit\u00e9\\\/\"]}]}<\/script>\n<!-- \/ Yoast SEO plugin. -->","yoast_head_json":{"title":"Tapisserie magn\u00e9tique - ADE Publicit\u00e9","robots":{"index":"index","follow":"follow","max-snippet":"max-snippet:-1","max-image-preview":"max-image-preview:large","max-video-preview":"max-video-preview:-1"},"canonical":"https:\/\/adepublicite.fr\/tapisserie\/tapisserie-magnetique\/","og_locale":"en_US","og_type":"article","og_title":"Tapisserie magn\u00e9tique - ADE Publicit\u00e9","og_url":"https:\/\/adepublicite.fr\/tapisserie\/tapisserie-magnetique\/","og_site_name":"ADE Publicit\u00e9","article_publisher":"https:\/\/www.facebook.com\/adepublicite\/?ref=bookmarks","article_modified_time":"2020-07-13T09:29:09+00:00","twitter_card":"summary_large_image","twitter_misc":{"Est. reading time":"1 minute"},"schema":{"@context":"https:\/\/schema.org","@graph":[{"@type":"WebPage","@id":"https:\/\/adepublicite.fr\/tapisserie\/tapisserie-magnetique\/","url":"https:\/\/adepublicite.fr\/tapisserie\/tapisserie-magnetique\/","name":"Tapisserie magn\u00e9tique - ADE Publicit\u00e9","isPartOf":{"@id":"https:\/\/adepublicite.fr\/#website"},"datePublished":"2018-05-02T20:50:02+00:00","dateModified":"2020-07-13T09:29:09+00:00","breadcrumb":{"@id":"https:\/\/adepublicite.fr\/tapisserie\/tapisserie-magnetique\/#breadcrumb"},"inLanguage":"en-US","potentialAction":[{"@type":"ReadAction","target":["https:\/\/adepublicite.fr\/tapisserie\/tapisserie-magnetique\/"]}]},{"@type":"BreadcrumbList","@id":"https:\/\/adepublicite.fr\/tapisserie\/tapisserie-magnetique\/#breadcrumb","itemListElement":[{"@type":"ListItem","position":1,"name":"Accueil","item":"https:\/\/adepublicite.fr\/"},{"@type":"ListItem","position":2,"name":"Tapisserie","item":"https:\/\/adepublicite.fr\/tapisserie\/"},{"@type":"ListItem","position":3,"name":"Tapisserie magn\u00e9tique"}]},{"@type":"WebSite","@id":"https:\/\/adepublicite.fr\/#website","url":"https:\/\/adepublicite.fr\/","name":"ADE Publicit\u00e9","description":"","publisher":{"@id":"https:\/\/adepublicite.fr\/#organization"},"potentialAction":[{"@type":"SearchAction","target":{"@type":"EntryPoint","urlTemplate":"https:\/\/adepublicite.fr\/?s={search_term_string}"},"query-input":{"@type":"PropertyValueSpecification","valueRequired":true,"valueName":"search_term_string"}}],"inLanguage":"en-US"},{"@type":"Organization","@id":"https:\/\/adepublicite.fr\/#organization","name":"ADE Publicit\u00e9","url":"https:\/\/adepublicite.fr\/","logo":{"@type":"ImageObject","inLanguage":"en-US","@id":"https:\/\/adepublicite.fr\/#\/schema\/logo\/image\/","url":"https:\/\/adepublicite.fr\/wp-content\/uploads\/2018\/05\/FAVICON.png","contentUrl":"https:\/\/adepublicite.fr\/wp-content\/uploads\/2018\/05\/FAVICON.png","width":512,"height":512,"caption":"ADE Publicit\u00e9"},"image":{"@id":"https:\/\/adepublicite.fr\/#\/schema\/logo\/image\/"},"sameAs":["https:\/\/www.facebook.com\/adepublicite\/?ref=bookmarks","https:\/\/www.linkedin.com\/company\/ade-publicit\u00e9\/"]}]}},"amp_enabled":true,"_links":{"self":[{"href":"https:\/\/adepublicite.fr\/en\/wp-json\/wp\/v2\/pages\/555","targetHints":{"allow":["GET"]}}],"collection":[{"href":"https:\/\/adepublicite.fr\/en\/wp-json\/wp\/v2\/pages"}],"about":[{"href":"https:\/\/adepublicite.fr\/en\/wp-json\/wp\/v2\/types\/page"}],"author":[{"embeddable":true,"href":"https:\/\/adepublicite.fr\/en\/wp-json\/wp\/v2\/users\/1"}],"replies":[{"embeddable":true,"href":"https:\/\/adepublicite.fr\/en\/wp-json\/wp\/v2\/comments?post=555"}],"version-history":[{"count":6,"href":"https:\/\/adepublicite.fr\/en\/wp-json\/wp\/v2\/pages\/555\/revisions"}],"predecessor-version":[{"id":2937,"href":"https:\/\/adepublicite.fr\/en\/wp-json\/wp\/v2\/pages\/555\/revisions\/2937"}],"up":[{"embeddable":true,"href":"https:\/\/adepublicite.fr\/en\/wp-json\/wp\/v2\/pages\/551"}],"wp:attachment":[{"href":"https:\/\/adepublicite.fr\/en\/wp-json\/wp\/v2\/media?parent=555"}],"curies":[{"name":"wp","href":"https:\/\/api.w.org\/{rel}","templated":true}]}}