{"id":535,"date":"2018-05-02T22:46:05","date_gmt":"2018-05-02T20:46:05","guid":{"rendered":"http:\/\/adepublicite.fr\/?page_id=535"},"modified":"2020-08-05T17:14:52","modified_gmt":"2020-08-05T15:14:52","slug":"cadeaux-goodies","status":"publish","type":"page","link":"https:\/\/adepublicite.fr\/en\/cadeaux-goodies\/","title":{"rendered":"Ideas in bulk"},"content":{"rendered":"<table style=\"width: 100%;\">\n<tbody>\n<tr>\n<td style=\"width: 25%; background-color: #ffffff; text-align: center;\"><a href=\"https:\/\/adepublicite.fr\/en\/idees-en-vrac\/magnet\/\"><img loading=\"lazy\" decoding=\"async\" class=\"alignnone wp-image-962 size-medium\" src=\"https:\/\/adepublicite.fr\/wp-content\/uploads\/2018\/05\/magnet_1-300x300.jpg\" alt=\"\" width=\"300\" height=\"300\" srcset=\"https:\/\/adepublicite.fr\/wp-content\/uploads\/2018\/05\/magnet_1-300x300.jpg 300w, https:\/\/adepublicite.fr\/wp-content\/uploads\/2018\/05\/magnet_1-150x150.jpg 150w, https:\/\/adepublicite.fr\/wp-content\/uploads\/2018\/05\/magnet_1.jpg 500w\" sizes=\"auto, (max-width: 300px) 100vw, 300px\" \/><\/a><\/td>\n<td style=\"width: 25%; background-color: #ffffff; text-align: center;\"><a href=\"https:\/\/adepublicite.fr\/en\/idees-en-vrac\/numero-de-porte-signaletique\/\"><img loading=\"lazy\" decoding=\"async\" class=\"alignnone wp-image-955 size-medium\" src=\"https:\/\/adepublicite.fr\/wp-content\/uploads\/2018\/05\/plaque_de_porte_2-300x300.jpg\" alt=\"\" width=\"300\" height=\"300\" srcset=\"https:\/\/adepublicite.fr\/wp-content\/uploads\/2018\/05\/plaque_de_porte_2-300x300.jpg 300w, https:\/\/adepublicite.fr\/wp-content\/uploads\/2018\/05\/plaque_de_porte_2-150x150.jpg 150w, https:\/\/adepublicite.fr\/wp-content\/uploads\/2018\/05\/plaque_de_porte_2.jpg 500w\" sizes=\"auto, (max-width: 300px) 100vw, 300px\" \/><\/a><\/td>\n<td style=\"width: 25%; background-color: #ffffff; text-align: center;\"><a href=\"https:\/\/adepublicite.fr\/en\/idees-en-vrac\/plv-suspendue\/\"><img loading=\"lazy\" decoding=\"async\" class=\"alignnone wp-image-966 size-medium\" src=\"https:\/\/adepublicite.fr\/wp-content\/uploads\/2018\/05\/plv_suspendue-300x300.jpg\" alt=\"\" width=\"300\" height=\"300\" srcset=\"https:\/\/adepublicite.fr\/wp-content\/uploads\/2018\/05\/plv_suspendue-300x300.jpg 300w, https:\/\/adepublicite.fr\/wp-content\/uploads\/2018\/05\/plv_suspendue-150x150.jpg 150w, https:\/\/adepublicite.fr\/wp-content\/uploads\/2018\/05\/plv_suspendue.jpg 500w\" sizes=\"auto, (max-width: 300px) 100vw, 300px\" \/><\/a><\/td>\n<td style=\"width: 25%; background-color: #ffffff; text-align: center;\"><a href=\"https:\/\/adepublicite.fr\/en\/idees-en-vrac\/photophore\/\"><img loading=\"lazy\" decoding=\"async\" class=\"alignnone wp-image-952 size-medium\" src=\"https:\/\/adepublicite.fr\/wp-content\/uploads\/2018\/05\/photophore-300x300.jpg\" alt=\"\" width=\"300\" height=\"300\" srcset=\"https:\/\/adepublicite.fr\/wp-content\/uploads\/2018\/05\/photophore-300x300.jpg 300w, https:\/\/adepublicite.fr\/wp-content\/uploads\/2018\/05\/photophore-150x150.jpg 150w, https:\/\/adepublicite.fr\/wp-content\/uploads\/2018\/05\/photophore-365x365.jpg 365w, https:\/\/adepublicite.fr\/wp-content\/uploads\/2018\/05\/photophore.jpg 500w\" sizes=\"auto, (max-width: 300px) 100vw, 300px\" \/><\/a><\/td>\n<\/tr>\n<tr>\n<td style=\"width: 25%; background-color: #ffffff; text-align: center;\">\u00a0<a href=\"https:\/\/adepublicite.fr\/en\/idees-en-vrac\/magnet\/\">Magnet<\/a><\/td>\n<td style=\"width: 25%; background-color: #ffffff; text-align: center;\"><a href=\"https:\/\/adepublicite.fr\/en\/idees-en-vrac\/numero-de-porte-signaletique\/\">Door number \/ Signage<\/a><\/td>\n<td style=\"width: 25%; background-color: #ffffff; text-align: center;\"><a href=\"https:\/\/adepublicite.fr\/en\/idees-en-vrac\/plv-suspendue\/\">Suspended POS<\/a><\/td>\n<td style=\"width: 25%; background-color: #ffffff; text-align: center;\"><a href=\"https:\/\/adepublicite.fr\/en\/idees-en-vrac\/photophore\/\">Tealight<\/a><\/td>\n<\/tr>\n<tr>\n<td style=\"width: 25%; background-color: #ffffff; text-align: center;\"><a href=\"https:\/\/adepublicite.fr\/en\/idees-en-vrac\/stop-rayon\/\"><img loading=\"lazy\" decoding=\"async\" class=\"alignnone wp-image-967 size-medium\" src=\"https:\/\/adepublicite.fr\/wp-content\/uploads\/2018\/05\/stop_rayon-300x300.jpg\" alt=\"\" width=\"300\" height=\"300\" srcset=\"https:\/\/adepublicite.fr\/wp-content\/uploads\/2018\/05\/stop_rayon-300x300.jpg 300w, https:\/\/adepublicite.fr\/wp-content\/uploads\/2018\/05\/stop_rayon-150x150.jpg 150w, https:\/\/adepublicite.fr\/wp-content\/uploads\/2018\/05\/stop_rayon.jpg 500w\" sizes=\"auto, (max-width: 300px) 100vw, 300px\" \/><\/a><\/td>\n<td style=\"width: 25%; background-color: #ffffff; text-align: center;\"><a href=\"https:\/\/adepublicite.fr\/en\/idees-en-vrac\/nos-productions-sur-mesure\/\"><img loading=\"lazy\" decoding=\"async\" class=\"alignnone wp-image-950 size-medium\" src=\"https:\/\/adepublicite.fr\/wp-content\/uploads\/2018\/05\/sur_mesure_4-300x300.jpg\" alt=\"\" width=\"300\" height=\"300\" srcset=\"https:\/\/adepublicite.fr\/wp-content\/uploads\/2018\/05\/sur_mesure_4-300x300.jpg 300w, https:\/\/adepublicite.fr\/wp-content\/uploads\/2018\/05\/sur_mesure_4-150x150.jpg 150w, https:\/\/adepublicite.fr\/wp-content\/uploads\/2018\/05\/sur_mesure_4.jpg 500w\" sizes=\"auto, (max-width: 300px) 100vw, 300px\" \/><\/a><\/td>\n<td style=\"width: 25%; background-color: #ffffff; text-align: center;\"><\/td>\n<td style=\"width: 25%; background-color: #ffffff; text-align: center;\"><\/td>\n<\/tr>\n<tr>\n<td style=\"width: 25%; background-color: #ffffff; text-align: center;\"><a href=\"https:\/\/adepublicite.fr\/en\/idees-en-vrac\/stop-rayon\/\">Stop shelf<\/a><\/td>\n<td style=\"width: 25%; background-color: #ffffff; text-align: center;\"><a href=\"https:\/\/adepublicite.fr\/en\/idees-en-vrac\/nos-productions-sur-mesure\/\">Our customized productions<\/a><\/td>\n<td style=\"width: 25%; background-color: #ffffff; text-align: center;\"><\/td>\n<td style=\"width: 25%; background-color: #ffffff; text-align: center;\"><\/td>\n<\/tr>\n<\/tbody>\n<\/table>\n","protected":false},"excerpt":{"rendered":"<p>&nbsp;Magnet Door number \/ Signage Suspended POS Tealight Stop shelf Our customized productions<\/p>\n","protected":false},"author":1,"featured_media":951,"parent":0,"menu_order":0,"comment_status":"closed","ping_status":"closed","template":"","meta":{"kt_blocks_editor_width":"","_monsterinsights_skip_tracking":false,"_monsterinsights_sitenote_active":false,"_monsterinsights_sitenote_note":"","_monsterinsights_sitenote_category":0,"footnotes":""},"class_list":["post-535","page","type-page","status-publish","has-post-thumbnail","hentry"],"translation":{"provider":"WPGlobus","version":"3.0.2","language":"en","enabled_languages":["fr","en"],"languages":{"fr":{"title":true,"content":true,"excerpt":false},"en":{"title":true,"content":true,"excerpt":false}}},"yoast_head":"<!-- This site is optimized with the Yoast SEO plugin v27.3 - https:\/\/yoast.com\/product\/yoast-seo-wordpress\/ -->\n<title>Cadeaux goodies publicitaires personnalis\u00e9s sur mesure | ADE Publicit\u00e9<\/title>\n<meta name=\"robots\" content=\"index, follow, max-snippet:-1, max-image-preview:large, max-video-preview:-1\" \/>\n<link rel=\"canonical\" href=\"https:\/\/adepublicite.fr\/cadeaux-goodies\/\" \/>\n<meta property=\"og:locale\" content=\"en_US\" \/>\n<meta property=\"og:type\" content=\"article\" \/>\n<meta property=\"og:title\" content=\"Ideas in bulk - ADE Publicit\u00e9\" \/>\n<meta property=\"og:url\" content=\"https:\/\/adepublicite.fr\/cadeaux-goodies\/\" \/>\n<meta property=\"og:site_name\" content=\"ADE Publicit\u00e9\" \/>\n<meta property=\"article:publisher\" content=\"https:\/\/www.facebook.com\/adepublicite\/?ref=bookmarks\" \/>\n<meta property=\"article:modified_time\" content=\"2020-08-05T15:14:52+00:00\" \/>\n<meta property=\"og:image\" content=\"https:\/\/adepublicite.fr\/wp-content\/uploads\/2018\/05\/sur_mesure_3-1.jpg\" \/>\n\t<meta property=\"og:image:width\" content=\"500\" \/>\n\t<meta property=\"og:image:height\" content=\"500\" \/>\n\t<meta property=\"og:image:type\" content=\"image\/jpeg\" \/>\n<meta name=\"twitter:card\" content=\"summary_large_image\" \/>\n<script type=\"application\/ld+json\" class=\"yoast-schema-graph\">{\"@context\":\"https:\\\/\\\/schema.org\",\"@graph\":[{\"@type\":\"WebPage\",\"@id\":\"https:\\\/\\\/adepublicite.fr\\\/cadeaux-goodies\\\/\",\"url\":\"https:\\\/\\\/adepublicite.fr\\\/cadeaux-goodies\\\/\",\"name\":\"Cadeaux goodies publicitaires personnalis\u00e9s sur mesure | ADE Publicit\u00e9\",\"isPartOf\":{\"@id\":\"https:\\\/\\\/adepublicite.fr\\\/#website\"},\"primaryImageOfPage\":{\"@id\":\"https:\\\/\\\/adepublicite.fr\\\/cadeaux-goodies\\\/#primaryimage\"},\"image\":{\"@id\":\"https:\\\/\\\/adepublicite.fr\\\/cadeaux-goodies\\\/#primaryimage\"},\"thumbnailUrl\":\"https:\\\/\\\/adepublicite.fr\\\/wp-content\\\/uploads\\\/2018\\\/05\\\/sur_mesure_3-1.jpg\",\"datePublished\":\"2018-05-02T20:46:05+00:00\",\"dateModified\":\"2020-08-05T15:14:52+00:00\",\"description\":\"Des cadeaux fabriqu\u00e9s sur mesure pour vos demandes ! Portes t\u00e9l\u00e9phone, maquette, magnet, pot \u00e0 crayon, photophore ... ou ce que vous inventerez avec nous !\",\"breadcrumb\":{\"@id\":\"https:\\\/\\\/adepublicite.fr\\\/cadeaux-goodies\\\/#breadcrumb\"},\"inLanguage\":\"en-US\",\"potentialAction\":[{\"@type\":\"ReadAction\",\"target\":[\"https:\\\/\\\/adepublicite.fr\\\/cadeaux-goodies\\\/\"]}]},{\"@type\":\"ImageObject\",\"inLanguage\":\"en-US\",\"@id\":\"https:\\\/\\\/adepublicite.fr\\\/cadeaux-goodies\\\/#primaryimage\",\"url\":\"https:\\\/\\\/adepublicite.fr\\\/wp-content\\\/uploads\\\/2018\\\/05\\\/sur_mesure_3-1.jpg\",\"contentUrl\":\"https:\\\/\\\/adepublicite.fr\\\/wp-content\\\/uploads\\\/2018\\\/05\\\/sur_mesure_3-1.jpg\",\"width\":500,\"height\":500},{\"@type\":\"BreadcrumbList\",\"@id\":\"https:\\\/\\\/adepublicite.fr\\\/cadeaux-goodies\\\/#breadcrumb\",\"itemListElement\":[{\"@type\":\"ListItem\",\"position\":1,\"name\":\"Accueil\",\"item\":\"https:\\\/\\\/adepublicite.fr\\\/\"},{\"@type\":\"ListItem\",\"position\":2,\"name\":\"Cadeaux goodies\"}]},{\"@type\":\"WebSite\",\"@id\":\"https:\\\/\\\/adepublicite.fr\\\/#website\",\"url\":\"https:\\\/\\\/adepublicite.fr\\\/\",\"name\":\"ADE Publicit\u00e9\",\"description\":\"\",\"publisher\":{\"@id\":\"https:\\\/\\\/adepublicite.fr\\\/#organization\"},\"potentialAction\":[{\"@type\":\"SearchAction\",\"target\":{\"@type\":\"EntryPoint\",\"urlTemplate\":\"https:\\\/\\\/adepublicite.fr\\\/?s={search_term_string}\"},\"query-input\":{\"@type\":\"PropertyValueSpecification\",\"valueRequired\":true,\"valueName\":\"search_term_string\"}}],\"inLanguage\":\"en-US\"},{\"@type\":\"Organization\",\"@id\":\"https:\\\/\\\/adepublicite.fr\\\/#organization\",\"name\":\"ADE Publicit\u00e9\",\"url\":\"https:\\\/\\\/adepublicite.fr\\\/\",\"logo\":{\"@type\":\"ImageObject\",\"inLanguage\":\"en-US\",\"@id\":\"https:\\\/\\\/adepublicite.fr\\\/#\\\/schema\\\/logo\\\/image\\\/\",\"url\":\"https:\\\/\\\/adepublicite.fr\\\/wp-content\\\/uploads\\\/2018\\\/05\\\/FAVICON.png\",\"contentUrl\":\"https:\\\/\\\/adepublicite.fr\\\/wp-content\\\/uploads\\\/2018\\\/05\\\/FAVICON.png\",\"width\":512,\"height\":512,\"caption\":\"ADE Publicit\u00e9\"},\"image\":{\"@id\":\"https:\\\/\\\/adepublicite.fr\\\/#\\\/schema\\\/logo\\\/image\\\/\"},\"sameAs\":[\"https:\\\/\\\/www.facebook.com\\\/adepublicite\\\/?ref=bookmarks\",\"https:\\\/\\\/www.linkedin.com\\\/company\\\/ade-publicit\u00e9\\\/\"]}]}<\/script>\n<!-- \/ Yoast SEO plugin. -->","yoast_head_json":{"title":"Cadeaux goodies publicitaires personnalis\u00e9s sur mesure | ADE Publicit\u00e9","robots":{"index":"index","follow":"follow","max-snippet":"max-snippet:-1","max-image-preview":"max-image-preview:large","max-video-preview":"max-video-preview:-1"},"canonical":"https:\/\/adepublicite.fr\/cadeaux-goodies\/","og_locale":"en_US","og_type":"article","og_title":"Ideas in bulk - ADE Publicit\u00e9","og_url":"https:\/\/adepublicite.fr\/cadeaux-goodies\/","og_site_name":"ADE Publicit\u00e9","article_publisher":"https:\/\/www.facebook.com\/adepublicite\/?ref=bookmarks","article_modified_time":"2020-08-05T15:14:52+00:00","og_image":[{"width":500,"height":500,"url":"https:\/\/adepublicite.fr\/wp-content\/uploads\/2018\/05\/sur_mesure_3-1.jpg","type":"image\/jpeg"}],"twitter_card":"summary_large_image","schema":{"@context":"https:\/\/schema.org","@graph":[{"@type":"WebPage","@id":"https:\/\/adepublicite.fr\/cadeaux-goodies\/","url":"https:\/\/adepublicite.fr\/cadeaux-goodies\/","name":"Cadeaux goodies publicitaires personnalis\u00e9s sur mesure | ADE Publicit\u00e9","isPartOf":{"@id":"https:\/\/adepublicite.fr\/#website"},"primaryImageOfPage":{"@id":"https:\/\/adepublicite.fr\/cadeaux-goodies\/#primaryimage"},"image":{"@id":"https:\/\/adepublicite.fr\/cadeaux-goodies\/#primaryimage"},"thumbnailUrl":"https:\/\/adepublicite.fr\/wp-content\/uploads\/2018\/05\/sur_mesure_3-1.jpg","datePublished":"2018-05-02T20:46:05+00:00","dateModified":"2020-08-05T15:14:52+00:00","description":"Des cadeaux fabriqu\u00e9s sur mesure pour vos demandes ! Portes t\u00e9l\u00e9phone, maquette, magnet, pot \u00e0 crayon, photophore ... ou ce que vous inventerez avec nous !","breadcrumb":{"@id":"https:\/\/adepublicite.fr\/cadeaux-goodies\/#breadcrumb"},"inLanguage":"en-US","potentialAction":[{"@type":"ReadAction","target":["https:\/\/adepublicite.fr\/cadeaux-goodies\/"]}]},{"@type":"ImageObject","inLanguage":"en-US","@id":"https:\/\/adepublicite.fr\/cadeaux-goodies\/#primaryimage","url":"https:\/\/adepublicite.fr\/wp-content\/uploads\/2018\/05\/sur_mesure_3-1.jpg","contentUrl":"https:\/\/adepublicite.fr\/wp-content\/uploads\/2018\/05\/sur_mesure_3-1.jpg","width":500,"height":500},{"@type":"BreadcrumbList","@id":"https:\/\/adepublicite.fr\/cadeaux-goodies\/#breadcrumb","itemListElement":[{"@type":"ListItem","position":1,"name":"Accueil","item":"https:\/\/adepublicite.fr\/"},{"@type":"ListItem","position":2,"name":"Cadeaux goodies"}]},{"@type":"WebSite","@id":"https:\/\/adepublicite.fr\/#website","url":"https:\/\/adepublicite.fr\/","name":"ADE Publicit\u00e9","description":"","publisher":{"@id":"https:\/\/adepublicite.fr\/#organization"},"potentialAction":[{"@type":"SearchAction","target":{"@type":"EntryPoint","urlTemplate":"https:\/\/adepublicite.fr\/?s={search_term_string}"},"query-input":{"@type":"PropertyValueSpecification","valueRequired":true,"valueName":"search_term_string"}}],"inLanguage":"en-US"},{"@type":"Organization","@id":"https:\/\/adepublicite.fr\/#organization","name":"ADE Publicit\u00e9","url":"https:\/\/adepublicite.fr\/","logo":{"@type":"ImageObject","inLanguage":"en-US","@id":"https:\/\/adepublicite.fr\/#\/schema\/logo\/image\/","url":"https:\/\/adepublicite.fr\/wp-content\/uploads\/2018\/05\/FAVICON.png","contentUrl":"https:\/\/adepublicite.fr\/wp-content\/uploads\/2018\/05\/FAVICON.png","width":512,"height":512,"caption":"ADE Publicit\u00e9"},"image":{"@id":"https:\/\/adepublicite.fr\/#\/schema\/logo\/image\/"},"sameAs":["https:\/\/www.facebook.com\/adepublicite\/?ref=bookmarks","https:\/\/www.linkedin.com\/company\/ade-publicit\u00e9\/"]}]}},"amp_enabled":true,"_links":{"self":[{"href":"https:\/\/adepublicite.fr\/en\/wp-json\/wp\/v2\/pages\/535","targetHints":{"allow":["GET"]}}],"collection":[{"href":"https:\/\/adepublicite.fr\/en\/wp-json\/wp\/v2\/pages"}],"about":[{"href":"https:\/\/adepublicite.fr\/en\/wp-json\/wp\/v2\/types\/page"}],"author":[{"embeddable":true,"href":"https:\/\/adepublicite.fr\/en\/wp-json\/wp\/v2\/users\/1"}],"replies":[{"embeddable":true,"href":"https:\/\/adepublicite.fr\/en\/wp-json\/wp\/v2\/comments?post=535"}],"version-history":[{"count":24,"href":"https:\/\/adepublicite.fr\/en\/wp-json\/wp\/v2\/pages\/535\/revisions"}],"predecessor-version":[{"id":3332,"href":"https:\/\/adepublicite.fr\/en\/wp-json\/wp\/v2\/pages\/535\/revisions\/3332"}],"wp:featuredmedia":[{"embeddable":true,"href":"https:\/\/adepublicite.fr\/en\/wp-json\/wp\/v2\/media\/951"}],"wp:attachment":[{"href":"https:\/\/adepublicite.fr\/en\/wp-json\/wp\/v2\/media?parent=535"}],"curies":[{"name":"wp","href":"https:\/\/api.w.org\/{rel}","templated":true}]}}