{"id":519,"date":"2018-05-02T22:43:18","date_gmt":"2018-05-02T20:43:18","guid":{"rendered":"http:\/\/adepublicite.fr\/?page_id=519"},"modified":"2020-08-05T11:05:44","modified_gmt":"2020-08-05T09:05:44","slug":"vitrophanie","status":"publish","type":"page","link":"https:\/\/adepublicite.fr\/en\/adhesif\/vitrophanie\/","title":{"rendered":"Window sticker"},"content":{"rendered":"<table style=\"width: 100%;\">\n<tbody>\n<tr>\n<td style=\"width: 75%;\">\n<h2>Technical description<\/h2>\n<p><strong>Support:<\/strong> transparent adhesive, micro perforated, repositionable, micro suction (without glue) &#8230; polymer or monomer depending on the life of your project (other media possible)<\/p>\n<p><strong>Printing:<\/strong> digital<\/p>\n<p><strong>Standard formats:<\/strong> 63&#215;204 cm, 83x204cm (other sizes possible)<\/p>\n<p><strong>Finishes and options:<\/strong> lamination, cut to shape (and other options on request)<\/p>\n<p><strong>Packing:<\/strong> under roll<\/p>\n<p><strong>Origine:\u00a0<\/strong>in our premises in Is\u00e8re\u00a0(France)<\/p>\n<p>Want to know more about our slate manufacturing techniques? Visit the <a href=\"https:\/\/adepublicite.fr\/en\/savoir-faire\/\">know how<\/a>\u00a0page or come and <a href=\"https:\/\/adepublicite.fr\/en\/contact\/\">meet us<\/a>!<\/td>\n<td style=\"text-align: center; vertical-align: top;\"><div id=\"metaslider-id-397\" style=\"max-width: 700px;\" class=\"ml-slider-3-107-0 metaslider metaslider-flex metaslider-397 ml-slider ms-theme-default nav-hidden\" role=\"region\" aria-label=\"Adh\u00e9sif vitrophanie\" data-height=\"300\" data-width=\"700\">\n    <div id=\"metaslider_container_397\">\n        <div id=\"metaslider_397\">\n            <ul class='slides'>\n                <li style=\"display: block; width: 100%;\" class=\"slide-665 ms-image \" aria-roledescription=\"slide\" data-date=\"2018-05-03 17:05:02\" data-filename=\"adhesif_vitrophanie_1.jpg\" data-slide-type=\"image\"><img loading=\"lazy\" decoding=\"async\" width=\"500\" height=\"500\" src=\"https:\/\/adepublicite.fr\/wp-content\/uploads\/2018\/05\/adhesif_vitrophanie_1.jpg\" class=\"slider-397 slide-665 msDefaultImage\" alt=\"vitrophanie\" rel=\"\" title=\"adhesif_vitrophanie_1\" srcset=\"https:\/\/adepublicite.fr\/wp-content\/uploads\/2018\/05\/adhesif_vitrophanie_1.jpg 500w, https:\/\/adepublicite.fr\/wp-content\/uploads\/2018\/05\/adhesif_vitrophanie_1-150x150.jpg 150w, https:\/\/adepublicite.fr\/wp-content\/uploads\/2018\/05\/adhesif_vitrophanie_1-300x300.jpg 300w, https:\/\/adepublicite.fr\/wp-content\/uploads\/2018\/05\/adhesif_vitrophanie_1-365x365.jpg 365w\" sizes=\"auto, (max-width: 500px) 100vw, 500px\" \/><\/li>\n                <li style=\"display: none; width: 100%;\" class=\"slide-666 ms-image \" aria-roledescription=\"slide\" data-date=\"2018-05-03 17:05:04\" data-filename=\"adhesif_vitrophanie_4.jpg\" data-slide-type=\"image\"><img loading=\"lazy\" decoding=\"async\" width=\"500\" height=\"500\" src=\"https:\/\/adepublicite.fr\/wp-content\/uploads\/2018\/05\/adhesif_vitrophanie_4.jpg\" class=\"slider-397 slide-666 msDefaultImage\" alt=\"vitrophanie\" rel=\"\" title=\"adhesif_vitrophanie_4\" srcset=\"https:\/\/adepublicite.fr\/wp-content\/uploads\/2018\/05\/adhesif_vitrophanie_4.jpg 500w, https:\/\/adepublicite.fr\/wp-content\/uploads\/2018\/05\/adhesif_vitrophanie_4-150x150.jpg 150w, https:\/\/adepublicite.fr\/wp-content\/uploads\/2018\/05\/adhesif_vitrophanie_4-300x300.jpg 300w\" sizes=\"auto, (max-width: 500px) 100vw, 500px\" \/><\/li>\n                <li style=\"display: none; width: 100%;\" class=\"slide-667 ms-image \" aria-roledescription=\"slide\" data-date=\"2018-05-03 17:05:04\" data-filename=\"adhesif_vitrophanie_3.jpg\" data-slide-type=\"image\"><img loading=\"lazy\" decoding=\"async\" width=\"500\" height=\"500\" src=\"https:\/\/adepublicite.fr\/wp-content\/uploads\/2018\/05\/adhesif_vitrophanie_3.jpg\" class=\"slider-397 slide-667 msDefaultImage\" alt=\"vitrophanie\" rel=\"\" title=\"adhesif_vitrophanie_3\" srcset=\"https:\/\/adepublicite.fr\/wp-content\/uploads\/2018\/05\/adhesif_vitrophanie_3.jpg 500w, https:\/\/adepublicite.fr\/wp-content\/uploads\/2018\/05\/adhesif_vitrophanie_3-150x150.jpg 150w, https:\/\/adepublicite.fr\/wp-content\/uploads\/2018\/05\/adhesif_vitrophanie_3-300x300.jpg 300w\" sizes=\"auto, (max-width: 500px) 100vw, 500px\" \/><\/li>\n                <li style=\"display: none; width: 100%;\" class=\"slide-668 ms-image \" aria-roledescription=\"slide\" data-date=\"2018-05-03 17:05:05\" data-filename=\"adhesif_vitrophanie_2.jpg\" data-slide-type=\"image\"><img loading=\"lazy\" decoding=\"async\" width=\"500\" height=\"500\" src=\"https:\/\/adepublicite.fr\/wp-content\/uploads\/2018\/05\/adhesif_vitrophanie_2.jpg\" class=\"slider-397 slide-668 msDefaultImage\" alt=\"vitrophanie\" rel=\"\" title=\"adhesif_vitrophanie_2\" srcset=\"https:\/\/adepublicite.fr\/wp-content\/uploads\/2018\/05\/adhesif_vitrophanie_2.jpg 500w, https:\/\/adepublicite.fr\/wp-content\/uploads\/2018\/05\/adhesif_vitrophanie_2-150x150.jpg 150w, https:\/\/adepublicite.fr\/wp-content\/uploads\/2018\/05\/adhesif_vitrophanie_2-300x300.jpg 300w\" sizes=\"auto, (max-width: 500px) 100vw, 500px\" \/><\/li>\n            <\/ul>\n        <\/div>\n        \n    <\/div>\n<\/div><\/td>\n<\/tr>\n<\/tbody>\n<\/table>\n<table>\n<tbody>\n<tr>\n<td><\/td>\n<\/tr>\n<\/tbody>\n<\/table>\n<h2>Prices<\/h2>\n<p>Our prices depend on your personalization criteria (the size, the number of colors to print, if necessary the retouching of your files, protective lamination or anti slip, the desired quantity &#8230; see our <a href=\"https:\/\/adepublicite.fr\/en\/savoir-faire\/\">know-how<\/a> for more explanations), and are therefore exclusively on estimate.<\/p>\n<table>\n<tbody>\n<tr>\n<td><\/td>\n<\/tr>\n<\/tbody>\n<\/table>\n<h2>Similar products<\/h2>\n<table style=\"width: 100%;\">\n<tbody>\n<tr>\n<td style=\"width: 25%; text-align: center;\"><a href=\"https:\/\/adepublicite.fr\/en\/adhesif\/adhesif-de-porte\/\"><img loading=\"lazy\" decoding=\"async\" class=\"alignnone wp-image-630 size-medium\" src=\"http:\/\/adepublicite.fr\/wp-content\/uploads\/2018\/05\/adhesif_de_porte-2-300x300.jpg\" alt=\"\" width=\"300\" height=\"300\" srcset=\"https:\/\/adepublicite.fr\/wp-content\/uploads\/2018\/05\/adhesif_de_porte-2-300x300.jpg 300w, https:\/\/adepublicite.fr\/wp-content\/uploads\/2018\/05\/adhesif_de_porte-2-150x150.jpg 150w, https:\/\/adepublicite.fr\/wp-content\/uploads\/2018\/05\/adhesif_de_porte-2-365x365.jpg 365w, https:\/\/adepublicite.fr\/wp-content\/uploads\/2018\/05\/adhesif_de_porte-2.jpg 500w\" sizes=\"auto, (max-width: 300px) 100vw, 300px\" \/><\/a><\/td>\n<td style=\"width: 25%; text-align: center;\"><a href=\"https:\/\/adepublicite.fr\/en\/adhesif\/adhesif-de-sol\/\"><img loading=\"lazy\" decoding=\"async\" class=\"alignnone wp-image-633 size-medium\" src=\"https:\/\/adepublicite.fr\/wp-content\/uploads\/2018\/05\/adhesif_de_sol-1-300x300.jpg\" alt=\"\" width=\"300\" height=\"300\" srcset=\"https:\/\/adepublicite.fr\/wp-content\/uploads\/2018\/05\/adhesif_de_sol-1-300x300.jpg 300w, https:\/\/adepublicite.fr\/wp-content\/uploads\/2018\/05\/adhesif_de_sol-1-150x150.jpg 150w, https:\/\/adepublicite.fr\/wp-content\/uploads\/2018\/05\/adhesif_de_sol-1-365x365.jpg 365w, https:\/\/adepublicite.fr\/wp-content\/uploads\/2018\/05\/adhesif_de_sol-1.jpg 500w\" sizes=\"auto, (max-width: 300px) 100vw, 300px\" \/><\/a><\/td>\n<td style=\"width: 25%; text-align: center;\"><a href=\"https:\/\/adepublicite.fr\/en\/adhesif\/adhesif-mural\/\"><img loading=\"lazy\" decoding=\"async\" class=\"alignnone wp-image-637 size-medium\" src=\"https:\/\/adepublicite.fr\/wp-content\/uploads\/2018\/05\/adhesif_mural-1-300x300.jpg\" alt=\"\" width=\"300\" height=\"300\" srcset=\"https:\/\/adepublicite.fr\/wp-content\/uploads\/2018\/05\/adhesif_mural-1-300x300.jpg 300w, https:\/\/adepublicite.fr\/wp-content\/uploads\/2018\/05\/adhesif_mural-1-150x150.jpg 150w, https:\/\/adepublicite.fr\/wp-content\/uploads\/2018\/05\/adhesif_mural-1-365x365.jpg 365w, https:\/\/adepublicite.fr\/wp-content\/uploads\/2018\/05\/adhesif_mural-1.jpg 500w\" sizes=\"auto, (max-width: 300px) 100vw, 300px\" \/><\/a><\/td>\n<td style=\"width: 25%; text-align: center;\"><a href=\"https:\/\/adepublicite.fr\/en\/adhesif\/adhesif-pour-vehicules\/\"><img loading=\"lazy\" decoding=\"async\" class=\"alignnone wp-image-641 size-medium\" src=\"https:\/\/adepublicite.fr\/wp-content\/uploads\/2018\/05\/adhesif_voiture-1-300x300.jpg\" alt=\"\" width=\"300\" height=\"300\" srcset=\"https:\/\/adepublicite.fr\/wp-content\/uploads\/2018\/05\/adhesif_voiture-1-300x300.jpg 300w, https:\/\/adepublicite.fr\/wp-content\/uploads\/2018\/05\/adhesif_voiture-1-150x150.jpg 150w, https:\/\/adepublicite.fr\/wp-content\/uploads\/2018\/05\/adhesif_voiture-1-365x365.jpg 365w, https:\/\/adepublicite.fr\/wp-content\/uploads\/2018\/05\/adhesif_voiture-1.jpg 500w\" sizes=\"auto, (max-width: 300px) 100vw, 300px\" \/><\/a><\/td>\n<\/tr>\n<tr>\n<td style=\"width: 25%; background-color: #ffffff; text-align: center;\"><a href=\"https:\/\/adepublicite.fr\/en\/adhesif\/adhesif-de-porte\/\"><span style=\"color: #333333;\">Door adhesive<\/span><\/a><\/td>\n<td style=\"width: 25%; background-color: #ffffff; text-align: center;\"><a href=\"https:\/\/adepublicite.fr\/en\/adhesif\/adhesif-de-sol\/\"><span style=\"color: #333333;\">Floor adhesive<\/span><\/a><\/td>\n<td style=\"width: 25%; background-color: #ffffff; text-align: center;\"><a href=\"https:\/\/adepublicite.fr\/en\/adhesif\/adhesif-mural\/\"><span style=\"color: #333333;\">Wall adhesive<\/span><\/a><\/td>\n<td style=\"width: 25%; background-color: #ffffff; text-align: center;\"><a href=\"https:\/\/adepublicite.fr\/en\/adhesif\/adhesif-pour-vehicules\/\"><span style=\"color: #333333;\">Car adhesive<\/span><\/a><\/td>\n<\/tr>\n<\/tbody>\n<\/table>\n","protected":false},"excerpt":{"rendered":"<p>Technical description Support: transparent adhesive, micro perforated, repositionable, micro suction (without glue) &hellip; polymer or monomer depending on the life of your project (other media possible) Printing: digital Standard formats: 63&times;204 cm, 83x204cm (other sizes possible) Finishes and options: lamination, &hellip; <a href=\"https:\/\/adepublicite.fr\/en\/adhesif\/vitrophanie\/\">Continued<\/a><\/p>\n","protected":false},"author":1,"featured_media":645,"parent":509,"menu_order":7,"comment_status":"closed","ping_status":"closed","template":"","meta":{"kt_blocks_editor_width":"","_monsterinsights_skip_tracking":false,"_monsterinsights_sitenote_active":false,"_monsterinsights_sitenote_note":"","_monsterinsights_sitenote_category":0,"footnotes":""},"class_list":["post-519","page","type-page","status-publish","has-post-thumbnail","hentry"],"translation":{"provider":"WPGlobus","version":"3.0.2","language":"en","enabled_languages":["fr","en"],"languages":{"fr":{"title":true,"content":true,"excerpt":false},"en":{"title":true,"content":true,"excerpt":false}}},"yoast_head":"<!-- This site is optimized with the Yoast SEO plugin v27.3 - https:\/\/yoast.com\/product\/yoast-seo-wordpress\/ -->\n<title>Vitrophanie publicitaire personnalis\u00e9 sur mesure | ADE Publicit\u00e9<\/title>\n<meta name=\"robots\" content=\"index, follow, max-snippet:-1, max-image-preview:large, max-video-preview:-1\" \/>\n<link rel=\"canonical\" href=\"https:\/\/adepublicite.fr\/adhesif\/vitrophanie\/\" \/>\n<meta property=\"og:locale\" content=\"en_US\" \/>\n<meta property=\"og:type\" content=\"article\" \/>\n<meta property=\"og:title\" content=\"Window sticker - ADE Publicit\u00e9\" \/>\n<meta property=\"og:url\" content=\"https:\/\/adepublicite.fr\/adhesif\/vitrophanie\/\" \/>\n<meta property=\"og:site_name\" content=\"ADE Publicit\u00e9\" \/>\n<meta property=\"article:publisher\" content=\"https:\/\/www.facebook.com\/adepublicite\/?ref=bookmarks\" \/>\n<meta property=\"article:modified_time\" content=\"2020-08-05T09:05:44+00:00\" \/>\n<meta property=\"og:image\" content=\"https:\/\/adepublicite.fr\/wp-content\/uploads\/2018\/05\/adhesif_vitrophanie_1.jpg\" \/>\n\t<meta property=\"og:image:width\" content=\"500\" \/>\n\t<meta property=\"og:image:height\" content=\"500\" \/>\n\t<meta property=\"og:image:type\" content=\"image\/jpeg\" \/>\n<meta name=\"twitter:card\" content=\"summary_large_image\" \/>\n<meta name=\"twitter:label1\" content=\"Est. reading time\" \/>\n\t<meta name=\"twitter:data1\" content=\"2 minutes\" \/>\n<script type=\"application\/ld+json\" class=\"yoast-schema-graph\">{\"@context\":\"https:\\\/\\\/schema.org\",\"@graph\":[{\"@type\":\"WebPage\",\"@id\":\"https:\\\/\\\/adepublicite.fr\\\/adhesif\\\/vitrophanie\\\/\",\"url\":\"https:\\\/\\\/adepublicite.fr\\\/adhesif\\\/vitrophanie\\\/\",\"name\":\"Vitrophanie publicitaire personnalis\u00e9 sur mesure | ADE Publicit\u00e9\",\"isPartOf\":{\"@id\":\"https:\\\/\\\/adepublicite.fr\\\/#website\"},\"primaryImageOfPage\":{\"@id\":\"https:\\\/\\\/adepublicite.fr\\\/adhesif\\\/vitrophanie\\\/#primaryimage\"},\"image\":{\"@id\":\"https:\\\/\\\/adepublicite.fr\\\/adhesif\\\/vitrophanie\\\/#primaryimage\"},\"thumbnailUrl\":\"https:\\\/\\\/adepublicite.fr\\\/wp-content\\\/uploads\\\/2018\\\/05\\\/adhesif_vitrophanie_1.jpg\",\"datePublished\":\"2018-05-02T20:43:18+00:00\",\"dateModified\":\"2020-08-05T09:05:44+00:00\",\"description\":\"Vitrophanie : l'adh\u00e9sif transparent pour une visibilit\u00e9 des deux faces d'une vitre. Une publicit\u00e9, un logo, une image ... un adh\u00e9sif r\u00e9alis\u00e9 sur mesure !\",\"breadcrumb\":{\"@id\":\"https:\\\/\\\/adepublicite.fr\\\/adhesif\\\/vitrophanie\\\/#breadcrumb\"},\"inLanguage\":\"en-US\",\"potentialAction\":[{\"@type\":\"ReadAction\",\"target\":[\"https:\\\/\\\/adepublicite.fr\\\/adhesif\\\/vitrophanie\\\/\"]}]},{\"@type\":\"ImageObject\",\"inLanguage\":\"en-US\",\"@id\":\"https:\\\/\\\/adepublicite.fr\\\/adhesif\\\/vitrophanie\\\/#primaryimage\",\"url\":\"https:\\\/\\\/adepublicite.fr\\\/wp-content\\\/uploads\\\/2018\\\/05\\\/adhesif_vitrophanie_1.jpg\",\"contentUrl\":\"https:\\\/\\\/adepublicite.fr\\\/wp-content\\\/uploads\\\/2018\\\/05\\\/adhesif_vitrophanie_1.jpg\",\"width\":500,\"height\":500,\"caption\":\"vitrophanie\"},{\"@type\":\"BreadcrumbList\",\"@id\":\"https:\\\/\\\/adepublicite.fr\\\/adhesif\\\/vitrophanie\\\/#breadcrumb\",\"itemListElement\":[{\"@type\":\"ListItem\",\"position\":1,\"name\":\"Accueil\",\"item\":\"https:\\\/\\\/adepublicite.fr\\\/\"},{\"@type\":\"ListItem\",\"position\":2,\"name\":\"Adh\u00e9sifs\",\"item\":\"https:\\\/\\\/adepublicite.fr\\\/adhesif\\\/\"},{\"@type\":\"ListItem\",\"position\":3,\"name\":\"Vitrophanie\"}]},{\"@type\":\"WebSite\",\"@id\":\"https:\\\/\\\/adepublicite.fr\\\/#website\",\"url\":\"https:\\\/\\\/adepublicite.fr\\\/\",\"name\":\"ADE Publicit\u00e9\",\"description\":\"\",\"publisher\":{\"@id\":\"https:\\\/\\\/adepublicite.fr\\\/#organization\"},\"potentialAction\":[{\"@type\":\"SearchAction\",\"target\":{\"@type\":\"EntryPoint\",\"urlTemplate\":\"https:\\\/\\\/adepublicite.fr\\\/?s={search_term_string}\"},\"query-input\":{\"@type\":\"PropertyValueSpecification\",\"valueRequired\":true,\"valueName\":\"search_term_string\"}}],\"inLanguage\":\"en-US\"},{\"@type\":\"Organization\",\"@id\":\"https:\\\/\\\/adepublicite.fr\\\/#organization\",\"name\":\"ADE Publicit\u00e9\",\"url\":\"https:\\\/\\\/adepublicite.fr\\\/\",\"logo\":{\"@type\":\"ImageObject\",\"inLanguage\":\"en-US\",\"@id\":\"https:\\\/\\\/adepublicite.fr\\\/#\\\/schema\\\/logo\\\/image\\\/\",\"url\":\"https:\\\/\\\/adepublicite.fr\\\/wp-content\\\/uploads\\\/2018\\\/05\\\/FAVICON.png\",\"contentUrl\":\"https:\\\/\\\/adepublicite.fr\\\/wp-content\\\/uploads\\\/2018\\\/05\\\/FAVICON.png\",\"width\":512,\"height\":512,\"caption\":\"ADE Publicit\u00e9\"},\"image\":{\"@id\":\"https:\\\/\\\/adepublicite.fr\\\/#\\\/schema\\\/logo\\\/image\\\/\"},\"sameAs\":[\"https:\\\/\\\/www.facebook.com\\\/adepublicite\\\/?ref=bookmarks\",\"https:\\\/\\\/www.linkedin.com\\\/company\\\/ade-publicit\u00e9\\\/\"]}]}<\/script>\n<!-- \/ Yoast SEO plugin. -->","yoast_head_json":{"title":"Vitrophanie publicitaire personnalis\u00e9 sur mesure | ADE Publicit\u00e9","robots":{"index":"index","follow":"follow","max-snippet":"max-snippet:-1","max-image-preview":"max-image-preview:large","max-video-preview":"max-video-preview:-1"},"canonical":"https:\/\/adepublicite.fr\/adhesif\/vitrophanie\/","og_locale":"en_US","og_type":"article","og_title":"Window sticker - ADE Publicit\u00e9","og_url":"https:\/\/adepublicite.fr\/adhesif\/vitrophanie\/","og_site_name":"ADE Publicit\u00e9","article_publisher":"https:\/\/www.facebook.com\/adepublicite\/?ref=bookmarks","article_modified_time":"2020-08-05T09:05:44+00:00","og_image":[{"width":500,"height":500,"url":"https:\/\/adepublicite.fr\/wp-content\/uploads\/2018\/05\/adhesif_vitrophanie_1.jpg","type":"image\/jpeg"}],"twitter_card":"summary_large_image","twitter_misc":{"Est. reading time":"2 minutes"},"schema":{"@context":"https:\/\/schema.org","@graph":[{"@type":"WebPage","@id":"https:\/\/adepublicite.fr\/adhesif\/vitrophanie\/","url":"https:\/\/adepublicite.fr\/adhesif\/vitrophanie\/","name":"Vitrophanie publicitaire personnalis\u00e9 sur mesure | ADE Publicit\u00e9","isPartOf":{"@id":"https:\/\/adepublicite.fr\/#website"},"primaryImageOfPage":{"@id":"https:\/\/adepublicite.fr\/adhesif\/vitrophanie\/#primaryimage"},"image":{"@id":"https:\/\/adepublicite.fr\/adhesif\/vitrophanie\/#primaryimage"},"thumbnailUrl":"https:\/\/adepublicite.fr\/wp-content\/uploads\/2018\/05\/adhesif_vitrophanie_1.jpg","datePublished":"2018-05-02T20:43:18+00:00","dateModified":"2020-08-05T09:05:44+00:00","description":"Vitrophanie : l'adh\u00e9sif transparent pour une visibilit\u00e9 des deux faces d'une vitre. Une publicit\u00e9, un logo, une image ... un adh\u00e9sif r\u00e9alis\u00e9 sur mesure !","breadcrumb":{"@id":"https:\/\/adepublicite.fr\/adhesif\/vitrophanie\/#breadcrumb"},"inLanguage":"en-US","potentialAction":[{"@type":"ReadAction","target":["https:\/\/adepublicite.fr\/adhesif\/vitrophanie\/"]}]},{"@type":"ImageObject","inLanguage":"en-US","@id":"https:\/\/adepublicite.fr\/adhesif\/vitrophanie\/#primaryimage","url":"https:\/\/adepublicite.fr\/wp-content\/uploads\/2018\/05\/adhesif_vitrophanie_1.jpg","contentUrl":"https:\/\/adepublicite.fr\/wp-content\/uploads\/2018\/05\/adhesif_vitrophanie_1.jpg","width":500,"height":500,"caption":"vitrophanie"},{"@type":"BreadcrumbList","@id":"https:\/\/adepublicite.fr\/adhesif\/vitrophanie\/#breadcrumb","itemListElement":[{"@type":"ListItem","position":1,"name":"Accueil","item":"https:\/\/adepublicite.fr\/"},{"@type":"ListItem","position":2,"name":"Adh\u00e9sifs","item":"https:\/\/adepublicite.fr\/adhesif\/"},{"@type":"ListItem","position":3,"name":"Vitrophanie"}]},{"@type":"WebSite","@id":"https:\/\/adepublicite.fr\/#website","url":"https:\/\/adepublicite.fr\/","name":"ADE Publicit\u00e9","description":"","publisher":{"@id":"https:\/\/adepublicite.fr\/#organization"},"potentialAction":[{"@type":"SearchAction","target":{"@type":"EntryPoint","urlTemplate":"https:\/\/adepublicite.fr\/?s={search_term_string}"},"query-input":{"@type":"PropertyValueSpecification","valueRequired":true,"valueName":"search_term_string"}}],"inLanguage":"en-US"},{"@type":"Organization","@id":"https:\/\/adepublicite.fr\/#organization","name":"ADE Publicit\u00e9","url":"https:\/\/adepublicite.fr\/","logo":{"@type":"ImageObject","inLanguage":"en-US","@id":"https:\/\/adepublicite.fr\/#\/schema\/logo\/image\/","url":"https:\/\/adepublicite.fr\/wp-content\/uploads\/2018\/05\/FAVICON.png","contentUrl":"https:\/\/adepublicite.fr\/wp-content\/uploads\/2018\/05\/FAVICON.png","width":512,"height":512,"caption":"ADE Publicit\u00e9"},"image":{"@id":"https:\/\/adepublicite.fr\/#\/schema\/logo\/image\/"},"sameAs":["https:\/\/www.facebook.com\/adepublicite\/?ref=bookmarks","https:\/\/www.linkedin.com\/company\/ade-publicit\u00e9\/"]}]}},"amp_enabled":true,"_links":{"self":[{"href":"https:\/\/adepublicite.fr\/en\/wp-json\/wp\/v2\/pages\/519","targetHints":{"allow":["GET"]}}],"collection":[{"href":"https:\/\/adepublicite.fr\/en\/wp-json\/wp\/v2\/pages"}],"about":[{"href":"https:\/\/adepublicite.fr\/en\/wp-json\/wp\/v2\/types\/page"}],"author":[{"embeddable":true,"href":"https:\/\/adepublicite.fr\/en\/wp-json\/wp\/v2\/users\/1"}],"replies":[{"embeddable":true,"href":"https:\/\/adepublicite.fr\/en\/wp-json\/wp\/v2\/comments?post=519"}],"version-history":[{"count":33,"href":"https:\/\/adepublicite.fr\/en\/wp-json\/wp\/v2\/pages\/519\/revisions"}],"predecessor-version":[{"id":3315,"href":"https:\/\/adepublicite.fr\/en\/wp-json\/wp\/v2\/pages\/519\/revisions\/3315"}],"up":[{"embeddable":true,"href":"https:\/\/adepublicite.fr\/en\/wp-json\/wp\/v2\/pages\/509"}],"wp:featuredmedia":[{"embeddable":true,"href":"https:\/\/adepublicite.fr\/en\/wp-json\/wp\/v2\/media\/645"}],"wp:attachment":[{"href":"https:\/\/adepublicite.fr\/en\/wp-json\/wp\/v2\/media?parent=519"}],"curies":[{"name":"wp","href":"https:\/\/api.w.org\/{rel}","templated":true}]}}