{"id":511,"date":"2018-05-02T22:42:03","date_gmt":"2018-05-02T20:42:03","guid":{"rendered":"http:\/\/adepublicite.fr\/?page_id=511"},"modified":"2020-08-05T11:02:48","modified_gmt":"2020-08-05T09:02:48","slug":"adhesif-de-porte","status":"publish","type":"page","link":"https:\/\/adepublicite.fr\/en\/adhesif\/adhesif-de-porte\/","title":{"rendered":"Door adhesive"},"content":{"rendered":"\n<div style=\"height:20px\" aria-hidden=\"true\" class=\"wp-block-spacer\"><\/div>\n\n\n<table style=\"width: 100%;\">\n<tbody>\n<tr>\n<td style=\"width: 75%;\">\n<h2>Technical description<\/h2>\n<p><strong>Support:<\/strong> transparent adhesive, micro perforated, repositionable, micro suction (without glue) &#8230; polymer or monomer depending on the life of your project (other media possible)<\/p>\n<p><strong>Printing:<\/strong> digital<\/p>\n<p><strong>Standard formats:<\/strong> 63&#215;204 cm, 83x204cm (other sizes possible)<\/p>\n<p><strong>Finishes and options:<\/strong> lamination, cut to shape (and other options on request)<\/p>\n<p><strong>Packing:<\/strong> under roll<\/p>\n<p><strong>Origine:\u00a0<\/strong>in our premises in Is\u00e8re\u00a0(France)<\/p>\n<p>Want to know more about our slate manufacturing techniques? Visit the <a href=\"https:\/\/adepublicite.fr\/en\/savoir-faire\/\">know how<\/a>\u00a0page or come and <a href=\"https:\/\/adepublicite.fr\/en\/contact\/\">meet us<\/a>!<\/p>\n<\/td>\n<td style=\"text-align: center; vertical-align: top;\"><div id=\"metaslider-id-393\" style=\"max-width: 700px;\" class=\"ml-slider-3-107-0 metaslider metaslider-flex metaslider-393 ml-slider ms-theme-default nav-hidden\" role=\"region\" aria-label=\"Adh\u00e9sif de porte\" data-height=\"300\" data-width=\"700\">\n    <div id=\"metaslider_container_393\">\n        <div id=\"metaslider_393\">\n            <ul class='slides'>\n                <li style=\"display: block; width: 100%;\" class=\"slide-649 ms-image \" aria-roledescription=\"slide\" data-date=\"2018-05-03 17:03:15\" data-filename=\"adhesif_de_porte-1.jpg\" data-slide-type=\"image\"><img loading=\"lazy\" decoding=\"async\" width=\"500\" height=\"500\" src=\"https:\/\/adepublicite.fr\/wp-content\/uploads\/2018\/05\/adhesif_de_porte-1.jpg\" class=\"slider-393 slide-649 msDefaultImage\" alt=\"adh\u00e9sif de porte\" rel=\"\" title=\"adhesif_de_porte 1\" srcset=\"https:\/\/adepublicite.fr\/wp-content\/uploads\/2018\/05\/adhesif_de_porte-1.jpg 500w, https:\/\/adepublicite.fr\/wp-content\/uploads\/2018\/05\/adhesif_de_porte-1-150x150.jpg 150w, https:\/\/adepublicite.fr\/wp-content\/uploads\/2018\/05\/adhesif_de_porte-1-300x300.jpg 300w\" sizes=\"auto, (max-width: 500px) 100vw, 500px\" \/><\/li>\n                <li style=\"display: none; width: 100%;\" class=\"slide-650 ms-image \" aria-roledescription=\"slide\" data-date=\"2018-05-03 17:03:16\" data-filename=\"adhesif_de_porte-4.jpg\" data-slide-type=\"image\"><img loading=\"lazy\" decoding=\"async\" width=\"500\" height=\"500\" src=\"https:\/\/adepublicite.fr\/wp-content\/uploads\/2018\/05\/adhesif_de_porte-4.jpg\" class=\"slider-393 slide-650 msDefaultImage\" alt=\"adh\u00e9sif de porte\" rel=\"\" title=\"adhesif_de_porte 4\" srcset=\"https:\/\/adepublicite.fr\/wp-content\/uploads\/2018\/05\/adhesif_de_porte-4.jpg 500w, https:\/\/adepublicite.fr\/wp-content\/uploads\/2018\/05\/adhesif_de_porte-4-150x150.jpg 150w, https:\/\/adepublicite.fr\/wp-content\/uploads\/2018\/05\/adhesif_de_porte-4-300x300.jpg 300w\" sizes=\"auto, (max-width: 500px) 100vw, 500px\" \/><\/li>\n                <li style=\"display: none; width: 100%;\" class=\"slide-651 ms-image \" aria-roledescription=\"slide\" data-date=\"2018-05-03 17:03:17\" data-filename=\"adhesif_de_porte-3.jpg\" data-slide-type=\"image\"><img loading=\"lazy\" decoding=\"async\" width=\"500\" height=\"500\" src=\"https:\/\/adepublicite.fr\/wp-content\/uploads\/2018\/05\/adhesif_de_porte-3.jpg\" class=\"slider-393 slide-651 msDefaultImage\" alt=\"adh\u00e9sif de porte\" rel=\"\" title=\"adhesif_de_porte 3\" srcset=\"https:\/\/adepublicite.fr\/wp-content\/uploads\/2018\/05\/adhesif_de_porte-3.jpg 500w, https:\/\/adepublicite.fr\/wp-content\/uploads\/2018\/05\/adhesif_de_porte-3-150x150.jpg 150w, https:\/\/adepublicite.fr\/wp-content\/uploads\/2018\/05\/adhesif_de_porte-3-300x300.jpg 300w\" sizes=\"auto, (max-width: 500px) 100vw, 500px\" \/><\/li>\n                <li style=\"display: none; width: 100%;\" class=\"slide-652 ms-image \" aria-roledescription=\"slide\" data-date=\"2018-05-03 17:03:17\" data-filename=\"adhesif_de_porte-2.jpg\" data-slide-type=\"image\"><img loading=\"lazy\" decoding=\"async\" width=\"500\" height=\"500\" src=\"https:\/\/adepublicite.fr\/wp-content\/uploads\/2018\/05\/adhesif_de_porte-2.jpg\" class=\"slider-393 slide-652 msDefaultImage\" alt=\"adh\u00e9sif de porte\" rel=\"\" title=\"adhesif_de_porte 2\" srcset=\"https:\/\/adepublicite.fr\/wp-content\/uploads\/2018\/05\/adhesif_de_porte-2.jpg 500w, https:\/\/adepublicite.fr\/wp-content\/uploads\/2018\/05\/adhesif_de_porte-2-150x150.jpg 150w, https:\/\/adepublicite.fr\/wp-content\/uploads\/2018\/05\/adhesif_de_porte-2-300x300.jpg 300w, https:\/\/adepublicite.fr\/wp-content\/uploads\/2018\/05\/adhesif_de_porte-2-365x365.jpg 365w\" sizes=\"auto, (max-width: 500px) 100vw, 500px\" \/><\/li>\n            <\/ul>\n        <\/div>\n        \n    <\/div>\n<\/div><\/td>\n<\/tr>\n<\/tbody>\n<\/table>\n\n\n<div style=\"height:20px\" aria-hidden=\"true\" class=\"wp-block-spacer\"><\/div>\n\n\n\n<h2 class=\"wp-block-heading\">Prices<\/h2>\n\n\n\n<p>Our prices depend on your personalization criteria (the size, the number of colors to print, if necessary the retouching of your files, protective lamination or anti slip, the desired quantity &#8230; see our <a href=\"https:\/\/adepublicite.fr\/en\/savoir-faire\/\">know-how<\/a> for more explanations), and are therefore exclusively on estimate.<\/p>\n\n\n\n<div style=\"height:20px\" aria-hidden=\"true\" class=\"wp-block-spacer\"><\/div>\n\n\n\n<h2 class=\"wp-block-heading\">Similar products<\/h2>\n\n\n<table style=\"width: 100%;\">\n<tbody>\n<tr>\n<td style=\"background-color: #ffffff; width: 20%; text-align: center;\"><a href=\"https:\/\/adepublicite.fr\/en\/adhesif\/adhesif-de-sol\/\"><img loading=\"lazy\" decoding=\"async\" class=\"alignnone wp-image-633 size-medium\" src=\"http:\/\/adepublicite.fr\/wp-content\/uploads\/2018\/05\/adhesif_de_sol-1-300x300.jpg\" alt=\"\" width=\"300\" height=\"300\" srcset=\"https:\/\/adepublicite.fr\/wp-content\/uploads\/2018\/05\/adhesif_de_sol-1-300x300.jpg 300w, https:\/\/adepublicite.fr\/wp-content\/uploads\/2018\/05\/adhesif_de_sol-1-150x150.jpg 150w, https:\/\/adepublicite.fr\/wp-content\/uploads\/2018\/05\/adhesif_de_sol-1-365x365.jpg 365w, https:\/\/adepublicite.fr\/wp-content\/uploads\/2018\/05\/adhesif_de_sol-1.jpg 500w\" sizes=\"auto, (max-width: 300px) 100vw, 300px\" \/><\/a><\/td>\n<td style=\"background-color: #ffffff; width: 20%; text-align: center;\"><a href=\"https:\/\/adepublicite.fr\/en\/adhesif\/adhesif-de-sol\/\"><img loading=\"lazy\" decoding=\"async\" class=\"alignnone wp-image-637 size-medium\" src=\"http:\/\/adepublicite.fr\/wp-content\/uploads\/2018\/05\/adhesif_mural-1-300x300.jpg\" alt=\"\" width=\"300\" height=\"300\" srcset=\"https:\/\/adepublicite.fr\/wp-content\/uploads\/2018\/05\/adhesif_mural-1-300x300.jpg 300w, https:\/\/adepublicite.fr\/wp-content\/uploads\/2018\/05\/adhesif_mural-1-150x150.jpg 150w, https:\/\/adepublicite.fr\/wp-content\/uploads\/2018\/05\/adhesif_mural-1-365x365.jpg 365w, https:\/\/adepublicite.fr\/wp-content\/uploads\/2018\/05\/adhesif_mural-1.jpg 500w\" sizes=\"auto, (max-width: 300px) 100vw, 300px\" \/><\/a><\/td>\n<td style=\"background-color: #ffffff; width: 20%; text-align: center;\"><a href=\"https:\/\/adepublicite.fr\/en\/adhesif\/adhesif-de-vitrine\/\"><img loading=\"lazy\" decoding=\"async\" class=\"alignnone size-medium wp-image-3098\" src=\"https:\/\/adepublicite.fr\/wp-content\/uploads\/2020\/07\/adhesif_vitrine_1-300x300.jpg\" alt=\"\" width=\"300\" height=\"300\" srcset=\"https:\/\/adepublicite.fr\/wp-content\/uploads\/2020\/07\/adhesif_vitrine_1-300x300.jpg 300w, https:\/\/adepublicite.fr\/wp-content\/uploads\/2020\/07\/adhesif_vitrine_1-150x150.jpg 150w, https:\/\/adepublicite.fr\/wp-content\/uploads\/2020\/07\/adhesif_vitrine_1-365x365.jpg 365w, https:\/\/adepublicite.fr\/wp-content\/uploads\/2020\/07\/adhesif_vitrine_1.jpg 500w\" sizes=\"auto, (max-width: 300px) 100vw, 300px\" \/><\/a><\/td>\n<td style=\"width: 20%; text-align: center;\"><a href=\"https:\/\/adepublicite.fr\/en\/adhesif\/adhesif-de-vitrine\/\"><img loading=\"lazy\" decoding=\"async\" class=\"alignnone wp-image-641 size-medium\" src=\"http:\/\/adepublicite.fr\/wp-content\/uploads\/2018\/05\/adhesif_voiture-1-300x300.jpg\" alt=\"\" width=\"300\" height=\"300\" srcset=\"https:\/\/adepublicite.fr\/wp-content\/uploads\/2018\/05\/adhesif_voiture-1-300x300.jpg 300w, https:\/\/adepublicite.fr\/wp-content\/uploads\/2018\/05\/adhesif_voiture-1-150x150.jpg 150w, https:\/\/adepublicite.fr\/wp-content\/uploads\/2018\/05\/adhesif_voiture-1-365x365.jpg 365w, https:\/\/adepublicite.fr\/wp-content\/uploads\/2018\/05\/adhesif_voiture-1.jpg 500w\" sizes=\"auto, (max-width: 300px) 100vw, 300px\" \/><\/a><\/td>\n<td style=\"text-align: center;\"><a href=\"https:\/\/adepublicite.fr\/en\/adhesif\/sticker-adhesif\/\"><img loading=\"lazy\" decoding=\"async\" class=\"alignnone size-medium wp-image-3161\" src=\"https:\/\/adepublicite.fr\/wp-content\/uploads\/2020\/08\/adhesif_sticker_1-300x300.jpg\" alt=\"sticker adh\u00e9sif\" width=\"300\" height=\"300\" srcset=\"https:\/\/adepublicite.fr\/wp-content\/uploads\/2020\/08\/adhesif_sticker_1-300x300.jpg 300w, https:\/\/adepublicite.fr\/wp-content\/uploads\/2020\/08\/adhesif_sticker_1-150x150.jpg 150w, https:\/\/adepublicite.fr\/wp-content\/uploads\/2020\/08\/adhesif_sticker_1-365x365.jpg 365w, https:\/\/adepublicite.fr\/wp-content\/uploads\/2020\/08\/adhesif_sticker_1.jpg 500w\" sizes=\"auto, (max-width: 300px) 100vw, 300px\" \/><\/a><\/td>\n<\/tr>\n<tr>\n<td style=\"background-color: #ffffff; text-align: center;\"><a href=\"https:\/\/adepublicite.fr\/en\/adhesif\/adhesif-de-sol\/\">Floor adhesive<\/a><\/td>\n<td style=\"background-color: #ffffff; text-align: center;\"><a href=\"https:\/\/adepublicite.fr\/en\/adhesif\/adhesif-mural\/\">Wall adhesive<\/a><\/td>\n<td style=\"background-color: #ffffff; text-align: center;\"><a href=\"https:\/\/adepublicite.fr\/en\/adhesif\/adhesif-de-vitrine\/\">Display adhesive<\/a><\/td>\n<td style=\"background-color: #ffffff; text-align: center;\"><a href=\"https:\/\/adepublicite.fr\/adhesif\/en\/adhesif-pour-vehicules\/\">Car adhesive<\/a><\/td>\n<td style=\"background-color: #ffffff; text-align: center;\"><a href=\"https:\/\/adepublicite.fr\/en\/adhesif\/sticker-adhesif\/\">Stick<\/a><a href=\"https:\/\/adepublicite.fr\/adhesif\/sticker-adhesif\/\">er<\/a><\/td>\n<\/tr>\n<tr>\n<td style=\"background-color: #ffffff; text-align: center;\">\u00a0<\/td>\n<td style=\"background-color: #ffffff; text-align: center;\">\u00a0<\/td>\n<td style=\"background-color: #ffffff; text-align: center;\">\u00a0<\/td>\n<td style=\"background-color: #ffffff; text-align: center;\">\u00a0<\/td>\n<td style=\"background-color: #ffffff; text-align: center;\">\u00a0<\/td>\n<\/tr>\n<tr>\n<td style=\"background-color: #ffffff; text-align: center;\"><a href=\"https:\/\/adepublicite.fr\/en\/adhesif\/sticker-adhesif\/\"><img loading=\"lazy\" decoding=\"async\" class=\"alignnone wp-image-645 size-medium\" src=\"http:\/\/adepublicite.fr\/wp-content\/uploads\/2018\/05\/adhesif_vitrophanie_1-300x300.jpg\" alt=\"\" width=\"300\" height=\"300\" srcset=\"https:\/\/adepublicite.fr\/wp-content\/uploads\/2018\/05\/adhesif_vitrophanie_1-300x300.jpg 300w, https:\/\/adepublicite.fr\/wp-content\/uploads\/2018\/05\/adhesif_vitrophanie_1-150x150.jpg 150w, https:\/\/adepublicite.fr\/wp-content\/uploads\/2018\/05\/adhesif_vitrophanie_1-365x365.jpg 365w, https:\/\/adepublicite.fr\/wp-content\/uploads\/2018\/05\/adhesif_vitrophanie_1.jpg 500w\" sizes=\"auto, (max-width: 300px) 100vw, 300px\" \/><\/a><\/td>\n<td style=\"background-color: #ffffff; text-align: center;\">\u00a0<\/td>\n<td style=\"background-color: #ffffff; text-align: center;\">\u00a0<\/td>\n<td style=\"background-color: #ffffff; text-align: center;\">\u00a0<\/td>\n<td style=\"background-color: #ffffff; text-align: center;\">\u00a0<\/td>\n<\/tr>\n<tr>\n<td style=\"background-color: #ffffff; text-align: center;\"><a href=\"https:\/\/adepublicite.fr\/en\/adhesif\/vitrophanie\/\">Window sticker<\/a><\/td>\n<td style=\"background-color: #ffffff; text-align: center;\">\u00a0<\/td>\n<td style=\"background-color: #ffffff; text-align: center;\">\u00a0<\/td>\n<td style=\"background-color: #ffffff; text-align: center;\">\u00a0<\/td>\n<td style=\"background-color: #ffffff; text-align: center;\">\u00a0<\/td>\n<\/tr>\n<\/tbody>\n<\/table>\n\n\n<p><\/p>\n","protected":false},"excerpt":{"rendered":"<p>Technical description Support: transparent adhesive, micro perforated, repositionable, micro suction (without glue) &hellip; polymer or monomer depending on the life of your project (other media possible) Printing: digital Standard formats: 63&times;204 cm, 83x204cm (other sizes possible) Finishes and options: lamination, &hellip; <a href=\"https:\/\/adepublicite.fr\/en\/adhesif\/adhesif-de-porte\/\">Continued<\/a><\/p>\n","protected":false},"author":1,"featured_media":630,"parent":509,"menu_order":1,"comment_status":"closed","ping_status":"closed","template":"","meta":{"kt_blocks_editor_width":"","_monsterinsights_skip_tracking":false,"_monsterinsights_sitenote_active":false,"_monsterinsights_sitenote_note":"","_monsterinsights_sitenote_category":0,"footnotes":""},"class_list":["post-511","page","type-page","status-publish","has-post-thumbnail","hentry"],"translation":{"provider":"WPGlobus","version":"3.0.2","language":"en","enabled_languages":["fr","en"],"languages":{"fr":{"title":true,"content":true,"excerpt":false},"en":{"title":true,"content":true,"excerpt":false}}},"yoast_head":"<!-- This site is optimized with the Yoast SEO plugin v27.3 - https:\/\/yoast.com\/product\/yoast-seo-wordpress\/ -->\n<title>Adh\u00e9sif de porte publicitaire personnalis\u00e9 sur mesure | ADE Publicit\u00e9<\/title>\n<meta name=\"description\" content=\"Door sticker: dress up your doors with a decor, an advertisement, a logo ... a custom adhesive so that your doors become unique pieces!\" \/>\n<meta name=\"robots\" content=\"index, follow, max-snippet:-1, max-image-preview:large, max-video-preview:-1\" \/>\n<link rel=\"canonical\" href=\"https:\/\/adepublicite.fr\/adhesif\/adhesif-de-porte\/\" \/>\n<meta property=\"og:locale\" content=\"en_US\" \/>\n<meta property=\"og:type\" content=\"article\" \/>\n<meta property=\"og:title\" content=\"Door adhesive - ADE Publicit\u00e9\" \/>\n<meta property=\"og:description\" content=\"Door sticker: dress up your doors with a decor, an advertisement, a logo ... a custom adhesive so that your doors become unique pieces!\" \/>\n<meta property=\"og:url\" content=\"https:\/\/adepublicite.fr\/adhesif\/adhesif-de-porte\/\" \/>\n<meta property=\"og:site_name\" content=\"ADE Publicit\u00e9\" \/>\n<meta property=\"article:publisher\" content=\"https:\/\/www.facebook.com\/adepublicite\/?ref=bookmarks\" \/>\n<meta property=\"article:modified_time\" content=\"2020-08-05T09:02:48+00:00\" \/>\n<meta property=\"og:image\" content=\"https:\/\/adepublicite.fr\/wp-content\/uploads\/2018\/05\/adhesif_de_porte-2.jpg\" \/>\n\t<meta property=\"og:image:width\" content=\"500\" \/>\n\t<meta property=\"og:image:height\" content=\"500\" \/>\n\t<meta property=\"og:image:type\" content=\"image\/jpeg\" \/>\n<meta name=\"twitter:card\" content=\"summary_large_image\" \/>\n<meta name=\"twitter:label1\" content=\"Est. reading time\" \/>\n\t<meta name=\"twitter:data1\" content=\"2 minutes\" \/>\n<script type=\"application\/ld+json\" class=\"yoast-schema-graph\">{\"@context\":\"https:\\\/\\\/schema.org\",\"@graph\":[{\"@type\":\"WebPage\",\"@id\":\"https:\\\/\\\/adepublicite.fr\\\/adhesif\\\/adhesif-de-porte\\\/\",\"url\":\"https:\\\/\\\/adepublicite.fr\\\/adhesif\\\/adhesif-de-porte\\\/\",\"name\":\"Adh\u00e9sif de porte publicitaire personnalis\u00e9 sur mesure | ADE Publicit\u00e9\",\"isPartOf\":{\"@id\":\"https:\\\/\\\/adepublicite.fr\\\/#website\"},\"primaryImageOfPage\":{\"@id\":\"https:\\\/\\\/adepublicite.fr\\\/adhesif\\\/adhesif-de-porte\\\/#primaryimage\"},\"image\":{\"@id\":\"https:\\\/\\\/adepublicite.fr\\\/adhesif\\\/adhesif-de-porte\\\/#primaryimage\"},\"thumbnailUrl\":\"https:\\\/\\\/adepublicite.fr\\\/wp-content\\\/uploads\\\/2018\\\/05\\\/adhesif_de_porte-2.jpg\",\"datePublished\":\"2018-05-02T20:42:03+00:00\",\"dateModified\":\"2020-08-05T09:02:48+00:00\",\"description\":\"Door sticker: dress up your doors with a decor, an advertisement, a logo ... a custom adhesive so that your doors become unique pieces!\",\"breadcrumb\":{\"@id\":\"https:\\\/\\\/adepublicite.fr\\\/adhesif\\\/adhesif-de-porte\\\/#breadcrumb\"},\"inLanguage\":\"en-US\",\"potentialAction\":[{\"@type\":\"ReadAction\",\"target\":[\"https:\\\/\\\/adepublicite.fr\\\/adhesif\\\/adhesif-de-porte\\\/\"]}]},{\"@type\":\"ImageObject\",\"inLanguage\":\"en-US\",\"@id\":\"https:\\\/\\\/adepublicite.fr\\\/adhesif\\\/adhesif-de-porte\\\/#primaryimage\",\"url\":\"https:\\\/\\\/adepublicite.fr\\\/wp-content\\\/uploads\\\/2018\\\/05\\\/adhesif_de_porte-2.jpg\",\"contentUrl\":\"https:\\\/\\\/adepublicite.fr\\\/wp-content\\\/uploads\\\/2018\\\/05\\\/adhesif_de_porte-2.jpg\",\"width\":500,\"height\":500,\"caption\":\"adh\u00e9sif de porte\"},{\"@type\":\"BreadcrumbList\",\"@id\":\"https:\\\/\\\/adepublicite.fr\\\/adhesif\\\/adhesif-de-porte\\\/#breadcrumb\",\"itemListElement\":[{\"@type\":\"ListItem\",\"position\":1,\"name\":\"Accueil\",\"item\":\"https:\\\/\\\/adepublicite.fr\\\/\"},{\"@type\":\"ListItem\",\"position\":2,\"name\":\"Adh\u00e9sifs\",\"item\":\"https:\\\/\\\/adepublicite.fr\\\/adhesif\\\/\"},{\"@type\":\"ListItem\",\"position\":3,\"name\":\"Adh\u00e9sif de porte\"}]},{\"@type\":\"WebSite\",\"@id\":\"https:\\\/\\\/adepublicite.fr\\\/#website\",\"url\":\"https:\\\/\\\/adepublicite.fr\\\/\",\"name\":\"ADE Publicit\u00e9\",\"description\":\"\",\"publisher\":{\"@id\":\"https:\\\/\\\/adepublicite.fr\\\/#organization\"},\"potentialAction\":[{\"@type\":\"SearchAction\",\"target\":{\"@type\":\"EntryPoint\",\"urlTemplate\":\"https:\\\/\\\/adepublicite.fr\\\/?s={search_term_string}\"},\"query-input\":{\"@type\":\"PropertyValueSpecification\",\"valueRequired\":true,\"valueName\":\"search_term_string\"}}],\"inLanguage\":\"en-US\"},{\"@type\":\"Organization\",\"@id\":\"https:\\\/\\\/adepublicite.fr\\\/#organization\",\"name\":\"ADE Publicit\u00e9\",\"url\":\"https:\\\/\\\/adepublicite.fr\\\/\",\"logo\":{\"@type\":\"ImageObject\",\"inLanguage\":\"en-US\",\"@id\":\"https:\\\/\\\/adepublicite.fr\\\/#\\\/schema\\\/logo\\\/image\\\/\",\"url\":\"https:\\\/\\\/adepublicite.fr\\\/wp-content\\\/uploads\\\/2018\\\/05\\\/FAVICON.png\",\"contentUrl\":\"https:\\\/\\\/adepublicite.fr\\\/wp-content\\\/uploads\\\/2018\\\/05\\\/FAVICON.png\",\"width\":512,\"height\":512,\"caption\":\"ADE Publicit\u00e9\"},\"image\":{\"@id\":\"https:\\\/\\\/adepublicite.fr\\\/#\\\/schema\\\/logo\\\/image\\\/\"},\"sameAs\":[\"https:\\\/\\\/www.facebook.com\\\/adepublicite\\\/?ref=bookmarks\",\"https:\\\/\\\/www.linkedin.com\\\/company\\\/ade-publicit\u00e9\\\/\"]}]}<\/script>\n<!-- \/ Yoast SEO plugin. -->","yoast_head_json":{"title":"Adh\u00e9sif de porte publicitaire personnalis\u00e9 sur mesure | ADE Publicit\u00e9","description":"Door sticker: dress up your doors with a decor, an advertisement, a logo ... a custom adhesive so that your doors become unique pieces!","robots":{"index":"index","follow":"follow","max-snippet":"max-snippet:-1","max-image-preview":"max-image-preview:large","max-video-preview":"max-video-preview:-1"},"canonical":"https:\/\/adepublicite.fr\/adhesif\/adhesif-de-porte\/","og_locale":"en_US","og_type":"article","og_title":"Door adhesive - ADE Publicit\u00e9","og_description":"Door sticker: dress up your doors with a decor, an advertisement, a logo ... a custom adhesive so that your doors become unique pieces!","og_url":"https:\/\/adepublicite.fr\/adhesif\/adhesif-de-porte\/","og_site_name":"ADE Publicit\u00e9","article_publisher":"https:\/\/www.facebook.com\/adepublicite\/?ref=bookmarks","article_modified_time":"2020-08-05T09:02:48+00:00","og_image":[{"width":500,"height":500,"url":"https:\/\/adepublicite.fr\/wp-content\/uploads\/2018\/05\/adhesif_de_porte-2.jpg","type":"image\/jpeg"}],"twitter_card":"summary_large_image","twitter_misc":{"Est. reading time":"2 minutes"},"schema":{"@context":"https:\/\/schema.org","@graph":[{"@type":"WebPage","@id":"https:\/\/adepublicite.fr\/adhesif\/adhesif-de-porte\/","url":"https:\/\/adepublicite.fr\/adhesif\/adhesif-de-porte\/","name":"Adh\u00e9sif de porte publicitaire personnalis\u00e9 sur mesure | ADE Publicit\u00e9","isPartOf":{"@id":"https:\/\/adepublicite.fr\/#website"},"primaryImageOfPage":{"@id":"https:\/\/adepublicite.fr\/adhesif\/adhesif-de-porte\/#primaryimage"},"image":{"@id":"https:\/\/adepublicite.fr\/adhesif\/adhesif-de-porte\/#primaryimage"},"thumbnailUrl":"https:\/\/adepublicite.fr\/wp-content\/uploads\/2018\/05\/adhesif_de_porte-2.jpg","datePublished":"2018-05-02T20:42:03+00:00","dateModified":"2020-08-05T09:02:48+00:00","description":"Door sticker: dress up your doors with a decor, an advertisement, a logo ... a custom adhesive so that your doors become unique pieces!","breadcrumb":{"@id":"https:\/\/adepublicite.fr\/adhesif\/adhesif-de-porte\/#breadcrumb"},"inLanguage":"en-US","potentialAction":[{"@type":"ReadAction","target":["https:\/\/adepublicite.fr\/adhesif\/adhesif-de-porte\/"]}]},{"@type":"ImageObject","inLanguage":"en-US","@id":"https:\/\/adepublicite.fr\/adhesif\/adhesif-de-porte\/#primaryimage","url":"https:\/\/adepublicite.fr\/wp-content\/uploads\/2018\/05\/adhesif_de_porte-2.jpg","contentUrl":"https:\/\/adepublicite.fr\/wp-content\/uploads\/2018\/05\/adhesif_de_porte-2.jpg","width":500,"height":500,"caption":"adh\u00e9sif de porte"},{"@type":"BreadcrumbList","@id":"https:\/\/adepublicite.fr\/adhesif\/adhesif-de-porte\/#breadcrumb","itemListElement":[{"@type":"ListItem","position":1,"name":"Accueil","item":"https:\/\/adepublicite.fr\/"},{"@type":"ListItem","position":2,"name":"Adh\u00e9sifs","item":"https:\/\/adepublicite.fr\/adhesif\/"},{"@type":"ListItem","position":3,"name":"Adh\u00e9sif de porte"}]},{"@type":"WebSite","@id":"https:\/\/adepublicite.fr\/#website","url":"https:\/\/adepublicite.fr\/","name":"ADE Publicit\u00e9","description":"","publisher":{"@id":"https:\/\/adepublicite.fr\/#organization"},"potentialAction":[{"@type":"SearchAction","target":{"@type":"EntryPoint","urlTemplate":"https:\/\/adepublicite.fr\/?s={search_term_string}"},"query-input":{"@type":"PropertyValueSpecification","valueRequired":true,"valueName":"search_term_string"}}],"inLanguage":"en-US"},{"@type":"Organization","@id":"https:\/\/adepublicite.fr\/#organization","name":"ADE Publicit\u00e9","url":"https:\/\/adepublicite.fr\/","logo":{"@type":"ImageObject","inLanguage":"en-US","@id":"https:\/\/adepublicite.fr\/#\/schema\/logo\/image\/","url":"https:\/\/adepublicite.fr\/wp-content\/uploads\/2018\/05\/FAVICON.png","contentUrl":"https:\/\/adepublicite.fr\/wp-content\/uploads\/2018\/05\/FAVICON.png","width":512,"height":512,"caption":"ADE Publicit\u00e9"},"image":{"@id":"https:\/\/adepublicite.fr\/#\/schema\/logo\/image\/"},"sameAs":["https:\/\/www.facebook.com\/adepublicite\/?ref=bookmarks","https:\/\/www.linkedin.com\/company\/ade-publicit\u00e9\/"]}]}},"amp_enabled":true,"_links":{"self":[{"href":"https:\/\/adepublicite.fr\/en\/wp-json\/wp\/v2\/pages\/511","targetHints":{"allow":["GET"]}}],"collection":[{"href":"https:\/\/adepublicite.fr\/en\/wp-json\/wp\/v2\/pages"}],"about":[{"href":"https:\/\/adepublicite.fr\/en\/wp-json\/wp\/v2\/types\/page"}],"author":[{"embeddable":true,"href":"https:\/\/adepublicite.fr\/en\/wp-json\/wp\/v2\/users\/1"}],"replies":[{"embeddable":true,"href":"https:\/\/adepublicite.fr\/en\/wp-json\/wp\/v2\/comments?post=511"}],"version-history":[{"count":39,"href":"https:\/\/adepublicite.fr\/en\/wp-json\/wp\/v2\/pages\/511\/revisions"}],"predecessor-version":[{"id":3312,"href":"https:\/\/adepublicite.fr\/en\/wp-json\/wp\/v2\/pages\/511\/revisions\/3312"}],"up":[{"embeddable":true,"href":"https:\/\/adepublicite.fr\/en\/wp-json\/wp\/v2\/pages\/509"}],"wp:featuredmedia":[{"embeddable":true,"href":"https:\/\/adepublicite.fr\/en\/wp-json\/wp\/v2\/media\/630"}],"wp:attachment":[{"href":"https:\/\/adepublicite.fr\/en\/wp-json\/wp\/v2\/media?parent=511"}],"curies":[{"name":"wp","href":"https:\/\/api.w.org\/{rel}","templated":true}]}}