{"id":507,"date":"2018-05-02T22:41:09","date_gmt":"2018-05-02T20:41:09","guid":{"rendered":"http:\/\/adepublicite.fr\/?page_id=507"},"modified":"2020-07-13T11:25:28","modified_gmt":"2020-07-13T09:25:28","slug":"toile-lumineuse","status":"publish","type":"page","link":"https:\/\/adepublicite.fr\/en\/plv-lumineuse\/toile-lumineuse\/","title":{"rendered":"Toile lumineuse"},"content":{"rendered":"<table style=\"width: 100%;\">\n<tbody>\n<tr>\n<td style=\"width: 75%;\">\n<h2>Description<\/h2>\n<p>Pourquoi mettre en valeur des \u00e9l\u00e9ments cibl\u00e9s\u00a0?<\/p>\n<p>Une toile lumineuse pour avoir une image publicitaire visible dans la p\u00e9nombre\u00a0: allum\u00e9e elle permet de s\u00e9lectionner les \u00e9l\u00e9ments \u00e0 mettre en avant.<\/p>\n<p>M\u00eame \u00e9teinte cette PLV reste qualitative et s\u2019int\u00e8gre dans tous les espaces.<\/p>\n<p>Elle est aussi durable dans le temps et surtout \u00e9conome. En effet\u00a0: 1 led = 50\u00a0000 heures d\u2019utilisation soit 10 ans avec 10 heures d\u2019utilisation par jour.<\/td>\n<td style=\"text-align: center; vertical-align: top;\"><div id=\"metaslider-id-388\" style=\"max-width: 700px;\" class=\"ml-slider-3-107-0 metaslider metaslider-flex metaslider-388 ml-slider ms-theme-default nav-hidden\" role=\"region\" aria-label=\"Toile lumineuse\" data-height=\"300\" data-width=\"700\">\n    <div id=\"metaslider_container_388\">\n        <div id=\"metaslider_388\">\n            <ul class='slides'>\n                <li style=\"display: block; width: 100%;\" class=\"slide-389 ms-image \" aria-roledescription=\"slide\" data-date=\"2018-05-02 22:12:22\" data-filename=\"lumineux_toile_4.jpg\" data-slide-type=\"image\"><img loading=\"lazy\" decoding=\"async\" width=\"500\" height=\"500\" src=\"https:\/\/adepublicite.fr\/wp-content\/uploads\/2018\/05\/lumineux_toile_4.jpg\" class=\"slider-388 slide-389 msDefaultImage\" alt=\"\" rel=\"\" title=\"lumineux_toile_4\" srcset=\"https:\/\/adepublicite.fr\/wp-content\/uploads\/2018\/05\/lumineux_toile_4.jpg 500w, https:\/\/adepublicite.fr\/wp-content\/uploads\/2018\/05\/lumineux_toile_4-150x150.jpg 150w, https:\/\/adepublicite.fr\/wp-content\/uploads\/2018\/05\/lumineux_toile_4-300x300.jpg 300w\" sizes=\"auto, (max-width: 500px) 100vw, 500px\" \/><\/li>\n                <li style=\"display: none; width: 100%;\" class=\"slide-390 ms-image \" aria-roledescription=\"slide\" data-date=\"2018-05-02 22:12:22\" data-filename=\"lumineux_toile_3.jpg\" data-slide-type=\"image\"><img loading=\"lazy\" decoding=\"async\" width=\"500\" height=\"500\" src=\"https:\/\/adepublicite.fr\/wp-content\/uploads\/2018\/05\/lumineux_toile_3.jpg\" class=\"slider-388 slide-390 msDefaultImage\" alt=\"\" rel=\"\" title=\"lumineux_toile_3\" srcset=\"https:\/\/adepublicite.fr\/wp-content\/uploads\/2018\/05\/lumineux_toile_3.jpg 500w, https:\/\/adepublicite.fr\/wp-content\/uploads\/2018\/05\/lumineux_toile_3-150x150.jpg 150w, https:\/\/adepublicite.fr\/wp-content\/uploads\/2018\/05\/lumineux_toile_3-300x300.jpg 300w\" sizes=\"auto, (max-width: 500px) 100vw, 500px\" \/><\/li>\n                <li style=\"display: none; width: 100%;\" class=\"slide-391 ms-image \" aria-roledescription=\"slide\" data-date=\"2018-05-02 22:12:23\" data-filename=\"lumineux_toile_2.jpg\" data-slide-type=\"image\"><img loading=\"lazy\" decoding=\"async\" width=\"500\" height=\"500\" src=\"https:\/\/adepublicite.fr\/wp-content\/uploads\/2018\/05\/lumineux_toile_2.jpg\" class=\"slider-388 slide-391 msDefaultImage\" alt=\"\" rel=\"\" title=\"lumineux_toile_2\" srcset=\"https:\/\/adepublicite.fr\/wp-content\/uploads\/2018\/05\/lumineux_toile_2.jpg 500w, https:\/\/adepublicite.fr\/wp-content\/uploads\/2018\/05\/lumineux_toile_2-150x150.jpg 150w, https:\/\/adepublicite.fr\/wp-content\/uploads\/2018\/05\/lumineux_toile_2-300x300.jpg 300w\" sizes=\"auto, (max-width: 500px) 100vw, 500px\" \/><\/li>\n                <li style=\"display: none; width: 100%;\" class=\"slide-392 ms-image \" aria-roledescription=\"slide\" data-date=\"2018-05-02 22:12:23\" data-filename=\"lumineux_toile_1.jpg\" data-slide-type=\"image\"><img loading=\"lazy\" decoding=\"async\" width=\"500\" height=\"500\" src=\"https:\/\/adepublicite.fr\/wp-content\/uploads\/2018\/05\/lumineux_toile_1.jpg\" class=\"slider-388 slide-392 msDefaultImage\" alt=\"\" rel=\"\" title=\"lumineux_toile_1\" srcset=\"https:\/\/adepublicite.fr\/wp-content\/uploads\/2018\/05\/lumineux_toile_1.jpg 500w, https:\/\/adepublicite.fr\/wp-content\/uploads\/2018\/05\/lumineux_toile_1-150x150.jpg 150w, https:\/\/adepublicite.fr\/wp-content\/uploads\/2018\/05\/lumineux_toile_1-300x300.jpg 300w\" sizes=\"auto, (max-width: 500px) 100vw, 500px\" \/><\/li>\n            <\/ul>\n        <\/div>\n        \n    <\/div>\n<\/div><\/td>\n<\/tr>\n<\/tbody>\n<\/table>\n<table>\n<tbody>\n<tr>\n<td><\/td>\n<\/tr>\n<\/tbody>\n<\/table>\n<h2>Description technique<\/h2>\n<p><strong>Support :<\/strong> textiles r\u00e9sistants \u00e0 la chaleur<\/p>\n<p><strong>Impression :<\/strong> num\u00e9rique<\/p>\n<p><strong>Formats standards :<\/strong> 40x60cm, 60x80cm (autres formats possibles)<\/p>\n<p><strong>Finitions et options :<\/strong> \u00e9clairage led ou n\u00e9on, encadrement\u00a0(et autres options \u00e0 la demande)<\/p>\n<p><strong>Emballage :<\/strong> individuel carton<\/p>\n<p><strong>Origine\u00a0:\u00a0<\/strong>dans nos locaux en Is\u00e8re (France)<\/p>\n<p>Vous souhaitez en savoir plus sur nos techniques de fabrication d\u2019ardoise\u00a0? Consultez la page\u00a0<a href=\"http:\/\/adepublicite.fr\/savoir-faire\/\">savoir faire<\/a>\u00a0ou\u00a0venez <a href=\"https:\/\/adepublicite.fr\/contact\/\">nous rencontrer<\/a>\u00a0!<\/p>\n<table>\n<tbody>\n<tr>\n<td><\/td>\n<\/tr>\n<\/tbody>\n<\/table>\n<h2>Tarifs<\/h2>\n<p>Nos tarifs d\u00e9pendent de vos crit\u00e8res de personnalisation (la taille de l\u2019ardoise, le nombre de couleurs \u00e0 l&#8217;impression, le type d\u2019encadrement, si besoin la retouche de vos fichiers, la quantit\u00e9 souhait\u00e9e&#8230; voir nos\u00a0<a href=\"http:\/\/adepublicite.fr\/savoir-faire\/\">savoir faire<\/a>\u00a0pour plus d&#8217;explications), et sont donc exclusivement sur devis.<\/p>\n","protected":false},"excerpt":{"rendered":"<p>Description Pourquoi mettre en valeur des &eacute;l&eacute;ments cibl&eacute;s&nbsp;? Une toile lumineuse pour avoir une image publicitaire visible dans la p&eacute;nombre&nbsp;: allum&eacute;e elle permet de s&eacute;lectionner les &eacute;l&eacute;ments &agrave; mettre en avant. M&ecirc;me &eacute;teinte cette PLV reste qualitative et s&rsquo;int&egrave;gre dans &hellip; <a href=\"https:\/\/adepublicite.fr\/en\/plv-lumineuse\/toile-lumineuse\/\">Continued<\/a><\/p>\n","protected":false},"author":1,"featured_media":0,"parent":501,"menu_order":0,"comment_status":"closed","ping_status":"closed","template":"","meta":{"kt_blocks_editor_width":"","_monsterinsights_skip_tracking":false,"_monsterinsights_sitenote_active":false,"_monsterinsights_sitenote_note":"","_monsterinsights_sitenote_category":0,"footnotes":""},"class_list":["post-507","page","type-page","status-publish","hentry"],"translation":{"provider":"WPGlobus","version":"3.0.2","language":"en","enabled_languages":["fr","en"],"languages":{"fr":{"title":true,"content":true,"excerpt":false},"en":{"title":false,"content":false,"excerpt":false}}},"yoast_head":"<!-- This site is optimized with the Yoast SEO plugin v27.3 - https:\/\/yoast.com\/product\/yoast-seo-wordpress\/ -->\n<title>Toile lumineuse - ADE Publicit\u00e9<\/title>\n<meta name=\"robots\" content=\"index, follow, max-snippet:-1, max-image-preview:large, max-video-preview:-1\" \/>\n<link rel=\"canonical\" href=\"https:\/\/adepublicite.fr\/plv-lumineuse\/toile-lumineuse\/\" \/>\n<meta property=\"og:locale\" content=\"en_US\" \/>\n<meta property=\"og:type\" content=\"article\" \/>\n<meta property=\"og:title\" content=\"Toile lumineuse - ADE Publicit\u00e9\" \/>\n<meta property=\"og:url\" content=\"https:\/\/adepublicite.fr\/plv-lumineuse\/toile-lumineuse\/\" \/>\n<meta property=\"og:site_name\" content=\"ADE Publicit\u00e9\" \/>\n<meta property=\"article:publisher\" content=\"https:\/\/www.facebook.com\/adepublicite\/?ref=bookmarks\" \/>\n<meta property=\"article:modified_time\" content=\"2020-07-13T09:25:28+00:00\" \/>\n<meta name=\"twitter:card\" content=\"summary_large_image\" \/>\n<meta name=\"twitter:label1\" content=\"Est. reading time\" \/>\n\t<meta name=\"twitter:data1\" content=\"1 minute\" \/>\n<script type=\"application\/ld+json\" class=\"yoast-schema-graph\">{\"@context\":\"https:\\\/\\\/schema.org\",\"@graph\":[{\"@type\":\"WebPage\",\"@id\":\"https:\\\/\\\/adepublicite.fr\\\/plv-lumineuse\\\/toile-lumineuse\\\/\",\"url\":\"https:\\\/\\\/adepublicite.fr\\\/plv-lumineuse\\\/toile-lumineuse\\\/\",\"name\":\"Toile lumineuse - ADE Publicit\u00e9\",\"isPartOf\":{\"@id\":\"https:\\\/\\\/adepublicite.fr\\\/#website\"},\"datePublished\":\"2018-05-02T20:41:09+00:00\",\"dateModified\":\"2020-07-13T09:25:28+00:00\",\"breadcrumb\":{\"@id\":\"https:\\\/\\\/adepublicite.fr\\\/plv-lumineuse\\\/toile-lumineuse\\\/#breadcrumb\"},\"inLanguage\":\"en-US\",\"potentialAction\":[{\"@type\":\"ReadAction\",\"target\":[\"https:\\\/\\\/adepublicite.fr\\\/plv-lumineuse\\\/toile-lumineuse\\\/\"]}]},{\"@type\":\"BreadcrumbList\",\"@id\":\"https:\\\/\\\/adepublicite.fr\\\/plv-lumineuse\\\/toile-lumineuse\\\/#breadcrumb\",\"itemListElement\":[{\"@type\":\"ListItem\",\"position\":1,\"name\":\"Accueil\",\"item\":\"https:\\\/\\\/adepublicite.fr\\\/\"},{\"@type\":\"ListItem\",\"position\":2,\"name\":\"PLV lumineuse\",\"item\":\"https:\\\/\\\/adepublicite.fr\\\/plv-lumineuse\\\/\"},{\"@type\":\"ListItem\",\"position\":3,\"name\":\"Toile lumineuse\"}]},{\"@type\":\"WebSite\",\"@id\":\"https:\\\/\\\/adepublicite.fr\\\/#website\",\"url\":\"https:\\\/\\\/adepublicite.fr\\\/\",\"name\":\"ADE Publicit\u00e9\",\"description\":\"\",\"publisher\":{\"@id\":\"https:\\\/\\\/adepublicite.fr\\\/#organization\"},\"potentialAction\":[{\"@type\":\"SearchAction\",\"target\":{\"@type\":\"EntryPoint\",\"urlTemplate\":\"https:\\\/\\\/adepublicite.fr\\\/?s={search_term_string}\"},\"query-input\":{\"@type\":\"PropertyValueSpecification\",\"valueRequired\":true,\"valueName\":\"search_term_string\"}}],\"inLanguage\":\"en-US\"},{\"@type\":\"Organization\",\"@id\":\"https:\\\/\\\/adepublicite.fr\\\/#organization\",\"name\":\"ADE Publicit\u00e9\",\"url\":\"https:\\\/\\\/adepublicite.fr\\\/\",\"logo\":{\"@type\":\"ImageObject\",\"inLanguage\":\"en-US\",\"@id\":\"https:\\\/\\\/adepublicite.fr\\\/#\\\/schema\\\/logo\\\/image\\\/\",\"url\":\"https:\\\/\\\/adepublicite.fr\\\/wp-content\\\/uploads\\\/2018\\\/05\\\/FAVICON.png\",\"contentUrl\":\"https:\\\/\\\/adepublicite.fr\\\/wp-content\\\/uploads\\\/2018\\\/05\\\/FAVICON.png\",\"width\":512,\"height\":512,\"caption\":\"ADE Publicit\u00e9\"},\"image\":{\"@id\":\"https:\\\/\\\/adepublicite.fr\\\/#\\\/schema\\\/logo\\\/image\\\/\"},\"sameAs\":[\"https:\\\/\\\/www.facebook.com\\\/adepublicite\\\/?ref=bookmarks\",\"https:\\\/\\\/www.linkedin.com\\\/company\\\/ade-publicit\u00e9\\\/\"]}]}<\/script>\n<!-- \/ Yoast SEO plugin. -->","yoast_head_json":{"title":"Toile lumineuse - ADE Publicit\u00e9","robots":{"index":"index","follow":"follow","max-snippet":"max-snippet:-1","max-image-preview":"max-image-preview:large","max-video-preview":"max-video-preview:-1"},"canonical":"https:\/\/adepublicite.fr\/plv-lumineuse\/toile-lumineuse\/","og_locale":"en_US","og_type":"article","og_title":"Toile lumineuse - ADE Publicit\u00e9","og_url":"https:\/\/adepublicite.fr\/plv-lumineuse\/toile-lumineuse\/","og_site_name":"ADE Publicit\u00e9","article_publisher":"https:\/\/www.facebook.com\/adepublicite\/?ref=bookmarks","article_modified_time":"2020-07-13T09:25:28+00:00","twitter_card":"summary_large_image","twitter_misc":{"Est. reading time":"1 minute"},"schema":{"@context":"https:\/\/schema.org","@graph":[{"@type":"WebPage","@id":"https:\/\/adepublicite.fr\/plv-lumineuse\/toile-lumineuse\/","url":"https:\/\/adepublicite.fr\/plv-lumineuse\/toile-lumineuse\/","name":"Toile lumineuse - ADE Publicit\u00e9","isPartOf":{"@id":"https:\/\/adepublicite.fr\/#website"},"datePublished":"2018-05-02T20:41:09+00:00","dateModified":"2020-07-13T09:25:28+00:00","breadcrumb":{"@id":"https:\/\/adepublicite.fr\/plv-lumineuse\/toile-lumineuse\/#breadcrumb"},"inLanguage":"en-US","potentialAction":[{"@type":"ReadAction","target":["https:\/\/adepublicite.fr\/plv-lumineuse\/toile-lumineuse\/"]}]},{"@type":"BreadcrumbList","@id":"https:\/\/adepublicite.fr\/plv-lumineuse\/toile-lumineuse\/#breadcrumb","itemListElement":[{"@type":"ListItem","position":1,"name":"Accueil","item":"https:\/\/adepublicite.fr\/"},{"@type":"ListItem","position":2,"name":"PLV lumineuse","item":"https:\/\/adepublicite.fr\/plv-lumineuse\/"},{"@type":"ListItem","position":3,"name":"Toile lumineuse"}]},{"@type":"WebSite","@id":"https:\/\/adepublicite.fr\/#website","url":"https:\/\/adepublicite.fr\/","name":"ADE Publicit\u00e9","description":"","publisher":{"@id":"https:\/\/adepublicite.fr\/#organization"},"potentialAction":[{"@type":"SearchAction","target":{"@type":"EntryPoint","urlTemplate":"https:\/\/adepublicite.fr\/?s={search_term_string}"},"query-input":{"@type":"PropertyValueSpecification","valueRequired":true,"valueName":"search_term_string"}}],"inLanguage":"en-US"},{"@type":"Organization","@id":"https:\/\/adepublicite.fr\/#organization","name":"ADE Publicit\u00e9","url":"https:\/\/adepublicite.fr\/","logo":{"@type":"ImageObject","inLanguage":"en-US","@id":"https:\/\/adepublicite.fr\/#\/schema\/logo\/image\/","url":"https:\/\/adepublicite.fr\/wp-content\/uploads\/2018\/05\/FAVICON.png","contentUrl":"https:\/\/adepublicite.fr\/wp-content\/uploads\/2018\/05\/FAVICON.png","width":512,"height":512,"caption":"ADE Publicit\u00e9"},"image":{"@id":"https:\/\/adepublicite.fr\/#\/schema\/logo\/image\/"},"sameAs":["https:\/\/www.facebook.com\/adepublicite\/?ref=bookmarks","https:\/\/www.linkedin.com\/company\/ade-publicit\u00e9\/"]}]}},"amp_enabled":true,"_links":{"self":[{"href":"https:\/\/adepublicite.fr\/en\/wp-json\/wp\/v2\/pages\/507","targetHints":{"allow":["GET"]}}],"collection":[{"href":"https:\/\/adepublicite.fr\/en\/wp-json\/wp\/v2\/pages"}],"about":[{"href":"https:\/\/adepublicite.fr\/en\/wp-json\/wp\/v2\/types\/page"}],"author":[{"embeddable":true,"href":"https:\/\/adepublicite.fr\/en\/wp-json\/wp\/v2\/users\/1"}],"replies":[{"embeddable":true,"href":"https:\/\/adepublicite.fr\/en\/wp-json\/wp\/v2\/comments?post=507"}],"version-history":[{"count":6,"href":"https:\/\/adepublicite.fr\/en\/wp-json\/wp\/v2\/pages\/507\/revisions"}],"predecessor-version":[{"id":2933,"href":"https:\/\/adepublicite.fr\/en\/wp-json\/wp\/v2\/pages\/507\/revisions\/2933"}],"up":[{"embeddable":true,"href":"https:\/\/adepublicite.fr\/en\/wp-json\/wp\/v2\/pages\/501"}],"wp:attachment":[{"href":"https:\/\/adepublicite.fr\/en\/wp-json\/wp\/v2\/media?parent=507"}],"curies":[{"name":"wp","href":"https:\/\/api.w.org\/{rel}","templated":true}]}}