{"id":503,"date":"2018-05-02T22:40:28","date_gmt":"2018-05-02T20:40:28","guid":{"rendered":"http:\/\/adepublicite.fr\/?page_id=503"},"modified":"2022-12-14T14:18:13","modified_gmt":"2022-12-14T13:18:13","slug":"miroir-lumineux","status":"publish","type":"page","link":"https:\/\/adepublicite.fr\/en\/miroir\/miroir-lumineux\/","title":{"rendered":"Light mirror"},"content":{"rendered":"<table style=\"width: 100%;\">\n<tbody>\n<tr>\n<td style=\"width: 75%;\">\n<h2>Description<\/h2>\n<p><strong>Support:<\/strong> glass (different thicknesses possible)<\/p>\n<p><strong>Printing:<\/strong> silkscreen or digital<\/p>\n<p><strong>Standard formats:<\/strong> 40x60cm, 60x80cm (other formats possible)<\/p>\n<p><strong>Finishes and options:<\/strong> led or neon lighting, framing (and other options on request)<\/p>\n<p><strong>Packaging:<\/strong> individual carton<\/p>\n<p><strong>Origin:<\/strong> in our premises in Is\u00e8re (France)<\/p>\n<p>Interested in learning more about our slate making techniques? Consult the <a href=\"https:\/\/adepublicite.fr\/en\/accueil\/savoir-faire\/\">know-how<\/a> page or <a href=\"https:\/\/adepublicite.fr\/en\/accueil\/contact\/\">come and meet us<\/a>!<\/p>\n<\/td>\n<td style=\"text-align: center; vertical-align: top;\"><div id=\"metaslider-id-378\" style=\"max-width: 700px;\" class=\"ml-slider-3-107-0 metaslider metaslider-flex metaslider-378 ml-slider ms-theme-default nav-hidden\" role=\"region\" aria-label=\"Miroir lumineux\" data-height=\"300\" data-width=\"700\">\n    <div id=\"metaslider_container_378\">\n        <div id=\"metaslider_378\">\n            <ul class='slides'>\n                <li style=\"display: block; width: 100%;\" class=\"slide-379 ms-image \" aria-roledescription=\"slide\" data-date=\"2018-05-02 22:11:13\" data-filename=\"lumineux_miroir_1.jpg\" data-slide-type=\"image\"><img loading=\"lazy\" decoding=\"async\" width=\"500\" height=\"500\" src=\"https:\/\/adepublicite.fr\/wp-content\/uploads\/2018\/05\/lumineux_miroir_1.jpg\" class=\"slider-378 slide-379 msDefaultImage\" alt=\"\" rel=\"\" title=\"lumineux_miroir_1\" srcset=\"https:\/\/adepublicite.fr\/wp-content\/uploads\/2018\/05\/lumineux_miroir_1.jpg 500w, https:\/\/adepublicite.fr\/wp-content\/uploads\/2018\/05\/lumineux_miroir_1-150x150.jpg 150w, https:\/\/adepublicite.fr\/wp-content\/uploads\/2018\/05\/lumineux_miroir_1-300x300.jpg 300w, https:\/\/adepublicite.fr\/wp-content\/uploads\/2018\/05\/lumineux_miroir_1-365x365.jpg 365w\" sizes=\"auto, (max-width: 500px) 100vw, 500px\" \/><\/li>\n                <li style=\"display: none; width: 100%;\" class=\"slide-380 ms-image \" aria-roledescription=\"slide\" data-date=\"2018-05-02 22:11:13\" data-filename=\"lumineux_miroir_2.jpg\" data-slide-type=\"image\"><img loading=\"lazy\" decoding=\"async\" width=\"500\" height=\"500\" src=\"https:\/\/adepublicite.fr\/wp-content\/uploads\/2018\/05\/lumineux_miroir_2.jpg\" class=\"slider-378 slide-380 msDefaultImage\" alt=\"\" rel=\"\" title=\"lumineux_miroir_2\" srcset=\"https:\/\/adepublicite.fr\/wp-content\/uploads\/2018\/05\/lumineux_miroir_2.jpg 500w, https:\/\/adepublicite.fr\/wp-content\/uploads\/2018\/05\/lumineux_miroir_2-150x150.jpg 150w, https:\/\/adepublicite.fr\/wp-content\/uploads\/2018\/05\/lumineux_miroir_2-300x300.jpg 300w\" sizes=\"auto, (max-width: 500px) 100vw, 500px\" \/><\/li>\n                <li style=\"display: none; width: 100%;\" class=\"slide-381 ms-image \" aria-roledescription=\"slide\" data-date=\"2018-05-02 22:11:13\" data-filename=\"lumineux_miroir_3.jpg\" data-slide-type=\"image\"><img loading=\"lazy\" decoding=\"async\" width=\"500\" height=\"500\" src=\"https:\/\/adepublicite.fr\/wp-content\/uploads\/2018\/05\/lumineux_miroir_3.jpg\" class=\"slider-378 slide-381 msDefaultImage\" alt=\"\" rel=\"\" title=\"lumineux_miroir_3\" srcset=\"https:\/\/adepublicite.fr\/wp-content\/uploads\/2018\/05\/lumineux_miroir_3.jpg 500w, https:\/\/adepublicite.fr\/wp-content\/uploads\/2018\/05\/lumineux_miroir_3-150x150.jpg 150w, https:\/\/adepublicite.fr\/wp-content\/uploads\/2018\/05\/lumineux_miroir_3-300x300.jpg 300w\" sizes=\"auto, (max-width: 500px) 100vw, 500px\" \/><\/li>\n                <li style=\"display: none; width: 100%;\" class=\"slide-382 ms-image \" aria-roledescription=\"slide\" data-date=\"2018-05-02 22:11:13\" data-filename=\"lumineux_miroir_4.jpg\" data-slide-type=\"image\"><img loading=\"lazy\" decoding=\"async\" width=\"500\" height=\"500\" src=\"https:\/\/adepublicite.fr\/wp-content\/uploads\/2018\/05\/lumineux_miroir_4.jpg\" class=\"slider-378 slide-382 msDefaultImage\" alt=\"\" rel=\"\" title=\"lumineux_miroir_4\" srcset=\"https:\/\/adepublicite.fr\/wp-content\/uploads\/2018\/05\/lumineux_miroir_4.jpg 500w, https:\/\/adepublicite.fr\/wp-content\/uploads\/2018\/05\/lumineux_miroir_4-150x150.jpg 150w, https:\/\/adepublicite.fr\/wp-content\/uploads\/2018\/05\/lumineux_miroir_4-300x300.jpg 300w\" sizes=\"auto, (max-width: 500px) 100vw, 500px\" \/><\/li>\n            <\/ul>\n        <\/div>\n        \n    <\/div>\n<\/div><\/td>\n<\/tr>\n<\/tbody>\n<\/table>\n\n\n<div style=\"height:20px\" aria-hidden=\"true\" class=\"wp-block-spacer\"><\/div>\n\n\n\n<h2 class=\"wp-block-heading\">Prices<\/h2>\n\n\n\n<p>Our prices depend on your personalization criteria (the size of the mirror, the number of colors to print, the type of framing, if necessary the retouching of your files, the desired quantity \u2026 see our&nbsp;<a href=\"https:\/\/adepublicite.fr\/en\/savoir-faire\/\">know-how<\/a>&nbsp;for more explanations), and are therefore exclusively on estimate.<\/p>\n\n\n\n<div style=\"height:13px\" aria-hidden=\"true\" class=\"wp-block-spacer\"><\/div>\n\n\n\n<h2 class=\"wp-block-heading\">Similar products<\/h2>\n\n\n<table style=\"background-color: #ffffff; width: 100%;\">\n<tbody>\n<tr>\n<td style=\"width: 20%; text-align: center; vertical-align: middle;\"><a href=\"http:\/\/adepublicite.fr\/miroir\/miroir-sans-cadre\/\"><img loading=\"lazy\" decoding=\"async\" class=\"alignnone size-medium wp-image-76\" src=\"http:\/\/adepublicite.fr\/wp-content\/uploads\/2018\/05\/miroir_sans_cadre_3-300x300.jpg\" alt=\"miroir\" width=\"300\" height=\"300\" srcset=\"https:\/\/adepublicite.fr\/wp-content\/uploads\/2018\/05\/miroir_sans_cadre_3-300x300.jpg 300w, https:\/\/adepublicite.fr\/wp-content\/uploads\/2018\/05\/miroir_sans_cadre_3-150x150.jpg 150w, https:\/\/adepublicite.fr\/wp-content\/uploads\/2018\/05\/miroir_sans_cadre_3.jpg 500w\" sizes=\"auto, (max-width: 300px) 100vw, 300px\" \/><\/a><\/td>\n<td style=\"width: 20%; text-align: center; vertical-align: middle;\"><a href=\"http:\/\/adepublicite.fr\/miroir\/miroir-avec-cadre\/\"><img loading=\"lazy\" decoding=\"async\" class=\"alignnone size-full wp-image-3701\" src=\"http:\/\/adepublicite.fr\/wp-content\/uploads\/2022\/06\/miroir_avec_cadre_1.webp\" alt=\"\" width=\"200\" height=\"200\" srcset=\"https:\/\/adepublicite.fr\/wp-content\/uploads\/2022\/06\/miroir_avec_cadre_1.webp 200w, https:\/\/adepublicite.fr\/wp-content\/uploads\/2022\/06\/miroir_avec_cadre_1-150x150.webp 150w\" sizes=\"auto, (max-width: 200px) 100vw, 200px\" \/><\/a><\/td>\n<td style=\"width: 20%; text-align: center; vertical-align: middle;\"><a href=\"http:\/\/adepublicite.fr\/miroir\/miroir-avec-decoupe\/\"><img loading=\"lazy\" decoding=\"async\" class=\"alignnone size-medium wp-image-66\" src=\"http:\/\/adepublicite.fr\/wp-content\/uploads\/2018\/05\/miroir_avec_decoupe_1-300x300.jpg\" alt=\"miroir-d\u00e9coup\u00e9-\u00e0-la-forme\" width=\"300\" height=\"300\" srcset=\"https:\/\/adepublicite.fr\/wp-content\/uploads\/2018\/05\/miroir_avec_decoupe_1-300x300.jpg 300w, https:\/\/adepublicite.fr\/wp-content\/uploads\/2018\/05\/miroir_avec_decoupe_1-150x150.jpg 150w, https:\/\/adepublicite.fr\/wp-content\/uploads\/2018\/05\/miroir_avec_decoupe_1.jpg 500w\" sizes=\"auto, (max-width: 300px) 100vw, 300px\" \/><\/a><\/td>\n<td style=\"width: 20%; text-align: center; vertical-align: middle;\"><a href=\"http:\/\/adepublicite.fr\/miroir\/miroir-incassable\/\"><img loading=\"lazy\" decoding=\"async\" class=\"alignnone size-medium wp-image-70\" src=\"http:\/\/adepublicite.fr\/wp-content\/uploads\/2018\/05\/miroir_incassable_1-300x300.jpg\" alt=\"miroir-en-plexi\" width=\"300\" height=\"300\" srcset=\"https:\/\/adepublicite.fr\/wp-content\/uploads\/2018\/05\/miroir_incassable_1-300x300.jpg 300w, https:\/\/adepublicite.fr\/wp-content\/uploads\/2018\/05\/miroir_incassable_1-150x150.jpg 150w, https:\/\/adepublicite.fr\/wp-content\/uploads\/2018\/05\/miroir_incassable_1.jpg 500w\" sizes=\"auto, (max-width: 300px) 100vw, 300px\" \/><\/a><\/td>\n<td style=\"width: 20%; text-align: center; vertical-align: middle;\"><a href=\"http:\/\/adepublicite.fr\/plv-lumineuse\/plexi-lumineux\/\"><img loading=\"lazy\" decoding=\"async\" class=\"alignnone size-medium wp-image-202\" src=\"http:\/\/adepublicite.fr\/wp-content\/uploads\/2018\/05\/lumineux_plexi_2-300x300.jpg\" alt=\"\" width=\"300\" height=\"300\" srcset=\"https:\/\/adepublicite.fr\/wp-content\/uploads\/2018\/05\/lumineux_plexi_2-300x300.jpg 300w, https:\/\/adepublicite.fr\/wp-content\/uploads\/2018\/05\/lumineux_plexi_2-150x150.jpg 150w, https:\/\/adepublicite.fr\/wp-content\/uploads\/2018\/05\/lumineux_plexi_2.jpg 500w\" sizes=\"auto, (max-width: 300px) 100vw, 300px\" \/><\/a><\/td>\n<\/tr>\n<tr>\n<td style=\"background-color: #ffffff; text-align: center; vertical-align: middle;\"><a href=\"http:\/\/adepublicite.fr\/miroir\/miroir-sans-cadre\/\">Miroir sans cadre<\/a><\/td>\n<td style=\"background-color: #ffffff; text-align: center; vertical-align: middle;\"><a href=\"http:\/\/adepublicite.fr\/miroir\/miroir-avec-cadre\/\">Miroir avec cadre<\/a><\/td>\n<td style=\"background-color: #ffffff; text-align: center; vertical-align: middle;\"><a href=\"http:\/\/adepublicite.fr\/miroir\/miroir-avec-decoupe\/\">Miroir avec d\u00e9coupe<\/a><\/td>\n<td style=\"background-color: #ffffff; text-align: center; vertical-align: middle;\"><a href=\"http:\/\/adepublicite.fr\/miroir\/miroir-incassable\/\">Miroir incassable<\/a><\/td>\n<td style=\"background-color: #ffffff; text-align: center; vertical-align: middle;\"><a href=\"http:\/\/adepublicite.fr\/plv-lumineuse\/plexi-lumineux\/\">Plexi lumineux<\/a><\/td>\n<\/tr>\n<tr>\n<td style=\"text-align: center; vertical-align: middle;\"><a href=\"http:\/\/adepublicite.fr\/plv-lumineuse\/toile-lumineuse\/\"><img loading=\"lazy\" decoding=\"async\" class=\"alignnone size-medium wp-image-208\" src=\"http:\/\/adepublicite.fr\/wp-content\/uploads\/2018\/05\/lumineux_toile_4-300x300.jpg\" alt=\"\" width=\"300\" height=\"300\" srcset=\"https:\/\/adepublicite.fr\/wp-content\/uploads\/2018\/05\/lumineux_toile_4-300x300.jpg 300w, https:\/\/adepublicite.fr\/wp-content\/uploads\/2018\/05\/lumineux_toile_4-150x150.jpg 150w, https:\/\/adepublicite.fr\/wp-content\/uploads\/2018\/05\/lumineux_toile_4.jpg 500w\" sizes=\"auto, (max-width: 300px) 100vw, 300px\" \/><\/a><\/td>\n<td style=\"text-align: center; vertical-align: middle;\"><img loading=\"lazy\" decoding=\"async\" class=\"alignnone size-medium wp-image-2753\" src=\"http:\/\/adepublicite.fr\/wp-content\/uploads\/2020\/07\/ardoise_de_table_avec_3D_3-300x300.jpg\" alt=\"\" width=\"300\" height=\"300\" srcset=\"https:\/\/adepublicite.fr\/wp-content\/uploads\/2020\/07\/ardoise_de_table_avec_3D_3-300x300.jpg 300w, https:\/\/adepublicite.fr\/wp-content\/uploads\/2020\/07\/ardoise_de_table_avec_3D_3-150x150.jpg 150w, https:\/\/adepublicite.fr\/wp-content\/uploads\/2020\/07\/ardoise_de_table_avec_3D_3.jpg 500w\" sizes=\"auto, (max-width: 300px) 100vw, 300px\" \/><\/td>\n<td style=\"text-align: center; vertical-align: middle;\"><img loading=\"lazy\" decoding=\"async\" class=\"alignnone size-medium wp-image-2801\" src=\"http:\/\/adepublicite.fr\/wp-content\/uploads\/2020\/07\/presentoir_lumineux_1-300x300.png\" alt=\"\" width=\"300\" height=\"300\" srcset=\"https:\/\/adepublicite.fr\/wp-content\/uploads\/2020\/07\/presentoir_lumineux_1-300x300.png 300w, https:\/\/adepublicite.fr\/wp-content\/uploads\/2020\/07\/presentoir_lumineux_1-150x150.png 150w, https:\/\/adepublicite.fr\/wp-content\/uploads\/2020\/07\/presentoir_lumineux_1.png 500w\" sizes=\"auto, (max-width: 300px) 100vw, 300px\" \/><\/td>\n<td style=\"text-align: center; vertical-align: middle;\">&nbsp;<\/td>\n<td style=\"text-align: center; vertical-align: middle;\">&nbsp;<\/td>\n<\/tr>\n<tr>\n<td style=\"background-color: #ffffff; text-align: center; vertical-align: middle;\"><a href=\"http:\/\/adepublicite.fr\/plv-lumineuse\/toile-lumineuse\/\">Toile lumineuse<\/a><\/td>\n<td style=\"background-color: #ffffff; text-align: center; vertical-align: middle;\">Ardoise de table avec 3D lumineuse<\/td>\n<td style=\"background-color: #ffffff; text-align: center; vertical-align: middle;\">Pr\u00e9sentoir \u00e0 bouteilles lumineux<\/td>\n<td style=\"background-color: #ffffff; text-align: center; vertical-align: middle;\">&nbsp;<\/td>\n<td style=\"background-color: #ffffff; text-align: center; vertical-align: middle;\">&nbsp;<\/td>\n<\/tr>\n<\/tbody>\n<\/table>","protected":false},"excerpt":{"rendered":"<p>Description Support: glass (different thicknesses possible) Printing: silkscreen or digital Standard formats: 40x60cm, 60x80cm (other formats possible) Finishes and options: led or neon lighting, framing (and other options on request) Packaging: individual carton Origin: in our premises in Is&egrave;re (France) &hellip; <a href=\"https:\/\/adepublicite.fr\/en\/miroir\/miroir-lumineux\/\">Continued<\/a><\/p>\n","protected":false},"author":1,"featured_media":0,"parent":416,"menu_order":0,"comment_status":"closed","ping_status":"closed","template":"","meta":{"kt_blocks_editor_width":"","_monsterinsights_skip_tracking":false,"_monsterinsights_sitenote_active":false,"_monsterinsights_sitenote_note":"","_monsterinsights_sitenote_category":0,"footnotes":""},"class_list":["post-503","page","type-page","status-publish","hentry"],"translation":{"provider":"WPGlobus","version":"3.0.2","language":"en","enabled_languages":["fr","en"],"languages":{"fr":{"title":true,"content":true,"excerpt":false},"en":{"title":true,"content":true,"excerpt":false}}},"yoast_head":"<!-- This site is optimized with the Yoast SEO plugin v27.3 - https:\/\/yoast.com\/product\/yoast-seo-wordpress\/ -->\n<title>Light mirror publicitaire personnalis\u00e9 sur mesure | ADE<\/title>\n<meta name=\"robots\" content=\"index, follow, max-snippet:-1, max-image-preview:large, max-video-preview:-1\" \/>\n<link rel=\"canonical\" href=\"https:\/\/adepublicite.fr\/miroir\/miroir-lumineux\/\" \/>\n<meta property=\"og:locale\" content=\"en_US\" \/>\n<meta property=\"og:type\" content=\"article\" \/>\n<meta property=\"og:title\" content=\"Light mirror - ADE Publicit\u00e9\" \/>\n<meta property=\"og:url\" content=\"https:\/\/adepublicite.fr\/miroir\/miroir-lumineux\/\" \/>\n<meta property=\"og:site_name\" content=\"ADE Publicit\u00e9\" \/>\n<meta property=\"article:publisher\" content=\"https:\/\/www.facebook.com\/adepublicite\/?ref=bookmarks\" \/>\n<meta property=\"article:modified_time\" content=\"2022-12-14T13:18:13+00:00\" \/>\n<meta property=\"og:image\" content=\"http:\/\/adepublicite.fr\/wp-content\/uploads\/2018\/05\/miroir_sans_cadre_3-300x300.jpg\" \/>\n<meta name=\"twitter:card\" content=\"summary_large_image\" \/>\n<meta name=\"twitter:label1\" content=\"Est. reading time\" \/>\n\t<meta name=\"twitter:data1\" content=\"3 minutes\" \/>\n<script type=\"application\/ld+json\" class=\"yoast-schema-graph\">{\"@context\":\"https:\\\/\\\/schema.org\",\"@graph\":[{\"@type\":\"WebPage\",\"@id\":\"https:\\\/\\\/adepublicite.fr\\\/miroir\\\/miroir-lumineux\\\/\",\"url\":\"https:\\\/\\\/adepublicite.fr\\\/miroir\\\/miroir-lumineux\\\/\",\"name\":\"Light mirror publicitaire personnalis\u00e9 sur mesure | ADE\",\"isPartOf\":{\"@id\":\"https:\\\/\\\/adepublicite.fr\\\/#website\"},\"primaryImageOfPage\":{\"@id\":\"https:\\\/\\\/adepublicite.fr\\\/miroir\\\/miroir-lumineux\\\/#primaryimage\"},\"image\":{\"@id\":\"https:\\\/\\\/adepublicite.fr\\\/miroir\\\/miroir-lumineux\\\/#primaryimage\"},\"thumbnailUrl\":\"http:\\\/\\\/adepublicite.fr\\\/wp-content\\\/uploads\\\/2018\\\/05\\\/miroir_sans_cadre_3-300x300.jpg\",\"datePublished\":\"2018-05-02T20:40:28+00:00\",\"dateModified\":\"2022-12-14T13:18:13+00:00\",\"breadcrumb\":{\"@id\":\"https:\\\/\\\/adepublicite.fr\\\/miroir\\\/miroir-lumineux\\\/#breadcrumb\"},\"inLanguage\":\"en-US\",\"potentialAction\":[{\"@type\":\"ReadAction\",\"target\":[\"https:\\\/\\\/adepublicite.fr\\\/miroir\\\/miroir-lumineux\\\/\"]}]},{\"@type\":\"ImageObject\",\"inLanguage\":\"en-US\",\"@id\":\"https:\\\/\\\/adepublicite.fr\\\/miroir\\\/miroir-lumineux\\\/#primaryimage\",\"url\":\"http:\\\/\\\/adepublicite.fr\\\/wp-content\\\/uploads\\\/2018\\\/05\\\/miroir_sans_cadre_3-300x300.jpg\",\"contentUrl\":\"http:\\\/\\\/adepublicite.fr\\\/wp-content\\\/uploads\\\/2018\\\/05\\\/miroir_sans_cadre_3-300x300.jpg\"},{\"@type\":\"BreadcrumbList\",\"@id\":\"https:\\\/\\\/adepublicite.fr\\\/miroir\\\/miroir-lumineux\\\/#breadcrumb\",\"itemListElement\":[{\"@type\":\"ListItem\",\"position\":1,\"name\":\"Accueil\",\"item\":\"https:\\\/\\\/adepublicite.fr\\\/\"},{\"@type\":\"ListItem\",\"position\":2,\"name\":\"Miroir\",\"item\":\"https:\\\/\\\/adepublicite.fr\\\/miroir\\\/\"},{\"@type\":\"ListItem\",\"position\":3,\"name\":\"Miroir lumineux\"}]},{\"@type\":\"WebSite\",\"@id\":\"https:\\\/\\\/adepublicite.fr\\\/#website\",\"url\":\"https:\\\/\\\/adepublicite.fr\\\/\",\"name\":\"ADE Publicit\u00e9\",\"description\":\"\",\"publisher\":{\"@id\":\"https:\\\/\\\/adepublicite.fr\\\/#organization\"},\"potentialAction\":[{\"@type\":\"SearchAction\",\"target\":{\"@type\":\"EntryPoint\",\"urlTemplate\":\"https:\\\/\\\/adepublicite.fr\\\/?s={search_term_string}\"},\"query-input\":{\"@type\":\"PropertyValueSpecification\",\"valueRequired\":true,\"valueName\":\"search_term_string\"}}],\"inLanguage\":\"en-US\"},{\"@type\":\"Organization\",\"@id\":\"https:\\\/\\\/adepublicite.fr\\\/#organization\",\"name\":\"ADE Publicit\u00e9\",\"url\":\"https:\\\/\\\/adepublicite.fr\\\/\",\"logo\":{\"@type\":\"ImageObject\",\"inLanguage\":\"en-US\",\"@id\":\"https:\\\/\\\/adepublicite.fr\\\/#\\\/schema\\\/logo\\\/image\\\/\",\"url\":\"https:\\\/\\\/adepublicite.fr\\\/wp-content\\\/uploads\\\/2018\\\/05\\\/FAVICON.png\",\"contentUrl\":\"https:\\\/\\\/adepublicite.fr\\\/wp-content\\\/uploads\\\/2018\\\/05\\\/FAVICON.png\",\"width\":512,\"height\":512,\"caption\":\"ADE Publicit\u00e9\"},\"image\":{\"@id\":\"https:\\\/\\\/adepublicite.fr\\\/#\\\/schema\\\/logo\\\/image\\\/\"},\"sameAs\":[\"https:\\\/\\\/www.facebook.com\\\/adepublicite\\\/?ref=bookmarks\",\"https:\\\/\\\/www.linkedin.com\\\/company\\\/ade-publicit\u00e9\\\/\"]}]}<\/script>\n<!-- \/ Yoast SEO plugin. -->","yoast_head_json":{"title":"Light mirror publicitaire personnalis\u00e9 sur mesure | ADE","robots":{"index":"index","follow":"follow","max-snippet":"max-snippet:-1","max-image-preview":"max-image-preview:large","max-video-preview":"max-video-preview:-1"},"canonical":"https:\/\/adepublicite.fr\/miroir\/miroir-lumineux\/","og_locale":"en_US","og_type":"article","og_title":"Light mirror - ADE Publicit\u00e9","og_url":"https:\/\/adepublicite.fr\/miroir\/miroir-lumineux\/","og_site_name":"ADE Publicit\u00e9","article_publisher":"https:\/\/www.facebook.com\/adepublicite\/?ref=bookmarks","article_modified_time":"2022-12-14T13:18:13+00:00","og_image":[{"url":"http:\/\/adepublicite.fr\/wp-content\/uploads\/2018\/05\/miroir_sans_cadre_3-300x300.jpg","type":"","width":"","height":""}],"twitter_card":"summary_large_image","twitter_misc":{"Est. reading time":"3 minutes"},"schema":{"@context":"https:\/\/schema.org","@graph":[{"@type":"WebPage","@id":"https:\/\/adepublicite.fr\/miroir\/miroir-lumineux\/","url":"https:\/\/adepublicite.fr\/miroir\/miroir-lumineux\/","name":"Light mirror publicitaire personnalis\u00e9 sur mesure | ADE","isPartOf":{"@id":"https:\/\/adepublicite.fr\/#website"},"primaryImageOfPage":{"@id":"https:\/\/adepublicite.fr\/miroir\/miroir-lumineux\/#primaryimage"},"image":{"@id":"https:\/\/adepublicite.fr\/miroir\/miroir-lumineux\/#primaryimage"},"thumbnailUrl":"http:\/\/adepublicite.fr\/wp-content\/uploads\/2018\/05\/miroir_sans_cadre_3-300x300.jpg","datePublished":"2018-05-02T20:40:28+00:00","dateModified":"2022-12-14T13:18:13+00:00","breadcrumb":{"@id":"https:\/\/adepublicite.fr\/miroir\/miroir-lumineux\/#breadcrumb"},"inLanguage":"en-US","potentialAction":[{"@type":"ReadAction","target":["https:\/\/adepublicite.fr\/miroir\/miroir-lumineux\/"]}]},{"@type":"ImageObject","inLanguage":"en-US","@id":"https:\/\/adepublicite.fr\/miroir\/miroir-lumineux\/#primaryimage","url":"http:\/\/adepublicite.fr\/wp-content\/uploads\/2018\/05\/miroir_sans_cadre_3-300x300.jpg","contentUrl":"http:\/\/adepublicite.fr\/wp-content\/uploads\/2018\/05\/miroir_sans_cadre_3-300x300.jpg"},{"@type":"BreadcrumbList","@id":"https:\/\/adepublicite.fr\/miroir\/miroir-lumineux\/#breadcrumb","itemListElement":[{"@type":"ListItem","position":1,"name":"Accueil","item":"https:\/\/adepublicite.fr\/"},{"@type":"ListItem","position":2,"name":"Miroir","item":"https:\/\/adepublicite.fr\/miroir\/"},{"@type":"ListItem","position":3,"name":"Miroir lumineux"}]},{"@type":"WebSite","@id":"https:\/\/adepublicite.fr\/#website","url":"https:\/\/adepublicite.fr\/","name":"ADE Publicit\u00e9","description":"","publisher":{"@id":"https:\/\/adepublicite.fr\/#organization"},"potentialAction":[{"@type":"SearchAction","target":{"@type":"EntryPoint","urlTemplate":"https:\/\/adepublicite.fr\/?s={search_term_string}"},"query-input":{"@type":"PropertyValueSpecification","valueRequired":true,"valueName":"search_term_string"}}],"inLanguage":"en-US"},{"@type":"Organization","@id":"https:\/\/adepublicite.fr\/#organization","name":"ADE Publicit\u00e9","url":"https:\/\/adepublicite.fr\/","logo":{"@type":"ImageObject","inLanguage":"en-US","@id":"https:\/\/adepublicite.fr\/#\/schema\/logo\/image\/","url":"https:\/\/adepublicite.fr\/wp-content\/uploads\/2018\/05\/FAVICON.png","contentUrl":"https:\/\/adepublicite.fr\/wp-content\/uploads\/2018\/05\/FAVICON.png","width":512,"height":512,"caption":"ADE Publicit\u00e9"},"image":{"@id":"https:\/\/adepublicite.fr\/#\/schema\/logo\/image\/"},"sameAs":["https:\/\/www.facebook.com\/adepublicite\/?ref=bookmarks","https:\/\/www.linkedin.com\/company\/ade-publicit\u00e9\/"]}]}},"amp_enabled":true,"_links":{"self":[{"href":"https:\/\/adepublicite.fr\/en\/wp-json\/wp\/v2\/pages\/503","targetHints":{"allow":["GET"]}}],"collection":[{"href":"https:\/\/adepublicite.fr\/en\/wp-json\/wp\/v2\/pages"}],"about":[{"href":"https:\/\/adepublicite.fr\/en\/wp-json\/wp\/v2\/types\/page"}],"author":[{"embeddable":true,"href":"https:\/\/adepublicite.fr\/en\/wp-json\/wp\/v2\/users\/1"}],"replies":[{"embeddable":true,"href":"https:\/\/adepublicite.fr\/en\/wp-json\/wp\/v2\/comments?post=503"}],"version-history":[{"count":21,"href":"https:\/\/adepublicite.fr\/en\/wp-json\/wp\/v2\/pages\/503\/revisions"}],"predecessor-version":[{"id":3987,"href":"https:\/\/adepublicite.fr\/en\/wp-json\/wp\/v2\/pages\/503\/revisions\/3987"}],"up":[{"embeddable":true,"href":"https:\/\/adepublicite.fr\/en\/wp-json\/wp\/v2\/pages\/416"}],"wp:attachment":[{"href":"https:\/\/adepublicite.fr\/en\/wp-json\/wp\/v2\/media?parent=503"}],"curies":[{"name":"wp","href":"https:\/\/api.w.org\/{rel}","templated":true}]}}