{"id":477,"date":"2018-05-02T22:35:00","date_gmt":"2018-05-02T20:35:00","guid":{"rendered":"http:\/\/adepublicite.fr\/?page_id=477"},"modified":"2022-07-19T11:30:08","modified_gmt":"2022-07-19T09:30:08","slug":"comptoir","status":"publish","type":"page","link":"https:\/\/adepublicite.fr\/en\/stand-roll-up-cie\/comptoir\/","title":{"rendered":"Comptoir"},"content":{"rendered":"<table style=\"width: 100%;\">\n<tbody>\n<tr>\n<td style=\"width: 75%;\">\n<h2>Description<\/h2>\n<p>Support marketing mobile, id\u00e9al pour les salons, les d\u00e9gustations promotionnelles \u2026 enti\u00e8rement fa\u00e7onn\u00e9 \u00e0 votre image.<\/p>\n<p>Il permet d\u2019afficher vos couleurs d\u00e8s le premier regard.<\/p>\n<p>Montage facile et rapide.<\/td>\n<td style=\"text-align: center; vertical-align: top;\"><div id=\"metaslider-id-333\" style=\"max-width: 700px;\" class=\"ml-slider-3-107-0 metaslider metaslider-flex metaslider-333 ml-slider ms-theme-default nav-hidden\" role=\"region\" aria-label=\"Comptoir\" data-height=\"300\" data-width=\"700\">\n    <div id=\"metaslider_container_333\">\n        <div id=\"metaslider_333\">\n            <ul class='slides'>\n                <li style=\"display: block; width: 100%;\" class=\"slide-334 ms-image \" aria-roledescription=\"slide\" data-date=\"2018-05-02 22:04:20\" data-filename=\"comptoir_4.jpg\" data-slide-type=\"image\"><img loading=\"lazy\" decoding=\"async\" width=\"500\" height=\"500\" src=\"https:\/\/adepublicite.fr\/wp-content\/uploads\/2018\/05\/comptoir_4.jpg\" class=\"slider-333 slide-334 msDefaultImage\" alt=\"\" rel=\"\" title=\"comptoir_4\" srcset=\"https:\/\/adepublicite.fr\/wp-content\/uploads\/2018\/05\/comptoir_4.jpg 500w, https:\/\/adepublicite.fr\/wp-content\/uploads\/2018\/05\/comptoir_4-150x150.jpg 150w, https:\/\/adepublicite.fr\/wp-content\/uploads\/2018\/05\/comptoir_4-300x300.jpg 300w\" sizes=\"auto, (max-width: 500px) 100vw, 500px\" \/><\/li>\n                <li style=\"display: none; width: 100%;\" class=\"slide-335 ms-image \" aria-roledescription=\"slide\" data-date=\"2018-05-02 22:04:21\" data-filename=\"comptoir_3.jpg\" data-slide-type=\"image\"><img loading=\"lazy\" decoding=\"async\" width=\"500\" height=\"500\" src=\"https:\/\/adepublicite.fr\/wp-content\/uploads\/2018\/05\/comptoir_3.jpg\" class=\"slider-333 slide-335 msDefaultImage\" alt=\"\" rel=\"\" title=\"comptoir_3\" srcset=\"https:\/\/adepublicite.fr\/wp-content\/uploads\/2018\/05\/comptoir_3.jpg 500w, https:\/\/adepublicite.fr\/wp-content\/uploads\/2018\/05\/comptoir_3-150x150.jpg 150w, https:\/\/adepublicite.fr\/wp-content\/uploads\/2018\/05\/comptoir_3-300x300.jpg 300w\" sizes=\"auto, (max-width: 500px) 100vw, 500px\" \/><\/li>\n                <li style=\"display: none; width: 100%;\" class=\"slide-336 ms-image \" aria-roledescription=\"slide\" data-date=\"2018-05-02 22:04:21\" data-filename=\"comptoir_2.jpg\" data-slide-type=\"image\"><img loading=\"lazy\" decoding=\"async\" width=\"500\" height=\"500\" src=\"https:\/\/adepublicite.fr\/wp-content\/uploads\/2018\/05\/comptoir_2.jpg\" class=\"slider-333 slide-336 msDefaultImage\" alt=\"\" rel=\"\" title=\"comptoir_2\" srcset=\"https:\/\/adepublicite.fr\/wp-content\/uploads\/2018\/05\/comptoir_2.jpg 500w, https:\/\/adepublicite.fr\/wp-content\/uploads\/2018\/05\/comptoir_2-150x150.jpg 150w, https:\/\/adepublicite.fr\/wp-content\/uploads\/2018\/05\/comptoir_2-300x300.jpg 300w\" sizes=\"auto, (max-width: 500px) 100vw, 500px\" \/><\/li>\n                <li style=\"display: none; width: 100%;\" class=\"slide-337 ms-image \" aria-roledescription=\"slide\" data-date=\"2018-05-02 22:04:21\" data-filename=\"comptoir_1.jpg\" data-slide-type=\"image\"><img loading=\"lazy\" decoding=\"async\" width=\"500\" height=\"500\" src=\"https:\/\/adepublicite.fr\/wp-content\/uploads\/2018\/05\/comptoir_1.jpg\" class=\"slider-333 slide-337 msDefaultImage\" alt=\"\" rel=\"\" title=\"comptoir_1\" srcset=\"https:\/\/adepublicite.fr\/wp-content\/uploads\/2018\/05\/comptoir_1.jpg 500w, https:\/\/adepublicite.fr\/wp-content\/uploads\/2018\/05\/comptoir_1-150x150.jpg 150w, https:\/\/adepublicite.fr\/wp-content\/uploads\/2018\/05\/comptoir_1-300x300.jpg 300w\" sizes=\"auto, (max-width: 500px) 100vw, 500px\" \/><\/li>\n            <\/ul>\n        <\/div>\n        \n    <\/div>\n<\/div><\/td>\n<\/tr>\n<\/tbody>\n<\/table>\n<table>\n<tbody>\n<tr>\n<td><\/td>\n<\/tr>\n<\/tbody>\n<\/table>\n<h2>Description technique<\/h2>\n<p><strong>Support :<\/strong> aluminium ou PVC, fourni avec un plateau et une \u00e9tag\u00e8re amovible<\/p>\n<p><strong>Impression :<\/strong> num\u00e9rique via adh\u00e9sif, magnet &#8230;<\/p>\n<p><strong>Finitions et options :<\/strong> d\u00e9coupe \u00e0 la forme\u00a0(et autres options \u00e0 la demande)<\/p>\n<p><strong>Origine\u00a0:\u00a0<\/strong>dans nos locaux en Is\u00e8re (France)<\/p>\n<p>Vous souhaitez en savoir plus sur nos techniques de fabrication d\u2019ardoise\u00a0? Consultez la page\u00a0<a href=\"http:\/\/adepublicite.fr\/savoir-faire\/\">savoir faire<\/a>\u00a0ou\u00a0venez nous rencontrer\u00a0!<\/p>\n<table>\n<tbody>\n<tr>\n<td><\/td>\n<\/tr>\n<\/tbody>\n<\/table>\n<h2>Tarifs<\/h2>\n<p>Nos tarifs d\u00e9pendent de vos crit\u00e8res de personnalisation (la taille de l\u2019ardoise, le nombre de couleurs \u00e0 l&#8217;impression, le type d\u2019encadrement, si besoin la retouche de vos fichiers, la quantit\u00e9 souhait\u00e9e&#8230; voir nos\u00a0<a href=\"http:\/\/adepublicite.fr\/savoir-faire\/\">savoir faire<\/a>\u00a0pour plus d&#8217;explications), et sont donc exclusivement sur devis.<\/p>\n","protected":false},"excerpt":{"rendered":"<p>Description Support marketing mobile, id&eacute;al pour les salons, les d&eacute;gustations promotionnelles &hellip; enti&egrave;rement fa&ccedil;onn&eacute; &agrave; votre image. Il permet d&rsquo;afficher vos couleurs d&egrave;s le premier regard. Montage facile et rapide. Description technique Support : aluminium ou PVC, fourni avec un &hellip; <a href=\"https:\/\/adepublicite.fr\/en\/stand-roll-up-cie\/comptoir\/\">Continued<\/a><\/p>\n","protected":false},"author":1,"featured_media":0,"parent":463,"menu_order":0,"comment_status":"closed","ping_status":"closed","template":"","meta":{"kt_blocks_editor_width":"","_monsterinsights_skip_tracking":false,"_monsterinsights_sitenote_active":false,"_monsterinsights_sitenote_note":"","_monsterinsights_sitenote_category":0,"footnotes":""},"class_list":["post-477","page","type-page","status-publish","hentry"],"translation":{"provider":"WPGlobus","version":"3.0.2","language":"en","enabled_languages":["fr","en"],"languages":{"fr":{"title":true,"content":true,"excerpt":false},"en":{"title":false,"content":false,"excerpt":false}}},"yoast_head":"<!-- This site is optimized with the Yoast SEO plugin v27.3 - https:\/\/yoast.com\/product\/yoast-seo-wordpress\/ -->\n<title>Comptoir publicitaire personnalis\u00e9 sur mesure | ADE<\/title>\n<meta name=\"robots\" content=\"index, follow, max-snippet:-1, max-image-preview:large, max-video-preview:-1\" \/>\n<link rel=\"canonical\" href=\"https:\/\/adepublicite.fr\/stand-roll-up-cie\/comptoir\/\" \/>\n<meta property=\"og:locale\" content=\"en_US\" \/>\n<meta property=\"og:type\" content=\"article\" \/>\n<meta property=\"og:title\" content=\"Comptoir - ADE Publicit\u00e9\" \/>\n<meta property=\"og:url\" content=\"https:\/\/adepublicite.fr\/stand-roll-up-cie\/comptoir\/\" \/>\n<meta property=\"og:site_name\" content=\"ADE Publicit\u00e9\" \/>\n<meta property=\"article:publisher\" content=\"https:\/\/www.facebook.com\/adepublicite\/?ref=bookmarks\" \/>\n<meta property=\"article:modified_time\" content=\"2022-07-19T09:30:08+00:00\" \/>\n<meta name=\"twitter:card\" content=\"summary_large_image\" \/>\n<meta name=\"twitter:label1\" content=\"Est. reading time\" \/>\n\t<meta name=\"twitter:data1\" content=\"1 minute\" \/>\n<script type=\"application\/ld+json\" class=\"yoast-schema-graph\">{\"@context\":\"https:\\\/\\\/schema.org\",\"@graph\":[{\"@type\":\"WebPage\",\"@id\":\"https:\\\/\\\/adepublicite.fr\\\/stand-roll-up-cie\\\/comptoir\\\/\",\"url\":\"https:\\\/\\\/adepublicite.fr\\\/stand-roll-up-cie\\\/comptoir\\\/\",\"name\":\"Comptoir publicitaire personnalis\u00e9 sur mesure | ADE\",\"isPartOf\":{\"@id\":\"https:\\\/\\\/adepublicite.fr\\\/#website\"},\"datePublished\":\"2018-05-02T20:35:00+00:00\",\"dateModified\":\"2022-07-19T09:30:08+00:00\",\"breadcrumb\":{\"@id\":\"https:\\\/\\\/adepublicite.fr\\\/stand-roll-up-cie\\\/comptoir\\\/#breadcrumb\"},\"inLanguage\":\"en-US\",\"potentialAction\":[{\"@type\":\"ReadAction\",\"target\":[\"https:\\\/\\\/adepublicite.fr\\\/stand-roll-up-cie\\\/comptoir\\\/\"]}]},{\"@type\":\"BreadcrumbList\",\"@id\":\"https:\\\/\\\/adepublicite.fr\\\/stand-roll-up-cie\\\/comptoir\\\/#breadcrumb\",\"itemListElement\":[{\"@type\":\"ListItem\",\"position\":1,\"name\":\"Accueil\",\"item\":\"https:\\\/\\\/adepublicite.fr\\\/\"},{\"@type\":\"ListItem\",\"position\":2,\"name\":\"Roll up &#038; cie\",\"item\":\"https:\\\/\\\/adepublicite.fr\\\/stand-roll-up-cie\\\/\"},{\"@type\":\"ListItem\",\"position\":3,\"name\":\"Comptoir\"}]},{\"@type\":\"WebSite\",\"@id\":\"https:\\\/\\\/adepublicite.fr\\\/#website\",\"url\":\"https:\\\/\\\/adepublicite.fr\\\/\",\"name\":\"ADE Publicit\u00e9\",\"description\":\"\",\"publisher\":{\"@id\":\"https:\\\/\\\/adepublicite.fr\\\/#organization\"},\"potentialAction\":[{\"@type\":\"SearchAction\",\"target\":{\"@type\":\"EntryPoint\",\"urlTemplate\":\"https:\\\/\\\/adepublicite.fr\\\/?s={search_term_string}\"},\"query-input\":{\"@type\":\"PropertyValueSpecification\",\"valueRequired\":true,\"valueName\":\"search_term_string\"}}],\"inLanguage\":\"en-US\"},{\"@type\":\"Organization\",\"@id\":\"https:\\\/\\\/adepublicite.fr\\\/#organization\",\"name\":\"ADE Publicit\u00e9\",\"url\":\"https:\\\/\\\/adepublicite.fr\\\/\",\"logo\":{\"@type\":\"ImageObject\",\"inLanguage\":\"en-US\",\"@id\":\"https:\\\/\\\/adepublicite.fr\\\/#\\\/schema\\\/logo\\\/image\\\/\",\"url\":\"https:\\\/\\\/adepublicite.fr\\\/wp-content\\\/uploads\\\/2018\\\/05\\\/FAVICON.png\",\"contentUrl\":\"https:\\\/\\\/adepublicite.fr\\\/wp-content\\\/uploads\\\/2018\\\/05\\\/FAVICON.png\",\"width\":512,\"height\":512,\"caption\":\"ADE Publicit\u00e9\"},\"image\":{\"@id\":\"https:\\\/\\\/adepublicite.fr\\\/#\\\/schema\\\/logo\\\/image\\\/\"},\"sameAs\":[\"https:\\\/\\\/www.facebook.com\\\/adepublicite\\\/?ref=bookmarks\",\"https:\\\/\\\/www.linkedin.com\\\/company\\\/ade-publicit\u00e9\\\/\"]}]}<\/script>\n<!-- \/ Yoast SEO plugin. -->","yoast_head_json":{"title":"Comptoir publicitaire personnalis\u00e9 sur mesure | ADE","robots":{"index":"index","follow":"follow","max-snippet":"max-snippet:-1","max-image-preview":"max-image-preview:large","max-video-preview":"max-video-preview:-1"},"canonical":"https:\/\/adepublicite.fr\/stand-roll-up-cie\/comptoir\/","og_locale":"en_US","og_type":"article","og_title":"Comptoir - ADE Publicit\u00e9","og_url":"https:\/\/adepublicite.fr\/stand-roll-up-cie\/comptoir\/","og_site_name":"ADE Publicit\u00e9","article_publisher":"https:\/\/www.facebook.com\/adepublicite\/?ref=bookmarks","article_modified_time":"2022-07-19T09:30:08+00:00","twitter_card":"summary_large_image","twitter_misc":{"Est. reading time":"1 minute"},"schema":{"@context":"https:\/\/schema.org","@graph":[{"@type":"WebPage","@id":"https:\/\/adepublicite.fr\/stand-roll-up-cie\/comptoir\/","url":"https:\/\/adepublicite.fr\/stand-roll-up-cie\/comptoir\/","name":"Comptoir publicitaire personnalis\u00e9 sur mesure | ADE","isPartOf":{"@id":"https:\/\/adepublicite.fr\/#website"},"datePublished":"2018-05-02T20:35:00+00:00","dateModified":"2022-07-19T09:30:08+00:00","breadcrumb":{"@id":"https:\/\/adepublicite.fr\/stand-roll-up-cie\/comptoir\/#breadcrumb"},"inLanguage":"en-US","potentialAction":[{"@type":"ReadAction","target":["https:\/\/adepublicite.fr\/stand-roll-up-cie\/comptoir\/"]}]},{"@type":"BreadcrumbList","@id":"https:\/\/adepublicite.fr\/stand-roll-up-cie\/comptoir\/#breadcrumb","itemListElement":[{"@type":"ListItem","position":1,"name":"Accueil","item":"https:\/\/adepublicite.fr\/"},{"@type":"ListItem","position":2,"name":"Roll up &#038; cie","item":"https:\/\/adepublicite.fr\/stand-roll-up-cie\/"},{"@type":"ListItem","position":3,"name":"Comptoir"}]},{"@type":"WebSite","@id":"https:\/\/adepublicite.fr\/#website","url":"https:\/\/adepublicite.fr\/","name":"ADE Publicit\u00e9","description":"","publisher":{"@id":"https:\/\/adepublicite.fr\/#organization"},"potentialAction":[{"@type":"SearchAction","target":{"@type":"EntryPoint","urlTemplate":"https:\/\/adepublicite.fr\/?s={search_term_string}"},"query-input":{"@type":"PropertyValueSpecification","valueRequired":true,"valueName":"search_term_string"}}],"inLanguage":"en-US"},{"@type":"Organization","@id":"https:\/\/adepublicite.fr\/#organization","name":"ADE Publicit\u00e9","url":"https:\/\/adepublicite.fr\/","logo":{"@type":"ImageObject","inLanguage":"en-US","@id":"https:\/\/adepublicite.fr\/#\/schema\/logo\/image\/","url":"https:\/\/adepublicite.fr\/wp-content\/uploads\/2018\/05\/FAVICON.png","contentUrl":"https:\/\/adepublicite.fr\/wp-content\/uploads\/2018\/05\/FAVICON.png","width":512,"height":512,"caption":"ADE Publicit\u00e9"},"image":{"@id":"https:\/\/adepublicite.fr\/#\/schema\/logo\/image\/"},"sameAs":["https:\/\/www.facebook.com\/adepublicite\/?ref=bookmarks","https:\/\/www.linkedin.com\/company\/ade-publicit\u00e9\/"]}]}},"amp_enabled":true,"_links":{"self":[{"href":"https:\/\/adepublicite.fr\/en\/wp-json\/wp\/v2\/pages\/477","targetHints":{"allow":["GET"]}}],"collection":[{"href":"https:\/\/adepublicite.fr\/en\/wp-json\/wp\/v2\/pages"}],"about":[{"href":"https:\/\/adepublicite.fr\/en\/wp-json\/wp\/v2\/types\/page"}],"author":[{"embeddable":true,"href":"https:\/\/adepublicite.fr\/en\/wp-json\/wp\/v2\/users\/1"}],"replies":[{"embeddable":true,"href":"https:\/\/adepublicite.fr\/en\/wp-json\/wp\/v2\/comments?post=477"}],"version-history":[{"count":8,"href":"https:\/\/adepublicite.fr\/en\/wp-json\/wp\/v2\/pages\/477\/revisions"}],"predecessor-version":[{"id":3790,"href":"https:\/\/adepublicite.fr\/en\/wp-json\/wp\/v2\/pages\/477\/revisions\/3790"}],"up":[{"embeddable":true,"href":"https:\/\/adepublicite.fr\/en\/wp-json\/wp\/v2\/pages\/463"}],"wp:attachment":[{"href":"https:\/\/adepublicite.fr\/en\/wp-json\/wp\/v2\/media?parent=477"}],"curies":[{"name":"wp","href":"https:\/\/api.w.org\/{rel}","templated":true}]}}