{"id":475,"date":"2018-05-02T22:34:44","date_gmt":"2018-05-02T20:34:44","guid":{"rendered":"http:\/\/adepublicite.fr\/?page_id=475"},"modified":"2022-07-19T11:35:07","modified_gmt":"2022-07-19T09:35:07","slug":"stand-parapluie","status":"publish","type":"page","link":"https:\/\/adepublicite.fr\/en\/stand-roll-up-cie\/stand-parapluie\/","title":{"rendered":"Stand parapluie"},"content":{"rendered":"<table style=\"width: 100%;\">\n<tbody>\n<tr>\n<td style=\"width: 75%;\">\n<h2>Description<\/h2>\n<p>Support marketing pratique, qui permet d\u2019\u00e9quiper des surfaces r\u00e9duites sur des salons, des foires\u2026<\/p>\n<p>S\u2019afficher en grand format pour une meilleure visibilit\u00e9.<\/p>\n<p>Bonne stabilit\u00e9 de la structure, id\u00e9ale pour des espaces \u00e0 forte fr\u00e9quentation.<\/p>\n<p>Id\u00e9al pour les PLV, salons foires et autres \u00e9v\u00e8nements.<\/td>\n<td style=\"text-align: center; vertical-align: top;\"><div id=\"metaslider-id-329\" style=\"max-width: 700px;\" class=\"ml-slider-3-108-0 metaslider metaslider-flex metaslider-329 ml-slider ms-theme-default nav-hidden\" role=\"region\" aria-label=\"Stand parapluie\" data-height=\"300\" data-width=\"700\">\n    <div id=\"metaslider_container_329\">\n        <div id=\"metaslider_329\">\n            <ul class='slides'>\n                <li style=\"display: block; width: 100%;\" class=\"slide-331 ms-image \" aria-roledescription=\"slide\" data-date=\"2018-05-02 22:03:44\" data-filename=\"photocall_4.jpg\" data-slide-type=\"image\"><img loading=\"lazy\" decoding=\"async\" width=\"500\" height=\"500\" src=\"https:\/\/adepublicite.fr\/wp-content\/uploads\/2018\/05\/photocall_4.jpg\" class=\"slider-329 slide-331 msDefaultImage\" alt=\"\" rel=\"\" title=\"photocall_4\" srcset=\"https:\/\/adepublicite.fr\/wp-content\/uploads\/2018\/05\/photocall_4.jpg 500w, https:\/\/adepublicite.fr\/wp-content\/uploads\/2018\/05\/photocall_4-150x150.jpg 150w, https:\/\/adepublicite.fr\/wp-content\/uploads\/2018\/05\/photocall_4-300x300.jpg 300w\" sizes=\"auto, (max-width: 500px) 100vw, 500px\" \/><\/li>\n                <li style=\"display: none; width: 100%;\" class=\"slide-330 ms-image \" aria-roledescription=\"slide\" data-date=\"2018-05-02 22:03:43\" data-filename=\"photocall_1.jpg\" data-slide-type=\"image\"><img loading=\"lazy\" decoding=\"async\" width=\"500\" height=\"500\" src=\"https:\/\/adepublicite.fr\/wp-content\/uploads\/2018\/05\/photocall_1.jpg\" class=\"slider-329 slide-330 msDefaultImage\" alt=\"\" rel=\"\" title=\"photocall_1\" srcset=\"https:\/\/adepublicite.fr\/wp-content\/uploads\/2018\/05\/photocall_1.jpg 500w, https:\/\/adepublicite.fr\/wp-content\/uploads\/2018\/05\/photocall_1-150x150.jpg 150w, https:\/\/adepublicite.fr\/wp-content\/uploads\/2018\/05\/photocall_1-300x300.jpg 300w\" sizes=\"auto, (max-width: 500px) 100vw, 500px\" \/><\/li>\n                <li style=\"display: none; width: 100%;\" class=\"slide-332 ms-image \" aria-roledescription=\"slide\" data-date=\"2018-05-02 22:03:44\" data-filename=\"photocall_3.jpg\" data-slide-type=\"image\"><img loading=\"lazy\" decoding=\"async\" width=\"500\" height=\"500\" src=\"https:\/\/adepublicite.fr\/wp-content\/uploads\/2018\/05\/photocall_3.jpg\" class=\"slider-329 slide-332 msDefaultImage\" alt=\"\" rel=\"\" title=\"photocall_3\" srcset=\"https:\/\/adepublicite.fr\/wp-content\/uploads\/2018\/05\/photocall_3.jpg 500w, https:\/\/adepublicite.fr\/wp-content\/uploads\/2018\/05\/photocall_3-150x150.jpg 150w, https:\/\/adepublicite.fr\/wp-content\/uploads\/2018\/05\/photocall_3-300x300.jpg 300w\" sizes=\"auto, (max-width: 500px) 100vw, 500px\" \/><\/li>\n                <li style=\"display: none; width: 100%;\" class=\"slide-611 ms-image \" aria-roledescription=\"slide\" data-date=\"2018-05-03 16:24:00\" data-filename=\"photocall_2.jpg\" data-slide-type=\"image\"><img loading=\"lazy\" decoding=\"async\" width=\"500\" height=\"500\" src=\"https:\/\/adepublicite.fr\/wp-content\/uploads\/2018\/05\/photocall_2.jpg\" class=\"slider-329 slide-611 msDefaultImage\" alt=\"\" rel=\"\" title=\"photocall_2\" srcset=\"https:\/\/adepublicite.fr\/wp-content\/uploads\/2018\/05\/photocall_2.jpg 500w, https:\/\/adepublicite.fr\/wp-content\/uploads\/2018\/05\/photocall_2-150x150.jpg 150w, https:\/\/adepublicite.fr\/wp-content\/uploads\/2018\/05\/photocall_2-300x300.jpg 300w\" sizes=\"auto, (max-width: 500px) 100vw, 500px\" \/><\/li>\n            <\/ul>\n        <\/div>\n        \n    <\/div>\n<\/div><\/td>\n<\/tr>\n<\/tbody>\n<\/table>\n<table>\n<tbody>\n<tr>\n<td><\/td>\n<\/tr>\n<\/tbody>\n<\/table>\n<h2>Description technique<\/h2>\n<p><strong>Support\u00a0:<\/strong>\u00a0toile satin\u00e9e, brillante, PVC, b\u00e2che, textile polyester (autres supports possible)<\/p>\n<p><strong>Impression\u00a0:<\/strong>\u00a0num\u00e9rique<\/p>\n<p><strong>Formats standards\u00a0:<\/strong>\u00a0300x200cm (autres formats possibles)<\/p>\n<p><strong>Finitions et options\u00a0:<\/strong>\u00a0structure aluminium (et autres options \u00e0 la demande)<\/p>\n<p><strong>Emballage\u00a0:<\/strong>\u00a0individuel en sac<\/p>\n<p><strong>Origine\u00a0:\u00a0<\/strong>dans nos locaux en Is\u00e8re (France)<\/p>\n<p>Vous souhaitez en savoir plus sur nos techniques de fabrication d\u2019ardoise\u00a0? Consultez la page\u00a0<a href=\"http:\/\/adepublicite.fr\/savoir-faire\/\">savoir faire<\/a>\u00a0ou\u00a0venez <a href=\"https:\/\/adepublicite.fr\/contact\/\">nous rencontrer<\/a>\u00a0!<\/p>\n<table>\n<tbody>\n<tr>\n<td><\/td>\n<\/tr>\n<\/tbody>\n<\/table>\n<h2>Tarifs<\/h2>\n<p>Nos tarifs d\u00e9pendent de vos crit\u00e8res de personnalisation (la taille de l\u2019ardoise, le nombre de couleurs \u00e0 l&#8217;impression, le type d\u2019encadrement, si besoin la retouche de vos fichiers, la quantit\u00e9 souhait\u00e9e&#8230; voir nos\u00a0<a href=\"http:\/\/adepublicite.fr\/savoir-faire\/\">savoir faire<\/a>\u00a0pour plus d&#8217;explications), et sont donc exclusivement sur devis.<\/p>\n<table style=\"color: initial; font-size: 18px; font-weight: 400;\">\n<tbody>\n<tr>\n<td><\/td>\n<\/tr>\n<\/tbody>\n<\/table>\n<h2>Articles associ\u00e9s<\/h2>\n<table>\n<tbody>\n<tr>\n<td style=\"width: 20%;\"><a href=\"http:\/\/adepublicite.fr\/stand-roll-up-cie\/bache\/\"><img loading=\"lazy\" decoding=\"async\" class=\"alignnone size-medium wp-image-138\" src=\"http:\/\/adepublicite.fr\/wp-content\/uploads\/2018\/05\/bache_2-300x300.jpg\" alt=\"\" width=\"300\" height=\"300\" srcset=\"https:\/\/adepublicite.fr\/wp-content\/uploads\/2018\/05\/bache_2-300x300.jpg 300w, https:\/\/adepublicite.fr\/wp-content\/uploads\/2018\/05\/bache_2-150x150.jpg 150w, https:\/\/adepublicite.fr\/wp-content\/uploads\/2018\/05\/bache_2-365x365.jpg 365w, https:\/\/adepublicite.fr\/wp-content\/uploads\/2018\/05\/bache_2.jpg 500w\" sizes=\"auto, (max-width: 300px) 100vw, 300px\" \/><\/a><\/td>\n<td style=\"width: 20%;\"><a href=\"http:\/\/adepublicite.fr\/stand-roll-up-cie\/kakemono\/\"><img loading=\"lazy\" decoding=\"async\" class=\"alignnone size-medium wp-image-148\" src=\"http:\/\/adepublicite.fr\/wp-content\/uploads\/2018\/05\/kakemono_4-300x300.jpg\" alt=\"\" width=\"300\" height=\"300\" srcset=\"https:\/\/adepublicite.fr\/wp-content\/uploads\/2018\/05\/kakemono_4-300x300.jpg 300w, https:\/\/adepublicite.fr\/wp-content\/uploads\/2018\/05\/kakemono_4-150x150.jpg 150w, https:\/\/adepublicite.fr\/wp-content\/uploads\/2018\/05\/kakemono_4-365x365.jpg 365w, https:\/\/adepublicite.fr\/wp-content\/uploads\/2018\/05\/kakemono_4.jpg 500w\" sizes=\"auto, (max-width: 300px) 100vw, 300px\" \/><\/a><\/td>\n<td style=\"width: 20%;\"><a href=\"http:\/\/adepublicite.fr\/stand-roll-up-cie\/roll-up\/\"><img loading=\"lazy\" decoding=\"async\" class=\"alignnone size-medium wp-image-156\" src=\"http:\/\/adepublicite.fr\/wp-content\/uploads\/2018\/05\/roll_up_4-300x300.jpg\" alt=\"\" width=\"300\" height=\"300\" srcset=\"https:\/\/adepublicite.fr\/wp-content\/uploads\/2018\/05\/roll_up_4-300x300.jpg 300w, https:\/\/adepublicite.fr\/wp-content\/uploads\/2018\/05\/roll_up_4-150x150.jpg 150w, https:\/\/adepublicite.fr\/wp-content\/uploads\/2018\/05\/roll_up_4-365x365.jpg 365w, https:\/\/adepublicite.fr\/wp-content\/uploads\/2018\/05\/roll_up_4.jpg 500w\" sizes=\"auto, (max-width: 300px) 100vw, 300px\" \/><\/a><\/td>\n<td style=\"width: 20%;\"><a href=\"http:\/\/adepublicite.fr\/stand-roll-up-cie\/x-banner\/\"><img loading=\"lazy\" decoding=\"async\" class=\"alignnone size-medium wp-image-162\" src=\"http:\/\/adepublicite.fr\/wp-content\/uploads\/2018\/05\/x_banner_2-300x300.jpg\" alt=\"\" width=\"300\" height=\"300\" srcset=\"https:\/\/adepublicite.fr\/wp-content\/uploads\/2018\/05\/x_banner_2-300x300.jpg 300w, https:\/\/adepublicite.fr\/wp-content\/uploads\/2018\/05\/x_banner_2-150x150.jpg 150w, https:\/\/adepublicite.fr\/wp-content\/uploads\/2018\/05\/x_banner_2.jpg 500w\" sizes=\"auto, (max-width: 300px) 100vw, 300px\" \/><\/a><\/td>\n<td><a href=\"http:\/\/adepublicite.fr\/stand-roll-up-cie\/l-banner\/\"><img loading=\"lazy\" decoding=\"async\" class=\"alignnone size-medium wp-image-149\" src=\"http:\/\/adepublicite.fr\/wp-content\/uploads\/2018\/05\/l_banner_1-300x300.jpg\" alt=\"\" width=\"300\" height=\"300\" srcset=\"https:\/\/adepublicite.fr\/wp-content\/uploads\/2018\/05\/l_banner_1-300x300.jpg 300w, https:\/\/adepublicite.fr\/wp-content\/uploads\/2018\/05\/l_banner_1-150x150.jpg 150w, https:\/\/adepublicite.fr\/wp-content\/uploads\/2018\/05\/l_banner_1.jpg 500w\" sizes=\"auto, (max-width: 300px) 100vw, 300px\" \/><\/a><\/td>\n<\/tr>\n<tr>\n<td style=\"background-color: #ffffff; text-align: center;\"><a href=\"http:\/\/adepublicite.fr\/stand-roll-up-cie\/bache\/\">B\u00e2che<\/a><\/td>\n<td style=\"background-color: #ffffff; text-align: center;\"><a href=\"http:\/\/adepublicite.fr\/stand-roll-up-cie\/kakemono\/\">Kakemono<\/a><\/td>\n<td style=\"background-color: #ffffff; text-align: center;\"><a href=\"http:\/\/adepublicite.fr\/stand-roll-up-cie\/roll-up\/\">Roll up<\/a><\/td>\n<td style=\"background-color: #ffffff; text-align: center;\"><a href=\"http:\/\/adepublicite.fr\/stand-roll-up-cie\/x-banner\/\">X banner<\/a><\/td>\n<td style=\"background-color: #ffffff; text-align: center;\"><a href=\"http:\/\/adepublicite.fr\/stand-roll-up-cie\/l-banner\/\">L banner<\/a><\/td>\n<\/tr>\n<tr>\n<td><a href=\"http:\/\/adepublicite.fr\/stand-roll-up-cie\/comptoir\/\"><img loading=\"lazy\" decoding=\"async\" class=\"alignnone size-medium wp-image-144\" src=\"http:\/\/adepublicite.fr\/wp-content\/uploads\/2018\/05\/comptoir_4-300x300.jpg\" alt=\"\" width=\"300\" height=\"300\" srcset=\"https:\/\/adepublicite.fr\/wp-content\/uploads\/2018\/05\/comptoir_4-300x300.jpg 300w, https:\/\/adepublicite.fr\/wp-content\/uploads\/2018\/05\/comptoir_4-150x150.jpg 150w, https:\/\/adepublicite.fr\/wp-content\/uploads\/2018\/05\/comptoir_4.jpg 500w\" sizes=\"auto, (max-width: 300px) 100vw, 300px\" \/><\/a><\/td>\n<td><\/td>\n<td><\/td>\n<td><\/td>\n<td><\/td>\n<\/tr>\n<tr>\n<td style=\"background-color: #ffffff; text-align: center;\"><a href=\"http:\/\/adepublicite.fr\/stand-roll-up-cie\/comptoir\/\">Comptoir de stand<\/a><\/td>\n<td style=\"background-color: #ffffff; text-align: center;\"><\/td>\n<td style=\"background-color: #ffffff; text-align: center;\"><\/td>\n<td style=\"background-color: #ffffff; text-align: center;\"><\/td>\n<td style=\"background-color: #ffffff; text-align: center;\"><\/td>\n<\/tr>\n<\/tbody>\n<\/table>\n","protected":false},"excerpt":{"rendered":"<p>Description Support marketing pratique, qui permet d&rsquo;&eacute;quiper des surfaces r&eacute;duites sur des salons, des foires&hellip; S&rsquo;afficher en grand format pour une meilleure visibilit&eacute;. Bonne stabilit&eacute; de la structure, id&eacute;ale pour des espaces &agrave; forte fr&eacute;quentation. Id&eacute;al pour les PLV, salons &hellip; <a href=\"https:\/\/adepublicite.fr\/en\/stand-roll-up-cie\/stand-parapluie\/\">Continued<\/a><\/p>\n","protected":false},"author":1,"featured_media":0,"parent":463,"menu_order":0,"comment_status":"closed","ping_status":"closed","template":"","meta":{"kt_blocks_editor_width":"","_monsterinsights_skip_tracking":false,"_monsterinsights_sitenote_active":false,"_monsterinsights_sitenote_note":"","_monsterinsights_sitenote_category":0,"footnotes":""},"class_list":["post-475","page","type-page","status-publish","hentry"],"translation":{"provider":"WPGlobus","version":"3.0.2","language":"en","enabled_languages":["fr","en"],"languages":{"fr":{"title":true,"content":true,"excerpt":false},"en":{"title":false,"content":false,"excerpt":false}}},"yoast_head":"<!-- This site is optimized with the Yoast SEO plugin v27.4 - https:\/\/yoast.com\/product\/yoast-seo-wordpress\/ -->\n<title>Stand parapluie publicitaire personnalis\u00e9 sur mesure | ADE<\/title>\n<meta name=\"robots\" content=\"index, follow, max-snippet:-1, max-image-preview:large, max-video-preview:-1\" \/>\n<link rel=\"canonical\" href=\"https:\/\/adepublicite.fr\/stand-roll-up-cie\/stand-parapluie\/\" \/>\n<meta property=\"og:locale\" content=\"en_US\" \/>\n<meta property=\"og:type\" content=\"article\" \/>\n<meta property=\"og:title\" content=\"Stand parapluie - ADE Publicit\u00e9\" \/>\n<meta property=\"og:url\" content=\"https:\/\/adepublicite.fr\/stand-roll-up-cie\/stand-parapluie\/\" \/>\n<meta property=\"og:site_name\" content=\"ADE Publicit\u00e9\" \/>\n<meta property=\"article:publisher\" content=\"https:\/\/www.facebook.com\/adepublicite\/?ref=bookmarks\" \/>\n<meta property=\"article:modified_time\" content=\"2022-07-19T09:35:07+00:00\" \/>\n<meta property=\"og:image\" content=\"http:\/\/adepublicite.fr\/wp-content\/uploads\/2018\/05\/bache_2-300x300.jpg\" \/>\n<meta name=\"twitter:card\" content=\"summary_large_image\" \/>\n<meta name=\"twitter:label1\" content=\"Est. reading time\" \/>\n\t<meta name=\"twitter:data1\" content=\"3 minutes\" \/>\n<script type=\"application\/ld+json\" class=\"yoast-schema-graph\">{\"@context\":\"https:\\\/\\\/schema.org\",\"@graph\":[{\"@type\":\"WebPage\",\"@id\":\"https:\\\/\\\/adepublicite.fr\\\/stand-roll-up-cie\\\/stand-parapluie\\\/\",\"url\":\"https:\\\/\\\/adepublicite.fr\\\/stand-roll-up-cie\\\/stand-parapluie\\\/\",\"name\":\"Stand parapluie publicitaire personnalis\u00e9 sur mesure | ADE\",\"isPartOf\":{\"@id\":\"https:\\\/\\\/adepublicite.fr\\\/#website\"},\"primaryImageOfPage\":{\"@id\":\"https:\\\/\\\/adepublicite.fr\\\/stand-roll-up-cie\\\/stand-parapluie\\\/#primaryimage\"},\"image\":{\"@id\":\"https:\\\/\\\/adepublicite.fr\\\/stand-roll-up-cie\\\/stand-parapluie\\\/#primaryimage\"},\"thumbnailUrl\":\"http:\\\/\\\/adepublicite.fr\\\/wp-content\\\/uploads\\\/2018\\\/05\\\/bache_2-300x300.jpg\",\"datePublished\":\"2018-05-02T20:34:44+00:00\",\"dateModified\":\"2022-07-19T09:35:07+00:00\",\"breadcrumb\":{\"@id\":\"https:\\\/\\\/adepublicite.fr\\\/stand-roll-up-cie\\\/stand-parapluie\\\/#breadcrumb\"},\"inLanguage\":\"en-US\",\"potentialAction\":[{\"@type\":\"ReadAction\",\"target\":[\"https:\\\/\\\/adepublicite.fr\\\/stand-roll-up-cie\\\/stand-parapluie\\\/\"]}]},{\"@type\":\"ImageObject\",\"inLanguage\":\"en-US\",\"@id\":\"https:\\\/\\\/adepublicite.fr\\\/stand-roll-up-cie\\\/stand-parapluie\\\/#primaryimage\",\"url\":\"http:\\\/\\\/adepublicite.fr\\\/wp-content\\\/uploads\\\/2018\\\/05\\\/bache_2-300x300.jpg\",\"contentUrl\":\"http:\\\/\\\/adepublicite.fr\\\/wp-content\\\/uploads\\\/2018\\\/05\\\/bache_2-300x300.jpg\"},{\"@type\":\"BreadcrumbList\",\"@id\":\"https:\\\/\\\/adepublicite.fr\\\/stand-roll-up-cie\\\/stand-parapluie\\\/#breadcrumb\",\"itemListElement\":[{\"@type\":\"ListItem\",\"position\":1,\"name\":\"Accueil\",\"item\":\"https:\\\/\\\/adepublicite.fr\\\/\"},{\"@type\":\"ListItem\",\"position\":2,\"name\":\"Roll up &#038; cie\",\"item\":\"https:\\\/\\\/adepublicite.fr\\\/stand-roll-up-cie\\\/\"},{\"@type\":\"ListItem\",\"position\":3,\"name\":\"Stand parapluie\"}]},{\"@type\":\"WebSite\",\"@id\":\"https:\\\/\\\/adepublicite.fr\\\/#website\",\"url\":\"https:\\\/\\\/adepublicite.fr\\\/\",\"name\":\"ADE Publicit\u00e9\",\"description\":\"\",\"publisher\":{\"@id\":\"https:\\\/\\\/adepublicite.fr\\\/#organization\"},\"potentialAction\":[{\"@type\":\"SearchAction\",\"target\":{\"@type\":\"EntryPoint\",\"urlTemplate\":\"https:\\\/\\\/adepublicite.fr\\\/?s={search_term_string}\"},\"query-input\":{\"@type\":\"PropertyValueSpecification\",\"valueRequired\":true,\"valueName\":\"search_term_string\"}}],\"inLanguage\":\"en-US\"},{\"@type\":\"Organization\",\"@id\":\"https:\\\/\\\/adepublicite.fr\\\/#organization\",\"name\":\"ADE Publicit\u00e9\",\"url\":\"https:\\\/\\\/adepublicite.fr\\\/\",\"logo\":{\"@type\":\"ImageObject\",\"inLanguage\":\"en-US\",\"@id\":\"https:\\\/\\\/adepublicite.fr\\\/#\\\/schema\\\/logo\\\/image\\\/\",\"url\":\"https:\\\/\\\/adepublicite.fr\\\/wp-content\\\/uploads\\\/2018\\\/05\\\/FAVICON.png\",\"contentUrl\":\"https:\\\/\\\/adepublicite.fr\\\/wp-content\\\/uploads\\\/2018\\\/05\\\/FAVICON.png\",\"width\":512,\"height\":512,\"caption\":\"ADE Publicit\u00e9\"},\"image\":{\"@id\":\"https:\\\/\\\/adepublicite.fr\\\/#\\\/schema\\\/logo\\\/image\\\/\"},\"sameAs\":[\"https:\\\/\\\/www.facebook.com\\\/adepublicite\\\/?ref=bookmarks\",\"https:\\\/\\\/www.linkedin.com\\\/company\\\/ade-publicit\u00e9\\\/\"]}]}<\/script>\n<!-- \/ Yoast SEO plugin. -->","yoast_head_json":{"title":"Stand parapluie publicitaire personnalis\u00e9 sur mesure | ADE","robots":{"index":"index","follow":"follow","max-snippet":"max-snippet:-1","max-image-preview":"max-image-preview:large","max-video-preview":"max-video-preview:-1"},"canonical":"https:\/\/adepublicite.fr\/stand-roll-up-cie\/stand-parapluie\/","og_locale":"en_US","og_type":"article","og_title":"Stand parapluie - ADE Publicit\u00e9","og_url":"https:\/\/adepublicite.fr\/stand-roll-up-cie\/stand-parapluie\/","og_site_name":"ADE Publicit\u00e9","article_publisher":"https:\/\/www.facebook.com\/adepublicite\/?ref=bookmarks","article_modified_time":"2022-07-19T09:35:07+00:00","og_image":[{"url":"http:\/\/adepublicite.fr\/wp-content\/uploads\/2018\/05\/bache_2-300x300.jpg","type":"","width":"","height":""}],"twitter_card":"summary_large_image","twitter_misc":{"Est. reading time":"3 minutes"},"schema":{"@context":"https:\/\/schema.org","@graph":[{"@type":"WebPage","@id":"https:\/\/adepublicite.fr\/stand-roll-up-cie\/stand-parapluie\/","url":"https:\/\/adepublicite.fr\/stand-roll-up-cie\/stand-parapluie\/","name":"Stand parapluie publicitaire personnalis\u00e9 sur mesure | ADE","isPartOf":{"@id":"https:\/\/adepublicite.fr\/#website"},"primaryImageOfPage":{"@id":"https:\/\/adepublicite.fr\/stand-roll-up-cie\/stand-parapluie\/#primaryimage"},"image":{"@id":"https:\/\/adepublicite.fr\/stand-roll-up-cie\/stand-parapluie\/#primaryimage"},"thumbnailUrl":"http:\/\/adepublicite.fr\/wp-content\/uploads\/2018\/05\/bache_2-300x300.jpg","datePublished":"2018-05-02T20:34:44+00:00","dateModified":"2022-07-19T09:35:07+00:00","breadcrumb":{"@id":"https:\/\/adepublicite.fr\/stand-roll-up-cie\/stand-parapluie\/#breadcrumb"},"inLanguage":"en-US","potentialAction":[{"@type":"ReadAction","target":["https:\/\/adepublicite.fr\/stand-roll-up-cie\/stand-parapluie\/"]}]},{"@type":"ImageObject","inLanguage":"en-US","@id":"https:\/\/adepublicite.fr\/stand-roll-up-cie\/stand-parapluie\/#primaryimage","url":"http:\/\/adepublicite.fr\/wp-content\/uploads\/2018\/05\/bache_2-300x300.jpg","contentUrl":"http:\/\/adepublicite.fr\/wp-content\/uploads\/2018\/05\/bache_2-300x300.jpg"},{"@type":"BreadcrumbList","@id":"https:\/\/adepublicite.fr\/stand-roll-up-cie\/stand-parapluie\/#breadcrumb","itemListElement":[{"@type":"ListItem","position":1,"name":"Accueil","item":"https:\/\/adepublicite.fr\/"},{"@type":"ListItem","position":2,"name":"Roll up &#038; cie","item":"https:\/\/adepublicite.fr\/stand-roll-up-cie\/"},{"@type":"ListItem","position":3,"name":"Stand parapluie"}]},{"@type":"WebSite","@id":"https:\/\/adepublicite.fr\/#website","url":"https:\/\/adepublicite.fr\/","name":"ADE Publicit\u00e9","description":"","publisher":{"@id":"https:\/\/adepublicite.fr\/#organization"},"potentialAction":[{"@type":"SearchAction","target":{"@type":"EntryPoint","urlTemplate":"https:\/\/adepublicite.fr\/?s={search_term_string}"},"query-input":{"@type":"PropertyValueSpecification","valueRequired":true,"valueName":"search_term_string"}}],"inLanguage":"en-US"},{"@type":"Organization","@id":"https:\/\/adepublicite.fr\/#organization","name":"ADE Publicit\u00e9","url":"https:\/\/adepublicite.fr\/","logo":{"@type":"ImageObject","inLanguage":"en-US","@id":"https:\/\/adepublicite.fr\/#\/schema\/logo\/image\/","url":"https:\/\/adepublicite.fr\/wp-content\/uploads\/2018\/05\/FAVICON.png","contentUrl":"https:\/\/adepublicite.fr\/wp-content\/uploads\/2018\/05\/FAVICON.png","width":512,"height":512,"caption":"ADE Publicit\u00e9"},"image":{"@id":"https:\/\/adepublicite.fr\/#\/schema\/logo\/image\/"},"sameAs":["https:\/\/www.facebook.com\/adepublicite\/?ref=bookmarks","https:\/\/www.linkedin.com\/company\/ade-publicit\u00e9\/"]}]}},"amp_enabled":true,"_links":{"self":[{"href":"https:\/\/adepublicite.fr\/en\/wp-json\/wp\/v2\/pages\/475","targetHints":{"allow":["GET"]}}],"collection":[{"href":"https:\/\/adepublicite.fr\/en\/wp-json\/wp\/v2\/pages"}],"about":[{"href":"https:\/\/adepublicite.fr\/en\/wp-json\/wp\/v2\/types\/page"}],"author":[{"embeddable":true,"href":"https:\/\/adepublicite.fr\/en\/wp-json\/wp\/v2\/users\/1"}],"replies":[{"embeddable":true,"href":"https:\/\/adepublicite.fr\/en\/wp-json\/wp\/v2\/comments?post=475"}],"version-history":[{"count":7,"href":"https:\/\/adepublicite.fr\/en\/wp-json\/wp\/v2\/pages\/475\/revisions"}],"predecessor-version":[{"id":3794,"href":"https:\/\/adepublicite.fr\/en\/wp-json\/wp\/v2\/pages\/475\/revisions\/3794"}],"up":[{"embeddable":true,"href":"https:\/\/adepublicite.fr\/en\/wp-json\/wp\/v2\/pages\/463"}],"wp:attachment":[{"href":"https:\/\/adepublicite.fr\/en\/wp-json\/wp\/v2\/media?parent=475"}],"curies":[{"name":"wp","href":"https:\/\/api.w.org\/{rel}","templated":true}]}}