{"id":447,"date":"2018-05-02T22:26:12","date_gmt":"2018-05-02T20:26:12","guid":{"rendered":"http:\/\/adepublicite.fr\/?page_id=447"},"modified":"2021-01-04T11:42:09","modified_gmt":"2021-01-04T10:42:09","slug":"ardoise-de-table-avec-decoupe","status":"publish","type":"page","link":"https:\/\/adepublicite.fr\/en\/plv-de-table\/ardoise-de-table-avec-decoupe\/","title":{"rendered":"Table chalkboard cut in shape"},"content":{"rendered":"<table style=\"width: 100%;\">\n<tbody>\n<tr>\n<td style=\"width: 75%;\">\n<h2>Description<\/h2>\n<ul>\n<li>Looking for a\u00a0<strong>working tool for your client<\/strong>?<\/li>\n<\/ul>\n<p>Whether your client is in a caf\u00e9, hotel, restaurant or beauty salon (\u2026) the table blackboard is the tool that allows him to display his prices, his menu, his offer. Your customer needs this tool, as long as he wears your image!<\/p>\n<ul>\n<li>Looking for a communication\u00a0<strong>when the consumer places his order<\/strong>?<\/li>\n<\/ul>\n<p>Because your client needs it to present his offer, his prices, his menu &#8230; he will always post it in the best place. In front of the consumer, at the moment when he places his order, the table blackboard is the communication tool in the best place at the best moment !<\/td>\n<td style=\"text-align: center; vertical-align: top;\"><div id=\"metaslider-id-270\" style=\"max-width: 700px;\" class=\"ml-slider-3-107-0 metaslider metaslider-flex metaslider-270 ml-slider ms-theme-default nav-hidden\" role=\"region\" aria-label=\"Ardoise de table avec d\u00e9coupe\" data-height=\"300\" data-width=\"700\">\n    <div id=\"metaslider_container_270\">\n        <div id=\"metaslider_270\">\n            <ul class='slides'>\n                <li style=\"display: block; width: 100%;\" class=\"slide-271 ms-image \" aria-roledescription=\"slide\" data-date=\"2018-05-02 21:45:52\" data-filename=\"ardoise_de_table_avec_decoupe_2.jpg\" data-slide-type=\"image\"><img loading=\"lazy\" decoding=\"async\" width=\"500\" height=\"500\" src=\"https:\/\/adepublicite.fr\/wp-content\/uploads\/2018\/05\/ardoise_de_table_avec_decoupe_2.jpg\" class=\"slider-270 slide-271 msDefaultImage\" alt=\"\" rel=\"\" title=\"ardoise_de_table_avec_decoupe_2\" srcset=\"https:\/\/adepublicite.fr\/wp-content\/uploads\/2018\/05\/ardoise_de_table_avec_decoupe_2.jpg 500w, https:\/\/adepublicite.fr\/wp-content\/uploads\/2018\/05\/ardoise_de_table_avec_decoupe_2-150x150.jpg 150w, https:\/\/adepublicite.fr\/wp-content\/uploads\/2018\/05\/ardoise_de_table_avec_decoupe_2-300x300.jpg 300w, https:\/\/adepublicite.fr\/wp-content\/uploads\/2018\/05\/ardoise_de_table_avec_decoupe_2-365x365.jpg 365w\" sizes=\"auto, (max-width: 500px) 100vw, 500px\" \/><\/li>\n                <li style=\"display: none; width: 100%;\" class=\"slide-272 ms-image \" aria-roledescription=\"slide\" data-date=\"2018-05-02 21:45:52\" data-filename=\"ardoise_de_table_avec_decoupe_1.jpg\" data-slide-type=\"image\"><img loading=\"lazy\" decoding=\"async\" width=\"500\" height=\"500\" src=\"https:\/\/adepublicite.fr\/wp-content\/uploads\/2018\/05\/ardoise_de_table_avec_decoupe_1.jpg\" class=\"slider-270 slide-272 msDefaultImage\" alt=\"\" rel=\"\" title=\"ardoise_de_table_avec_decoupe_1\" srcset=\"https:\/\/adepublicite.fr\/wp-content\/uploads\/2018\/05\/ardoise_de_table_avec_decoupe_1.jpg 500w, https:\/\/adepublicite.fr\/wp-content\/uploads\/2018\/05\/ardoise_de_table_avec_decoupe_1-150x150.jpg 150w, https:\/\/adepublicite.fr\/wp-content\/uploads\/2018\/05\/ardoise_de_table_avec_decoupe_1-300x300.jpg 300w\" sizes=\"auto, (max-width: 500px) 100vw, 500px\" \/><\/li>\n                <li style=\"display: none; width: 100%;\" class=\"slide-273 ms-image \" aria-roledescription=\"slide\" data-date=\"2018-05-02 21:45:53\" data-filename=\"ardoise_de_table_avec_decoupe_3.jpg\" data-slide-type=\"image\"><img loading=\"lazy\" decoding=\"async\" width=\"500\" height=\"500\" src=\"https:\/\/adepublicite.fr\/wp-content\/uploads\/2018\/05\/ardoise_de_table_avec_decoupe_3.jpg\" class=\"slider-270 slide-273 msDefaultImage\" alt=\"\" rel=\"\" title=\"ardoise_de_table_avec_decoupe_3\" srcset=\"https:\/\/adepublicite.fr\/wp-content\/uploads\/2018\/05\/ardoise_de_table_avec_decoupe_3.jpg 500w, https:\/\/adepublicite.fr\/wp-content\/uploads\/2018\/05\/ardoise_de_table_avec_decoupe_3-150x150.jpg 150w, https:\/\/adepublicite.fr\/wp-content\/uploads\/2018\/05\/ardoise_de_table_avec_decoupe_3-300x300.jpg 300w\" sizes=\"auto, (max-width: 500px) 100vw, 500px\" \/><\/li>\n                <li style=\"display: none; width: 100%;\" class=\"slide-274 ms-image \" aria-roledescription=\"slide\" data-date=\"2018-05-02 21:45:53\" data-filename=\"ardoise_de_table_avec_decoupe_4.jpg\" data-slide-type=\"image\"><img loading=\"lazy\" decoding=\"async\" width=\"500\" height=\"500\" src=\"https:\/\/adepublicite.fr\/wp-content\/uploads\/2018\/05\/ardoise_de_table_avec_decoupe_4.jpg\" class=\"slider-270 slide-274 msDefaultImage\" alt=\"\" rel=\"\" title=\"ardoise_de_table_avec_decoupe_4\" srcset=\"https:\/\/adepublicite.fr\/wp-content\/uploads\/2018\/05\/ardoise_de_table_avec_decoupe_4.jpg 500w, https:\/\/adepublicite.fr\/wp-content\/uploads\/2018\/05\/ardoise_de_table_avec_decoupe_4-150x150.jpg 150w, https:\/\/adepublicite.fr\/wp-content\/uploads\/2018\/05\/ardoise_de_table_avec_decoupe_4-300x300.jpg 300w\" sizes=\"auto, (max-width: 500px) 100vw, 500px\" \/><\/li>\n            <\/ul>\n        <\/div>\n        \n    <\/div>\n<\/div><\/td>\n<\/tr>\n<\/tbody>\n<\/table>\n<h2>Description technique<\/h2>\n<p><strong>Support : <\/strong>medium MDF lacquered black, medium MDF covered with slate ink, wood plywood covered with slate ink, PVC dyed in the mass, expanded PVC, plexiglass, shock PS (different thicknesses possible)<\/p>\n<p><strong>Printing :<\/strong> silkscreen or digital<\/p>\n<p><strong>Standard formats : <\/strong>20x15cm, 20x30cm (other sizes possibles)<\/p>\n<p><strong>Finishies and options :<\/strong> stand of the size and material you desire (natural, tainted wood, plexiglass \u2026), chalk felt, anti graffitis varnish (and other options on demand)<\/p>\n<p><strong>Packaging :<\/strong> individual under film<\/p>\n<p><strong>Origin : <\/strong>in our permises in Is\u00e8re (France)<\/p>\n<p>Want to know more about our slate manufacturing techniques? Visit the\u00a0<a href=\"https:\/\/adepublicite.fr\/en\/savoir-faire\/\">know-how<\/a>\u00a0page or\u00a0<a href=\"https:\/\/adepublicite.fr\/en\/contact\/\">come and meet us<\/a>!<\/p>\n<h2>Prices<\/h2>\n<p>Our prices depend on your personalization criteria (the size of the blackboard, the number of colors to print, the type of framing, if necessary the retouching your files, the quantity \u2026 see our\u00a0<a href=\"https:\/\/adepublicite.fr\/en\/savoir-faire\/\">know-how<\/a>\u00a0for more explanations), and are therefore exclusively on estimate.<\/p>\n<h2>Similar products<\/h2>\n<table style=\"width: 100%;\">\n<tbody>\n<tr>\n<td style=\"width: 25%; text-align: center;\"><\/td>\n<td style=\"width: 25%; text-align: center;\"><\/td>\n<td style=\"width: 25%; text-align: center;\"><\/td>\n<td style=\"width: 25%; text-align: center;\"><\/td>\n<\/tr>\n<tr>\n<td style=\"width: 25%; text-align: center;\"><\/td>\n<td style=\"width: 25%; text-align: center;\"><\/td>\n<td style=\"width: 25%; text-align: center;\"><\/td>\n<td style=\"width: 25%; text-align: center;\"><\/td>\n<\/tr>\n<tr>\n<td style=\"width: 25%; text-align: center;\"><\/td>\n<td style=\"width: 25%; text-align: center;\"><\/td>\n<td style=\"width: 25%; text-align: center;\"><\/td>\n<td style=\"width: 25%; text-align: center;\"><\/td>\n<\/tr>\n<\/tbody>\n<\/table>\n","protected":false},"excerpt":{"rendered":"<p>Description Looking for a&nbsp;working tool for your client? Whether your client is in a caf&eacute;, hotel, restaurant or beauty salon (&hellip;) the table blackboard is the tool that allows him to display his prices, his menu, his offer. Your customer &hellip; <a href=\"https:\/\/adepublicite.fr\/en\/plv-de-table\/ardoise-de-table-avec-decoupe\/\">Continued<\/a><\/p>\n","protected":false},"author":1,"featured_media":107,"parent":441,"menu_order":0,"comment_status":"closed","ping_status":"closed","template":"","meta":{"kt_blocks_editor_width":"","_monsterinsights_skip_tracking":false,"_monsterinsights_sitenote_active":false,"_monsterinsights_sitenote_note":"","_monsterinsights_sitenote_category":0,"footnotes":""},"class_list":["post-447","page","type-page","status-publish","has-post-thumbnail","hentry"],"translation":{"provider":"WPGlobus","version":"3.0.2","language":"en","enabled_languages":["fr","en"],"languages":{"fr":{"title":true,"content":true,"excerpt":false},"en":{"title":true,"content":true,"excerpt":false}}},"yoast_head":"<!-- This site is optimized with the Yoast SEO plugin v27.3 - https:\/\/yoast.com\/product\/yoast-seo-wordpress\/ -->\n<title>Ardoise de table publicitaire d\u00e9coup\u00e9e \u00e0 la forme personnalis\u00e9 sur mesure<\/title>\n<meta name=\"robots\" content=\"index, follow, max-snippet:-1, max-image-preview:large, max-video-preview:-1\" \/>\n<link rel=\"canonical\" href=\"https:\/\/adepublicite.fr\/plv-de-table\/ardoise-de-table-avec-decoupe\/\" \/>\n<meta property=\"og:locale\" content=\"en_US\" \/>\n<meta property=\"og:type\" content=\"article\" \/>\n<meta property=\"og:title\" content=\"Table chalkboard cut in shape - ADE Publicit\u00e9\" \/>\n<meta property=\"og:url\" content=\"https:\/\/adepublicite.fr\/plv-de-table\/ardoise-de-table-avec-decoupe\/\" \/>\n<meta property=\"og:site_name\" content=\"ADE Publicit\u00e9\" \/>\n<meta property=\"article:publisher\" content=\"https:\/\/www.facebook.com\/adepublicite\/?ref=bookmarks\" \/>\n<meta property=\"article:modified_time\" content=\"2021-01-04T10:42:09+00:00\" \/>\n<meta property=\"og:image\" content=\"https:\/\/adepublicite.fr\/wp-content\/uploads\/2018\/05\/ardoise_de_table_avec_decoupe_2.jpg\" \/>\n\t<meta property=\"og:image:width\" content=\"500\" \/>\n\t<meta property=\"og:image:height\" content=\"500\" \/>\n\t<meta property=\"og:image:type\" content=\"image\/jpeg\" \/>\n<meta name=\"twitter:card\" content=\"summary_large_image\" \/>\n<meta name=\"twitter:label1\" content=\"Est. reading time\" \/>\n\t<meta name=\"twitter:data1\" content=\"2 minutes\" \/>\n<script type=\"application\/ld+json\" class=\"yoast-schema-graph\">{\"@context\":\"https:\\\/\\\/schema.org\",\"@graph\":[{\"@type\":\"WebPage\",\"@id\":\"https:\\\/\\\/adepublicite.fr\\\/plv-de-table\\\/ardoise-de-table-avec-decoupe\\\/\",\"url\":\"https:\\\/\\\/adepublicite.fr\\\/plv-de-table\\\/ardoise-de-table-avec-decoupe\\\/\",\"name\":\"Ardoise de table publicitaire d\u00e9coup\u00e9e \u00e0 la forme personnalis\u00e9 sur mesure\",\"isPartOf\":{\"@id\":\"https:\\\/\\\/adepublicite.fr\\\/#website\"},\"primaryImageOfPage\":{\"@id\":\"https:\\\/\\\/adepublicite.fr\\\/plv-de-table\\\/ardoise-de-table-avec-decoupe\\\/#primaryimage\"},\"image\":{\"@id\":\"https:\\\/\\\/adepublicite.fr\\\/plv-de-table\\\/ardoise-de-table-avec-decoupe\\\/#primaryimage\"},\"thumbnailUrl\":\"https:\\\/\\\/adepublicite.fr\\\/wp-content\\\/uploads\\\/2018\\\/05\\\/ardoise_de_table_avec_decoupe_2.jpg\",\"datePublished\":\"2018-05-02T20:26:12+00:00\",\"dateModified\":\"2021-01-04T10:42:09+00:00\",\"breadcrumb\":{\"@id\":\"https:\\\/\\\/adepublicite.fr\\\/plv-de-table\\\/ardoise-de-table-avec-decoupe\\\/#breadcrumb\"},\"inLanguage\":\"en-US\",\"potentialAction\":[{\"@type\":\"ReadAction\",\"target\":[\"https:\\\/\\\/adepublicite.fr\\\/plv-de-table\\\/ardoise-de-table-avec-decoupe\\\/\"]}]},{\"@type\":\"ImageObject\",\"inLanguage\":\"en-US\",\"@id\":\"https:\\\/\\\/adepublicite.fr\\\/plv-de-table\\\/ardoise-de-table-avec-decoupe\\\/#primaryimage\",\"url\":\"https:\\\/\\\/adepublicite.fr\\\/wp-content\\\/uploads\\\/2018\\\/05\\\/ardoise_de_table_avec_decoupe_2.jpg\",\"contentUrl\":\"https:\\\/\\\/adepublicite.fr\\\/wp-content\\\/uploads\\\/2018\\\/05\\\/ardoise_de_table_avec_decoupe_2.jpg\",\"width\":500,\"height\":500},{\"@type\":\"BreadcrumbList\",\"@id\":\"https:\\\/\\\/adepublicite.fr\\\/plv-de-table\\\/ardoise-de-table-avec-decoupe\\\/#breadcrumb\",\"itemListElement\":[{\"@type\":\"ListItem\",\"position\":1,\"name\":\"Accueil\",\"item\":\"https:\\\/\\\/adepublicite.fr\\\/\"},{\"@type\":\"ListItem\",\"position\":2,\"name\":\"PLV de table\",\"item\":\"https:\\\/\\\/adepublicite.fr\\\/plv-de-table\\\/\"},{\"@type\":\"ListItem\",\"position\":3,\"name\":\"Ardoise de table avec d\u00e9coupe\"}]},{\"@type\":\"WebSite\",\"@id\":\"https:\\\/\\\/adepublicite.fr\\\/#website\",\"url\":\"https:\\\/\\\/adepublicite.fr\\\/\",\"name\":\"ADE Publicit\u00e9\",\"description\":\"\",\"publisher\":{\"@id\":\"https:\\\/\\\/adepublicite.fr\\\/#organization\"},\"potentialAction\":[{\"@type\":\"SearchAction\",\"target\":{\"@type\":\"EntryPoint\",\"urlTemplate\":\"https:\\\/\\\/adepublicite.fr\\\/?s={search_term_string}\"},\"query-input\":{\"@type\":\"PropertyValueSpecification\",\"valueRequired\":true,\"valueName\":\"search_term_string\"}}],\"inLanguage\":\"en-US\"},{\"@type\":\"Organization\",\"@id\":\"https:\\\/\\\/adepublicite.fr\\\/#organization\",\"name\":\"ADE Publicit\u00e9\",\"url\":\"https:\\\/\\\/adepublicite.fr\\\/\",\"logo\":{\"@type\":\"ImageObject\",\"inLanguage\":\"en-US\",\"@id\":\"https:\\\/\\\/adepublicite.fr\\\/#\\\/schema\\\/logo\\\/image\\\/\",\"url\":\"https:\\\/\\\/adepublicite.fr\\\/wp-content\\\/uploads\\\/2018\\\/05\\\/FAVICON.png\",\"contentUrl\":\"https:\\\/\\\/adepublicite.fr\\\/wp-content\\\/uploads\\\/2018\\\/05\\\/FAVICON.png\",\"width\":512,\"height\":512,\"caption\":\"ADE Publicit\u00e9\"},\"image\":{\"@id\":\"https:\\\/\\\/adepublicite.fr\\\/#\\\/schema\\\/logo\\\/image\\\/\"},\"sameAs\":[\"https:\\\/\\\/www.facebook.com\\\/adepublicite\\\/?ref=bookmarks\",\"https:\\\/\\\/www.linkedin.com\\\/company\\\/ade-publicit\u00e9\\\/\"]}]}<\/script>\n<!-- \/ Yoast SEO plugin. -->","yoast_head_json":{"title":"Ardoise de table publicitaire d\u00e9coup\u00e9e \u00e0 la forme personnalis\u00e9 sur mesure","robots":{"index":"index","follow":"follow","max-snippet":"max-snippet:-1","max-image-preview":"max-image-preview:large","max-video-preview":"max-video-preview:-1"},"canonical":"https:\/\/adepublicite.fr\/plv-de-table\/ardoise-de-table-avec-decoupe\/","og_locale":"en_US","og_type":"article","og_title":"Table chalkboard cut in shape - ADE Publicit\u00e9","og_url":"https:\/\/adepublicite.fr\/plv-de-table\/ardoise-de-table-avec-decoupe\/","og_site_name":"ADE Publicit\u00e9","article_publisher":"https:\/\/www.facebook.com\/adepublicite\/?ref=bookmarks","article_modified_time":"2021-01-04T10:42:09+00:00","og_image":[{"width":500,"height":500,"url":"https:\/\/adepublicite.fr\/wp-content\/uploads\/2018\/05\/ardoise_de_table_avec_decoupe_2.jpg","type":"image\/jpeg"}],"twitter_card":"summary_large_image","twitter_misc":{"Est. reading time":"2 minutes"},"schema":{"@context":"https:\/\/schema.org","@graph":[{"@type":"WebPage","@id":"https:\/\/adepublicite.fr\/plv-de-table\/ardoise-de-table-avec-decoupe\/","url":"https:\/\/adepublicite.fr\/plv-de-table\/ardoise-de-table-avec-decoupe\/","name":"Ardoise de table publicitaire d\u00e9coup\u00e9e \u00e0 la forme personnalis\u00e9 sur mesure","isPartOf":{"@id":"https:\/\/adepublicite.fr\/#website"},"primaryImageOfPage":{"@id":"https:\/\/adepublicite.fr\/plv-de-table\/ardoise-de-table-avec-decoupe\/#primaryimage"},"image":{"@id":"https:\/\/adepublicite.fr\/plv-de-table\/ardoise-de-table-avec-decoupe\/#primaryimage"},"thumbnailUrl":"https:\/\/adepublicite.fr\/wp-content\/uploads\/2018\/05\/ardoise_de_table_avec_decoupe_2.jpg","datePublished":"2018-05-02T20:26:12+00:00","dateModified":"2021-01-04T10:42:09+00:00","breadcrumb":{"@id":"https:\/\/adepublicite.fr\/plv-de-table\/ardoise-de-table-avec-decoupe\/#breadcrumb"},"inLanguage":"en-US","potentialAction":[{"@type":"ReadAction","target":["https:\/\/adepublicite.fr\/plv-de-table\/ardoise-de-table-avec-decoupe\/"]}]},{"@type":"ImageObject","inLanguage":"en-US","@id":"https:\/\/adepublicite.fr\/plv-de-table\/ardoise-de-table-avec-decoupe\/#primaryimage","url":"https:\/\/adepublicite.fr\/wp-content\/uploads\/2018\/05\/ardoise_de_table_avec_decoupe_2.jpg","contentUrl":"https:\/\/adepublicite.fr\/wp-content\/uploads\/2018\/05\/ardoise_de_table_avec_decoupe_2.jpg","width":500,"height":500},{"@type":"BreadcrumbList","@id":"https:\/\/adepublicite.fr\/plv-de-table\/ardoise-de-table-avec-decoupe\/#breadcrumb","itemListElement":[{"@type":"ListItem","position":1,"name":"Accueil","item":"https:\/\/adepublicite.fr\/"},{"@type":"ListItem","position":2,"name":"PLV de table","item":"https:\/\/adepublicite.fr\/plv-de-table\/"},{"@type":"ListItem","position":3,"name":"Ardoise de table avec d\u00e9coupe"}]},{"@type":"WebSite","@id":"https:\/\/adepublicite.fr\/#website","url":"https:\/\/adepublicite.fr\/","name":"ADE Publicit\u00e9","description":"","publisher":{"@id":"https:\/\/adepublicite.fr\/#organization"},"potentialAction":[{"@type":"SearchAction","target":{"@type":"EntryPoint","urlTemplate":"https:\/\/adepublicite.fr\/?s={search_term_string}"},"query-input":{"@type":"PropertyValueSpecification","valueRequired":true,"valueName":"search_term_string"}}],"inLanguage":"en-US"},{"@type":"Organization","@id":"https:\/\/adepublicite.fr\/#organization","name":"ADE Publicit\u00e9","url":"https:\/\/adepublicite.fr\/","logo":{"@type":"ImageObject","inLanguage":"en-US","@id":"https:\/\/adepublicite.fr\/#\/schema\/logo\/image\/","url":"https:\/\/adepublicite.fr\/wp-content\/uploads\/2018\/05\/FAVICON.png","contentUrl":"https:\/\/adepublicite.fr\/wp-content\/uploads\/2018\/05\/FAVICON.png","width":512,"height":512,"caption":"ADE Publicit\u00e9"},"image":{"@id":"https:\/\/adepublicite.fr\/#\/schema\/logo\/image\/"},"sameAs":["https:\/\/www.facebook.com\/adepublicite\/?ref=bookmarks","https:\/\/www.linkedin.com\/company\/ade-publicit\u00e9\/"]}]}},"amp_enabled":true,"_links":{"self":[{"href":"https:\/\/adepublicite.fr\/en\/wp-json\/wp\/v2\/pages\/447","targetHints":{"allow":["GET"]}}],"collection":[{"href":"https:\/\/adepublicite.fr\/en\/wp-json\/wp\/v2\/pages"}],"about":[{"href":"https:\/\/adepublicite.fr\/en\/wp-json\/wp\/v2\/types\/page"}],"author":[{"embeddable":true,"href":"https:\/\/adepublicite.fr\/en\/wp-json\/wp\/v2\/users\/1"}],"replies":[{"embeddable":true,"href":"https:\/\/adepublicite.fr\/en\/wp-json\/wp\/v2\/comments?post=447"}],"version-history":[{"count":19,"href":"https:\/\/adepublicite.fr\/en\/wp-json\/wp\/v2\/pages\/447\/revisions"}],"predecessor-version":[{"id":3438,"href":"https:\/\/adepublicite.fr\/en\/wp-json\/wp\/v2\/pages\/447\/revisions\/3438"}],"up":[{"embeddable":true,"href":"https:\/\/adepublicite.fr\/en\/wp-json\/wp\/v2\/pages\/441"}],"wp:featuredmedia":[{"embeddable":true,"href":"https:\/\/adepublicite.fr\/en\/wp-json\/wp\/v2\/media\/107"}],"wp:attachment":[{"href":"https:\/\/adepublicite.fr\/en\/wp-json\/wp\/v2\/media?parent=447"}],"curies":[{"name":"wp","href":"https:\/\/api.w.org\/{rel}","templated":true}]}}