{"id":437,"date":"2018-05-02T22:23:40","date_gmt":"2018-05-02T20:23:40","guid":{"rendered":"http:\/\/adepublicite.fr\/?page_id=437"},"modified":"2022-12-15T09:14:14","modified_gmt":"2022-12-15T08:14:14","slug":"ardoise-magnetique","status":"publish","type":"page","link":"https:\/\/adepublicite.fr\/en\/ardoise\/ardoise-magnetique\/","title":{"rendered":"Magnetic blackboard"},"content":{"rendered":"<table style=\"width: 100%;\">\n<tbody>\n<tr>\n<td style=\"width: 75%;\">\n<h2>Technical description<\/h2>\n<p><strong>Support:<\/strong>&nbsp;multishield (steel or PVC), medium Mdf covered with a magnetic rubber (other supports possible)<\/p>\n<p><strong>Printing:<\/strong> silkscreen or digital<\/p>\n<p><strong>Standard formats:<\/strong> 30x40cm, 40x60cm, 80x120cm (other sizes possible)<\/p>\n<p><strong>Finishes and options:<\/strong>&nbsp;fixing hook, mounting cup, frame of the color and shape of your choice, felt chalk, anti graffiti varnish (and other options on request)<\/p>\n<p><strong>Packing:<\/strong>&nbsp;individual under cardboard<\/p>\n<p><strong>Origin:<\/strong>&nbsp;in our premises in Is\u00e8re (France)<\/p>\n<p>Want to know more about our slate manufacturing techniques? Visit the&nbsp;<a href=\"https:\/\/adepublicite.fr\/en\/savoir-faire\/\">know-how<\/a>&nbsp;page or&nbsp;<a href=\"https:\/\/adepublicite.fr\/en\/contact\/\">come and meet us<\/a>!<\/p>\n<\/td>\n<td style=\"text-align: center; vertical-align: top;\"><div id=\"metaslider-id-249\" style=\"max-width: 700px;\" class=\"ml-slider-3-107-0 metaslider metaslider-flex metaslider-249 ml-slider ms-theme-default nav-hidden\" role=\"region\" aria-label=\"Ardoise magn\u00e9tique\" data-height=\"300\" data-width=\"700\">\n    <div id=\"metaslider_container_249\">\n        <div id=\"metaslider_249\">\n            <ul class='slides'>\n                <li style=\"display: block; width: 100%;\" class=\"slide-250 ms-image \" aria-roledescription=\"slide\" data-date=\"2018-05-02 21:39:53\" data-filename=\"ardoise_murale_magnetique_1.jpg\" data-slide-type=\"image\"><img loading=\"lazy\" decoding=\"async\" width=\"500\" height=\"500\" src=\"https:\/\/adepublicite.fr\/wp-content\/uploads\/2018\/05\/ardoise_murale_magnetique_1.jpg\" class=\"slider-249 slide-250 msDefaultImage\" alt=\"ardoise-magn\u00e9tique\" rel=\"\" title=\"ardoise_murale_magnetique_1\" srcset=\"https:\/\/adepublicite.fr\/wp-content\/uploads\/2018\/05\/ardoise_murale_magnetique_1.jpg 500w, https:\/\/adepublicite.fr\/wp-content\/uploads\/2018\/05\/ardoise_murale_magnetique_1-150x150.jpg 150w, https:\/\/adepublicite.fr\/wp-content\/uploads\/2018\/05\/ardoise_murale_magnetique_1-300x300.jpg 300w, https:\/\/adepublicite.fr\/wp-content\/uploads\/2018\/05\/ardoise_murale_magnetique_1-365x365.jpg 365w\" sizes=\"auto, (max-width: 500px) 100vw, 500px\" \/><\/li>\n                <li style=\"display: none; width: 100%;\" class=\"slide-251 ms-image \" aria-roledescription=\"slide\" data-date=\"2018-05-02 21:39:53\" data-filename=\"ardoise_murale_magnetique_2.jpg\" data-slide-type=\"image\"><img loading=\"lazy\" decoding=\"async\" width=\"500\" height=\"500\" src=\"https:\/\/adepublicite.fr\/wp-content\/uploads\/2018\/05\/ardoise_murale_magnetique_2.jpg\" class=\"slider-249 slide-251 msDefaultImage\" alt=\"ardoise-magn\u00e9tique\" rel=\"\" title=\"ardoise_murale_magnetique_2\" srcset=\"https:\/\/adepublicite.fr\/wp-content\/uploads\/2018\/05\/ardoise_murale_magnetique_2.jpg 500w, https:\/\/adepublicite.fr\/wp-content\/uploads\/2018\/05\/ardoise_murale_magnetique_2-150x150.jpg 150w, https:\/\/adepublicite.fr\/wp-content\/uploads\/2018\/05\/ardoise_murale_magnetique_2-300x300.jpg 300w\" sizes=\"auto, (max-width: 500px) 100vw, 500px\" \/><\/li>\n                <li style=\"display: none; width: 100%;\" class=\"slide-252 ms-image \" aria-roledescription=\"slide\" data-date=\"2018-05-02 21:39:53\" data-filename=\"ardoise_murale_magnetique_3.jpg\" data-slide-type=\"image\"><img loading=\"lazy\" decoding=\"async\" width=\"500\" height=\"500\" src=\"https:\/\/adepublicite.fr\/wp-content\/uploads\/2018\/05\/ardoise_murale_magnetique_3.jpg\" class=\"slider-249 slide-252 msDefaultImage\" alt=\"ardoise-magn\u00e9tique\" rel=\"\" title=\"ardoise_murale_magnetique_3\" srcset=\"https:\/\/adepublicite.fr\/wp-content\/uploads\/2018\/05\/ardoise_murale_magnetique_3.jpg 500w, https:\/\/adepublicite.fr\/wp-content\/uploads\/2018\/05\/ardoise_murale_magnetique_3-150x150.jpg 150w, https:\/\/adepublicite.fr\/wp-content\/uploads\/2018\/05\/ardoise_murale_magnetique_3-300x300.jpg 300w\" sizes=\"auto, (max-width: 500px) 100vw, 500px\" \/><\/li>\n                <li style=\"display: none; width: 100%;\" class=\"slide-253 ms-image \" aria-roledescription=\"slide\" data-date=\"2018-05-02 21:39:54\" data-filename=\"ardoise_murale_magnetique_4.jpg\" data-slide-type=\"image\"><img loading=\"lazy\" decoding=\"async\" width=\"500\" height=\"500\" src=\"https:\/\/adepublicite.fr\/wp-content\/uploads\/2018\/05\/ardoise_murale_magnetique_4.jpg\" class=\"slider-249 slide-253 msDefaultImage\" alt=\"ardoise-magn\u00e9tique\" rel=\"\" title=\"ardoise_murale_magnetique_4\" srcset=\"https:\/\/adepublicite.fr\/wp-content\/uploads\/2018\/05\/ardoise_murale_magnetique_4.jpg 500w, https:\/\/adepublicite.fr\/wp-content\/uploads\/2018\/05\/ardoise_murale_magnetique_4-150x150.jpg 150w, https:\/\/adepublicite.fr\/wp-content\/uploads\/2018\/05\/ardoise_murale_magnetique_4-300x300.jpg 300w\" sizes=\"auto, (max-width: 500px) 100vw, 500px\" \/><\/li>\n            <\/ul>\n        <\/div>\n        \n    <\/div>\n<\/div><\/td>\n<\/tr>\n<\/tbody>\n<\/table>\n\n\n<div style=\"height:20px\" aria-hidden=\"true\" class=\"wp-block-spacer\"><\/div>\n\n\n\n<h2 class=\"wp-block-heading\">Prices<\/h2>\n\n\n\n<p>Our prices depend on your personalization criteria (the size of the blackboard, the number of colors to print, the type of framing, if necessary the retouching your files, the quantity \u2026 see our&nbsp;<a href=\"https:\/\/adepublicite.fr\/en\/savoir-faire\/\">know-how<\/a>&nbsp;for more explanations), and are therefore exclusively on estimate.<\/p>\n\n\n\n<div style=\"height:20px\" aria-hidden=\"true\" class=\"wp-block-spacer\"><\/div>\n\n\n\n<h2 class=\"wp-block-heading\">Similar products<\/h2>\n\n\n<table style=\"width: 100%;\">\n<tbody>\n<tr>\n<td style=\"width: 20%; text-align: center;\"><a href=\"https:\/\/adepublicite.fr\/en\/ardoise\/ardoise-sans-cadre\/\"><img loading=\"lazy\" decoding=\"async\" class=\"alignnone wp-image-94 size-medium\" src=\"https:\/\/adepublicite.fr\/wp-content\/uploads\/2018\/05\/ardoise_murale_sans_cadre_1-300x300.jpg\" alt=\"\" width=\"300\" height=\"300\" srcset=\"https:\/\/adepublicite.fr\/wp-content\/uploads\/2018\/05\/ardoise_murale_sans_cadre_1-300x300.jpg 300w, https:\/\/adepublicite.fr\/wp-content\/uploads\/2018\/05\/ardoise_murale_sans_cadre_1-150x150.jpg 150w, https:\/\/adepublicite.fr\/wp-content\/uploads\/2018\/05\/ardoise_murale_sans_cadre_1-365x365.jpg 365w, https:\/\/adepublicite.fr\/wp-content\/uploads\/2018\/05\/ardoise_murale_sans_cadre_1.jpg 500w\" sizes=\"auto, (max-width: 300px) 100vw, 300px\" \/><\/a><\/td>\n<td style=\"width: 20%; text-align: center;\"><a href=\"https:\/\/adepublicite.fr\/en\/ardoise\/ardoise-avec-cadre\/\"><img loading=\"lazy\" decoding=\"async\" class=\"alignnone wp-image-78 size-medium\" src=\"http:\/\/adepublicite.fr\/wp-content\/uploads\/2018\/05\/ardoise_murale_avec_cadre_1-300x300.jpg\" alt=\"\" width=\"300\" height=\"300\" srcset=\"https:\/\/adepublicite.fr\/wp-content\/uploads\/2018\/05\/ardoise_murale_avec_cadre_1-300x300.jpg 300w, https:\/\/adepublicite.fr\/wp-content\/uploads\/2018\/05\/ardoise_murale_avec_cadre_1-150x150.jpg 150w, https:\/\/adepublicite.fr\/wp-content\/uploads\/2018\/05\/ardoise_murale_avec_cadre_1-365x365.jpg 365w, https:\/\/adepublicite.fr\/wp-content\/uploads\/2018\/05\/ardoise_murale_avec_cadre_1.jpg 500w\" sizes=\"auto, (max-width: 300px) 100vw, 300px\" \/><\/a><\/td>\n<td style=\"width: 20%; text-align: center;\"><a href=\"https:\/\/adepublicite.fr\/en\/ardoise\/ardoise-avec-decoupe\/\"><img loading=\"lazy\" decoding=\"async\" class=\"alignnone wp-image-82 size-medium\" src=\"https:\/\/adepublicite.fr\/wp-content\/uploads\/2018\/05\/ardoise_murale_avec_decoupe_1-300x300.jpg\" alt=\"\" width=\"300\" height=\"300\" srcset=\"https:\/\/adepublicite.fr\/wp-content\/uploads\/2018\/05\/ardoise_murale_avec_decoupe_1-300x300.jpg 300w, https:\/\/adepublicite.fr\/wp-content\/uploads\/2018\/05\/ardoise_murale_avec_decoupe_1-150x150.jpg 150w, https:\/\/adepublicite.fr\/wp-content\/uploads\/2018\/05\/ardoise_murale_avec_decoupe_1-365x365.jpg 365w, https:\/\/adepublicite.fr\/wp-content\/uploads\/2018\/05\/ardoise_murale_avec_decoupe_1.jpg 500w\" sizes=\"auto, (max-width: 300px) 100vw, 300px\" \/><\/a><\/td>\n<td style=\"width: 20%; text-align: center;\"><a href=\"https:\/\/adepublicite.fr\/en\/ardoise\/ardoise-effacable-a-sec\/\"><img loading=\"lazy\" decoding=\"async\" class=\"alignnone wp-image-86 size-medium\" src=\"https:\/\/adepublicite.fr\/wp-content\/uploads\/2018\/05\/ardoise_murale_effacable_a_sec_1-300x300.jpg\" alt=\"\" width=\"300\" height=\"300\" srcset=\"https:\/\/adepublicite.fr\/wp-content\/uploads\/2018\/05\/ardoise_murale_effacable_a_sec_1-300x300.jpg 300w, https:\/\/adepublicite.fr\/wp-content\/uploads\/2018\/05\/ardoise_murale_effacable_a_sec_1-150x150.jpg 150w, https:\/\/adepublicite.fr\/wp-content\/uploads\/2018\/05\/ardoise_murale_effacable_a_sec_1-365x365.jpg 365w, https:\/\/adepublicite.fr\/wp-content\/uploads\/2018\/05\/ardoise_murale_effacable_a_sec_1.jpg 500w\" sizes=\"auto, (max-width: 300px) 100vw, 300px\" \/><\/a><\/td>\n<td style=\"width: 25%; text-align: center;\"><a href=\"https:\/\/adepublicite.fr\/en\/ardoise\/ardoise-naturelle\/\"><img loading=\"lazy\" decoding=\"async\" class=\"alignnone wp-image-98 size-medium\" src=\"https:\/\/adepublicite.fr\/wp-content\/uploads\/2018\/05\/ardoise_naturelle_1-300x300.jpg\" alt=\"\" width=\"300\" height=\"300\" srcset=\"https:\/\/adepublicite.fr\/wp-content\/uploads\/2018\/05\/ardoise_naturelle_1-300x300.jpg 300w, https:\/\/adepublicite.fr\/wp-content\/uploads\/2018\/05\/ardoise_naturelle_1-150x150.jpg 150w, https:\/\/adepublicite.fr\/wp-content\/uploads\/2018\/05\/ardoise_naturelle_1-365x365.jpg 365w, https:\/\/adepublicite.fr\/wp-content\/uploads\/2018\/05\/ardoise_naturelle_1.jpg 500w\" sizes=\"auto, (max-width: 300px) 100vw, 300px\" \/><\/a><\/td>\n<\/tr>\n<tr>\n<td style=\"background-color: #ffffff; text-align: center;\"><a href=\"https:\/\/adepublicite.fr\/en\/ardoise\/ardoise-sans-cadre\/\"><span style=\"color: #191e23;\">Blackboard without frame<\/span><\/a><\/td>\n<td style=\"background-color: #ffffff; text-align: center;\"><a href=\"https:\/\/adepublicite.fr\/en\/ardoise\/ardoise-avec-cadre\/\"><span style=\"color: #191e23;\">Blackboard with frame<\/span><\/a><\/td>\n<td style=\"background-color: #ffffff; text-align: center;\"><a href=\"https:\/\/adepublicite.fr\/en\/ardoise\/ardoise-avec-decoupe\/\"><span style=\"color: #191e23;\">Blackboard cut in shape<\/span><\/a><\/td>\n<td style=\"background-color: #ffffff; text-align: center;\"><a href=\"https:\/\/adepublicite.fr\/en\/ardoise\/ardoise-effacable-a-sec\/\"><span style=\"color: #191e23;\">Whiteboard<\/span><\/a><\/td>\n<td style=\"background-color: #ffffff; text-align: center;\"><span style=\"color: #191e23;\"><a href=\"https:\/\/adepublicite.fr\/en\/ardoise\/ardoise-naturelle\/\">Slate<\/a><\/span><\/td>\n<\/tr>\n<\/tbody>\n<\/table>","protected":false},"excerpt":{"rendered":"<p>Technical description Support:&nbsp;multishield (steel or PVC), medium Mdf covered with a magnetic rubber (other supports possible) Printing: silkscreen or digital Standard formats: 30x40cm, 40x60cm, 80x120cm (other sizes possible) Finishes and options:&nbsp;fixing hook, mounting cup, frame of the color and shape &hellip; <a href=\"https:\/\/adepublicite.fr\/en\/ardoise\/ardoise-magnetique\/\">Continued<\/a><\/p>\n","protected":false},"author":1,"featured_media":90,"parent":427,"menu_order":5,"comment_status":"closed","ping_status":"closed","template":"","meta":{"kt_blocks_editor_width":"","_monsterinsights_skip_tracking":false,"_monsterinsights_sitenote_active":false,"_monsterinsights_sitenote_note":"","_monsterinsights_sitenote_category":0,"footnotes":""},"class_list":["post-437","page","type-page","status-publish","has-post-thumbnail","hentry"],"translation":{"provider":"WPGlobus","version":"3.0.2","language":"en","enabled_languages":["fr","en"],"languages":{"fr":{"title":true,"content":true,"excerpt":false},"en":{"title":true,"content":true,"excerpt":false}}},"yoast_head":"<!-- This site is optimized with the Yoast SEO plugin v27.3 - https:\/\/yoast.com\/product\/yoast-seo-wordpress\/ -->\n<title>Ardoise magn\u00e9tique publicitaire personnalis\u00e9e | ADE Publicit\u00e9<\/title>\n<meta name=\"robots\" content=\"index, follow, max-snippet:-1, max-image-preview:large, max-video-preview:-1\" \/>\n<link rel=\"canonical\" href=\"https:\/\/adepublicite.fr\/ardoise\/ardoise-magnetique\/\" \/>\n<meta property=\"og:locale\" content=\"en_US\" \/>\n<meta property=\"og:type\" content=\"article\" \/>\n<meta property=\"og:title\" content=\"Magnetic blackboard - ADE Publicit\u00e9\" \/>\n<meta property=\"og:url\" content=\"https:\/\/adepublicite.fr\/ardoise\/ardoise-magnetique\/\" \/>\n<meta property=\"og:site_name\" content=\"ADE Publicit\u00e9\" \/>\n<meta property=\"article:publisher\" content=\"https:\/\/www.facebook.com\/adepublicite\/?ref=bookmarks\" \/>\n<meta property=\"article:modified_time\" content=\"2022-12-15T08:14:14+00:00\" \/>\n<meta property=\"og:image\" content=\"https:\/\/adepublicite.fr\/wp-content\/uploads\/2018\/05\/ardoise_murale_magnetique_1.jpg\" \/>\n\t<meta property=\"og:image:width\" content=\"500\" \/>\n\t<meta property=\"og:image:height\" content=\"500\" \/>\n\t<meta property=\"og:image:type\" content=\"image\/jpeg\" \/>\n<meta name=\"twitter:card\" content=\"summary_large_image\" \/>\n<meta name=\"twitter:label1\" content=\"Est. reading time\" \/>\n\t<meta name=\"twitter:data1\" content=\"2 minutes\" \/>\n<script type=\"application\/ld+json\" class=\"yoast-schema-graph\">{\"@context\":\"https:\\\/\\\/schema.org\",\"@graph\":[{\"@type\":\"WebPage\",\"@id\":\"https:\\\/\\\/adepublicite.fr\\\/ardoise\\\/ardoise-magnetique\\\/\",\"url\":\"https:\\\/\\\/adepublicite.fr\\\/ardoise\\\/ardoise-magnetique\\\/\",\"name\":\"Ardoise magn\u00e9tique publicitaire personnalis\u00e9e | ADE Publicit\u00e9\",\"isPartOf\":{\"@id\":\"https:\\\/\\\/adepublicite.fr\\\/#website\"},\"primaryImageOfPage\":{\"@id\":\"https:\\\/\\\/adepublicite.fr\\\/ardoise\\\/ardoise-magnetique\\\/#primaryimage\"},\"image\":{\"@id\":\"https:\\\/\\\/adepublicite.fr\\\/ardoise\\\/ardoise-magnetique\\\/#primaryimage\"},\"thumbnailUrl\":\"https:\\\/\\\/adepublicite.fr\\\/wp-content\\\/uploads\\\/2018\\\/05\\\/ardoise_murale_magnetique_1.jpg\",\"datePublished\":\"2018-05-02T20:23:40+00:00\",\"dateModified\":\"2022-12-15T08:14:14+00:00\",\"description\":\"L'ardoise est plac\u00e9e au meilleur endroit au moment o\u00f9 le consommateur passe sa commande. Le magnet donne un c\u00f4t\u00e9 fonctionnel tr\u00e8s pratique !\",\"breadcrumb\":{\"@id\":\"https:\\\/\\\/adepublicite.fr\\\/ardoise\\\/ardoise-magnetique\\\/#breadcrumb\"},\"inLanguage\":\"en-US\",\"potentialAction\":[{\"@type\":\"ReadAction\",\"target\":[\"https:\\\/\\\/adepublicite.fr\\\/ardoise\\\/ardoise-magnetique\\\/\"]}]},{\"@type\":\"ImageObject\",\"inLanguage\":\"en-US\",\"@id\":\"https:\\\/\\\/adepublicite.fr\\\/ardoise\\\/ardoise-magnetique\\\/#primaryimage\",\"url\":\"https:\\\/\\\/adepublicite.fr\\\/wp-content\\\/uploads\\\/2018\\\/05\\\/ardoise_murale_magnetique_1.jpg\",\"contentUrl\":\"https:\\\/\\\/adepublicite.fr\\\/wp-content\\\/uploads\\\/2018\\\/05\\\/ardoise_murale_magnetique_1.jpg\",\"width\":500,\"height\":500,\"caption\":\"ardoise-magn\u00e9tique\"},{\"@type\":\"BreadcrumbList\",\"@id\":\"https:\\\/\\\/adepublicite.fr\\\/ardoise\\\/ardoise-magnetique\\\/#breadcrumb\",\"itemListElement\":[{\"@type\":\"ListItem\",\"position\":1,\"name\":\"Accueil\",\"item\":\"https:\\\/\\\/adepublicite.fr\\\/\"},{\"@type\":\"ListItem\",\"position\":2,\"name\":\"Ardoise\",\"item\":\"https:\\\/\\\/adepublicite.fr\\\/ardoise\\\/\"},{\"@type\":\"ListItem\",\"position\":3,\"name\":\"Ardoise magn\u00e9tique\"}]},{\"@type\":\"WebSite\",\"@id\":\"https:\\\/\\\/adepublicite.fr\\\/#website\",\"url\":\"https:\\\/\\\/adepublicite.fr\\\/\",\"name\":\"ADE Publicit\u00e9\",\"description\":\"\",\"publisher\":{\"@id\":\"https:\\\/\\\/adepublicite.fr\\\/#organization\"},\"potentialAction\":[{\"@type\":\"SearchAction\",\"target\":{\"@type\":\"EntryPoint\",\"urlTemplate\":\"https:\\\/\\\/adepublicite.fr\\\/?s={search_term_string}\"},\"query-input\":{\"@type\":\"PropertyValueSpecification\",\"valueRequired\":true,\"valueName\":\"search_term_string\"}}],\"inLanguage\":\"en-US\"},{\"@type\":\"Organization\",\"@id\":\"https:\\\/\\\/adepublicite.fr\\\/#organization\",\"name\":\"ADE Publicit\u00e9\",\"url\":\"https:\\\/\\\/adepublicite.fr\\\/\",\"logo\":{\"@type\":\"ImageObject\",\"inLanguage\":\"en-US\",\"@id\":\"https:\\\/\\\/adepublicite.fr\\\/#\\\/schema\\\/logo\\\/image\\\/\",\"url\":\"https:\\\/\\\/adepublicite.fr\\\/wp-content\\\/uploads\\\/2018\\\/05\\\/FAVICON.png\",\"contentUrl\":\"https:\\\/\\\/adepublicite.fr\\\/wp-content\\\/uploads\\\/2018\\\/05\\\/FAVICON.png\",\"width\":512,\"height\":512,\"caption\":\"ADE Publicit\u00e9\"},\"image\":{\"@id\":\"https:\\\/\\\/adepublicite.fr\\\/#\\\/schema\\\/logo\\\/image\\\/\"},\"sameAs\":[\"https:\\\/\\\/www.facebook.com\\\/adepublicite\\\/?ref=bookmarks\",\"https:\\\/\\\/www.linkedin.com\\\/company\\\/ade-publicit\u00e9\\\/\"]}]}<\/script>\n<!-- \/ Yoast SEO plugin. -->","yoast_head_json":{"title":"Ardoise magn\u00e9tique publicitaire personnalis\u00e9e | ADE Publicit\u00e9","robots":{"index":"index","follow":"follow","max-snippet":"max-snippet:-1","max-image-preview":"max-image-preview:large","max-video-preview":"max-video-preview:-1"},"canonical":"https:\/\/adepublicite.fr\/ardoise\/ardoise-magnetique\/","og_locale":"en_US","og_type":"article","og_title":"Magnetic blackboard - ADE Publicit\u00e9","og_url":"https:\/\/adepublicite.fr\/ardoise\/ardoise-magnetique\/","og_site_name":"ADE Publicit\u00e9","article_publisher":"https:\/\/www.facebook.com\/adepublicite\/?ref=bookmarks","article_modified_time":"2022-12-15T08:14:14+00:00","og_image":[{"width":500,"height":500,"url":"https:\/\/adepublicite.fr\/wp-content\/uploads\/2018\/05\/ardoise_murale_magnetique_1.jpg","type":"image\/jpeg"}],"twitter_card":"summary_large_image","twitter_misc":{"Est. reading time":"2 minutes"},"schema":{"@context":"https:\/\/schema.org","@graph":[{"@type":"WebPage","@id":"https:\/\/adepublicite.fr\/ardoise\/ardoise-magnetique\/","url":"https:\/\/adepublicite.fr\/ardoise\/ardoise-magnetique\/","name":"Ardoise magn\u00e9tique publicitaire personnalis\u00e9e | ADE Publicit\u00e9","isPartOf":{"@id":"https:\/\/adepublicite.fr\/#website"},"primaryImageOfPage":{"@id":"https:\/\/adepublicite.fr\/ardoise\/ardoise-magnetique\/#primaryimage"},"image":{"@id":"https:\/\/adepublicite.fr\/ardoise\/ardoise-magnetique\/#primaryimage"},"thumbnailUrl":"https:\/\/adepublicite.fr\/wp-content\/uploads\/2018\/05\/ardoise_murale_magnetique_1.jpg","datePublished":"2018-05-02T20:23:40+00:00","dateModified":"2022-12-15T08:14:14+00:00","description":"L'ardoise est plac\u00e9e au meilleur endroit au moment o\u00f9 le consommateur passe sa commande. Le magnet donne un c\u00f4t\u00e9 fonctionnel tr\u00e8s pratique !","breadcrumb":{"@id":"https:\/\/adepublicite.fr\/ardoise\/ardoise-magnetique\/#breadcrumb"},"inLanguage":"en-US","potentialAction":[{"@type":"ReadAction","target":["https:\/\/adepublicite.fr\/ardoise\/ardoise-magnetique\/"]}]},{"@type":"ImageObject","inLanguage":"en-US","@id":"https:\/\/adepublicite.fr\/ardoise\/ardoise-magnetique\/#primaryimage","url":"https:\/\/adepublicite.fr\/wp-content\/uploads\/2018\/05\/ardoise_murale_magnetique_1.jpg","contentUrl":"https:\/\/adepublicite.fr\/wp-content\/uploads\/2018\/05\/ardoise_murale_magnetique_1.jpg","width":500,"height":500,"caption":"ardoise-magn\u00e9tique"},{"@type":"BreadcrumbList","@id":"https:\/\/adepublicite.fr\/ardoise\/ardoise-magnetique\/#breadcrumb","itemListElement":[{"@type":"ListItem","position":1,"name":"Accueil","item":"https:\/\/adepublicite.fr\/"},{"@type":"ListItem","position":2,"name":"Ardoise","item":"https:\/\/adepublicite.fr\/ardoise\/"},{"@type":"ListItem","position":3,"name":"Ardoise magn\u00e9tique"}]},{"@type":"WebSite","@id":"https:\/\/adepublicite.fr\/#website","url":"https:\/\/adepublicite.fr\/","name":"ADE Publicit\u00e9","description":"","publisher":{"@id":"https:\/\/adepublicite.fr\/#organization"},"potentialAction":[{"@type":"SearchAction","target":{"@type":"EntryPoint","urlTemplate":"https:\/\/adepublicite.fr\/?s={search_term_string}"},"query-input":{"@type":"PropertyValueSpecification","valueRequired":true,"valueName":"search_term_string"}}],"inLanguage":"en-US"},{"@type":"Organization","@id":"https:\/\/adepublicite.fr\/#organization","name":"ADE Publicit\u00e9","url":"https:\/\/adepublicite.fr\/","logo":{"@type":"ImageObject","inLanguage":"en-US","@id":"https:\/\/adepublicite.fr\/#\/schema\/logo\/image\/","url":"https:\/\/adepublicite.fr\/wp-content\/uploads\/2018\/05\/FAVICON.png","contentUrl":"https:\/\/adepublicite.fr\/wp-content\/uploads\/2018\/05\/FAVICON.png","width":512,"height":512,"caption":"ADE Publicit\u00e9"},"image":{"@id":"https:\/\/adepublicite.fr\/#\/schema\/logo\/image\/"},"sameAs":["https:\/\/www.facebook.com\/adepublicite\/?ref=bookmarks","https:\/\/www.linkedin.com\/company\/ade-publicit\u00e9\/"]}]}},"amp_enabled":true,"_links":{"self":[{"href":"https:\/\/adepublicite.fr\/en\/wp-json\/wp\/v2\/pages\/437","targetHints":{"allow":["GET"]}}],"collection":[{"href":"https:\/\/adepublicite.fr\/en\/wp-json\/wp\/v2\/pages"}],"about":[{"href":"https:\/\/adepublicite.fr\/en\/wp-json\/wp\/v2\/types\/page"}],"author":[{"embeddable":true,"href":"https:\/\/adepublicite.fr\/en\/wp-json\/wp\/v2\/users\/1"}],"replies":[{"embeddable":true,"href":"https:\/\/adepublicite.fr\/en\/wp-json\/wp\/v2\/comments?post=437"}],"version-history":[{"count":33,"href":"https:\/\/adepublicite.fr\/en\/wp-json\/wp\/v2\/pages\/437\/revisions"}],"predecessor-version":[{"id":4004,"href":"https:\/\/adepublicite.fr\/en\/wp-json\/wp\/v2\/pages\/437\/revisions\/4004"}],"up":[{"embeddable":true,"href":"https:\/\/adepublicite.fr\/en\/wp-json\/wp\/v2\/pages\/427"}],"wp:featuredmedia":[{"embeddable":true,"href":"https:\/\/adepublicite.fr\/en\/wp-json\/wp\/v2\/media\/90"}],"wp:attachment":[{"href":"https:\/\/adepublicite.fr\/en\/wp-json\/wp\/v2\/media?parent=437"}],"curies":[{"name":"wp","href":"https:\/\/api.w.org\/{rel}","templated":true}]}}