{"id":435,"date":"2018-05-02T22:23:13","date_gmt":"2018-05-02T20:23:13","guid":{"rendered":"http:\/\/adepublicite.fr\/?page_id=435"},"modified":"2022-12-15T09:08:55","modified_gmt":"2022-12-15T08:08:55","slug":"ardoise-effacable-a-sec","status":"publish","type":"page","link":"https:\/\/adepublicite.fr\/en\/ardoise\/ardoise-effacable-a-sec\/","title":{"rendered":"White board"},"content":{"rendered":"<table style=\"width: 100%;\">\n<tbody>\n<tr>\n<td style=\"width: 75%;\">\n<h2>Technical description<\/h2>\n<p><strong>Support:<\/strong>\u00a0medium MDF lacquered black, medium MDF covered with slate ink, wood plywood covered with slate ink, PVC dyed in the mass, expanded PVC, plexiglass, shock PS (different thicknesses possible)<\/p>\n<p><strong>Printing:<\/strong> silkscreen or digital<\/p>\n<p><strong>Standard formats:<\/strong> 30x40cm, 40x60cm, 80x120cm (other sizes possible)<\/p>\n<p><strong>Finishes and options:<\/strong> cut in the shape of your choice, fixing hook, mounting cup, fixing hole, 2 holes + string suspension, edging songs, felt chalk, anti-graffiti varnish (and other options on request)<\/p>\n<p><strong>Packing:<\/strong> individual under film<\/p>\n<p><strong>Origin:<\/strong> in our premises in Is\u00e8re (France)<\/p>\n<p>Want to know more about our blackboard manufacturing techniques? Visit the <a href=\"https:\/\/adepublicite.fr\/en\/savoir-faire\/\">know-how<\/a> page or <a href=\"https:\/\/adepublicite.fr\/en\/contact\/\">come and meet us<\/a>!<\/p>\n<\/td>\n<td style=\"text-align: center; vertical-align: top;\"><div id=\"metaslider-id-2276\" style=\"max-width: 700px;\" class=\"ml-slider-3-107-0 metaslider metaslider-flex metaslider-2276 ml-slider ms-theme-default nav-hidden\" role=\"region\" aria-label=\"Ardoises effa\u00e7ables \u00e0 sec\" data-height=\"300\" data-width=\"700\">\n    <div id=\"metaslider_container_2276\">\n        <div id=\"metaslider_2276\">\n            <ul class='slides'>\n                <li style=\"display: block; width: 100%;\" class=\"slide-2295 ms-image \" aria-roledescription=\"slide\" data-date=\"2019-11-07 10:10:58\" data-filename=\"ardoise_murale_effacable_a_sec_3.jpg\" data-slide-type=\"image\"><img loading=\"lazy\" decoding=\"async\" width=\"500\" height=\"500\" src=\"https:\/\/adepublicite.fr\/wp-content\/uploads\/2018\/05\/ardoise_murale_effacable_a_sec_3.jpg\" class=\"slider-2276 slide-2295 msDefaultImage\" alt=\"ardoise-effa\u00e7able-\u00e0-sec-type-velleda\" rel=\"\" title=\"ardoise_murale_effacable_a_sec_3\" srcset=\"https:\/\/adepublicite.fr\/wp-content\/uploads\/2018\/05\/ardoise_murale_effacable_a_sec_3.jpg 500w, https:\/\/adepublicite.fr\/wp-content\/uploads\/2018\/05\/ardoise_murale_effacable_a_sec_3-150x150.jpg 150w, https:\/\/adepublicite.fr\/wp-content\/uploads\/2018\/05\/ardoise_murale_effacable_a_sec_3-300x300.jpg 300w\" sizes=\"auto, (max-width: 500px) 100vw, 500px\" \/><\/li>\n                <li style=\"display: none; width: 100%;\" class=\"slide-2294 ms-image \" aria-roledescription=\"slide\" data-date=\"2019-11-07 10:10:58\" data-filename=\"ardoise_murale_effacable_a_sec_4.jpg\" data-slide-type=\"image\"><img loading=\"lazy\" decoding=\"async\" width=\"500\" height=\"500\" src=\"https:\/\/adepublicite.fr\/wp-content\/uploads\/2018\/05\/ardoise_murale_effacable_a_sec_4.jpg\" class=\"slider-2276 slide-2294 msDefaultImage\" alt=\"ardoise-effa\u00e7able-\u00e0-sec-type-velleda\" rel=\"\" title=\"ardoise_murale_effacable_a_sec_4\" srcset=\"https:\/\/adepublicite.fr\/wp-content\/uploads\/2018\/05\/ardoise_murale_effacable_a_sec_4.jpg 500w, https:\/\/adepublicite.fr\/wp-content\/uploads\/2018\/05\/ardoise_murale_effacable_a_sec_4-150x150.jpg 150w, https:\/\/adepublicite.fr\/wp-content\/uploads\/2018\/05\/ardoise_murale_effacable_a_sec_4-300x300.jpg 300w\" sizes=\"auto, (max-width: 500px) 100vw, 500px\" \/><\/li>\n                <li style=\"display: none; width: 100%;\" class=\"slide-2865 ms-image \" aria-roledescription=\"slide\" data-date=\"2020-07-09 17:04:51\" data-filename=\"ardoise_murale_effacable_a_sec_1.jpg\" data-slide-type=\"image\"><img loading=\"lazy\" decoding=\"async\" width=\"500\" height=\"500\" src=\"https:\/\/adepublicite.fr\/wp-content\/uploads\/2018\/05\/ardoise_murale_effacable_a_sec_1.jpg\" class=\"slider-2276 slide-2865 msDefaultImage\" alt=\"ardoise-effa\u00e7able-\u00e0-sec-type-velleda\" rel=\"\" title=\"ardoise_murale_effacable_a_sec_1\" srcset=\"https:\/\/adepublicite.fr\/wp-content\/uploads\/2018\/05\/ardoise_murale_effacable_a_sec_1.jpg 500w, https:\/\/adepublicite.fr\/wp-content\/uploads\/2018\/05\/ardoise_murale_effacable_a_sec_1-150x150.jpg 150w, https:\/\/adepublicite.fr\/wp-content\/uploads\/2018\/05\/ardoise_murale_effacable_a_sec_1-300x300.jpg 300w, https:\/\/adepublicite.fr\/wp-content\/uploads\/2018\/05\/ardoise_murale_effacable_a_sec_1-365x365.jpg 365w\" sizes=\"auto, (max-width: 500px) 100vw, 500px\" \/><\/li>\n                <li style=\"display: none; width: 100%;\" class=\"slide-2866 ms-image \" aria-roledescription=\"slide\" data-date=\"2020-07-09 17:04:51\" data-filename=\"ardoise_murale_effacable_a_sec_2.jpg\" data-slide-type=\"image\"><img loading=\"lazy\" decoding=\"async\" width=\"500\" height=\"500\" src=\"https:\/\/adepublicite.fr\/wp-content\/uploads\/2018\/05\/ardoise_murale_effacable_a_sec_2.jpg\" class=\"slider-2276 slide-2866 msDefaultImage\" alt=\"ardoise-effa\u00e7able-\u00e0-sec-type-velleda\" rel=\"\" title=\"ardoise_murale_effacable_a_sec_2\" srcset=\"https:\/\/adepublicite.fr\/wp-content\/uploads\/2018\/05\/ardoise_murale_effacable_a_sec_2.jpg 500w, https:\/\/adepublicite.fr\/wp-content\/uploads\/2018\/05\/ardoise_murale_effacable_a_sec_2-150x150.jpg 150w, https:\/\/adepublicite.fr\/wp-content\/uploads\/2018\/05\/ardoise_murale_effacable_a_sec_2-300x300.jpg 300w\" sizes=\"auto, (max-width: 500px) 100vw, 500px\" \/><\/li>\n            <\/ul>\n        <\/div>\n        \n    <\/div>\n<\/div><\/td>\n<\/tr>\n<\/tbody>\n<\/table>\n\n\n<div style=\"height:20px\" aria-hidden=\"true\" class=\"wp-block-spacer\"><\/div>\n\n\n\n<h2 class=\"wp-block-heading\">Prices<\/h2>\n\n\n\n<p>Nos tarifs d\u00e9pendent de vos crit\u00e8res de personnalisation (la taille de l\u2019ardoise, le nombre de couleurs \u00e0 l&#8217;impression, le type d\u2019encadrement, si besoin la retouche de vos fichiers, la quantit\u00e9 souhait\u00e9e&#8230; voir nos&nbsp;savoir faire&nbsp;pour plus d&#8217;explications), et sont donc exclusivement sur devis.<\/p>\n\n\n\n<div style=\"height:20px\" aria-hidden=\"true\" class=\"wp-block-spacer\"><\/div>\n\n\n\n<h2 class=\"wp-block-heading\">Similar products<\/h2>\n\n\n<table style=\"width: 100%;\">\n<tbody>\n<tr>\n<td style=\"width: 20%; text-align: center;\"><a href=\"https:\/\/adepublicite.fr\/en\/ardoise\/ardoise-sans-cadre\/\"><img loading=\"lazy\" decoding=\"async\" class=\"alignnone wp-image-94 size-medium\" src=\"https:\/\/adepublicite.fr\/wp-content\/uploads\/2018\/05\/ardoise_murale_sans_cadre_1-300x300.jpg\" alt=\"\" width=\"300\" height=\"300\" srcset=\"https:\/\/adepublicite.fr\/wp-content\/uploads\/2018\/05\/ardoise_murale_sans_cadre_1-300x300.jpg 300w, https:\/\/adepublicite.fr\/wp-content\/uploads\/2018\/05\/ardoise_murale_sans_cadre_1-150x150.jpg 150w, https:\/\/adepublicite.fr\/wp-content\/uploads\/2018\/05\/ardoise_murale_sans_cadre_1-365x365.jpg 365w, https:\/\/adepublicite.fr\/wp-content\/uploads\/2018\/05\/ardoise_murale_sans_cadre_1.jpg 500w\" sizes=\"auto, (max-width: 300px) 100vw, 300px\" \/><\/a><\/td>\n<td style=\"width: 20%; text-align: center;\"><a href=\"https:\/\/adepublicite.fr\/en\/ardoise\/ardoise-avec-cadre\/\"><img loading=\"lazy\" decoding=\"async\" class=\"alignnone wp-image-78 size-medium\" src=\"https:\/\/adepublicite.fr\/wp-content\/uploads\/2018\/05\/ardoise_murale_avec_cadre_1-300x300.jpg\" alt=\"\" width=\"300\" height=\"300\" srcset=\"https:\/\/adepublicite.fr\/wp-content\/uploads\/2018\/05\/ardoise_murale_avec_cadre_1-300x300.jpg 300w, https:\/\/adepublicite.fr\/wp-content\/uploads\/2018\/05\/ardoise_murale_avec_cadre_1-150x150.jpg 150w, https:\/\/adepublicite.fr\/wp-content\/uploads\/2018\/05\/ardoise_murale_avec_cadre_1-365x365.jpg 365w, https:\/\/adepublicite.fr\/wp-content\/uploads\/2018\/05\/ardoise_murale_avec_cadre_1.jpg 500w\" sizes=\"auto, (max-width: 300px) 100vw, 300px\" \/><\/a><\/td>\n<td style=\"width: 20%; text-align: center;\"><a href=\"https:\/\/adepublicite.fr\/en\/ardoise\/ardoise-avec-decoupe\/\"><img loading=\"lazy\" decoding=\"async\" class=\"alignnone wp-image-82 size-medium\" src=\"https:\/\/adepublicite.fr\/wp-content\/uploads\/2018\/05\/ardoise_murale_avec_decoupe_1-300x300.jpg\" alt=\"\" width=\"300\" height=\"300\" srcset=\"https:\/\/adepublicite.fr\/wp-content\/uploads\/2018\/05\/ardoise_murale_avec_decoupe_1-300x300.jpg 300w, https:\/\/adepublicite.fr\/wp-content\/uploads\/2018\/05\/ardoise_murale_avec_decoupe_1-150x150.jpg 150w, https:\/\/adepublicite.fr\/wp-content\/uploads\/2018\/05\/ardoise_murale_avec_decoupe_1-365x365.jpg 365w, https:\/\/adepublicite.fr\/wp-content\/uploads\/2018\/05\/ardoise_murale_avec_decoupe_1.jpg 500w\" sizes=\"auto, (max-width: 300px) 100vw, 300px\" \/><\/a><\/td>\n<td style=\"width: 20%; text-align: center;\"><a href=\"https:\/\/adepublicite.fr\/en\/ardoise\/ardoise-magnetique\/\"><img loading=\"lazy\" decoding=\"async\" class=\"alignnone wp-image-90 size-medium\" src=\"https:\/\/adepublicite.fr\/wp-content\/uploads\/2018\/05\/ardoise_murale_magnetique_1-300x300.jpg\" alt=\"\" width=\"300\" height=\"300\" srcset=\"https:\/\/adepublicite.fr\/wp-content\/uploads\/2018\/05\/ardoise_murale_magnetique_1-300x300.jpg 300w, https:\/\/adepublicite.fr\/wp-content\/uploads\/2018\/05\/ardoise_murale_magnetique_1-150x150.jpg 150w, https:\/\/adepublicite.fr\/wp-content\/uploads\/2018\/05\/ardoise_murale_magnetique_1-365x365.jpg 365w, https:\/\/adepublicite.fr\/wp-content\/uploads\/2018\/05\/ardoise_murale_magnetique_1.jpg 500w\" sizes=\"auto, (max-width: 300px) 100vw, 300px\" \/><\/a><\/td>\n<td style=\"width: 25%; text-align: center;\">\n<h2><a href=\"https:\/\/adepublicite.fr\/en\/ardoise\/ardoise-naturelle\/\"><img loading=\"lazy\" decoding=\"async\" class=\"alignnone wp-image-98 size-medium\" src=\"https:\/\/adepublicite.fr\/wp-content\/uploads\/2018\/05\/ardoise_naturelle_1-300x300.jpg\" alt=\"\" width=\"300\" height=\"300\" srcset=\"https:\/\/adepublicite.fr\/wp-content\/uploads\/2018\/05\/ardoise_naturelle_1-300x300.jpg 300w, https:\/\/adepublicite.fr\/wp-content\/uploads\/2018\/05\/ardoise_naturelle_1-150x150.jpg 150w, https:\/\/adepublicite.fr\/wp-content\/uploads\/2018\/05\/ardoise_naturelle_1-365x365.jpg 365w, https:\/\/adepublicite.fr\/wp-content\/uploads\/2018\/05\/ardoise_naturelle_1.jpg 500w\" sizes=\"auto, (max-width: 300px) 100vw, 300px\" \/><\/a><\/h2>\n<\/td>\n<\/tr>\n<tr>\n<td style=\"background-color: #ffffff; text-align: center;\"><a href=\"https:\/\/adepublicite.fr\/en\/ardoise\/ardoise-sans-cadre\/\">Blackboard without frame<\/a><\/td>\n<td style=\"background-color: #ffffff; text-align: center;\"><a href=\"https:\/\/adepublicite.fr\/en\/ardoise\/ardoise-avec-cadre\/\">Blackboard with frame<\/a><\/td>\n<td style=\"background-color: #ffffff; text-align: center;\"><a style=\"color: #005580; text-decoration-line: underline;\" href=\"https:\/\/adepublicite.fr\/en\/ardoise\/ardoise-avec-decoupe\/\">Blackboard cut in shape<\/a><\/td>\n<td style=\"background-color: #ffffff; text-align: center;\"><a href=\"https:\/\/adepublicite.fr\/en\/ardoise\/ardoise-magnetique\/\">Magnetic blackboard<\/a><\/td>\n<td style=\"background-color: #ffffff; text-align: center;\">\n<p><a href=\"https:\/\/adepublicite.fr\/en\/ardoise\/ardoise-naturelle\/\">Slate<\/a><\/p>\n<\/td>\n<\/tr>\n<\/tbody>\n<\/table>","protected":false},"excerpt":{"rendered":"<p>Technical description Support:&nbsp;medium MDF lacquered black, medium MDF covered with slate ink, wood plywood covered with slate ink, PVC dyed in the mass, expanded PVC, plexiglass, shock PS (different thicknesses possible) Printing: silkscreen or digital Standard formats: 30x40cm, 40x60cm, 80x120cm &hellip; <a href=\"https:\/\/adepublicite.fr\/en\/ardoise\/ardoise-effacable-a-sec\/\">Continued<\/a><\/p>\n","protected":false},"author":1,"featured_media":86,"parent":427,"menu_order":4,"comment_status":"closed","ping_status":"closed","template":"","meta":{"kt_blocks_editor_width":"","_monsterinsights_skip_tracking":false,"_monsterinsights_sitenote_active":false,"_monsterinsights_sitenote_note":"","_monsterinsights_sitenote_category":0,"footnotes":""},"class_list":["post-435","page","type-page","status-publish","has-post-thumbnail","hentry"],"translation":{"provider":"WPGlobus","version":"3.0.2","language":"en","enabled_languages":["fr","en"],"languages":{"fr":{"title":true,"content":true,"excerpt":false},"en":{"title":true,"content":true,"excerpt":false}}},"yoast_head":"<!-- This site is optimized with the Yoast SEO plugin v27.3 - https:\/\/yoast.com\/product\/yoast-seo-wordpress\/ -->\n<title>Ardoise publicitaire sur mesure effa\u00e7able \u00e0 sec | ADE Publicit\u00e9<\/title>\n<meta name=\"robots\" content=\"index, follow, max-snippet:-1, max-image-preview:large, max-video-preview:-1\" \/>\n<link rel=\"canonical\" href=\"https:\/\/adepublicite.fr\/ardoise\/ardoise-effacable-a-sec\/\" \/>\n<meta property=\"og:locale\" content=\"en_US\" \/>\n<meta property=\"og:type\" content=\"article\" \/>\n<meta property=\"og:title\" content=\"White board - ADE Publicit\u00e9\" \/>\n<meta property=\"og:url\" content=\"https:\/\/adepublicite.fr\/ardoise\/ardoise-effacable-a-sec\/\" \/>\n<meta property=\"og:site_name\" content=\"ADE Publicit\u00e9\" \/>\n<meta property=\"article:publisher\" content=\"https:\/\/www.facebook.com\/adepublicite\/?ref=bookmarks\" \/>\n<meta property=\"article:modified_time\" content=\"2022-12-15T08:08:55+00:00\" \/>\n<meta property=\"og:image\" content=\"https:\/\/adepublicite.fr\/wp-content\/uploads\/2018\/05\/ardoise_murale_effacable_a_sec_1.jpg\" \/>\n\t<meta property=\"og:image:width\" content=\"500\" \/>\n\t<meta property=\"og:image:height\" content=\"500\" \/>\n\t<meta property=\"og:image:type\" content=\"image\/jpeg\" \/>\n<meta name=\"twitter:card\" content=\"summary_large_image\" \/>\n<meta name=\"twitter:label1\" content=\"Est. reading time\" \/>\n\t<meta name=\"twitter:data1\" content=\"2 minutes\" \/>\n<script type=\"application\/ld+json\" class=\"yoast-schema-graph\">{\"@context\":\"https:\\\/\\\/schema.org\",\"@graph\":[{\"@type\":\"WebPage\",\"@id\":\"https:\\\/\\\/adepublicite.fr\\\/ardoise\\\/ardoise-effacable-a-sec\\\/\",\"url\":\"https:\\\/\\\/adepublicite.fr\\\/ardoise\\\/ardoise-effacable-a-sec\\\/\",\"name\":\"Ardoise publicitaire sur mesure effa\u00e7able \u00e0 sec | ADE Publicit\u00e9\",\"isPartOf\":{\"@id\":\"https:\\\/\\\/adepublicite.fr\\\/#website\"},\"primaryImageOfPage\":{\"@id\":\"https:\\\/\\\/adepublicite.fr\\\/ardoise\\\/ardoise-effacable-a-sec\\\/#primaryimage\"},\"image\":{\"@id\":\"https:\\\/\\\/adepublicite.fr\\\/ardoise\\\/ardoise-effacable-a-sec\\\/#primaryimage\"},\"thumbnailUrl\":\"https:\\\/\\\/adepublicite.fr\\\/wp-content\\\/uploads\\\/2018\\\/05\\\/ardoise_murale_effacable_a_sec_1.jpg\",\"datePublished\":\"2018-05-02T20:23:13+00:00\",\"dateModified\":\"2022-12-15T08:08:55+00:00\",\"description\":\"L'ardoise est l'outil indispensable \u00e0 vos clients ... et id\u00e9al pour votre pub car plac\u00e9e au meilleur endroit au moment o\u00f9 le consommateur passe sa commande !\",\"breadcrumb\":{\"@id\":\"https:\\\/\\\/adepublicite.fr\\\/ardoise\\\/ardoise-effacable-a-sec\\\/#breadcrumb\"},\"inLanguage\":\"en-US\",\"potentialAction\":[{\"@type\":\"ReadAction\",\"target\":[\"https:\\\/\\\/adepublicite.fr\\\/ardoise\\\/ardoise-effacable-a-sec\\\/\"]}]},{\"@type\":\"ImageObject\",\"inLanguage\":\"en-US\",\"@id\":\"https:\\\/\\\/adepublicite.fr\\\/ardoise\\\/ardoise-effacable-a-sec\\\/#primaryimage\",\"url\":\"https:\\\/\\\/adepublicite.fr\\\/wp-content\\\/uploads\\\/2018\\\/05\\\/ardoise_murale_effacable_a_sec_1.jpg\",\"contentUrl\":\"https:\\\/\\\/adepublicite.fr\\\/wp-content\\\/uploads\\\/2018\\\/05\\\/ardoise_murale_effacable_a_sec_1.jpg\",\"width\":500,\"height\":500,\"caption\":\"ardoise-effa\u00e7able-\u00e0-sec-type-velleda\"},{\"@type\":\"BreadcrumbList\",\"@id\":\"https:\\\/\\\/adepublicite.fr\\\/ardoise\\\/ardoise-effacable-a-sec\\\/#breadcrumb\",\"itemListElement\":[{\"@type\":\"ListItem\",\"position\":1,\"name\":\"Accueil\",\"item\":\"https:\\\/\\\/adepublicite.fr\\\/\"},{\"@type\":\"ListItem\",\"position\":2,\"name\":\"Ardoise\",\"item\":\"https:\\\/\\\/adepublicite.fr\\\/ardoise\\\/\"},{\"@type\":\"ListItem\",\"position\":3,\"name\":\"Ardoise effa\u00e7able \u00e0 sec\"}]},{\"@type\":\"WebSite\",\"@id\":\"https:\\\/\\\/adepublicite.fr\\\/#website\",\"url\":\"https:\\\/\\\/adepublicite.fr\\\/\",\"name\":\"ADE Publicit\u00e9\",\"description\":\"\",\"publisher\":{\"@id\":\"https:\\\/\\\/adepublicite.fr\\\/#organization\"},\"potentialAction\":[{\"@type\":\"SearchAction\",\"target\":{\"@type\":\"EntryPoint\",\"urlTemplate\":\"https:\\\/\\\/adepublicite.fr\\\/?s={search_term_string}\"},\"query-input\":{\"@type\":\"PropertyValueSpecification\",\"valueRequired\":true,\"valueName\":\"search_term_string\"}}],\"inLanguage\":\"en-US\"},{\"@type\":\"Organization\",\"@id\":\"https:\\\/\\\/adepublicite.fr\\\/#organization\",\"name\":\"ADE Publicit\u00e9\",\"url\":\"https:\\\/\\\/adepublicite.fr\\\/\",\"logo\":{\"@type\":\"ImageObject\",\"inLanguage\":\"en-US\",\"@id\":\"https:\\\/\\\/adepublicite.fr\\\/#\\\/schema\\\/logo\\\/image\\\/\",\"url\":\"https:\\\/\\\/adepublicite.fr\\\/wp-content\\\/uploads\\\/2018\\\/05\\\/FAVICON.png\",\"contentUrl\":\"https:\\\/\\\/adepublicite.fr\\\/wp-content\\\/uploads\\\/2018\\\/05\\\/FAVICON.png\",\"width\":512,\"height\":512,\"caption\":\"ADE Publicit\u00e9\"},\"image\":{\"@id\":\"https:\\\/\\\/adepublicite.fr\\\/#\\\/schema\\\/logo\\\/image\\\/\"},\"sameAs\":[\"https:\\\/\\\/www.facebook.com\\\/adepublicite\\\/?ref=bookmarks\",\"https:\\\/\\\/www.linkedin.com\\\/company\\\/ade-publicit\u00e9\\\/\"]}]}<\/script>\n<!-- \/ Yoast SEO plugin. -->","yoast_head_json":{"title":"Ardoise publicitaire sur mesure effa\u00e7able \u00e0 sec | ADE Publicit\u00e9","robots":{"index":"index","follow":"follow","max-snippet":"max-snippet:-1","max-image-preview":"max-image-preview:large","max-video-preview":"max-video-preview:-1"},"canonical":"https:\/\/adepublicite.fr\/ardoise\/ardoise-effacable-a-sec\/","og_locale":"en_US","og_type":"article","og_title":"White board - ADE Publicit\u00e9","og_url":"https:\/\/adepublicite.fr\/ardoise\/ardoise-effacable-a-sec\/","og_site_name":"ADE Publicit\u00e9","article_publisher":"https:\/\/www.facebook.com\/adepublicite\/?ref=bookmarks","article_modified_time":"2022-12-15T08:08:55+00:00","og_image":[{"width":500,"height":500,"url":"https:\/\/adepublicite.fr\/wp-content\/uploads\/2018\/05\/ardoise_murale_effacable_a_sec_1.jpg","type":"image\/jpeg"}],"twitter_card":"summary_large_image","twitter_misc":{"Est. reading time":"2 minutes"},"schema":{"@context":"https:\/\/schema.org","@graph":[{"@type":"WebPage","@id":"https:\/\/adepublicite.fr\/ardoise\/ardoise-effacable-a-sec\/","url":"https:\/\/adepublicite.fr\/ardoise\/ardoise-effacable-a-sec\/","name":"Ardoise publicitaire sur mesure effa\u00e7able \u00e0 sec | ADE Publicit\u00e9","isPartOf":{"@id":"https:\/\/adepublicite.fr\/#website"},"primaryImageOfPage":{"@id":"https:\/\/adepublicite.fr\/ardoise\/ardoise-effacable-a-sec\/#primaryimage"},"image":{"@id":"https:\/\/adepublicite.fr\/ardoise\/ardoise-effacable-a-sec\/#primaryimage"},"thumbnailUrl":"https:\/\/adepublicite.fr\/wp-content\/uploads\/2018\/05\/ardoise_murale_effacable_a_sec_1.jpg","datePublished":"2018-05-02T20:23:13+00:00","dateModified":"2022-12-15T08:08:55+00:00","description":"L'ardoise est l'outil indispensable \u00e0 vos clients ... et id\u00e9al pour votre pub car plac\u00e9e au meilleur endroit au moment o\u00f9 le consommateur passe sa commande !","breadcrumb":{"@id":"https:\/\/adepublicite.fr\/ardoise\/ardoise-effacable-a-sec\/#breadcrumb"},"inLanguage":"en-US","potentialAction":[{"@type":"ReadAction","target":["https:\/\/adepublicite.fr\/ardoise\/ardoise-effacable-a-sec\/"]}]},{"@type":"ImageObject","inLanguage":"en-US","@id":"https:\/\/adepublicite.fr\/ardoise\/ardoise-effacable-a-sec\/#primaryimage","url":"https:\/\/adepublicite.fr\/wp-content\/uploads\/2018\/05\/ardoise_murale_effacable_a_sec_1.jpg","contentUrl":"https:\/\/adepublicite.fr\/wp-content\/uploads\/2018\/05\/ardoise_murale_effacable_a_sec_1.jpg","width":500,"height":500,"caption":"ardoise-effa\u00e7able-\u00e0-sec-type-velleda"},{"@type":"BreadcrumbList","@id":"https:\/\/adepublicite.fr\/ardoise\/ardoise-effacable-a-sec\/#breadcrumb","itemListElement":[{"@type":"ListItem","position":1,"name":"Accueil","item":"https:\/\/adepublicite.fr\/"},{"@type":"ListItem","position":2,"name":"Ardoise","item":"https:\/\/adepublicite.fr\/ardoise\/"},{"@type":"ListItem","position":3,"name":"Ardoise effa\u00e7able \u00e0 sec"}]},{"@type":"WebSite","@id":"https:\/\/adepublicite.fr\/#website","url":"https:\/\/adepublicite.fr\/","name":"ADE Publicit\u00e9","description":"","publisher":{"@id":"https:\/\/adepublicite.fr\/#organization"},"potentialAction":[{"@type":"SearchAction","target":{"@type":"EntryPoint","urlTemplate":"https:\/\/adepublicite.fr\/?s={search_term_string}"},"query-input":{"@type":"PropertyValueSpecification","valueRequired":true,"valueName":"search_term_string"}}],"inLanguage":"en-US"},{"@type":"Organization","@id":"https:\/\/adepublicite.fr\/#organization","name":"ADE Publicit\u00e9","url":"https:\/\/adepublicite.fr\/","logo":{"@type":"ImageObject","inLanguage":"en-US","@id":"https:\/\/adepublicite.fr\/#\/schema\/logo\/image\/","url":"https:\/\/adepublicite.fr\/wp-content\/uploads\/2018\/05\/FAVICON.png","contentUrl":"https:\/\/adepublicite.fr\/wp-content\/uploads\/2018\/05\/FAVICON.png","width":512,"height":512,"caption":"ADE Publicit\u00e9"},"image":{"@id":"https:\/\/adepublicite.fr\/#\/schema\/logo\/image\/"},"sameAs":["https:\/\/www.facebook.com\/adepublicite\/?ref=bookmarks","https:\/\/www.linkedin.com\/company\/ade-publicit\u00e9\/"]}]}},"amp_enabled":true,"_links":{"self":[{"href":"https:\/\/adepublicite.fr\/en\/wp-json\/wp\/v2\/pages\/435","targetHints":{"allow":["GET"]}}],"collection":[{"href":"https:\/\/adepublicite.fr\/en\/wp-json\/wp\/v2\/pages"}],"about":[{"href":"https:\/\/adepublicite.fr\/en\/wp-json\/wp\/v2\/types\/page"}],"author":[{"embeddable":true,"href":"https:\/\/adepublicite.fr\/en\/wp-json\/wp\/v2\/users\/1"}],"replies":[{"embeddable":true,"href":"https:\/\/adepublicite.fr\/en\/wp-json\/wp\/v2\/comments?post=435"}],"version-history":[{"count":27,"href":"https:\/\/adepublicite.fr\/en\/wp-json\/wp\/v2\/pages\/435\/revisions"}],"predecessor-version":[{"id":4000,"href":"https:\/\/adepublicite.fr\/en\/wp-json\/wp\/v2\/pages\/435\/revisions\/4000"}],"up":[{"embeddable":true,"href":"https:\/\/adepublicite.fr\/en\/wp-json\/wp\/v2\/pages\/427"}],"wp:featuredmedia":[{"embeddable":true,"href":"https:\/\/adepublicite.fr\/en\/wp-json\/wp\/v2\/media\/86"}],"wp:attachment":[{"href":"https:\/\/adepublicite.fr\/en\/wp-json\/wp\/v2\/media?parent=435"}],"curies":[{"name":"wp","href":"https:\/\/api.w.org\/{rel}","templated":true}]}}