{"id":429,"date":"2018-05-02T22:22:16","date_gmt":"2018-05-02T20:22:16","guid":{"rendered":"http:\/\/adepublicite.fr\/?page_id=429"},"modified":"2022-12-14T14:28:35","modified_gmt":"2022-12-14T13:28:35","slug":"ardoise-sans-cadre","status":"publish","type":"page","link":"https:\/\/adepublicite.fr\/en\/ardoise\/ardoise-sans-cadre\/","title":{"rendered":"Blackboard without frame"},"content":{"rendered":"<table style=\"width: 100%;\">\n<tbody>\n<tr>\n<td style=\"width: 75%;\">\n<h2>Technical description<\/h2>\n<p><strong>Support:<\/strong>\u00a0medium MDF lacquered black, medium MDF covered with slate ink, wood plywood covered with slate ink, PVC dyed in the mass, expanded PVC, plexiglass, shock PS (different thicknesses possible)<\/p>\n<p><strong>Printing:<\/strong>\u00a0silkscreen or digital<\/p>\n<p><strong>Standard formats:<\/strong>\u00a030x40cm, 40x60cm, 80x120cm (other sizes possible)<\/p>\n<p><strong>Finishes and options:<\/strong>\u00a0fixing hook, mounting cup, fixing hole, 2 holes + string suspension, edging songs, felt chalk, anti-graffiti varnish (and other options on request)<\/p>\n<p><strong>Packing:<\/strong>\u00a0individual under film<\/p>\n<p><strong>Origin:<\/strong>\u00a0in our premises in Is\u00e8re (France)<\/p>\n<p>Want to know more about our blackboard manufacturing techniques? Visit the\u00a0<a href=\"https:\/\/adepublicite.fr\/en\/savoir-faire\/\">know-how<\/a>\u00a0page or\u00a0<a href=\"https:\/\/adepublicite.fr\/en\/contact\/\">come and meet us<\/a>!<\/p>\n<\/td>\n<td style=\"text-align: center; vertical-align: top;\"><div id=\"metaslider-id-229\" style=\"max-width: 700px;\" class=\"ml-slider-3-107-0 metaslider metaslider-flex metaslider-229 ml-slider ms-theme-default nav-hidden\" role=\"region\" aria-label=\"Ardoise sans cadre\" data-height=\"300\" data-width=\"700\">\n    <div id=\"metaslider_container_229\">\n        <div id=\"metaslider_229\">\n            <ul class='slides'>\n                <li style=\"display: block; width: 100%;\" class=\"slide-231 ms-image \" aria-roledescription=\"slide\" data-date=\"2018-05-02 21:34:39\" data-filename=\"ardoise_murale_sans_cadre_1.jpg\" data-slide-type=\"image\"><img loading=\"lazy\" decoding=\"async\" width=\"500\" height=\"500\" src=\"https:\/\/adepublicite.fr\/wp-content\/uploads\/2018\/05\/ardoise_murale_sans_cadre_1.jpg\" class=\"slider-229 slide-231 msDefaultImage\" alt=\"ardoise\" rel=\"\" title=\"ardoise_murale_sans_cadre_1\" srcset=\"https:\/\/adepublicite.fr\/wp-content\/uploads\/2018\/05\/ardoise_murale_sans_cadre_1.jpg 500w, https:\/\/adepublicite.fr\/wp-content\/uploads\/2018\/05\/ardoise_murale_sans_cadre_1-150x150.jpg 150w, https:\/\/adepublicite.fr\/wp-content\/uploads\/2018\/05\/ardoise_murale_sans_cadre_1-300x300.jpg 300w, https:\/\/adepublicite.fr\/wp-content\/uploads\/2018\/05\/ardoise_murale_sans_cadre_1-365x365.jpg 365w\" sizes=\"auto, (max-width: 500px) 100vw, 500px\" \/><\/li>\n                <li style=\"display: none; width: 100%;\" class=\"slide-232 ms-image \" aria-roledescription=\"slide\" data-date=\"2018-05-02 21:34:40\" data-filename=\"ardoise_murale_sans_cadre_2.jpg\" data-slide-type=\"image\"><img loading=\"lazy\" decoding=\"async\" width=\"500\" height=\"500\" src=\"https:\/\/adepublicite.fr\/wp-content\/uploads\/2018\/05\/ardoise_murale_sans_cadre_2.jpg\" class=\"slider-229 slide-232 msDefaultImage\" alt=\"ardoise\" rel=\"\" title=\"ardoise_murale_sans_cadre_2\" srcset=\"https:\/\/adepublicite.fr\/wp-content\/uploads\/2018\/05\/ardoise_murale_sans_cadre_2.jpg 500w, https:\/\/adepublicite.fr\/wp-content\/uploads\/2018\/05\/ardoise_murale_sans_cadre_2-150x150.jpg 150w, https:\/\/adepublicite.fr\/wp-content\/uploads\/2018\/05\/ardoise_murale_sans_cadre_2-300x300.jpg 300w\" sizes=\"auto, (max-width: 500px) 100vw, 500px\" \/><\/li>\n                <li style=\"display: none; width: 100%;\" class=\"slide-233 ms-image \" aria-roledescription=\"slide\" data-date=\"2018-05-02 21:34:40\" data-filename=\"ardoise_murale_sans_cadre_3.jpg\" data-slide-type=\"image\"><img loading=\"lazy\" decoding=\"async\" width=\"500\" height=\"500\" src=\"https:\/\/adepublicite.fr\/wp-content\/uploads\/2018\/05\/ardoise_murale_sans_cadre_3.jpg\" class=\"slider-229 slide-233 msDefaultImage\" alt=\"ardoise\" rel=\"\" title=\"ardoise_murale_sans_cadre_3\" srcset=\"https:\/\/adepublicite.fr\/wp-content\/uploads\/2018\/05\/ardoise_murale_sans_cadre_3.jpg 500w, https:\/\/adepublicite.fr\/wp-content\/uploads\/2018\/05\/ardoise_murale_sans_cadre_3-150x150.jpg 150w, https:\/\/adepublicite.fr\/wp-content\/uploads\/2018\/05\/ardoise_murale_sans_cadre_3-300x300.jpg 300w\" sizes=\"auto, (max-width: 500px) 100vw, 500px\" \/><\/li>\n                <li style=\"display: none; width: 100%;\" class=\"slide-234 ms-image \" aria-roledescription=\"slide\" data-date=\"2018-05-02 21:34:41\" data-filename=\"ardoise_murale_sans_cadre_4.jpg\" data-slide-type=\"image\"><img loading=\"lazy\" decoding=\"async\" width=\"500\" height=\"500\" src=\"https:\/\/adepublicite.fr\/wp-content\/uploads\/2018\/05\/ardoise_murale_sans_cadre_4.jpg\" class=\"slider-229 slide-234 msDefaultImage\" alt=\"ardoise\" rel=\"\" title=\"ardoise_murale_sans_cadre_4\" srcset=\"https:\/\/adepublicite.fr\/wp-content\/uploads\/2018\/05\/ardoise_murale_sans_cadre_4.jpg 500w, https:\/\/adepublicite.fr\/wp-content\/uploads\/2018\/05\/ardoise_murale_sans_cadre_4-150x150.jpg 150w, https:\/\/adepublicite.fr\/wp-content\/uploads\/2018\/05\/ardoise_murale_sans_cadre_4-300x300.jpg 300w\" sizes=\"auto, (max-width: 500px) 100vw, 500px\" \/><\/li>\n            <\/ul>\n        <\/div>\n        \n    <\/div>\n<\/div><\/td>\n<\/tr>\n<\/tbody>\n<\/table>\n\n\n<div style=\"height:20px\" aria-hidden=\"true\" class=\"wp-block-spacer\"><\/div>\n\n\n\n<h2 class=\"wp-block-heading\">Prices<\/h2>\n\n\n\n<p>Our prices depend on your personalization criteria (the size of the blackboard, the number of colors to print, the type of framing, if necessary the retouching your files, the quantity \u2026 see our&nbsp;<a href=\"https:\/\/adepublicite.fr\/en\/savoir-faire\/\">know-how<\/a>&nbsp;for more explanations), and are therefore exclusively on estimate.<\/p>\n\n\n\n<div style=\"height:20px\" aria-hidden=\"true\" class=\"wp-block-spacer\"><\/div>\n\n\n\n<h2 class=\"wp-block-heading\">Similar products<\/h2>\n\n\n<table style=\"width: 100%;\">\n<tbody>\n<tr>\n<td style=\"width: 20%; text-align: center;\"><a href=\"https:\/\/adepublicite.fr\/en\/ardoise\/ardoise-avec-cadre\/\"><img loading=\"lazy\" decoding=\"async\" class=\"alignnone wp-image-78 size-medium\" src=\"https:\/\/adepublicite.fr\/wp-content\/uploads\/2018\/05\/ardoise_murale_avec_cadre_1-300x300.jpg\" alt=\"\" width=\"300\" height=\"300\" srcset=\"https:\/\/adepublicite.fr\/wp-content\/uploads\/2018\/05\/ardoise_murale_avec_cadre_1-300x300.jpg 300w, https:\/\/adepublicite.fr\/wp-content\/uploads\/2018\/05\/ardoise_murale_avec_cadre_1-150x150.jpg 150w, https:\/\/adepublicite.fr\/wp-content\/uploads\/2018\/05\/ardoise_murale_avec_cadre_1-365x365.jpg 365w, https:\/\/adepublicite.fr\/wp-content\/uploads\/2018\/05\/ardoise_murale_avec_cadre_1.jpg 500w\" sizes=\"auto, (max-width: 300px) 100vw, 300px\" \/><\/a><\/td>\n<td style=\"width: 20%; text-align: center;\"><a href=\"https:\/\/adepublicite.fr\/en\/ardoise\/ardoise-avec-decoupe\/\"><img loading=\"lazy\" decoding=\"async\" class=\"alignnone wp-image-82 size-medium\" src=\"https:\/\/adepublicite.fr\/wp-content\/uploads\/2018\/05\/ardoise_murale_avec_decoupe_1-300x300.jpg\" alt=\"\" width=\"300\" height=\"300\" srcset=\"https:\/\/adepublicite.fr\/wp-content\/uploads\/2018\/05\/ardoise_murale_avec_decoupe_1-300x300.jpg 300w, https:\/\/adepublicite.fr\/wp-content\/uploads\/2018\/05\/ardoise_murale_avec_decoupe_1-150x150.jpg 150w, https:\/\/adepublicite.fr\/wp-content\/uploads\/2018\/05\/ardoise_murale_avec_decoupe_1-365x365.jpg 365w, https:\/\/adepublicite.fr\/wp-content\/uploads\/2018\/05\/ardoise_murale_avec_decoupe_1.jpg 500w\" sizes=\"auto, (max-width: 300px) 100vw, 300px\" \/><\/a><\/td>\n<td style=\"width: 20%; text-align: center;\"><a href=\"https:\/\/adepublicite.fr\/en\/ardoise\/ardoise-effacable-a-sec\/\"><img loading=\"lazy\" decoding=\"async\" class=\"alignnone wp-image-86 size-medium\" src=\"https:\/\/adepublicite.fr\/wp-content\/uploads\/2018\/05\/ardoise_murale_effacable_a_sec_1-300x300.jpg\" alt=\"\" width=\"300\" height=\"300\" srcset=\"https:\/\/adepublicite.fr\/wp-content\/uploads\/2018\/05\/ardoise_murale_effacable_a_sec_1-300x300.jpg 300w, https:\/\/adepublicite.fr\/wp-content\/uploads\/2018\/05\/ardoise_murale_effacable_a_sec_1-150x150.jpg 150w, https:\/\/adepublicite.fr\/wp-content\/uploads\/2018\/05\/ardoise_murale_effacable_a_sec_1-365x365.jpg 365w, https:\/\/adepublicite.fr\/wp-content\/uploads\/2018\/05\/ardoise_murale_effacable_a_sec_1.jpg 500w\" sizes=\"auto, (max-width: 300px) 100vw, 300px\" \/><\/a><\/td>\n<td style=\"width: 20%; text-align: center;\"><a href=\"https:\/\/adepublicite.fr\/en\/ardoise\/ardoise-magnetique\/\"><img loading=\"lazy\" decoding=\"async\" class=\"alignnone wp-image-90 size-medium\" src=\"https:\/\/adepublicite.fr\/wp-content\/uploads\/2018\/05\/ardoise_murale_magnetique_1-300x300.jpg\" alt=\"\" width=\"300\" height=\"300\" srcset=\"https:\/\/adepublicite.fr\/wp-content\/uploads\/2018\/05\/ardoise_murale_magnetique_1-300x300.jpg 300w, https:\/\/adepublicite.fr\/wp-content\/uploads\/2018\/05\/ardoise_murale_magnetique_1-150x150.jpg 150w, https:\/\/adepublicite.fr\/wp-content\/uploads\/2018\/05\/ardoise_murale_magnetique_1-365x365.jpg 365w, https:\/\/adepublicite.fr\/wp-content\/uploads\/2018\/05\/ardoise_murale_magnetique_1.jpg 500w\" sizes=\"auto, (max-width: 300px) 100vw, 300px\" \/><\/a><\/td>\n<td style=\"width: 25%; text-align: center;\">\n<h2><a href=\"https:\/\/adepublicite.fr\/en\/ardoise\/ardoise-naturelle\/\"><img loading=\"lazy\" decoding=\"async\" class=\"alignnone wp-image-98 size-medium\" src=\"https:\/\/adepublicite.fr\/wp-content\/uploads\/2018\/05\/ardoise_naturelle_1-300x300.jpg\" alt=\"\" width=\"300\" height=\"300\" srcset=\"https:\/\/adepublicite.fr\/wp-content\/uploads\/2018\/05\/ardoise_naturelle_1-300x300.jpg 300w, https:\/\/adepublicite.fr\/wp-content\/uploads\/2018\/05\/ardoise_naturelle_1-150x150.jpg 150w, https:\/\/adepublicite.fr\/wp-content\/uploads\/2018\/05\/ardoise_naturelle_1-365x365.jpg 365w, https:\/\/adepublicite.fr\/wp-content\/uploads\/2018\/05\/ardoise_naturelle_1.jpg 500w\" sizes=\"auto, (max-width: 300px) 100vw, 300px\" \/><\/a><\/h2>\n<\/td>\n<\/tr>\n<tr>\n<td style=\"background-color: #ffffff; text-align: center;\"><a href=\"https:\/\/adepublicite.fr\/en\/ardoise\/ardoise-avec-cadre\/\">Blackboard with frame<\/a><\/td>\n<td style=\"background-color: #ffffff; text-align: center;\"><a href=\"https:\/\/adepublicite.fr\/en\/ardoise\/ardoise-avec-decoupe\/\">Blackboard cut in shape<\/a><\/td>\n<td style=\"background-color: #ffffff; text-align: center;\"><a href=\"https:\/\/adepublicite.fr\/en\/ardoise\/ardoise-effacable-a-sec\/\">Whiteboard<\/a><\/td>\n<td style=\"background-color: #ffffff; text-align: center;\"><a href=\"https:\/\/adepublicite.fr\/en\/ardoise\/ardoise-magnetique\/\">Magnetic board<\/a><\/td>\n<td style=\"background-color: #ffffff; text-align: center;\">\n<p><a href=\"https:\/\/adepublicite.fr\/en\/ardoise\/ardoise-naturelle\/\">Slate<\/a><\/p>\n<\/td>\n<\/tr>\n<\/tbody>\n<\/table>","protected":false},"excerpt":{"rendered":"<p>Technical description Support:&nbsp;medium MDF lacquered black, medium MDF covered with slate ink, wood plywood covered with slate ink, PVC dyed in the mass, expanded PVC, plexiglass, shock PS (different thicknesses possible) Printing:&nbsp;silkscreen or digital Standard formats:&nbsp;30x40cm, 40x60cm, 80x120cm (other sizes &hellip; <a href=\"https:\/\/adepublicite.fr\/en\/ardoise\/ardoise-sans-cadre\/\">Continued<\/a><\/p>\n","protected":false},"author":1,"featured_media":94,"parent":427,"menu_order":1,"comment_status":"closed","ping_status":"closed","template":"","meta":{"kt_blocks_editor_width":"","_monsterinsights_skip_tracking":false,"_monsterinsights_sitenote_active":false,"_monsterinsights_sitenote_note":"","_monsterinsights_sitenote_category":0,"footnotes":""},"class_list":["post-429","page","type-page","status-publish","has-post-thumbnail","hentry"],"translation":{"provider":"WPGlobus","version":"3.0.2","language":"en","enabled_languages":["fr","en"],"languages":{"fr":{"title":true,"content":true,"excerpt":false},"en":{"title":true,"content":true,"excerpt":false}}},"yoast_head":"<!-- This site is optimized with the Yoast SEO plugin v27.3 - https:\/\/yoast.com\/product\/yoast-seo-wordpress\/ -->\n<title>Ardoise publicitaire personnalis\u00e9e sans cadre | ADE Publicit\u00e9<\/title>\n<meta name=\"robots\" content=\"index, follow, max-snippet:-1, max-image-preview:large, max-video-preview:-1\" \/>\n<link rel=\"canonical\" href=\"https:\/\/adepublicite.fr\/ardoise\/ardoise-sans-cadre\/\" \/>\n<meta property=\"og:locale\" content=\"en_US\" \/>\n<meta property=\"og:type\" content=\"article\" \/>\n<meta property=\"og:title\" content=\"Blackboard without frame - ADE Publicit\u00e9\" \/>\n<meta property=\"og:url\" content=\"https:\/\/adepublicite.fr\/ardoise\/ardoise-sans-cadre\/\" \/>\n<meta property=\"og:site_name\" content=\"ADE Publicit\u00e9\" \/>\n<meta property=\"article:publisher\" content=\"https:\/\/www.facebook.com\/adepublicite\/?ref=bookmarks\" \/>\n<meta property=\"article:modified_time\" content=\"2022-12-14T13:28:35+00:00\" \/>\n<meta property=\"og:image\" content=\"https:\/\/adepublicite.fr\/wp-content\/uploads\/2018\/05\/ardoise_murale_sans_cadre_1.jpg\" \/>\n\t<meta property=\"og:image:width\" content=\"500\" \/>\n\t<meta property=\"og:image:height\" content=\"500\" \/>\n\t<meta property=\"og:image:type\" content=\"image\/jpeg\" \/>\n<meta name=\"twitter:card\" content=\"summary_large_image\" \/>\n<meta name=\"twitter:label1\" content=\"Est. reading time\" \/>\n\t<meta name=\"twitter:data1\" content=\"2 minutes\" \/>\n<script type=\"application\/ld+json\" class=\"yoast-schema-graph\">{\"@context\":\"https:\\\/\\\/schema.org\",\"@graph\":[{\"@type\":\"WebPage\",\"@id\":\"https:\\\/\\\/adepublicite.fr\\\/ardoise\\\/ardoise-sans-cadre\\\/\",\"url\":\"https:\\\/\\\/adepublicite.fr\\\/ardoise\\\/ardoise-sans-cadre\\\/\",\"name\":\"Ardoise publicitaire personnalis\u00e9e sans cadre | ADE Publicit\u00e9\",\"isPartOf\":{\"@id\":\"https:\\\/\\\/adepublicite.fr\\\/#website\"},\"primaryImageOfPage\":{\"@id\":\"https:\\\/\\\/adepublicite.fr\\\/ardoise\\\/ardoise-sans-cadre\\\/#primaryimage\"},\"image\":{\"@id\":\"https:\\\/\\\/adepublicite.fr\\\/ardoise\\\/ardoise-sans-cadre\\\/#primaryimage\"},\"thumbnailUrl\":\"https:\\\/\\\/adepublicite.fr\\\/wp-content\\\/uploads\\\/2018\\\/05\\\/ardoise_murale_sans_cadre_1.jpg\",\"datePublished\":\"2018-05-02T20:22:16+00:00\",\"dateModified\":\"2022-12-14T13:28:35+00:00\",\"description\":\"L'ardoise est l'outil indispensable \u00e0 vos clients ... et id\u00e9al pour votre pub car plac\u00e9e au meilleur endroit au moment o\u00f9 le consommateur passe sa commande !\",\"breadcrumb\":{\"@id\":\"https:\\\/\\\/adepublicite.fr\\\/ardoise\\\/ardoise-sans-cadre\\\/#breadcrumb\"},\"inLanguage\":\"en-US\",\"potentialAction\":[{\"@type\":\"ReadAction\",\"target\":[\"https:\\\/\\\/adepublicite.fr\\\/ardoise\\\/ardoise-sans-cadre\\\/\"]}]},{\"@type\":\"ImageObject\",\"inLanguage\":\"en-US\",\"@id\":\"https:\\\/\\\/adepublicite.fr\\\/ardoise\\\/ardoise-sans-cadre\\\/#primaryimage\",\"url\":\"https:\\\/\\\/adepublicite.fr\\\/wp-content\\\/uploads\\\/2018\\\/05\\\/ardoise_murale_sans_cadre_1.jpg\",\"contentUrl\":\"https:\\\/\\\/adepublicite.fr\\\/wp-content\\\/uploads\\\/2018\\\/05\\\/ardoise_murale_sans_cadre_1.jpg\",\"width\":500,\"height\":500,\"caption\":\"ardoise\"},{\"@type\":\"BreadcrumbList\",\"@id\":\"https:\\\/\\\/adepublicite.fr\\\/ardoise\\\/ardoise-sans-cadre\\\/#breadcrumb\",\"itemListElement\":[{\"@type\":\"ListItem\",\"position\":1,\"name\":\"Accueil\",\"item\":\"https:\\\/\\\/adepublicite.fr\\\/\"},{\"@type\":\"ListItem\",\"position\":2,\"name\":\"Ardoise\",\"item\":\"https:\\\/\\\/adepublicite.fr\\\/ardoise\\\/\"},{\"@type\":\"ListItem\",\"position\":3,\"name\":\"Ardoise sans cadre\"}]},{\"@type\":\"WebSite\",\"@id\":\"https:\\\/\\\/adepublicite.fr\\\/#website\",\"url\":\"https:\\\/\\\/adepublicite.fr\\\/\",\"name\":\"ADE Publicit\u00e9\",\"description\":\"\",\"publisher\":{\"@id\":\"https:\\\/\\\/adepublicite.fr\\\/#organization\"},\"potentialAction\":[{\"@type\":\"SearchAction\",\"target\":{\"@type\":\"EntryPoint\",\"urlTemplate\":\"https:\\\/\\\/adepublicite.fr\\\/?s={search_term_string}\"},\"query-input\":{\"@type\":\"PropertyValueSpecification\",\"valueRequired\":true,\"valueName\":\"search_term_string\"}}],\"inLanguage\":\"en-US\"},{\"@type\":\"Organization\",\"@id\":\"https:\\\/\\\/adepublicite.fr\\\/#organization\",\"name\":\"ADE Publicit\u00e9\",\"url\":\"https:\\\/\\\/adepublicite.fr\\\/\",\"logo\":{\"@type\":\"ImageObject\",\"inLanguage\":\"en-US\",\"@id\":\"https:\\\/\\\/adepublicite.fr\\\/#\\\/schema\\\/logo\\\/image\\\/\",\"url\":\"https:\\\/\\\/adepublicite.fr\\\/wp-content\\\/uploads\\\/2018\\\/05\\\/FAVICON.png\",\"contentUrl\":\"https:\\\/\\\/adepublicite.fr\\\/wp-content\\\/uploads\\\/2018\\\/05\\\/FAVICON.png\",\"width\":512,\"height\":512,\"caption\":\"ADE Publicit\u00e9\"},\"image\":{\"@id\":\"https:\\\/\\\/adepublicite.fr\\\/#\\\/schema\\\/logo\\\/image\\\/\"},\"sameAs\":[\"https:\\\/\\\/www.facebook.com\\\/adepublicite\\\/?ref=bookmarks\",\"https:\\\/\\\/www.linkedin.com\\\/company\\\/ade-publicit\u00e9\\\/\"]}]}<\/script>\n<!-- \/ Yoast SEO plugin. -->","yoast_head_json":{"title":"Ardoise publicitaire personnalis\u00e9e sans cadre | ADE Publicit\u00e9","robots":{"index":"index","follow":"follow","max-snippet":"max-snippet:-1","max-image-preview":"max-image-preview:large","max-video-preview":"max-video-preview:-1"},"canonical":"https:\/\/adepublicite.fr\/ardoise\/ardoise-sans-cadre\/","og_locale":"en_US","og_type":"article","og_title":"Blackboard without frame - ADE Publicit\u00e9","og_url":"https:\/\/adepublicite.fr\/ardoise\/ardoise-sans-cadre\/","og_site_name":"ADE Publicit\u00e9","article_publisher":"https:\/\/www.facebook.com\/adepublicite\/?ref=bookmarks","article_modified_time":"2022-12-14T13:28:35+00:00","og_image":[{"width":500,"height":500,"url":"https:\/\/adepublicite.fr\/wp-content\/uploads\/2018\/05\/ardoise_murale_sans_cadre_1.jpg","type":"image\/jpeg"}],"twitter_card":"summary_large_image","twitter_misc":{"Est. reading time":"2 minutes"},"schema":{"@context":"https:\/\/schema.org","@graph":[{"@type":"WebPage","@id":"https:\/\/adepublicite.fr\/ardoise\/ardoise-sans-cadre\/","url":"https:\/\/adepublicite.fr\/ardoise\/ardoise-sans-cadre\/","name":"Ardoise publicitaire personnalis\u00e9e sans cadre | ADE Publicit\u00e9","isPartOf":{"@id":"https:\/\/adepublicite.fr\/#website"},"primaryImageOfPage":{"@id":"https:\/\/adepublicite.fr\/ardoise\/ardoise-sans-cadre\/#primaryimage"},"image":{"@id":"https:\/\/adepublicite.fr\/ardoise\/ardoise-sans-cadre\/#primaryimage"},"thumbnailUrl":"https:\/\/adepublicite.fr\/wp-content\/uploads\/2018\/05\/ardoise_murale_sans_cadre_1.jpg","datePublished":"2018-05-02T20:22:16+00:00","dateModified":"2022-12-14T13:28:35+00:00","description":"L'ardoise est l'outil indispensable \u00e0 vos clients ... et id\u00e9al pour votre pub car plac\u00e9e au meilleur endroit au moment o\u00f9 le consommateur passe sa commande !","breadcrumb":{"@id":"https:\/\/adepublicite.fr\/ardoise\/ardoise-sans-cadre\/#breadcrumb"},"inLanguage":"en-US","potentialAction":[{"@type":"ReadAction","target":["https:\/\/adepublicite.fr\/ardoise\/ardoise-sans-cadre\/"]}]},{"@type":"ImageObject","inLanguage":"en-US","@id":"https:\/\/adepublicite.fr\/ardoise\/ardoise-sans-cadre\/#primaryimage","url":"https:\/\/adepublicite.fr\/wp-content\/uploads\/2018\/05\/ardoise_murale_sans_cadre_1.jpg","contentUrl":"https:\/\/adepublicite.fr\/wp-content\/uploads\/2018\/05\/ardoise_murale_sans_cadre_1.jpg","width":500,"height":500,"caption":"ardoise"},{"@type":"BreadcrumbList","@id":"https:\/\/adepublicite.fr\/ardoise\/ardoise-sans-cadre\/#breadcrumb","itemListElement":[{"@type":"ListItem","position":1,"name":"Accueil","item":"https:\/\/adepublicite.fr\/"},{"@type":"ListItem","position":2,"name":"Ardoise","item":"https:\/\/adepublicite.fr\/ardoise\/"},{"@type":"ListItem","position":3,"name":"Ardoise sans cadre"}]},{"@type":"WebSite","@id":"https:\/\/adepublicite.fr\/#website","url":"https:\/\/adepublicite.fr\/","name":"ADE Publicit\u00e9","description":"","publisher":{"@id":"https:\/\/adepublicite.fr\/#organization"},"potentialAction":[{"@type":"SearchAction","target":{"@type":"EntryPoint","urlTemplate":"https:\/\/adepublicite.fr\/?s={search_term_string}"},"query-input":{"@type":"PropertyValueSpecification","valueRequired":true,"valueName":"search_term_string"}}],"inLanguage":"en-US"},{"@type":"Organization","@id":"https:\/\/adepublicite.fr\/#organization","name":"ADE Publicit\u00e9","url":"https:\/\/adepublicite.fr\/","logo":{"@type":"ImageObject","inLanguage":"en-US","@id":"https:\/\/adepublicite.fr\/#\/schema\/logo\/image\/","url":"https:\/\/adepublicite.fr\/wp-content\/uploads\/2018\/05\/FAVICON.png","contentUrl":"https:\/\/adepublicite.fr\/wp-content\/uploads\/2018\/05\/FAVICON.png","width":512,"height":512,"caption":"ADE Publicit\u00e9"},"image":{"@id":"https:\/\/adepublicite.fr\/#\/schema\/logo\/image\/"},"sameAs":["https:\/\/www.facebook.com\/adepublicite\/?ref=bookmarks","https:\/\/www.linkedin.com\/company\/ade-publicit\u00e9\/"]}]}},"amp_enabled":true,"_links":{"self":[{"href":"https:\/\/adepublicite.fr\/en\/wp-json\/wp\/v2\/pages\/429","targetHints":{"allow":["GET"]}}],"collection":[{"href":"https:\/\/adepublicite.fr\/en\/wp-json\/wp\/v2\/pages"}],"about":[{"href":"https:\/\/adepublicite.fr\/en\/wp-json\/wp\/v2\/types\/page"}],"author":[{"embeddable":true,"href":"https:\/\/adepublicite.fr\/en\/wp-json\/wp\/v2\/users\/1"}],"replies":[{"embeddable":true,"href":"https:\/\/adepublicite.fr\/en\/wp-json\/wp\/v2\/comments?post=429"}],"version-history":[{"count":22,"href":"https:\/\/adepublicite.fr\/en\/wp-json\/wp\/v2\/pages\/429\/revisions"}],"predecessor-version":[{"id":3993,"href":"https:\/\/adepublicite.fr\/en\/wp-json\/wp\/v2\/pages\/429\/revisions\/3993"}],"up":[{"embeddable":true,"href":"https:\/\/adepublicite.fr\/en\/wp-json\/wp\/v2\/pages\/427"}],"wp:featuredmedia":[{"embeddable":true,"href":"https:\/\/adepublicite.fr\/en\/wp-json\/wp\/v2\/media\/94"}],"wp:attachment":[{"href":"https:\/\/adepublicite.fr\/en\/wp-json\/wp\/v2\/media?parent=429"}],"curies":[{"name":"wp","href":"https:\/\/api.w.org\/{rel}","templated":true}]}}