{"id":4241,"date":"2024-07-10T10:58:09","date_gmt":"2024-07-10T08:58:09","guid":{"rendered":"https:\/\/adepublicite.fr\/?page_id=4241"},"modified":"2024-07-10T11:21:34","modified_gmt":"2024-07-10T09:21:34","slug":"plan-du-site","status":"publish","type":"page","link":"https:\/\/adepublicite.fr\/en\/accueil\/plan-du-site\/","title":{"rendered":"Plan du site"},"content":{"rendered":"\n<h2 class=\"wp-block-heading\"><a href=\"https:\/\/adepublicite.fr\/\">Accueil<\/a><\/h2>\n\n\n\n<p>\u2014 <a href=\"https:\/\/adepublicite.fr\/accueil\/savoir-faire\/\">Savoir faire<\/a><br>\u2014 <a href=\"https:\/\/adepublicite.fr\/accueil\/actualite\/\">Actualit\u00e9<\/a><br>\u2014 <a href=\"https:\/\/adepublicite.fr\/accueil\/contact\/\">Contact<\/a><br>\u2014 <a href=\"https:\/\/adepublicite.fr\/accueil\/contraintes-techniques\/\">Contraintes techniques<\/a><br>\u2014 Conditions G\u00e9n\u00e9rales de Vente<br>\u2014 <a href=\"https:\/\/adepublicite.fr\/accueil\/mentions-legales\/\">Mentions l\u00e9gales<\/a><\/p>\n\n\n\n<div style=\"height:40px\" aria-hidden=\"true\" class=\"wp-block-spacer\"><\/div>\n\n\n\n<h2 class=\"wp-block-heading\">Nos produits<\/h2>\n\n\n\n<p><a href=\"https:\/\/adepublicite.fr\/miroir\/\">Miroirs<\/a><br>\u2014 <a href=\"https:\/\/adepublicite.fr\/miroir\/miroir-sans-cadre\/\">Miroir sans cadre<\/a><br>\u2014 <a href=\"https:\/\/adepublicite.fr\/miroir\/miroir-avec-cadre\/\">Miroir avec cadre<\/a><br>\u2014 <a href=\"https:\/\/adepublicite.fr\/miroir\/miroir-avec-decoupe\/\">Miroir avec d\u00e9coupe<\/a><br>\u2014 <a href=\"https:\/\/adepublicite.fr\/miroir\/miroir-incassable\/\">Miroir incassable<\/a><br>\u2014 <a href=\"https:\/\/adepublicite.fr\/miroir\/miroir-lumineux\/\">Miroir lumineux<\/a><\/p>\n\n\n\n<p><a href=\"https:\/\/adepublicite.fr\/ardoise\/\">Ardoises<\/a><br>\u2014 <a href=\"https:\/\/adepublicite.fr\/ardoise\/ardoise-sans-cadre\/\">Ardoise sans cadre<\/a><br>\u2014 <a href=\"https:\/\/adepublicite.fr\/ardoise\/ardoise-avec-cadre\/\">Ardoise avec cadre<\/a><br>\u2014 <a href=\"https:\/\/adepublicite.fr\/ardoise\/ardoise-avec-decoupe\/\">Ardoise avec d\u00e9coupe<\/a><br>\u2014 <a href=\"https:\/\/adepublicite.fr\/ardoise\/ardoise-effacable-a-sec\/\">Ardoise effa\u00e7able \u00e0 sec<\/a><br>\u2014 <a href=\"https:\/\/adepublicite.fr\/ardoise\/ardoise-magnetique\/\">Ardoise magn\u00e9tique<\/a><br>\u2014 <a href=\"https:\/\/adepublicite.fr\/ardoise\/ardoise-naturelle\/\">Ardoise naturelle<\/a><\/p>\n\n\n\n<p><a href=\"https:\/\/adepublicite.fr\/plv-de-table\/\">PLV de table<\/a><br>\u2014 <a href=\"https:\/\/adepublicite.fr\/plv-de-table\/ardoise-de-table-sans-cadre\/\">Ardoise de table sans cadre<\/a><br>\u2014 <a href=\"https:\/\/adepublicite.fr\/plv-de-table\/ardoise-de-table-avec-cadre\/\">Ardoise de table avec cadre<\/a><br>\u2014 <a href=\"https:\/\/adepublicite.fr\/plv-de-table\/ardoise-de-table-avec-decoupe\/\">Ardoise de table avec d\u00e9coupe<\/a><br>\u2014 <a href=\"https:\/\/adepublicite.fr\/plv-de-table\/chevalet-de-table\/\">Chevalet de table<\/a><br>\u2014 <a href=\"https:\/\/adepublicite.fr\/plv-de-table\/dessous-de-verre\/\">Dessous de verre<\/a><br>\u2014 <a href=\"https:\/\/adepublicite.fr\/plv-de-table\/ardoise-de-table-plexi\/\">Plexi de table<\/a><br>\u2014 <a href=\"https:\/\/adepublicite.fr\/plv-de-table\/ardoise-de-table-avec-3d\/\">Ardoise de table avec 3D<\/a><br>\u2014 <a href=\"https:\/\/adepublicite.fr\/plv-de-table\/chevalet-plexi\/\">Chevalet plexi<\/a><br>\u2014 <a href=\"https:\/\/adepublicite.fr\/plv-de-table\/ramasse-monnaie\/\">Ramasse monnaie<\/a><br>\u2014 <a href=\"https:\/\/adepublicite.fr\/plv-de-table\/socle\/\">Socle<\/a><\/p>\n\n\n\n<p><a href=\"https:\/\/adepublicite.fr\/stop-trottoir\/\">Stop trottoir<\/a><br>\u2014 <a href=\"https:\/\/adepublicite.fr\/stop-trottoir\/stop-trottoir-bois\/\">Stop trottoir bois<\/a><br>\u2014 <a href=\"https:\/\/adepublicite.fr\/stop-trottoir\/stop-trottoir-metal\/\">Stop trottoir m\u00e9tal<\/a><br>\u2014 <a href=\"https:\/\/adepublicite.fr\/stop-trottoir\/stop-trottoir-avec-decoupe\/\">Stop trottoir avec d\u00e9coupe<\/a><\/p>\n\n\n\n<p><a href=\"https:\/\/adepublicite.fr\/cavaliers-de-pompe\/\">Cavaliers de pompe<\/a><\/p>\n\n\n\n<p><a href=\"https:\/\/adepublicite.fr\/en-bois\/\">Planches et plateaux<\/a><br>\u2014 <a href=\"https:\/\/adepublicite.fr\/en-bois\/planche-a-decouper\/\">Planche \u00e0 d\u00e9couper<\/a><br>\u2014 <a href=\"https:\/\/adepublicite.fr\/en-bois\/planche-cocktail\/\">Planche cocktail<\/a><br>\u2014 <a href=\"https:\/\/adepublicite.fr\/en-bois\/plateau\/\">Plateau<\/a><\/p>\n\n\n\n<p><a href=\"https:\/\/adepublicite.fr\/plaque-metal\/\">Plaques m\u00e9tal<\/a><\/p>\n\n\n\n<p><a href=\"https:\/\/adepublicite.fr\/impression-autres-supports\/reproduction-sur-toile\/\">Toiles<\/a><\/p>\n\n\n\n<p><a href=\"https:\/\/adepublicite.fr\/impression-autres-supports\/\">Impression autres supports<\/a><br>\u2014 <a href=\"https:\/\/adepublicite.fr\/impression-autres-supports\/affiche\/\">Affiche grand format<\/a><br>\u2014 <a href=\"https:\/\/adepublicite.fr\/impression-autres-supports\/impression-sur-aluminium-brosse\/\">Impression sur aluminium bross\u00e9<\/a><br>\u2014 <a href=\"https:\/\/adepublicite.fr\/impression-autres-supports\/impression-sur-plexi\/\">Impression sur plexi<\/a><br>\u2014 <a href=\"https:\/\/adepublicite.fr\/impression-autres-supports\/reproduction-sur-toile\/\">Reproduction sur toile<\/a><br>\u2014 <a href=\"https:\/\/adepublicite.fr\/impression-autres-supports\/magnet\/\">Tableau magnet<\/a><br>\u2014 <a href=\"https:\/\/adepublicite.fr\/impression-autres-supports\/tableau-en-bois\/\">Tableau en bois<\/a><br>\u2014 <a href=\"https:\/\/adepublicite.fr\/impression-autres-supports\/tableau-en-mdf\/\">Tableau en mdf<\/a><br>\u2014 <a href=\"https:\/\/adepublicite.fr\/impression-autres-supports\/tableau-en-pvc\/\">Tableau en PVC<\/a><br>\u2014 <a href=\"https:\/\/adepublicite.fr\/impression-autres-supports\/tableau-en-verre\/\">Tableau en verre<\/a><\/p>\n\n\n\n<p><a href=\"https:\/\/adepublicite.fr\/encadrement\/\">Encadrement<\/a><br>\u2014 <a href=\"https:\/\/adepublicite.fr\/encadrement\/encadrement-daffiche\/\">Encadrement d\u2019affiche<\/a><br>\u2014 <a href=\"https:\/\/adepublicite.fr\/encadrement\/encadrement-divers-supports\/\">Encadrement divers supports<\/a><br>\u2014 <a href=\"https:\/\/adepublicite.fr\/encadrement\/cadre-plexi-avec-aimants\/\">Cadre plexi avec aimants<\/a><\/p>\n\n\n\n<p><a href=\"https:\/\/adepublicite.fr\/horloge\/\">Horloge<\/a><br>\u2014 <a href=\"https:\/\/adepublicite.fr\/horloge\/horloge-sans-cadre\/\">Horloge sans cadre<\/a><br>\u2014 <a href=\"https:\/\/adepublicite.fr\/horloge\/horloge-avec-cadre\/\">Horloge avec cadre<\/a><br>\u2014 <a href=\"https:\/\/adepublicite.fr\/horloge\/horloge-avec-decoupe\/\">Horloge avec d\u00e9coupe<\/a><\/p>\n\n\n\n<p><a href=\"https:\/\/adepublicite.fr\/stand-roll-up-cie\/\">Roll up &amp; cie<br><\/a>\u2014 <a href=\"https:\/\/adepublicite.fr\/stand-roll-up-cie\/bache\/\">B\u00e2che<\/a><br>\u2014 <a href=\"https:\/\/adepublicite.fr\/stand-roll-up-cie\/kakemono\/\">Kakemono<\/a><br>\u2014 <a href=\"https:\/\/adepublicite.fr\/stand-roll-up-cie\/roll-up\/\">Roll up<\/a><br>\u2014 <a href=\"https:\/\/adepublicite.fr\/stand-roll-up-cie\/x-banner\/\">X banner<\/a><br>\u2014 <a href=\"https:\/\/adepublicite.fr\/stand-roll-up-cie\/l-banner\/\">L banner<\/a><br>\u2014 <a href=\"https:\/\/adepublicite.fr\/stand-roll-up-cie\/comptoir\/\">Comptoir<\/a><br>\u2014 <a href=\"https:\/\/adepublicite.fr\/stand-roll-up-cie\/stand-parapluie\/\">Stand parapluie<\/a><\/p>\n\n\n\n<p><a href=\"https:\/\/adepublicite.fr\/adhesif\/\">Adh\u00e9sifs<\/a><br>\u2014 <a href=\"https:\/\/adepublicite.fr\/adhesif\/adhesif-de-porte\/\">Adh\u00e9sif de porte<\/a><br>\u2014 <a href=\"https:\/\/adepublicite.fr\/adhesif\/adhesif-de-sol\/\">Adh\u00e9sif de sol<\/a><br>\u2014 <a href=\"https:\/\/adepublicite.fr\/adhesif\/adhesif-mural\/\">Adh\u00e9sif mural<\/a><br>\u2014 <a href=\"https:\/\/adepublicite.fr\/adhesif\/adhesif-de-vitrine\/\">Adh\u00e9sif de vitrine<\/a><br>\u2014 <a href=\"https:\/\/adepublicite.fr\/adhesif\/adhesif-pour-vehicules\/\">Adh\u00e9sif pour v\u00e9hicules<\/a><br>\u2014 <a href=\"https:\/\/adepublicite.fr\/adhesif\/sticker-adhesif\/\">Sticker adh\u00e9sif<\/a><br>\u2014 <a href=\"https:\/\/adepublicite.fr\/adhesif\/vitrophanie\/\">Vitrophanie<\/a><\/p>\n\n\n\n<p><a href=\"https:\/\/adepublicite.fr\/trophees\/\">Troph\u00e9es<\/a><br>\u2014 <a href=\"https:\/\/adepublicite.fr\/trophees\/trophee-bois\/\">Troph\u00e9e bois<\/a><br>\u2014 <a href=\"https:\/\/adepublicite.fr\/trophees\/trophee-plexi\/\">Troph\u00e9e plexi<\/a><br>\u2014 <a href=\"https:\/\/adepublicite.fr\/trophees\/trophee-multimateriaux\/\">Troph\u00e9e multi mat\u00e9riaux<\/a><\/p>\n\n\n\n<p><a href=\"https:\/\/adepublicite.fr\/plv-lumineuse\/\">PLV lumineuse<\/a><br>\u2014 <a href=\"https:\/\/adepublicite.fr\/plv-lumineuse\/plexi-lumineux\/\">Plexi lumineux<\/a><br>\u2014 <a href=\"https:\/\/adepublicite.fr\/plv-lumineuse\/toile-lumineuse\/\">Toile lumineuse<\/a><\/p>\n\n\n\n<p><a href=\"https:\/\/adepublicite.fr\/signaletique\/\">Signal\u00e9tique<\/a><br>\u2014 <a href=\"https:\/\/adepublicite.fr\/signaletique\/numero-de-porte-signaletique\/\">Num\u00e9ro de porte \/ signal\u00e9tique<\/a><br>\u2014 <a href=\"https:\/\/adepublicite.fr\/signaletique\/plv-suspendue\/\">PLV suspendue<\/a><br>\u2014 <a href=\"https:\/\/adepublicite.fr\/signaletique\/stop-rayon\/\">Stop rayon<\/a><\/p>\n\n\n\n<p><a href=\"https:\/\/adepublicite.fr\/cadeaux-goodies\/\">Cadeaux goodies<\/a><br>\u2014 <a href=\"https:\/\/adepublicite.fr\/cadeaux-goodies\/photophore\/\">Photophore<\/a><br>\u2014 <a href=\"https:\/\/adepublicite.fr\/cadeaux-goodies\/porte-telephone\/\">Porte t\u00e9l\u00e9phone<\/a><br>\u2014 <a href=\"https:\/\/adepublicite.fr\/cadeaux-goodies\/maquette\/\">Maquette<\/a><\/p>\n\n\n\n<p><a href=\"https:\/\/adepublicite.fr\/decoration-dinterieur\/\">D\u00e9coration d\u2019int\u00e9rieur<\/a><br>\u2014 <a href=\"https:\/\/adepublicite.fr\/decoration-dinterieur\/carreaux-cuisine-salle-de-bain\/\">Carreaux cuisine \/ salle de bain<\/a><br>\u2014 <a href=\"https:\/\/adepublicite.fr\/decoration-dinterieur\/impression-plafond\/\">Impression plafond<\/a><br>\u2014 <a href=\"https:\/\/adepublicite.fr\/decoration-dinterieur\/store\/\">Store<\/a><\/p>\n\n\n\n<p><a href=\"https:\/\/adepublicite.fr\/tapisserie\/\">Tapisserie<\/a><br>\u2014 <a href=\"https:\/\/adepublicite.fr\/tapisserie\/tapisserie\/\">Tapisserie<\/a><br>\u2014 <a href=\"https:\/\/adepublicite.fr\/tapisserie\/tapisserie-magnetique\/\">Tapisserie magn\u00e9tique<\/a><\/p>\n\n\n\n<p><a href=\"https:\/\/adepublicite.fr\/mobilier\/\">Mobilier<\/a><br>\u2014 <a href=\"https:\/\/adepublicite.fr\/mobilier\/presentoir-bois\/\">Pr\u00e9sentoir bois<\/a><br>\u2014 <a href=\"https:\/\/adepublicite.fr\/mobilier\/table-chaises\/\">Table \/ chaises<\/a><\/p>\n\n\n\n<p><a href=\"https:\/\/adepublicite.fr\/presentoirs\/\">Pr\u00e9sentoirs<\/a><\/p>\n\n\n\n<p><a href=\"https:\/\/adepublicite.fr\/caisses-et-boites\/\">Caisses et boites<\/a><\/p>\n\n\n\n<p><a href=\"https:\/\/adepublicite.fr\/nos-productions-sur-mesure\/\">Nos productions sur mesure<\/a><\/p>\n\n\n\n<p><a href=\"https:\/\/adepublicite.fr\/nos-produits-special-covid-19\/\">Nos produits \u201csp\u00e9cial Covid-19\u201d<\/a><br>\u2014 <a href=\"https:\/\/adepublicite.fr\/nos-produits-special-covid-19\/vitres-de-protection\/\">Vitres de protection<\/a><br>\u2014 <a href=\"https:\/\/adepublicite.fr\/nos-produits-special-covid-19\/adhesifs-de-securite\/\">Adh\u00e9sifs de s\u00e9curit\u00e9<\/a><br>\u2014 <a href=\"https:\/\/adepublicite.fr\/nos-produits-special-covid-19\/cles-ouvre-portes\/\">Cl\u00e9s ouvre-portes<\/a><br>\u2014 <a href=\"https:\/\/adepublicite.fr\/nos-produits-special-covid-19\/et-ce-quon-faisait-deja-avant\/\">et ce qu\u2019on faisait d\u00e9j\u00e0 avant !<\/a><\/p>\n","protected":false},"excerpt":{"rendered":"<p>Accueil &mdash; Savoir faire&mdash; Actualit&eacute;&mdash; Contact&mdash; Contraintes techniques&mdash; Conditions G&eacute;n&eacute;rales de Vente&mdash; Mentions l&eacute;gales Nos produits Miroirs&mdash; Miroir sans cadre&mdash; Miroir avec cadre&mdash; Miroir avec d&eacute;coupe&mdash; Miroir incassable&mdash; Miroir lumineux Ardoises&mdash; Ardoise sans cadre&mdash; Ardoise avec cadre&mdash; Ardoise avec d&eacute;coupe&mdash; &hellip; <a href=\"https:\/\/adepublicite.fr\/en\/accueil\/plan-du-site\/\">Continued<\/a><\/p>\n","protected":false},"author":1,"featured_media":5,"parent":2,"menu_order":0,"comment_status":"closed","ping_status":"closed","template":"","meta":{"kt_blocks_editor_width":"","_monsterinsights_skip_tracking":false,"_monsterinsights_sitenote_active":false,"_monsterinsights_sitenote_note":"","_monsterinsights_sitenote_category":0,"footnotes":""},"class_list":["post-4241","page","type-page","status-publish","has-post-thumbnail","hentry"],"translation":{"provider":"WPGlobus","version":"3.0.2","language":"en","enabled_languages":["fr","en"],"languages":{"fr":{"title":true,"content":true,"excerpt":false},"en":{"title":false,"content":false,"excerpt":false}}},"yoast_head":"<!-- This site is optimized with the Yoast SEO plugin v27.4 - https:\/\/yoast.com\/product\/yoast-seo-wordpress\/ -->\n<title>Plan du site - ADE Publicit\u00e9<\/title>\n<meta name=\"robots\" content=\"index, follow, max-snippet:-1, max-image-preview:large, max-video-preview:-1\" \/>\n<link rel=\"canonical\" href=\"https:\/\/adepublicite.fr\/accueil\/plan-du-site\/\" \/>\n<meta property=\"og:locale\" content=\"en_US\" \/>\n<meta property=\"og:type\" content=\"article\" \/>\n<meta property=\"og:title\" content=\"Plan du site - ADE Publicit\u00e9\" \/>\n<meta property=\"og:url\" content=\"https:\/\/adepublicite.fr\/accueil\/plan-du-site\/\" \/>\n<meta property=\"og:site_name\" content=\"ADE Publicit\u00e9\" \/>\n<meta property=\"article:publisher\" content=\"https:\/\/www.facebook.com\/adepublicite\/?ref=bookmarks\" \/>\n<meta property=\"article:modified_time\" content=\"2024-07-10T09:21:34+00:00\" \/>\n<meta property=\"og:image\" content=\"https:\/\/adepublicite.fr\/wp-content\/uploads\/2018\/05\/FAVICON.png\" \/>\n\t<meta property=\"og:image:width\" content=\"512\" \/>\n\t<meta property=\"og:image:height\" content=\"512\" \/>\n\t<meta property=\"og:image:type\" content=\"image\/png\" \/>\n<meta name=\"twitter:card\" content=\"summary_large_image\" \/>\n<meta name=\"twitter:label1\" content=\"Est. reading time\" \/>\n\t<meta name=\"twitter:data1\" content=\"2 minutes\" \/>\n<script type=\"application\/ld+json\" class=\"yoast-schema-graph\">{\"@context\":\"https:\\\/\\\/schema.org\",\"@graph\":[{\"@type\":\"WebPage\",\"@id\":\"https:\\\/\\\/adepublicite.fr\\\/accueil\\\/plan-du-site\\\/\",\"url\":\"https:\\\/\\\/adepublicite.fr\\\/accueil\\\/plan-du-site\\\/\",\"name\":\"Plan du site - ADE Publicit\u00e9\",\"isPartOf\":{\"@id\":\"https:\\\/\\\/adepublicite.fr\\\/#website\"},\"primaryImageOfPage\":{\"@id\":\"https:\\\/\\\/adepublicite.fr\\\/accueil\\\/plan-du-site\\\/#primaryimage\"},\"image\":{\"@id\":\"https:\\\/\\\/adepublicite.fr\\\/accueil\\\/plan-du-site\\\/#primaryimage\"},\"thumbnailUrl\":\"https:\\\/\\\/adepublicite.fr\\\/wp-content\\\/uploads\\\/2018\\\/05\\\/FAVICON.png\",\"datePublished\":\"2024-07-10T08:58:09+00:00\",\"dateModified\":\"2024-07-10T09:21:34+00:00\",\"breadcrumb\":{\"@id\":\"https:\\\/\\\/adepublicite.fr\\\/accueil\\\/plan-du-site\\\/#breadcrumb\"},\"inLanguage\":\"en-US\",\"potentialAction\":[{\"@type\":\"ReadAction\",\"target\":[\"https:\\\/\\\/adepublicite.fr\\\/accueil\\\/plan-du-site\\\/\"]}]},{\"@type\":\"ImageObject\",\"inLanguage\":\"en-US\",\"@id\":\"https:\\\/\\\/adepublicite.fr\\\/accueil\\\/plan-du-site\\\/#primaryimage\",\"url\":\"https:\\\/\\\/adepublicite.fr\\\/wp-content\\\/uploads\\\/2018\\\/05\\\/FAVICON.png\",\"contentUrl\":\"https:\\\/\\\/adepublicite.fr\\\/wp-content\\\/uploads\\\/2018\\\/05\\\/FAVICON.png\",\"width\":512,\"height\":512,\"caption\":\"ADE-logo\"},{\"@type\":\"BreadcrumbList\",\"@id\":\"https:\\\/\\\/adepublicite.fr\\\/accueil\\\/plan-du-site\\\/#breadcrumb\",\"itemListElement\":[{\"@type\":\"ListItem\",\"position\":1,\"name\":\"Accueil\",\"item\":\"https:\\\/\\\/adepublicite.fr\\\/\"},{\"@type\":\"ListItem\",\"position\":2,\"name\":\"Accueil\",\"item\":\"https:\\\/\\\/adepublicite.fr\\\/\"},{\"@type\":\"ListItem\",\"position\":3,\"name\":\"Plan du site\"}]},{\"@type\":\"WebSite\",\"@id\":\"https:\\\/\\\/adepublicite.fr\\\/#website\",\"url\":\"https:\\\/\\\/adepublicite.fr\\\/\",\"name\":\"ADE Publicit\u00e9\",\"description\":\"\",\"publisher\":{\"@id\":\"https:\\\/\\\/adepublicite.fr\\\/#organization\"},\"potentialAction\":[{\"@type\":\"SearchAction\",\"target\":{\"@type\":\"EntryPoint\",\"urlTemplate\":\"https:\\\/\\\/adepublicite.fr\\\/?s={search_term_string}\"},\"query-input\":{\"@type\":\"PropertyValueSpecification\",\"valueRequired\":true,\"valueName\":\"search_term_string\"}}],\"inLanguage\":\"en-US\"},{\"@type\":\"Organization\",\"@id\":\"https:\\\/\\\/adepublicite.fr\\\/#organization\",\"name\":\"ADE Publicit\u00e9\",\"url\":\"https:\\\/\\\/adepublicite.fr\\\/\",\"logo\":{\"@type\":\"ImageObject\",\"inLanguage\":\"en-US\",\"@id\":\"https:\\\/\\\/adepublicite.fr\\\/#\\\/schema\\\/logo\\\/image\\\/\",\"url\":\"https:\\\/\\\/adepublicite.fr\\\/wp-content\\\/uploads\\\/2018\\\/05\\\/FAVICON.png\",\"contentUrl\":\"https:\\\/\\\/adepublicite.fr\\\/wp-content\\\/uploads\\\/2018\\\/05\\\/FAVICON.png\",\"width\":512,\"height\":512,\"caption\":\"ADE Publicit\u00e9\"},\"image\":{\"@id\":\"https:\\\/\\\/adepublicite.fr\\\/#\\\/schema\\\/logo\\\/image\\\/\"},\"sameAs\":[\"https:\\\/\\\/www.facebook.com\\\/adepublicite\\\/?ref=bookmarks\",\"https:\\\/\\\/www.linkedin.com\\\/company\\\/ade-publicit\u00e9\\\/\"]}]}<\/script>\n<!-- \/ Yoast SEO plugin. -->","yoast_head_json":{"title":"Plan du site - ADE Publicit\u00e9","robots":{"index":"index","follow":"follow","max-snippet":"max-snippet:-1","max-image-preview":"max-image-preview:large","max-video-preview":"max-video-preview:-1"},"canonical":"https:\/\/adepublicite.fr\/accueil\/plan-du-site\/","og_locale":"en_US","og_type":"article","og_title":"Plan du site - ADE Publicit\u00e9","og_url":"https:\/\/adepublicite.fr\/accueil\/plan-du-site\/","og_site_name":"ADE Publicit\u00e9","article_publisher":"https:\/\/www.facebook.com\/adepublicite\/?ref=bookmarks","article_modified_time":"2024-07-10T09:21:34+00:00","og_image":[{"width":512,"height":512,"url":"https:\/\/adepublicite.fr\/wp-content\/uploads\/2018\/05\/FAVICON.png","type":"image\/png"}],"twitter_card":"summary_large_image","twitter_misc":{"Est. reading time":"2 minutes"},"schema":{"@context":"https:\/\/schema.org","@graph":[{"@type":"WebPage","@id":"https:\/\/adepublicite.fr\/accueil\/plan-du-site\/","url":"https:\/\/adepublicite.fr\/accueil\/plan-du-site\/","name":"Plan du site - ADE Publicit\u00e9","isPartOf":{"@id":"https:\/\/adepublicite.fr\/#website"},"primaryImageOfPage":{"@id":"https:\/\/adepublicite.fr\/accueil\/plan-du-site\/#primaryimage"},"image":{"@id":"https:\/\/adepublicite.fr\/accueil\/plan-du-site\/#primaryimage"},"thumbnailUrl":"https:\/\/adepublicite.fr\/wp-content\/uploads\/2018\/05\/FAVICON.png","datePublished":"2024-07-10T08:58:09+00:00","dateModified":"2024-07-10T09:21:34+00:00","breadcrumb":{"@id":"https:\/\/adepublicite.fr\/accueil\/plan-du-site\/#breadcrumb"},"inLanguage":"en-US","potentialAction":[{"@type":"ReadAction","target":["https:\/\/adepublicite.fr\/accueil\/plan-du-site\/"]}]},{"@type":"ImageObject","inLanguage":"en-US","@id":"https:\/\/adepublicite.fr\/accueil\/plan-du-site\/#primaryimage","url":"https:\/\/adepublicite.fr\/wp-content\/uploads\/2018\/05\/FAVICON.png","contentUrl":"https:\/\/adepublicite.fr\/wp-content\/uploads\/2018\/05\/FAVICON.png","width":512,"height":512,"caption":"ADE-logo"},{"@type":"BreadcrumbList","@id":"https:\/\/adepublicite.fr\/accueil\/plan-du-site\/#breadcrumb","itemListElement":[{"@type":"ListItem","position":1,"name":"Accueil","item":"https:\/\/adepublicite.fr\/"},{"@type":"ListItem","position":2,"name":"Accueil","item":"https:\/\/adepublicite.fr\/"},{"@type":"ListItem","position":3,"name":"Plan du site"}]},{"@type":"WebSite","@id":"https:\/\/adepublicite.fr\/#website","url":"https:\/\/adepublicite.fr\/","name":"ADE Publicit\u00e9","description":"","publisher":{"@id":"https:\/\/adepublicite.fr\/#organization"},"potentialAction":[{"@type":"SearchAction","target":{"@type":"EntryPoint","urlTemplate":"https:\/\/adepublicite.fr\/?s={search_term_string}"},"query-input":{"@type":"PropertyValueSpecification","valueRequired":true,"valueName":"search_term_string"}}],"inLanguage":"en-US"},{"@type":"Organization","@id":"https:\/\/adepublicite.fr\/#organization","name":"ADE Publicit\u00e9","url":"https:\/\/adepublicite.fr\/","logo":{"@type":"ImageObject","inLanguage":"en-US","@id":"https:\/\/adepublicite.fr\/#\/schema\/logo\/image\/","url":"https:\/\/adepublicite.fr\/wp-content\/uploads\/2018\/05\/FAVICON.png","contentUrl":"https:\/\/adepublicite.fr\/wp-content\/uploads\/2018\/05\/FAVICON.png","width":512,"height":512,"caption":"ADE Publicit\u00e9"},"image":{"@id":"https:\/\/adepublicite.fr\/#\/schema\/logo\/image\/"},"sameAs":["https:\/\/www.facebook.com\/adepublicite\/?ref=bookmarks","https:\/\/www.linkedin.com\/company\/ade-publicit\u00e9\/"]}]}},"amp_enabled":true,"_links":{"self":[{"href":"https:\/\/adepublicite.fr\/en\/wp-json\/wp\/v2\/pages\/4241","targetHints":{"allow":["GET"]}}],"collection":[{"href":"https:\/\/adepublicite.fr\/en\/wp-json\/wp\/v2\/pages"}],"about":[{"href":"https:\/\/adepublicite.fr\/en\/wp-json\/wp\/v2\/types\/page"}],"author":[{"embeddable":true,"href":"https:\/\/adepublicite.fr\/en\/wp-json\/wp\/v2\/users\/1"}],"replies":[{"embeddable":true,"href":"https:\/\/adepublicite.fr\/en\/wp-json\/wp\/v2\/comments?post=4241"}],"version-history":[{"count":5,"href":"https:\/\/adepublicite.fr\/en\/wp-json\/wp\/v2\/pages\/4241\/revisions"}],"predecessor-version":[{"id":4248,"href":"https:\/\/adepublicite.fr\/en\/wp-json\/wp\/v2\/pages\/4241\/revisions\/4248"}],"up":[{"embeddable":true,"href":"https:\/\/adepublicite.fr\/en\/wp-json\/wp\/v2\/pages\/2"}],"wp:featuredmedia":[{"embeddable":true,"href":"https:\/\/adepublicite.fr\/en\/wp-json\/wp\/v2\/media\/5"}],"wp:attachment":[{"href":"https:\/\/adepublicite.fr\/en\/wp-json\/wp\/v2\/media?parent=4241"}],"curies":[{"name":"wp","href":"https:\/\/api.w.org\/{rel}","templated":true}]}}