{"id":420,"date":"2018-05-02T22:20:41","date_gmt":"2018-05-02T20:20:41","guid":{"rendered":"http:\/\/adepublicite.fr\/?page_id=420"},"modified":"2022-12-14T11:38:36","modified_gmt":"2022-12-14T10:38:36","slug":"miroir-avec-cadre","status":"publish","type":"page","link":"https:\/\/adepublicite.fr\/en\/miroir\/miroir-avec-cadre\/","title":{"rendered":"Mirror with frame"},"content":{"rendered":"<table style=\"width: 100%;\">\n<tbody>\n<tr>\n<td style=\"width: 75%;\">\n<h2>Description<\/h2>\n<p><strong>Support:<\/strong> glass with polished\u00a0edges \/ tempered glass \/ glued glass (different thicknesses possible)<\/p>\n<p><strong>Print:<\/strong> silkscreen or digital<\/p>\n<p><strong>Standards sizes :<\/strong>\u00a030x40cm, 40x60cm, 80x120cm (other sizes possibles)<\/p>\n<p><strong>Finishies and options:<\/strong> wall hanging, frosted effect, finish in sloped edges or bevelled edge, polished flat seal JPP (and other options on request)<\/p>\n<p><strong>Packaging:<\/strong> individual under carton<\/p>\n<p><strong>Origine:\u00a0<\/strong>in our premises in Is\u00e8re\u00a0(France)<\/p>\n<p>Want to know more about our slate manufacturing techniques? Visit the <a href=\"https:\/\/adepublicite.fr\/en\/savoir-faire\/\">know how<\/a>\u00a0page or come and <a href=\"https:\/\/adepublicite.fr\/en\/contact\/\">meet us<\/a>!<\/td>\n<td style=\"text-align: center; vertical-align: top;\"><div id=\"metaslider-id-214\" style=\"max-width: 700px;\" class=\"ml-slider-3-107-0 metaslider metaslider-flex metaslider-214 ml-slider ms-theme-default nav-hidden\" role=\"region\" aria-label=\"Miroir avec cadre\" data-height=\"300\" data-width=\"700\">\n    <div id=\"metaslider_container_214\">\n        <div id=\"metaslider_214\">\n            <ul class='slides'>\n                <li style=\"display: block; width: 100%;\" class=\"slide-3708 ms-image \" aria-roledescription=\"slide\" data-date=\"2022-06-24 15:46:00\" data-filename=\"miroir_avec_cadre_1.webp\" data-slide-type=\"image\"><img loading=\"lazy\" decoding=\"async\" width=\"200\" height=\"200\" src=\"https:\/\/adepublicite.fr\/wp-content\/uploads\/2022\/06\/miroir_avec_cadre_1.webp\" class=\"slider-214 slide-3708 msDefaultImage\" alt=\"\" rel=\"\" title=\"miroir_avec_cadre_1\" srcset=\"https:\/\/adepublicite.fr\/wp-content\/uploads\/2022\/06\/miroir_avec_cadre_1.webp 200w, https:\/\/adepublicite.fr\/wp-content\/uploads\/2022\/06\/miroir_avec_cadre_1-150x150.webp 150w\" sizes=\"auto, (max-width: 200px) 100vw, 200px\" \/><\/li>\n                <li style=\"display: none; width: 100%;\" class=\"slide-3709 ms-image \" aria-roledescription=\"slide\" data-date=\"2022-06-24 15:46:00\" data-filename=\"miroir_avec_cadre_4.webp\" data-slide-type=\"image\"><img loading=\"lazy\" decoding=\"async\" width=\"200\" height=\"200\" src=\"https:\/\/adepublicite.fr\/wp-content\/uploads\/2022\/06\/miroir_avec_cadre_4.webp\" class=\"slider-214 slide-3709 msDefaultImage\" alt=\"\" rel=\"\" title=\"miroir_avec_cadre_4\" srcset=\"https:\/\/adepublicite.fr\/wp-content\/uploads\/2022\/06\/miroir_avec_cadre_4.webp 200w, https:\/\/adepublicite.fr\/wp-content\/uploads\/2022\/06\/miroir_avec_cadre_4-150x150.webp 150w\" sizes=\"auto, (max-width: 200px) 100vw, 200px\" \/><\/li>\n                <li style=\"display: none; width: 100%;\" class=\"slide-3710 ms-image \" aria-roledescription=\"slide\" data-date=\"2022-06-24 15:46:00\" data-filename=\"miroir_avec_cadre_3.webp\" data-slide-type=\"image\"><img loading=\"lazy\" decoding=\"async\" width=\"200\" height=\"200\" src=\"https:\/\/adepublicite.fr\/wp-content\/uploads\/2022\/06\/miroir_avec_cadre_3.webp\" class=\"slider-214 slide-3710 msDefaultImage\" alt=\"\" rel=\"\" title=\"miroir_avec_cadre_3\" srcset=\"https:\/\/adepublicite.fr\/wp-content\/uploads\/2022\/06\/miroir_avec_cadre_3.webp 200w, https:\/\/adepublicite.fr\/wp-content\/uploads\/2022\/06\/miroir_avec_cadre_3-150x150.webp 150w\" sizes=\"auto, (max-width: 200px) 100vw, 200px\" \/><\/li>\n                <li style=\"display: none; width: 100%;\" class=\"slide-3711 ms-image \" aria-roledescription=\"slide\" data-date=\"2022-06-24 15:46:00\" data-filename=\"miroir_avec_cadre_2.webp\" data-slide-type=\"image\"><img loading=\"lazy\" decoding=\"async\" width=\"240\" height=\"240\" src=\"https:\/\/adepublicite.fr\/wp-content\/uploads\/2022\/06\/miroir_avec_cadre_2.webp\" class=\"slider-214 slide-3711 msDefaultImage\" alt=\"\" rel=\"\" title=\"miroir_avec_cadre_2\" srcset=\"https:\/\/adepublicite.fr\/wp-content\/uploads\/2022\/06\/miroir_avec_cadre_2.webp 240w, https:\/\/adepublicite.fr\/wp-content\/uploads\/2022\/06\/miroir_avec_cadre_2-150x150.webp 150w\" sizes=\"auto, (max-width: 240px) 100vw, 240px\" \/><\/li>\n            <\/ul>\n        <\/div>\n        \n    <\/div>\n<\/div><\/td>\n<\/tr>\n<\/tbody>\n<\/table>\n<table>\n<tbody>\n<tr>\n<td><\/td>\n<\/tr>\n<\/tbody>\n<\/table>\n<h2>Prices<\/h2>\n<p>Our prices depend on your personalization criteria (the size of the mirror, the number of colors to print, the type of framing, if necessary the retouching of your files, the desired quantity &#8230; see our <a href=\"https:\/\/adepublicite.fr\/en\/savoir-faire\/\">know-how<\/a> for more explanations), and are therefore exclusively on estimate.<\/p>\n<table>\n<tbody>\n<tr>\n<td><\/td>\n<\/tr>\n<\/tbody>\n<\/table>\n<h2>Similar products<\/h2>\n<table style=\"width: 100%;\">\n<tbody>\n<tr>\n<td style=\"width: 20%; text-align: center;\"><a href=\"https:\/\/adepublicite.fr\/en\/miroir\/miroir-sans-cadre\/\"><img loading=\"lazy\" decoding=\"async\" class=\"alignnone wp-image-77 size-medium\" src=\"http:\/\/adepublicite.fr\/wp-content\/uploads\/2018\/05\/miroir_sans_cadre_4-300x300.jpg\" alt=\"\" width=\"300\" height=\"300\" srcset=\"https:\/\/adepublicite.fr\/wp-content\/uploads\/2018\/05\/miroir_sans_cadre_4-300x300.jpg 300w, https:\/\/adepublicite.fr\/wp-content\/uploads\/2018\/05\/miroir_sans_cadre_4-150x150.jpg 150w, https:\/\/adepublicite.fr\/wp-content\/uploads\/2018\/05\/miroir_sans_cadre_4.jpg 500w\" sizes=\"auto, (max-width: 300px) 100vw, 300px\" \/><\/a><\/td>\n<td style=\"width: 20%; text-align: center;\"><a href=\"https:\/\/adepublicite.fr\/en\/miroir\/miroir-avec-decoupe\/\"><img loading=\"lazy\" decoding=\"async\" class=\"alignnone wp-image-66 size-medium\" src=\"https:\/\/adepublicite.fr\/wp-content\/uploads\/2018\/05\/miroir_avec_decoupe_1-300x300.jpg\" alt=\"\" width=\"300\" height=\"300\" srcset=\"https:\/\/adepublicite.fr\/wp-content\/uploads\/2018\/05\/miroir_avec_decoupe_1-300x300.jpg 300w, https:\/\/adepublicite.fr\/wp-content\/uploads\/2018\/05\/miroir_avec_decoupe_1-150x150.jpg 150w, https:\/\/adepublicite.fr\/wp-content\/uploads\/2018\/05\/miroir_avec_decoupe_1.jpg 500w\" sizes=\"auto, (max-width: 300px) 100vw, 300px\" \/><\/a><\/td>\n<td style=\"width: 20%; text-align: center;\"><a href=\"https:\/\/adepublicite.fr\/en\/miroir\/miroir-incassable\/\"><img loading=\"lazy\" decoding=\"async\" class=\"alignnone wp-image-70 size-medium\" src=\"http:\/\/adepublicite.fr\/wp-content\/uploads\/2018\/05\/miroir_incassable_1-300x300.jpg\" alt=\"\" width=\"300\" height=\"300\" srcset=\"https:\/\/adepublicite.fr\/wp-content\/uploads\/2018\/05\/miroir_incassable_1-300x300.jpg 300w, https:\/\/adepublicite.fr\/wp-content\/uploads\/2018\/05\/miroir_incassable_1-150x150.jpg 150w, https:\/\/adepublicite.fr\/wp-content\/uploads\/2018\/05\/miroir_incassable_1.jpg 500w\" sizes=\"auto, (max-width: 300px) 100vw, 300px\" \/><\/a><\/td>\n<td style=\"width: 20%; text-align: center;\"><a href=\"https:\/\/adepublicite.fr\/en\/plv-lumineuse\/miroir-lumineux\/\"><img loading=\"lazy\" decoding=\"async\" class=\"alignnone wp-image-197 size-medium\" src=\"https:\/\/adepublicite.fr\/wp-content\/uploads\/2018\/05\/lumineux_miroir_1-300x300.jpg\" alt=\"\" width=\"300\" height=\"300\" srcset=\"https:\/\/adepublicite.fr\/wp-content\/uploads\/2018\/05\/lumineux_miroir_1-300x300.jpg 300w, https:\/\/adepublicite.fr\/wp-content\/uploads\/2018\/05\/lumineux_miroir_1-150x150.jpg 150w, https:\/\/adepublicite.fr\/wp-content\/uploads\/2018\/05\/lumineux_miroir_1-365x365.jpg 365w, https:\/\/adepublicite.fr\/wp-content\/uploads\/2018\/05\/lumineux_miroir_1.jpg 500w\" sizes=\"auto, (max-width: 300px) 100vw, 300px\" \/><\/a><\/td>\n<td style=\"width: 25%; text-align: center;\"><\/td>\n<\/tr>\n<tr>\n<td style=\"background-color: #ffffff; text-align: center;\"><a href=\"https:\/\/adepublicite.fr\/en\/miroir\/miroir-sans-cadre\/\">Mirror without frame\u00a0<\/a><\/td>\n<td style=\"background-color: #ffffff; text-align: center;\"><a href=\"https:\/\/adepublicite.fr\/en\/miroir\/miroir-avec-decoupe\/\">Mirror cut in shape<\/a><\/td>\n<td style=\"background-color: #ffffff; text-align: center;\"><a href=\"https:\/\/adepublicite.fr\/en\/miroir\/miroir-incassable\/\">Unbreakable mirror<\/a><\/td>\n<td style=\"background-color: #ffffff; text-align: center;\"><a href=\"https:\/\/adepublicite.fr\/en\/plv-lumineuse\/miroir-lumineux\/\">Light mirror<\/a><\/td>\n<td style=\"background-color: #ffffff; text-align: center;\"><\/td>\n<\/tr>\n<\/tbody>\n<\/table>\n","protected":false},"excerpt":{"rendered":"<p>Description Support: glass with polished&nbsp;edges \/ tempered glass \/ glued glass (different thicknesses possible) Print: silkscreen or digital Standards sizes :&nbsp;30x40cm, 40x60cm, 80x120cm (other sizes possibles) Finishies and options: wall hanging, frosted effect, finish in sloped edges or bevelled edge, &hellip; <a href=\"https:\/\/adepublicite.fr\/en\/miroir\/miroir-avec-cadre\/\">Continued<\/a><\/p>\n","protected":false},"author":1,"featured_media":0,"parent":416,"menu_order":0,"comment_status":"closed","ping_status":"closed","template":"","meta":{"kt_blocks_editor_width":"","_monsterinsights_skip_tracking":false,"_monsterinsights_sitenote_active":false,"_monsterinsights_sitenote_note":"","_monsterinsights_sitenote_category":0,"footnotes":""},"class_list":["post-420","page","type-page","status-publish","hentry"],"translation":{"provider":"WPGlobus","version":"3.0.2","language":"en","enabled_languages":["fr","en"],"languages":{"fr":{"title":true,"content":true,"excerpt":false},"en":{"title":true,"content":true,"excerpt":false}}},"yoast_head":"<!-- This site is optimized with the Yoast SEO plugin v27.3 - https:\/\/yoast.com\/product\/yoast-seo-wordpress\/ -->\n<title>Miroir publicitaire s\u00e9rigraphi\u00e9 avec cadre | ADE Publicit\u00e9<\/title>\n<meta name=\"robots\" content=\"index, follow, max-snippet:-1, max-image-preview:large, max-video-preview:-1\" \/>\n<link rel=\"canonical\" href=\"https:\/\/adepublicite.fr\/miroir\/miroir-avec-cadre\/\" \/>\n<meta property=\"og:locale\" content=\"en_US\" \/>\n<meta property=\"og:type\" content=\"article\" \/>\n<meta property=\"og:title\" content=\"Mirror with frame - ADE Publicit\u00e9\" \/>\n<meta property=\"og:url\" content=\"https:\/\/adepublicite.fr\/miroir\/miroir-avec-cadre\/\" \/>\n<meta property=\"og:site_name\" content=\"ADE Publicit\u00e9\" \/>\n<meta property=\"article:publisher\" content=\"https:\/\/www.facebook.com\/adepublicite\/?ref=bookmarks\" \/>\n<meta property=\"article:modified_time\" content=\"2022-12-14T10:38:36+00:00\" \/>\n<meta property=\"og:image\" content=\"http:\/\/adepublicite.fr\/wp-content\/uploads\/2018\/05\/miroir_sans_cadre_4-300x300.jpg\" \/>\n<meta name=\"twitter:card\" content=\"summary_large_image\" \/>\n<meta name=\"twitter:label1\" content=\"Est. reading time\" \/>\n\t<meta name=\"twitter:data1\" content=\"2 minutes\" \/>\n<script type=\"application\/ld+json\" class=\"yoast-schema-graph\">{\"@context\":\"https:\\\/\\\/schema.org\",\"@graph\":[{\"@type\":\"WebPage\",\"@id\":\"https:\\\/\\\/adepublicite.fr\\\/miroir\\\/miroir-avec-cadre\\\/\",\"url\":\"https:\\\/\\\/adepublicite.fr\\\/miroir\\\/miroir-avec-cadre\\\/\",\"name\":\"Miroir publicitaire s\u00e9rigraphi\u00e9 avec cadre | ADE Publicit\u00e9\",\"isPartOf\":{\"@id\":\"https:\\\/\\\/adepublicite.fr\\\/#website\"},\"primaryImageOfPage\":{\"@id\":\"https:\\\/\\\/adepublicite.fr\\\/miroir\\\/miroir-avec-cadre\\\/#primaryimage\"},\"image\":{\"@id\":\"https:\\\/\\\/adepublicite.fr\\\/miroir\\\/miroir-avec-cadre\\\/#primaryimage\"},\"thumbnailUrl\":\"http:\\\/\\\/adepublicite.fr\\\/wp-content\\\/uploads\\\/2018\\\/05\\\/miroir_sans_cadre_4-300x300.jpg\",\"datePublished\":\"2018-05-02T20:20:41+00:00\",\"dateModified\":\"2022-12-14T10:38:36+00:00\",\"description\":\"Le miroir s\u00e9rigraphi\u00e9 est un support id\u00e9al pour votre communication : il attire le regard, est toujours install\u00e9 au meilleur endroit, r\u00e9siste au temps et a une forte valeur per\u00e7ue aupr\u00e8s de vos clients !\",\"breadcrumb\":{\"@id\":\"https:\\\/\\\/adepublicite.fr\\\/miroir\\\/miroir-avec-cadre\\\/#breadcrumb\"},\"inLanguage\":\"en-US\",\"potentialAction\":[{\"@type\":\"ReadAction\",\"target\":[\"https:\\\/\\\/adepublicite.fr\\\/miroir\\\/miroir-avec-cadre\\\/\"]}]},{\"@type\":\"ImageObject\",\"inLanguage\":\"en-US\",\"@id\":\"https:\\\/\\\/adepublicite.fr\\\/miroir\\\/miroir-avec-cadre\\\/#primaryimage\",\"url\":\"http:\\\/\\\/adepublicite.fr\\\/wp-content\\\/uploads\\\/2018\\\/05\\\/miroir_sans_cadre_4-300x300.jpg\",\"contentUrl\":\"http:\\\/\\\/adepublicite.fr\\\/wp-content\\\/uploads\\\/2018\\\/05\\\/miroir_sans_cadre_4-300x300.jpg\"},{\"@type\":\"BreadcrumbList\",\"@id\":\"https:\\\/\\\/adepublicite.fr\\\/miroir\\\/miroir-avec-cadre\\\/#breadcrumb\",\"itemListElement\":[{\"@type\":\"ListItem\",\"position\":1,\"name\":\"Accueil\",\"item\":\"https:\\\/\\\/adepublicite.fr\\\/\"},{\"@type\":\"ListItem\",\"position\":2,\"name\":\"Miroir\",\"item\":\"https:\\\/\\\/adepublicite.fr\\\/miroir\\\/\"},{\"@type\":\"ListItem\",\"position\":3,\"name\":\"Miroir avec cadre\"}]},{\"@type\":\"WebSite\",\"@id\":\"https:\\\/\\\/adepublicite.fr\\\/#website\",\"url\":\"https:\\\/\\\/adepublicite.fr\\\/\",\"name\":\"ADE Publicit\u00e9\",\"description\":\"\",\"publisher\":{\"@id\":\"https:\\\/\\\/adepublicite.fr\\\/#organization\"},\"potentialAction\":[{\"@type\":\"SearchAction\",\"target\":{\"@type\":\"EntryPoint\",\"urlTemplate\":\"https:\\\/\\\/adepublicite.fr\\\/?s={search_term_string}\"},\"query-input\":{\"@type\":\"PropertyValueSpecification\",\"valueRequired\":true,\"valueName\":\"search_term_string\"}}],\"inLanguage\":\"en-US\"},{\"@type\":\"Organization\",\"@id\":\"https:\\\/\\\/adepublicite.fr\\\/#organization\",\"name\":\"ADE Publicit\u00e9\",\"url\":\"https:\\\/\\\/adepublicite.fr\\\/\",\"logo\":{\"@type\":\"ImageObject\",\"inLanguage\":\"en-US\",\"@id\":\"https:\\\/\\\/adepublicite.fr\\\/#\\\/schema\\\/logo\\\/image\\\/\",\"url\":\"https:\\\/\\\/adepublicite.fr\\\/wp-content\\\/uploads\\\/2018\\\/05\\\/FAVICON.png\",\"contentUrl\":\"https:\\\/\\\/adepublicite.fr\\\/wp-content\\\/uploads\\\/2018\\\/05\\\/FAVICON.png\",\"width\":512,\"height\":512,\"caption\":\"ADE Publicit\u00e9\"},\"image\":{\"@id\":\"https:\\\/\\\/adepublicite.fr\\\/#\\\/schema\\\/logo\\\/image\\\/\"},\"sameAs\":[\"https:\\\/\\\/www.facebook.com\\\/adepublicite\\\/?ref=bookmarks\",\"https:\\\/\\\/www.linkedin.com\\\/company\\\/ade-publicit\u00e9\\\/\"]}]}<\/script>\n<!-- \/ Yoast SEO plugin. -->","yoast_head_json":{"title":"Miroir publicitaire s\u00e9rigraphi\u00e9 avec cadre | ADE Publicit\u00e9","robots":{"index":"index","follow":"follow","max-snippet":"max-snippet:-1","max-image-preview":"max-image-preview:large","max-video-preview":"max-video-preview:-1"},"canonical":"https:\/\/adepublicite.fr\/miroir\/miroir-avec-cadre\/","og_locale":"en_US","og_type":"article","og_title":"Mirror with frame - ADE Publicit\u00e9","og_url":"https:\/\/adepublicite.fr\/miroir\/miroir-avec-cadre\/","og_site_name":"ADE Publicit\u00e9","article_publisher":"https:\/\/www.facebook.com\/adepublicite\/?ref=bookmarks","article_modified_time":"2022-12-14T10:38:36+00:00","og_image":[{"url":"http:\/\/adepublicite.fr\/wp-content\/uploads\/2018\/05\/miroir_sans_cadre_4-300x300.jpg","type":"","width":"","height":""}],"twitter_card":"summary_large_image","twitter_misc":{"Est. reading time":"2 minutes"},"schema":{"@context":"https:\/\/schema.org","@graph":[{"@type":"WebPage","@id":"https:\/\/adepublicite.fr\/miroir\/miroir-avec-cadre\/","url":"https:\/\/adepublicite.fr\/miroir\/miroir-avec-cadre\/","name":"Miroir publicitaire s\u00e9rigraphi\u00e9 avec cadre | ADE Publicit\u00e9","isPartOf":{"@id":"https:\/\/adepublicite.fr\/#website"},"primaryImageOfPage":{"@id":"https:\/\/adepublicite.fr\/miroir\/miroir-avec-cadre\/#primaryimage"},"image":{"@id":"https:\/\/adepublicite.fr\/miroir\/miroir-avec-cadre\/#primaryimage"},"thumbnailUrl":"http:\/\/adepublicite.fr\/wp-content\/uploads\/2018\/05\/miroir_sans_cadre_4-300x300.jpg","datePublished":"2018-05-02T20:20:41+00:00","dateModified":"2022-12-14T10:38:36+00:00","description":"Le miroir s\u00e9rigraphi\u00e9 est un support id\u00e9al pour votre communication : il attire le regard, est toujours install\u00e9 au meilleur endroit, r\u00e9siste au temps et a une forte valeur per\u00e7ue aupr\u00e8s de vos clients !","breadcrumb":{"@id":"https:\/\/adepublicite.fr\/miroir\/miroir-avec-cadre\/#breadcrumb"},"inLanguage":"en-US","potentialAction":[{"@type":"ReadAction","target":["https:\/\/adepublicite.fr\/miroir\/miroir-avec-cadre\/"]}]},{"@type":"ImageObject","inLanguage":"en-US","@id":"https:\/\/adepublicite.fr\/miroir\/miroir-avec-cadre\/#primaryimage","url":"http:\/\/adepublicite.fr\/wp-content\/uploads\/2018\/05\/miroir_sans_cadre_4-300x300.jpg","contentUrl":"http:\/\/adepublicite.fr\/wp-content\/uploads\/2018\/05\/miroir_sans_cadre_4-300x300.jpg"},{"@type":"BreadcrumbList","@id":"https:\/\/adepublicite.fr\/miroir\/miroir-avec-cadre\/#breadcrumb","itemListElement":[{"@type":"ListItem","position":1,"name":"Accueil","item":"https:\/\/adepublicite.fr\/"},{"@type":"ListItem","position":2,"name":"Miroir","item":"https:\/\/adepublicite.fr\/miroir\/"},{"@type":"ListItem","position":3,"name":"Miroir avec cadre"}]},{"@type":"WebSite","@id":"https:\/\/adepublicite.fr\/#website","url":"https:\/\/adepublicite.fr\/","name":"ADE Publicit\u00e9","description":"","publisher":{"@id":"https:\/\/adepublicite.fr\/#organization"},"potentialAction":[{"@type":"SearchAction","target":{"@type":"EntryPoint","urlTemplate":"https:\/\/adepublicite.fr\/?s={search_term_string}"},"query-input":{"@type":"PropertyValueSpecification","valueRequired":true,"valueName":"search_term_string"}}],"inLanguage":"en-US"},{"@type":"Organization","@id":"https:\/\/adepublicite.fr\/#organization","name":"ADE Publicit\u00e9","url":"https:\/\/adepublicite.fr\/","logo":{"@type":"ImageObject","inLanguage":"en-US","@id":"https:\/\/adepublicite.fr\/#\/schema\/logo\/image\/","url":"https:\/\/adepublicite.fr\/wp-content\/uploads\/2018\/05\/FAVICON.png","contentUrl":"https:\/\/adepublicite.fr\/wp-content\/uploads\/2018\/05\/FAVICON.png","width":512,"height":512,"caption":"ADE Publicit\u00e9"},"image":{"@id":"https:\/\/adepublicite.fr\/#\/schema\/logo\/image\/"},"sameAs":["https:\/\/www.facebook.com\/adepublicite\/?ref=bookmarks","https:\/\/www.linkedin.com\/company\/ade-publicit\u00e9\/"]}]}},"amp_enabled":true,"_links":{"self":[{"href":"https:\/\/adepublicite.fr\/en\/wp-json\/wp\/v2\/pages\/420","targetHints":{"allow":["GET"]}}],"collection":[{"href":"https:\/\/adepublicite.fr\/en\/wp-json\/wp\/v2\/pages"}],"about":[{"href":"https:\/\/adepublicite.fr\/en\/wp-json\/wp\/v2\/types\/page"}],"author":[{"embeddable":true,"href":"https:\/\/adepublicite.fr\/en\/wp-json\/wp\/v2\/users\/1"}],"replies":[{"embeddable":true,"href":"https:\/\/adepublicite.fr\/en\/wp-json\/wp\/v2\/comments?post=420"}],"version-history":[{"count":28,"href":"https:\/\/adepublicite.fr\/en\/wp-json\/wp\/v2\/pages\/420\/revisions"}],"predecessor-version":[{"id":3973,"href":"https:\/\/adepublicite.fr\/en\/wp-json\/wp\/v2\/pages\/420\/revisions\/3973"}],"up":[{"embeddable":true,"href":"https:\/\/adepublicite.fr\/en\/wp-json\/wp\/v2\/pages\/416"}],"wp:attachment":[{"href":"https:\/\/adepublicite.fr\/en\/wp-json\/wp\/v2\/media?parent=420"}],"curies":[{"name":"wp","href":"https:\/\/api.w.org\/{rel}","templated":true}]}}