{"id":418,"date":"2018-05-02T22:20:24","date_gmt":"2018-05-02T20:20:24","guid":{"rendered":"http:\/\/adepublicite.fr\/?page_id=418"},"modified":"2022-12-14T11:37:46","modified_gmt":"2022-12-14T10:37:46","slug":"miroir-sans-cadre","status":"publish","type":"page","link":"https:\/\/adepublicite.fr\/en\/miroir\/miroir-sans-cadre\/","title":{"rendered":"Mirror without frame"},"content":{"rendered":"<table style=\"width: 100%;\">\n<tbody>\n<tr>\n<td style=\"width: 75%;\">\n<h2>Technical description<\/h2>\n<p><strong>Support\u00a0:<\/strong> glass with polished\u00a0edges \/ tempered glass \/ glued glass (different thicknesses possible)<\/p>\n<p><strong>Print:<\/strong> silkscreen or digital<\/p>\n<p><strong>Standards sizes :<\/strong> 30x40cm, 40x60cm, 80x120cm (other sizes possibles)<\/p>\n<p><strong>Finishies and options :<\/strong> wall hanging, frosted effect, finish in sloped edges or bevelled edges (and other options on request)<\/p>\n<p><strong>Packaging:<\/strong> individual under carton<\/p>\n<p><strong>Origin: <\/strong>in our permises in Isere\u00a0(France)<\/p>\n<p>Want to know more about our slate manufacturing techniques? Visit the <a href=\"https:\/\/adepublicite.fr\/en\/savoir-faire\/\">know how<\/a> page or <a href=\"https:\/\/adepublicite.fr\/en\/contact\/\">come and meet us<\/a>!<\/td>\n<td style=\"text-align: center; vertical-align: top;\"><div id=\"metaslider-id-209\" style=\"max-width: 700px;\" class=\"ml-slider-3-107-0 metaslider metaslider-flex metaslider-209 ml-slider ms-theme-default nav-hidden\" role=\"region\" aria-label=\"Miroir sans cadre\" data-height=\"300\" data-width=\"700\">\n    <div id=\"metaslider_container_209\">\n        <div id=\"metaslider_209\">\n            <ul class='slides'>\n                <li style=\"display: block; width: 100%;\" class=\"slide-210 ms-image \" aria-roledescription=\"slide\" data-date=\"2018-05-02 21:30:15\" data-filename=\"miroir_sans_cadre_4.jpg\" data-slide-type=\"image\"><img loading=\"lazy\" decoding=\"async\" width=\"500\" height=\"500\" src=\"https:\/\/adepublicite.fr\/wp-content\/uploads\/2018\/05\/miroir_sans_cadre_4.jpg\" class=\"slider-209 slide-210 msDefaultImage\" alt=\"miroir\" rel=\"\" title=\"miroir_sans_cadre_4\" srcset=\"https:\/\/adepublicite.fr\/wp-content\/uploads\/2018\/05\/miroir_sans_cadre_4.jpg 500w, https:\/\/adepublicite.fr\/wp-content\/uploads\/2018\/05\/miroir_sans_cadre_4-150x150.jpg 150w, https:\/\/adepublicite.fr\/wp-content\/uploads\/2018\/05\/miroir_sans_cadre_4-300x300.jpg 300w\" sizes=\"auto, (max-width: 500px) 100vw, 500px\" \/><\/li>\n                <li style=\"display: none; width: 100%;\" class=\"slide-211 ms-image \" aria-roledescription=\"slide\" data-date=\"2018-05-02 21:30:16\" data-filename=\"miroir_sans_cadre_3.jpg\" data-slide-type=\"image\"><img loading=\"lazy\" decoding=\"async\" width=\"500\" height=\"500\" src=\"https:\/\/adepublicite.fr\/wp-content\/uploads\/2018\/05\/miroir_sans_cadre_3.jpg\" class=\"slider-209 slide-211 msDefaultImage\" alt=\"miroir\" rel=\"\" title=\"miroir_sans_cadre_3\" srcset=\"https:\/\/adepublicite.fr\/wp-content\/uploads\/2018\/05\/miroir_sans_cadre_3.jpg 500w, https:\/\/adepublicite.fr\/wp-content\/uploads\/2018\/05\/miroir_sans_cadre_3-150x150.jpg 150w, https:\/\/adepublicite.fr\/wp-content\/uploads\/2018\/05\/miroir_sans_cadre_3-300x300.jpg 300w\" sizes=\"auto, (max-width: 500px) 100vw, 500px\" \/><\/li>\n                <li style=\"display: none; width: 100%;\" class=\"slide-212 ms-image \" aria-roledescription=\"slide\" data-date=\"2018-05-02 21:30:17\" data-filename=\"miroir_sans_cadre_2.jpg\" data-slide-type=\"image\"><img loading=\"lazy\" decoding=\"async\" width=\"500\" height=\"500\" src=\"https:\/\/adepublicite.fr\/wp-content\/uploads\/2018\/05\/miroir_sans_cadre_2.jpg\" class=\"slider-209 slide-212 msDefaultImage\" alt=\"miroir\" rel=\"\" title=\"miroir_sans_cadre_2\" srcset=\"https:\/\/adepublicite.fr\/wp-content\/uploads\/2018\/05\/miroir_sans_cadre_2.jpg 500w, https:\/\/adepublicite.fr\/wp-content\/uploads\/2018\/05\/miroir_sans_cadre_2-150x150.jpg 150w, https:\/\/adepublicite.fr\/wp-content\/uploads\/2018\/05\/miroir_sans_cadre_2-300x300.jpg 300w\" sizes=\"auto, (max-width: 500px) 100vw, 500px\" \/><\/li>\n                <li style=\"display: none; width: 100%;\" class=\"slide-213 ms-image \" aria-roledescription=\"slide\" data-date=\"2018-05-02 21:30:17\" data-filename=\"miroir_sans_cadre_1.jpg\" data-slide-type=\"image\"><img loading=\"lazy\" decoding=\"async\" width=\"500\" height=\"500\" src=\"https:\/\/adepublicite.fr\/wp-content\/uploads\/2018\/05\/miroir_sans_cadre_1.jpg\" class=\"slider-209 slide-213 msDefaultImage\" alt=\"miroir\" rel=\"\" title=\"miroir_sans_cadre_1\" srcset=\"https:\/\/adepublicite.fr\/wp-content\/uploads\/2018\/05\/miroir_sans_cadre_1.jpg 500w, https:\/\/adepublicite.fr\/wp-content\/uploads\/2018\/05\/miroir_sans_cadre_1-150x150.jpg 150w, https:\/\/adepublicite.fr\/wp-content\/uploads\/2018\/05\/miroir_sans_cadre_1-300x300.jpg 300w\" sizes=\"auto, (max-width: 500px) 100vw, 500px\" \/><\/li>\n            <\/ul>\n        <\/div>\n        \n    <\/div>\n<\/div><\/td>\n<\/tr>\n<\/tbody>\n<\/table>\n<table>\n<tbody>\n<tr>\n<td><\/td>\n<\/tr>\n<\/tbody>\n<\/table>\n<h2>Prices<\/h2>\n<p>Our prices depend on your personalization criteria (the size of the mirror, the number of colors to print, the type of framing, if necessary the retouching of your files, the desired quantity \u2026 see our\u00a0<a href=\"https:\/\/adepublicite.fr\/en\/savoir-faire\/\">know-how<\/a>\u00a0for more explanations), and are therefore exclusively on estimate.<\/p>\n<table>\n<tbody>\n<tr>\n<td><\/td>\n<\/tr>\n<\/tbody>\n<\/table>\n<h2>Similar products<\/h2>\n<table style=\"width: 100%;\">\n<tbody>\n<tr>\n<td style=\"width: 20%; text-align: center;\"><a href=\"https:\/\/adepublicite.fr\/en\/miroir\/miroir-avec-cadre\/\"><img loading=\"lazy\" decoding=\"async\" class=\"alignnone size-full wp-image-3701\" src=\"http:\/\/adepublicite.fr\/wp-content\/uploads\/2022\/06\/miroir_avec_cadre_1.webp\" alt=\"\" width=\"200\" height=\"200\" srcset=\"https:\/\/adepublicite.fr\/wp-content\/uploads\/2022\/06\/miroir_avec_cadre_1.webp 200w, https:\/\/adepublicite.fr\/wp-content\/uploads\/2022\/06\/miroir_avec_cadre_1-150x150.webp 150w\" sizes=\"auto, (max-width: 200px) 100vw, 200px\" \/><\/a><\/td>\n<td style=\"width: 20%; text-align: center;\"><a href=\"https:\/\/adepublicite.fr\/en\/miroir\/miroir-avec-decoupe\/\"><img loading=\"lazy\" decoding=\"async\" class=\"alignnone size-medium wp-image-66\" src=\"http:\/\/adepublicite.fr\/wp-content\/uploads\/2018\/05\/miroir_avec_decoupe_1-300x300.jpg\" alt=\"\" width=\"300\" height=\"300\" srcset=\"https:\/\/adepublicite.fr\/wp-content\/uploads\/2018\/05\/miroir_avec_decoupe_1-300x300.jpg 300w, https:\/\/adepublicite.fr\/wp-content\/uploads\/2018\/05\/miroir_avec_decoupe_1-150x150.jpg 150w, https:\/\/adepublicite.fr\/wp-content\/uploads\/2018\/05\/miroir_avec_decoupe_1.jpg 500w\" sizes=\"auto, (max-width: 300px) 100vw, 300px\" \/><\/a><\/td>\n<td style=\"width: 20%; text-align: center;\"><a href=\"https:\/\/adepublicite.fr\/en\/miroir\/miroir-incassable\/\"><img loading=\"lazy\" decoding=\"async\" class=\"alignnone size-medium wp-image-70\" src=\"http:\/\/adepublicite.fr\/wp-content\/uploads\/2018\/05\/miroir_incassable_1-300x300.jpg\" alt=\"\" width=\"300\" height=\"300\" srcset=\"https:\/\/adepublicite.fr\/wp-content\/uploads\/2018\/05\/miroir_incassable_1-300x300.jpg 300w, https:\/\/adepublicite.fr\/wp-content\/uploads\/2018\/05\/miroir_incassable_1-150x150.jpg 150w, https:\/\/adepublicite.fr\/wp-content\/uploads\/2018\/05\/miroir_incassable_1.jpg 500w\" sizes=\"auto, (max-width: 300px) 100vw, 300px\" \/><\/a><\/td>\n<td style=\"width: 20%; text-align: center;\"><a href=\"https:\/\/adepublicite.fr\/en\/plv-lumineuse\/miroir-lumineux\/\"><img loading=\"lazy\" decoding=\"async\" class=\"alignnone size-medium wp-image-197\" src=\"http:\/\/adepublicite.fr\/wp-content\/uploads\/2018\/05\/lumineux_miroir_1-300x300.jpg\" alt=\"\" width=\"300\" height=\"300\" srcset=\"https:\/\/adepublicite.fr\/wp-content\/uploads\/2018\/05\/lumineux_miroir_1-300x300.jpg 300w, https:\/\/adepublicite.fr\/wp-content\/uploads\/2018\/05\/lumineux_miroir_1-150x150.jpg 150w, https:\/\/adepublicite.fr\/wp-content\/uploads\/2018\/05\/lumineux_miroir_1-365x365.jpg 365w, https:\/\/adepublicite.fr\/wp-content\/uploads\/2018\/05\/lumineux_miroir_1.jpg 500w\" sizes=\"auto, (max-width: 300px) 100vw, 300px\" \/><\/a><\/td>\n<td style=\"width: 25%; text-align: center;\"><\/td>\n<\/tr>\n<tr>\n<td style=\"background-color: #ffffff; text-align: center;\"><a href=\"https:\/\/adepublicite.fr\/en\/miroir\/miroir-avec-cadre\/\">Mirror with frame<\/a><\/td>\n<td style=\"background-color: #ffffff; text-align: center;\"><a href=\"https:\/\/adepublicite.fr\/en\/miroir\/miroir-avec-decoupe\/\">Mirror cut in shape<\/a><\/td>\n<td style=\"background-color: #ffffff; text-align: center;\"><a href=\"https:\/\/adepublicite.fr\/en\/miroir\/miroir-incassable\/\">Unbreakable mirror<\/a><\/td>\n<td style=\"background-color: #ffffff; text-align: center;\"><a href=\"https:\/\/adepublicite.fr\/en\/plv-lumineuse\/miroir-lumineux\/\">Light mirror<\/a><\/td>\n<td style=\"background-color: #ffffff; text-align: center;\"><\/td>\n<\/tr>\n<\/tbody>\n<\/table>\n","protected":false},"excerpt":{"rendered":"<p>Technical description Support&nbsp;: glass with polished&nbsp;edges \/ tempered glass \/ glued glass (different thicknesses possible) Print: silkscreen or digital Standards sizes : 30x40cm, 40x60cm, 80x120cm (other sizes possibles) Finishies and options : wall hanging, frosted effect, finish in sloped edges &hellip; <a href=\"https:\/\/adepublicite.fr\/en\/miroir\/miroir-sans-cadre\/\">Continued<\/a><\/p>\n","protected":false},"author":1,"featured_media":0,"parent":416,"menu_order":0,"comment_status":"closed","ping_status":"closed","template":"","meta":{"kt_blocks_editor_width":"","_monsterinsights_skip_tracking":false,"_monsterinsights_sitenote_active":false,"_monsterinsights_sitenote_note":"","_monsterinsights_sitenote_category":0,"footnotes":""},"class_list":["post-418","page","type-page","status-publish","hentry"],"translation":{"provider":"WPGlobus","version":"3.0.2","language":"en","enabled_languages":["fr","en"],"languages":{"fr":{"title":true,"content":true,"excerpt":false},"en":{"title":true,"content":true,"excerpt":false}}},"yoast_head":"<!-- This site is optimized with the Yoast SEO plugin v27.3 - https:\/\/yoast.com\/product\/yoast-seo-wordpress\/ -->\n<title>Miroir publicitaire s\u00e9rigraphi\u00e9 sans cadre | ADE Publicit\u00e9<\/title>\n<meta name=\"robots\" content=\"index, follow, max-snippet:-1, max-image-preview:large, max-video-preview:-1\" \/>\n<link rel=\"canonical\" href=\"https:\/\/adepublicite.fr\/miroir\/miroir-sans-cadre\/\" \/>\n<meta property=\"og:locale\" content=\"en_US\" \/>\n<meta property=\"og:type\" content=\"article\" \/>\n<meta property=\"og:title\" content=\"Mirror without frame - ADE Publicit\u00e9\" \/>\n<meta property=\"og:url\" content=\"https:\/\/adepublicite.fr\/miroir\/miroir-sans-cadre\/\" \/>\n<meta property=\"og:site_name\" content=\"ADE Publicit\u00e9\" \/>\n<meta property=\"article:publisher\" content=\"https:\/\/www.facebook.com\/adepublicite\/?ref=bookmarks\" \/>\n<meta property=\"article:modified_time\" content=\"2022-12-14T10:37:46+00:00\" \/>\n<meta property=\"og:image\" content=\"http:\/\/adepublicite.fr\/wp-content\/uploads\/2022\/06\/miroir_avec_cadre_1.webp\" \/>\n<meta name=\"twitter:card\" content=\"summary_large_image\" \/>\n<meta name=\"twitter:label1\" content=\"Est. reading time\" \/>\n\t<meta name=\"twitter:data1\" content=\"2 minutes\" \/>\n<script type=\"application\/ld+json\" class=\"yoast-schema-graph\">{\"@context\":\"https:\\\/\\\/schema.org\",\"@graph\":[{\"@type\":\"WebPage\",\"@id\":\"https:\\\/\\\/adepublicite.fr\\\/miroir\\\/miroir-sans-cadre\\\/\",\"url\":\"https:\\\/\\\/adepublicite.fr\\\/miroir\\\/miroir-sans-cadre\\\/\",\"name\":\"Miroir publicitaire s\u00e9rigraphi\u00e9 sans cadre | ADE Publicit\u00e9\",\"isPartOf\":{\"@id\":\"https:\\\/\\\/adepublicite.fr\\\/#website\"},\"primaryImageOfPage\":{\"@id\":\"https:\\\/\\\/adepublicite.fr\\\/miroir\\\/miroir-sans-cadre\\\/#primaryimage\"},\"image\":{\"@id\":\"https:\\\/\\\/adepublicite.fr\\\/miroir\\\/miroir-sans-cadre\\\/#primaryimage\"},\"thumbnailUrl\":\"http:\\\/\\\/adepublicite.fr\\\/wp-content\\\/uploads\\\/2022\\\/06\\\/miroir_avec_cadre_1.webp\",\"datePublished\":\"2018-05-02T20:20:24+00:00\",\"dateModified\":\"2022-12-14T10:37:46+00:00\",\"description\":\"Le miroir : tout le monde le remarque, toujours plac\u00e9 au meilleur endroit, et il restera longtemps chez votre client ... une communication efficace \u00e0 100%\u00a0!\",\"breadcrumb\":{\"@id\":\"https:\\\/\\\/adepublicite.fr\\\/miroir\\\/miroir-sans-cadre\\\/#breadcrumb\"},\"inLanguage\":\"en-US\",\"potentialAction\":[{\"@type\":\"ReadAction\",\"target\":[\"https:\\\/\\\/adepublicite.fr\\\/miroir\\\/miroir-sans-cadre\\\/\"]}]},{\"@type\":\"ImageObject\",\"inLanguage\":\"en-US\",\"@id\":\"https:\\\/\\\/adepublicite.fr\\\/miroir\\\/miroir-sans-cadre\\\/#primaryimage\",\"url\":\"http:\\\/\\\/adepublicite.fr\\\/wp-content\\\/uploads\\\/2022\\\/06\\\/miroir_avec_cadre_1.webp\",\"contentUrl\":\"http:\\\/\\\/adepublicite.fr\\\/wp-content\\\/uploads\\\/2022\\\/06\\\/miroir_avec_cadre_1.webp\"},{\"@type\":\"BreadcrumbList\",\"@id\":\"https:\\\/\\\/adepublicite.fr\\\/miroir\\\/miroir-sans-cadre\\\/#breadcrumb\",\"itemListElement\":[{\"@type\":\"ListItem\",\"position\":1,\"name\":\"Accueil\",\"item\":\"https:\\\/\\\/adepublicite.fr\\\/\"},{\"@type\":\"ListItem\",\"position\":2,\"name\":\"Miroir\",\"item\":\"https:\\\/\\\/adepublicite.fr\\\/miroir\\\/\"},{\"@type\":\"ListItem\",\"position\":3,\"name\":\"Miroir sans cadre\"}]},{\"@type\":\"WebSite\",\"@id\":\"https:\\\/\\\/adepublicite.fr\\\/#website\",\"url\":\"https:\\\/\\\/adepublicite.fr\\\/\",\"name\":\"ADE Publicit\u00e9\",\"description\":\"\",\"publisher\":{\"@id\":\"https:\\\/\\\/adepublicite.fr\\\/#organization\"},\"potentialAction\":[{\"@type\":\"SearchAction\",\"target\":{\"@type\":\"EntryPoint\",\"urlTemplate\":\"https:\\\/\\\/adepublicite.fr\\\/?s={search_term_string}\"},\"query-input\":{\"@type\":\"PropertyValueSpecification\",\"valueRequired\":true,\"valueName\":\"search_term_string\"}}],\"inLanguage\":\"en-US\"},{\"@type\":\"Organization\",\"@id\":\"https:\\\/\\\/adepublicite.fr\\\/#organization\",\"name\":\"ADE Publicit\u00e9\",\"url\":\"https:\\\/\\\/adepublicite.fr\\\/\",\"logo\":{\"@type\":\"ImageObject\",\"inLanguage\":\"en-US\",\"@id\":\"https:\\\/\\\/adepublicite.fr\\\/#\\\/schema\\\/logo\\\/image\\\/\",\"url\":\"https:\\\/\\\/adepublicite.fr\\\/wp-content\\\/uploads\\\/2018\\\/05\\\/FAVICON.png\",\"contentUrl\":\"https:\\\/\\\/adepublicite.fr\\\/wp-content\\\/uploads\\\/2018\\\/05\\\/FAVICON.png\",\"width\":512,\"height\":512,\"caption\":\"ADE Publicit\u00e9\"},\"image\":{\"@id\":\"https:\\\/\\\/adepublicite.fr\\\/#\\\/schema\\\/logo\\\/image\\\/\"},\"sameAs\":[\"https:\\\/\\\/www.facebook.com\\\/adepublicite\\\/?ref=bookmarks\",\"https:\\\/\\\/www.linkedin.com\\\/company\\\/ade-publicit\u00e9\\\/\"]}]}<\/script>\n<!-- \/ Yoast SEO plugin. -->","yoast_head_json":{"title":"Miroir publicitaire s\u00e9rigraphi\u00e9 sans cadre | ADE Publicit\u00e9","robots":{"index":"index","follow":"follow","max-snippet":"max-snippet:-1","max-image-preview":"max-image-preview:large","max-video-preview":"max-video-preview:-1"},"canonical":"https:\/\/adepublicite.fr\/miroir\/miroir-sans-cadre\/","og_locale":"en_US","og_type":"article","og_title":"Mirror without frame - ADE Publicit\u00e9","og_url":"https:\/\/adepublicite.fr\/miroir\/miroir-sans-cadre\/","og_site_name":"ADE Publicit\u00e9","article_publisher":"https:\/\/www.facebook.com\/adepublicite\/?ref=bookmarks","article_modified_time":"2022-12-14T10:37:46+00:00","og_image":[{"url":"http:\/\/adepublicite.fr\/wp-content\/uploads\/2022\/06\/miroir_avec_cadre_1.webp","type":"","width":"","height":""}],"twitter_card":"summary_large_image","twitter_misc":{"Est. reading time":"2 minutes"},"schema":{"@context":"https:\/\/schema.org","@graph":[{"@type":"WebPage","@id":"https:\/\/adepublicite.fr\/miroir\/miroir-sans-cadre\/","url":"https:\/\/adepublicite.fr\/miroir\/miroir-sans-cadre\/","name":"Miroir publicitaire s\u00e9rigraphi\u00e9 sans cadre | ADE Publicit\u00e9","isPartOf":{"@id":"https:\/\/adepublicite.fr\/#website"},"primaryImageOfPage":{"@id":"https:\/\/adepublicite.fr\/miroir\/miroir-sans-cadre\/#primaryimage"},"image":{"@id":"https:\/\/adepublicite.fr\/miroir\/miroir-sans-cadre\/#primaryimage"},"thumbnailUrl":"http:\/\/adepublicite.fr\/wp-content\/uploads\/2022\/06\/miroir_avec_cadre_1.webp","datePublished":"2018-05-02T20:20:24+00:00","dateModified":"2022-12-14T10:37:46+00:00","description":"Le miroir : tout le monde le remarque, toujours plac\u00e9 au meilleur endroit, et il restera longtemps chez votre client ... une communication efficace \u00e0 100%\u00a0!","breadcrumb":{"@id":"https:\/\/adepublicite.fr\/miroir\/miroir-sans-cadre\/#breadcrumb"},"inLanguage":"en-US","potentialAction":[{"@type":"ReadAction","target":["https:\/\/adepublicite.fr\/miroir\/miroir-sans-cadre\/"]}]},{"@type":"ImageObject","inLanguage":"en-US","@id":"https:\/\/adepublicite.fr\/miroir\/miroir-sans-cadre\/#primaryimage","url":"http:\/\/adepublicite.fr\/wp-content\/uploads\/2022\/06\/miroir_avec_cadre_1.webp","contentUrl":"http:\/\/adepublicite.fr\/wp-content\/uploads\/2022\/06\/miroir_avec_cadre_1.webp"},{"@type":"BreadcrumbList","@id":"https:\/\/adepublicite.fr\/miroir\/miroir-sans-cadre\/#breadcrumb","itemListElement":[{"@type":"ListItem","position":1,"name":"Accueil","item":"https:\/\/adepublicite.fr\/"},{"@type":"ListItem","position":2,"name":"Miroir","item":"https:\/\/adepublicite.fr\/miroir\/"},{"@type":"ListItem","position":3,"name":"Miroir sans cadre"}]},{"@type":"WebSite","@id":"https:\/\/adepublicite.fr\/#website","url":"https:\/\/adepublicite.fr\/","name":"ADE Publicit\u00e9","description":"","publisher":{"@id":"https:\/\/adepublicite.fr\/#organization"},"potentialAction":[{"@type":"SearchAction","target":{"@type":"EntryPoint","urlTemplate":"https:\/\/adepublicite.fr\/?s={search_term_string}"},"query-input":{"@type":"PropertyValueSpecification","valueRequired":true,"valueName":"search_term_string"}}],"inLanguage":"en-US"},{"@type":"Organization","@id":"https:\/\/adepublicite.fr\/#organization","name":"ADE Publicit\u00e9","url":"https:\/\/adepublicite.fr\/","logo":{"@type":"ImageObject","inLanguage":"en-US","@id":"https:\/\/adepublicite.fr\/#\/schema\/logo\/image\/","url":"https:\/\/adepublicite.fr\/wp-content\/uploads\/2018\/05\/FAVICON.png","contentUrl":"https:\/\/adepublicite.fr\/wp-content\/uploads\/2018\/05\/FAVICON.png","width":512,"height":512,"caption":"ADE Publicit\u00e9"},"image":{"@id":"https:\/\/adepublicite.fr\/#\/schema\/logo\/image\/"},"sameAs":["https:\/\/www.facebook.com\/adepublicite\/?ref=bookmarks","https:\/\/www.linkedin.com\/company\/ade-publicit\u00e9\/"]}]}},"amp_enabled":true,"_links":{"self":[{"href":"https:\/\/adepublicite.fr\/en\/wp-json\/wp\/v2\/pages\/418","targetHints":{"allow":["GET"]}}],"collection":[{"href":"https:\/\/adepublicite.fr\/en\/wp-json\/wp\/v2\/pages"}],"about":[{"href":"https:\/\/adepublicite.fr\/en\/wp-json\/wp\/v2\/types\/page"}],"author":[{"embeddable":true,"href":"https:\/\/adepublicite.fr\/en\/wp-json\/wp\/v2\/users\/1"}],"replies":[{"embeddable":true,"href":"https:\/\/adepublicite.fr\/en\/wp-json\/wp\/v2\/comments?post=418"}],"version-history":[{"count":27,"href":"https:\/\/adepublicite.fr\/en\/wp-json\/wp\/v2\/pages\/418\/revisions"}],"predecessor-version":[{"id":3972,"href":"https:\/\/adepublicite.fr\/en\/wp-json\/wp\/v2\/pages\/418\/revisions\/3972"}],"up":[{"embeddable":true,"href":"https:\/\/adepublicite.fr\/en\/wp-json\/wp\/v2\/pages\/416"}],"wp:attachment":[{"href":"https:\/\/adepublicite.fr\/en\/wp-json\/wp\/v2\/media?parent=418"}],"curies":[{"name":"wp","href":"https:\/\/api.w.org\/{rel}","templated":true}]}}