{"id":412,"date":"2018-05-02T22:18:31","date_gmt":"2018-05-02T20:18:31","guid":{"rendered":"http:\/\/adepublicite.fr\/?page_id=412"},"modified":"2022-09-20T13:19:55","modified_gmt":"2022-09-20T11:19:55","slug":"contraintes-techniques","status":"publish","type":"page","link":"https:\/\/adepublicite.fr\/en\/accueil\/contraintes-techniques\/","title":{"rendered":"Contraintes techniques"},"content":{"rendered":"<h1>Pr\u00e9paration de vos fichiers<\/h1>\n<h2>Les formats de fichiers<\/h2>\n<p>Vous pouvez nous envoyer vos fichiers au format de votre choix :<\/p>\n<table style=\"width: 100%;\">\n<tbody>\n<tr>\n<td style=\"width: 5%; text-align: center; vertical-align: middle;\">\n<h3 style=\"font-family: 'Helvetica Neue', Helvetica, Arial, sans-serif; color: #333333;\"><img loading=\"lazy\" decoding=\"async\" class=\"alignnone wp-image-1097\" src=\"http:\/\/adepublicite.fr\/wp-content\/uploads\/2018\/05\/contraintes_techniques_3.jpg\" alt=\"\" width=\"20\" height=\"20\" \/><\/h3>\n<\/td>\n<td style=\"width: 44%; text-align: center; vertical-align: middle;\">\n<h3 style=\"font-family: 'Helvetica Neue', Helvetica, Arial, sans-serif; color: #333333; text-align: left;\">Photoshop<\/h3>\n<\/td>\n<td style=\"width: 2%; text-align: center; vertical-align: middle;\"><\/td>\n<td style=\"width: 5%; text-align: center; vertical-align: middle;\">\n<h3 style=\"font-family: 'Helvetica Neue', Helvetica, Arial, sans-serif; color: #333333;\"><img loading=\"lazy\" decoding=\"async\" class=\"alignnone wp-image-1098\" src=\"http:\/\/adepublicite.fr\/wp-content\/uploads\/2018\/05\/contraintes_techniques_4.jpg\" alt=\"\" width=\"20\" height=\"20\" \/><\/h3>\n<\/td>\n<td style=\"width: 44%; text-align: center; vertical-align: middle;\">\n<h3 style=\"font-family: 'Helvetica Neue', Helvetica, Arial, sans-serif; color: #333333; text-align: left;\">Illustrator<\/h3>\n<\/td>\n<\/tr>\n<tr>\n<td colspan=\"2\">Enregistrez vos images en EPS codage JPEG qualit\u00e9\u00a0maximale.<\/td>\n<td><\/td>\n<td colspan=\"2\">Vectorisez les textes, si possible les logos et n\u2019oubliez\u00a0pas de cocher \u201cinclure les images import\u00e9es\u201d lors de\u00a0vos enregistrements.<br \/>\nPour une meilleure qualit\u00e9 d\u2019impression, attribuez des\u00a0param\u00e8tres HD \u00e0 vos fichiers.<\/td>\n<\/tr>\n<tr>\n<td style=\"text-align: center;\">\n<h3 style=\"font-family: 'Helvetica Neue', Helvetica, Arial, sans-serif; color: #333333;\"><img loading=\"lazy\" decoding=\"async\" class=\"alignnone wp-image-1096\" src=\"http:\/\/adepublicite.fr\/wp-content\/uploads\/2018\/05\/contraintes_techniques_2.jpg\" alt=\"\" width=\"20\" height=\"20\" \/><\/h3>\n<\/td>\n<td>\n<h3 style=\"font-family: 'Helvetica Neue', Helvetica, Arial, sans-serif; color: #333333;\">InDesign<\/h3>\n<\/td>\n<td style=\"text-align: center;\"><\/td>\n<td style=\"text-align: center;\">\n<h3 style=\"font-family: 'Helvetica Neue', Helvetica, Arial, sans-serif; color: #333333;\"><img loading=\"lazy\" decoding=\"async\" class=\"alignnone wp-image-1095\" src=\"http:\/\/adepublicite.fr\/wp-content\/uploads\/2018\/05\/contraintes_techniques_1.jpg\" alt=\"\" width=\"20\" height=\"20\" \/><\/h3>\n<\/td>\n<td>\n<h3 style=\"font-family: 'Helvetica Neue', Helvetica, Arial, sans-serif; color: #333333;\">Acrobat PDF<\/h3>\n<\/td>\n<\/tr>\n<tr>\n<td style=\"vertical-align: middle;\" colspan=\"2\">Pensez \u00e0 nous fournir les polices de caract\u00e8res et les\u00a0imports utilis\u00e9s ou faites un \u201cAssemblage\u201c qui\u00a0rassemblera automatiquement dans un dossier tous\u00a0les \u00e9l\u00e9ments de mises en page.<\/td>\n<td><\/td>\n<td colspan=\"2\">Nous fournir un PDF Haute D\u00e9finition.<\/p>\n<p>Vous pouvez optimiser vos PDF en changeant les\u00a0param\u00e8tres : R\u00e9solution \u00e0 2400 point par pouce et\u00a0d\u00e9sactivez l\u2019\u00e9chantillonnage et la compression. Vos\u00a0PDF seront plus importants mais de bonne qualit\u00e9.<\/td>\n<\/tr>\n<\/tbody>\n<\/table>\n<p>Quel que soit le fichier envoy\u00e9, attention \u00e0 ce que les calques ne soient pas verrouill\u00e9s !<\/p>\n<h2>La taille des fichiers et des images<\/h2>\n<p>Les fichiers fournis doivent \u00eatre au format, \u00e0 l&#8217;\u00e9chelle de votre produit, et avec des images d&#8217;une r\u00e9solution de 300 DPI.<\/p>\n<p>Pour les grands ou tr\u00e8s grands formats, vous pouvez nous fournir les fichiers \u00e0 l&#8217;\u00e9chelle 1\/2 avec des images \u00e0 600 DPI, \u00e0 l&#8217;\u00e9chelle 1\/4 avec des images \u00e0 1200 DPI (&#8230;)<\/p>\n<h2>Les polices<\/h2>\n<p>Nous fournir toutes les polices de caract\u00e8res utilis\u00e9es dans vos\u00a0mises en page mais il est\u00a0pr\u00e9f\u00e9rable de les vectoriser.<\/p>\n<h2>Les d\u00e9coupes<\/h2>\n<p>Cr\u00e9ez un calque uniquement pour votre forme de\u00a0d\u00e9coupe, nommez le &#8220;Decoupe&#8221; avec une couleur\u00a0en ton direct en Quadri nomm\u00e9e aussi \u201cDecoupe\u201d<\/p>\n<h1>Encadrement : comment bien choisir sa baguette\u00a0?<\/h1>\n<h2>Les dimensions : hauteur et largeur<\/h2>\n<table class=\" aligncenter\" style=\"width: 80%;\">\n<tbody>\n<tr>\n<td style=\"width: 30%; text-align: center; vertical-align: middle;\">10mm<\/td>\n<td style=\"width: 30%; text-align: center; vertical-align: middle;\"><img loading=\"lazy\" decoding=\"async\" class=\"alignnone size-full wp-image-1103\" src=\"http:\/\/adepublicite.fr\/wp-content\/uploads\/2018\/05\/contraintes_techniques_baguettes_1.jpg\" alt=\"\" width=\"88\" height=\"91\" \/><\/td>\n<td style=\"width: 40%; text-align: center;\"><img loading=\"lazy\" decoding=\"async\" class=\"alignnone wp-image-1116 size-full\" src=\"http:\/\/adepublicite.fr\/wp-content\/uploads\/2018\/05\/contraintes_techniques_baguettes_1a.jpg\" alt=\"\" width=\"235\" height=\"83\" \/><\/td>\n<\/tr>\n<tr>\n<td style=\"width: 30%; text-align: center; vertical-align: middle;\">20mm<\/td>\n<td style=\"width: 30%; text-align: center; vertical-align: middle;\"><img loading=\"lazy\" decoding=\"async\" class=\"alignnone size-full wp-image-1104\" src=\"http:\/\/adepublicite.fr\/wp-content\/uploads\/2018\/05\/contraintes_techniques_baguettes_2.jpg\" alt=\"\" width=\"117\" height=\"94\" \/><\/td>\n<td style=\"width: 40%; text-align: center;\"><img loading=\"lazy\" decoding=\"async\" class=\"alignnone wp-image-1115 size-full\" src=\"http:\/\/adepublicite.fr\/wp-content\/uploads\/2018\/05\/contraintes_techniques_baguettes_2a.jpg\" alt=\"\" width=\"235\" height=\"83\" \/><\/td>\n<\/tr>\n<tr>\n<td style=\"width: 30%; text-align: center; vertical-align: middle;\">30mm<\/td>\n<td style=\"width: 30%; text-align: center; vertical-align: middle;\"><img loading=\"lazy\" decoding=\"async\" class=\"alignnone size-full wp-image-1105\" src=\"http:\/\/adepublicite.fr\/wp-content\/uploads\/2018\/05\/contraintes_techniques_baguettes_3.png\" alt=\"\" width=\"146\" height=\"94\" \/><\/td>\n<td style=\"width: 40%; text-align: center;\"><img loading=\"lazy\" decoding=\"async\" class=\"alignnone wp-image-1114 size-full\" src=\"http:\/\/adepublicite.fr\/wp-content\/uploads\/2018\/05\/contraintes_techniques_baguettes_3a.jpg\" alt=\"\" width=\"235\" height=\"83\" \/><\/td>\n<\/tr>\n<\/tbody>\n<\/table>\n<h2>Le profil<\/h2>\n<table class=\" aligncenter\" style=\"width: 80%;\">\n<tbody>\n<tr>\n<td style=\"width: 30%; text-align: center; vertical-align: middle;\">plate<\/td>\n<td style=\"width: 30%; text-align: center; vertical-align: middle;\">\u00a0<img loading=\"lazy\" decoding=\"async\" class=\"alignnone size-full wp-image-1106\" src=\"http:\/\/adepublicite.fr\/wp-content\/uploads\/2018\/05\/contraintes_techniques_baguettes_4.png\" alt=\"\" width=\"147\" height=\"119\" \/><\/td>\n<td style=\"width: 40%; text-align: center;\">\u00a0<img loading=\"lazy\" decoding=\"async\" class=\"alignnone wp-image-1113 size-full\" src=\"http:\/\/adepublicite.fr\/wp-content\/uploads\/2018\/05\/contraintes_techniques_baguettes_4a.jpg\" alt=\"\" width=\"235\" height=\"83\" \/><\/td>\n<\/tr>\n<tr>\n<td style=\"width: 30%; text-align: center; vertical-align: middle;\">bomb\u00e9e<\/td>\n<td style=\"width: 30%; text-align: center; vertical-align: middle;\">\u00a0<img loading=\"lazy\" decoding=\"async\" class=\"alignnone size-thumbnail wp-image-1107\" src=\"http:\/\/adepublicite.fr\/wp-content\/uploads\/2018\/05\/contraintes_techniques_baguettes_5-150x100.jpg\" alt=\"\" width=\"150\" height=\"100\" \/><\/td>\n<td style=\"width: 40%; text-align: center;\">\u00a0<img loading=\"lazy\" decoding=\"async\" class=\"alignnone wp-image-1112 size-full\" src=\"http:\/\/adepublicite.fr\/wp-content\/uploads\/2018\/05\/contraintes_techniques_baguettes_5a.jpg\" alt=\"\" width=\"235\" height=\"83\" \/><\/td>\n<\/tr>\n<tr>\n<td style=\"width: 30%; text-align: center; vertical-align: middle;\" rowspan=\"2\">avec moulure<\/td>\n<td style=\"width: 30%; text-align: center; vertical-align: middle;\">\u00a0<img loading=\"lazy\" decoding=\"async\" class=\"alignnone size-thumbnail wp-image-1108\" src=\"http:\/\/adepublicite.fr\/wp-content\/uploads\/2018\/05\/contraintes_techniques_baguettes_6-150x150.png\" alt=\"\" width=\"150\" height=\"150\" \/><\/td>\n<td style=\"width: 40%; text-align: center;\">\u00a0<img loading=\"lazy\" decoding=\"async\" class=\"alignnone wp-image-1111 size-full\" src=\"http:\/\/adepublicite.fr\/wp-content\/uploads\/2018\/05\/contraintes_techniques_baguettes_6a.jpg\" alt=\"\" width=\"235\" height=\"83\" \/><\/td>\n<\/tr>\n<tr>\n<td style=\"width: 30%; text-align: center; vertical-align: middle;\"><img loading=\"lazy\" decoding=\"async\" class=\"alignnone size-full wp-image-1109\" src=\"http:\/\/adepublicite.fr\/wp-content\/uploads\/2018\/05\/contraintes_techniques_baguettes_7.jpg\" alt=\"\" width=\"126\" height=\"120\" \/><\/td>\n<td style=\"width: 40%; text-align: center;\"><img loading=\"lazy\" decoding=\"async\" class=\"alignnone wp-image-1110 size-full\" src=\"http:\/\/adepublicite.fr\/wp-content\/uploads\/2018\/05\/contraintes_techniques_baguettes_7a.jpg\" alt=\"\" width=\"235\" height=\"83\" \/><\/td>\n<\/tr>\n<\/tbody>\n<\/table>\n<h2>La mati\u00e8re<\/h2>\n<table class=\" aligncenter\" style=\"width: 80%;\">\n<tbody>\n<tr>\n<td style=\"width: 50%; text-align: center; vertical-align: middle;\">Bois<\/td>\n<td style=\"width: 50%; text-align: center; vertical-align: middle;\"><img loading=\"lazy\" decoding=\"async\" class=\"alignnone wp-image-1118 size-full\" src=\"http:\/\/adepublicite.fr\/wp-content\/uploads\/2018\/05\/contraintes_techniques_baguette_bois.jpg\" alt=\"\" width=\"235\" height=\"101\" \/><\/td>\n<\/tr>\n<tr>\n<td style=\"width: 50%; text-align: center; vertical-align: middle;\">MDF recouvert aluminium<\/td>\n<td style=\"width: 50%; text-align: center; vertical-align: middle;\"><img loading=\"lazy\" decoding=\"async\" class=\"alignnone wp-image-1119 size-full\" src=\"http:\/\/adepublicite.fr\/wp-content\/uploads\/2018\/05\/contraintes_techniques_baguette_mdf.jpg\" alt=\"\" width=\"235\" height=\"101\" \/><\/td>\n<\/tr>\n<tr>\n<td style=\"width: 50%; text-align: center; vertical-align: middle;\">MDF imprim\u00e9<\/td>\n<td style=\"width: 50%; text-align: center; vertical-align: middle;\"><img loading=\"lazy\" decoding=\"async\" class=\"alignnone wp-image-1120 size-medium\" src=\"http:\/\/adepublicite.fr\/wp-content\/uploads\/2018\/05\/contraintes_techniques_baguette_mdf-2-300x225.jpg\" alt=\"\" width=\"300\" height=\"225\" srcset=\"https:\/\/adepublicite.fr\/wp-content\/uploads\/2018\/05\/contraintes_techniques_baguette_mdf-2-300x225.jpg 300w, https:\/\/adepublicite.fr\/wp-content\/uploads\/2018\/05\/contraintes_techniques_baguette_mdf-2-768x576.jpg 768w, https:\/\/adepublicite.fr\/wp-content\/uploads\/2018\/05\/contraintes_techniques_baguette_mdf-2.jpg 1024w\" sizes=\"auto, (max-width: 300px) 100vw, 300px\" \/><\/td>\n<\/tr>\n<tr>\n<td style=\"width: 50%; text-align: center; vertical-align: middle;\">Aluminium<\/td>\n<td style=\"width: 50%; text-align: center; vertical-align: middle;\"><img loading=\"lazy\" decoding=\"async\" class=\"alignnone wp-image-1121 size-medium\" src=\"http:\/\/adepublicite.fr\/wp-content\/uploads\/2018\/05\/contraintes_techniques_baguette_alu-300x144.jpg\" alt=\"\" width=\"300\" height=\"144\" srcset=\"https:\/\/adepublicite.fr\/wp-content\/uploads\/2018\/05\/contraintes_techniques_baguette_alu-300x144.jpg 300w, https:\/\/adepublicite.fr\/wp-content\/uploads\/2018\/05\/contraintes_techniques_baguette_alu-768x369.jpg 768w, https:\/\/adepublicite.fr\/wp-content\/uploads\/2018\/05\/contraintes_techniques_baguette_alu.jpg 900w\" sizes=\"auto, (max-width: 300px) 100vw, 300px\" \/><\/td>\n<\/tr>\n<\/tbody>\n<\/table>\n<h2>La teinte<\/h2>\n<table class=\" aligncenter\" style=\"width: 80%;\">\n<tbody>\n<tr>\n<td style=\"width: 50%; text-align: center; vertical-align: middle;\">\n<p style=\"text-align: center;\">Couleur bois ou teint\u00e9 (1 passage de teinte)<\/p>\n<\/td>\n<td style=\"width: 50%; text-align: center; vertical-align: middle;\"><img loading=\"lazy\" decoding=\"async\" class=\"alignnone wp-image-1123 size-medium\" src=\"http:\/\/adepublicite.fr\/wp-content\/uploads\/2018\/05\/contraintes_techniques_baguette_naturelle-300x130.jpg\" alt=\"\" width=\"300\" height=\"130\" srcset=\"https:\/\/adepublicite.fr\/wp-content\/uploads\/2018\/05\/contraintes_techniques_baguette_naturelle-300x130.jpg 300w, https:\/\/adepublicite.fr\/wp-content\/uploads\/2018\/05\/contraintes_techniques_baguette_naturelle.jpg 347w\" sizes=\"auto, (max-width: 300px) 100vw, 300px\" \/><\/td>\n<\/tr>\n<tr>\n<td style=\"width: 50%; text-align: center; vertical-align: middle;\">\n<p style=\"text-align: center;\">Laqu\u00e9e (7 passages de teinte)<\/p>\n<\/td>\n<td style=\"width: 50%; text-align: center; vertical-align: middle;\"><img loading=\"lazy\" decoding=\"async\" class=\"alignnone wp-image-1124 size-medium\" src=\"http:\/\/adepublicite.fr\/wp-content\/uploads\/2018\/05\/contraintes_techniques_baguette_laquee-300x130.jpg\" alt=\"\" width=\"300\" height=\"130\" srcset=\"https:\/\/adepublicite.fr\/wp-content\/uploads\/2018\/05\/contraintes_techniques_baguette_laquee-300x130.jpg 300w, https:\/\/adepublicite.fr\/wp-content\/uploads\/2018\/05\/contraintes_techniques_baguette_laquee.jpg 725w\" sizes=\"auto, (max-width: 300px) 100vw, 300px\" \/><\/td>\n<\/tr>\n<\/tbody>\n<\/table>\n<p style=\"text-align: center;\"><strong>Plus original ? un style diff\u00e9rent ?<\/strong><\/p>\n<p style=\"text-align: center;\"><strong>Vous avez d\u00e9j\u00e0 s\u00e9lectionn\u00e9 votre baguette, envoyez-nous sa photo !<\/strong><\/p>\n","protected":false},"excerpt":{"rendered":"<p>Pr&eacute;paration de vos fichiers Les formats de fichiers Vous pouvez nous envoyer vos fichiers au format de votre choix : Photoshop Illustrator Enregistrez vos images en EPS codage JPEG qualit&eacute;&nbsp;maximale. Vectorisez les textes, si possible les logos et n&rsquo;oubliez&nbsp;pas de &hellip; <a href=\"https:\/\/adepublicite.fr\/en\/accueil\/contraintes-techniques\/\">Continued<\/a><\/p>\n","protected":false},"author":1,"featured_media":0,"parent":2,"menu_order":0,"comment_status":"closed","ping_status":"closed","template":"","meta":{"kt_blocks_editor_width":"","_monsterinsights_skip_tracking":false,"_monsterinsights_sitenote_active":false,"_monsterinsights_sitenote_note":"","_monsterinsights_sitenote_category":0,"footnotes":""},"class_list":["post-412","page","type-page","status-publish","hentry"],"translation":{"provider":"WPGlobus","version":"3.0.2","language":"en","enabled_languages":["fr","en"],"languages":{"fr":{"title":true,"content":true,"excerpt":false},"en":{"title":false,"content":false,"excerpt":false}}},"yoast_head":"<!-- This site is optimized with the Yoast SEO plugin v27.4 - https:\/\/yoast.com\/product\/yoast-seo-wordpress\/ -->\n<title>Contraintes techniques - ADE Publicit\u00e9<\/title>\n<meta name=\"robots\" content=\"index, follow, max-snippet:-1, max-image-preview:large, max-video-preview:-1\" \/>\n<link rel=\"canonical\" href=\"https:\/\/adepublicite.fr\/accueil\/contraintes-techniques\/\" \/>\n<meta property=\"og:locale\" content=\"en_US\" \/>\n<meta property=\"og:type\" content=\"article\" \/>\n<meta property=\"og:title\" content=\"Contraintes techniques - ADE Publicit\u00e9\" \/>\n<meta property=\"og:url\" content=\"https:\/\/adepublicite.fr\/accueil\/contraintes-techniques\/\" \/>\n<meta property=\"og:site_name\" content=\"ADE Publicit\u00e9\" \/>\n<meta property=\"article:publisher\" content=\"https:\/\/www.facebook.com\/adepublicite\/?ref=bookmarks\" \/>\n<meta property=\"article:modified_time\" content=\"2022-09-20T11:19:55+00:00\" \/>\n<meta property=\"og:image\" content=\"http:\/\/adepublicite.fr\/wp-content\/uploads\/2018\/05\/contraintes_techniques_3.jpg\" \/>\n<meta name=\"twitter:card\" content=\"summary_large_image\" \/>\n<meta name=\"twitter:label1\" content=\"Est. reading time\" \/>\n\t<meta name=\"twitter:data1\" content=\"2 minutes\" \/>\n<script type=\"application\/ld+json\" class=\"yoast-schema-graph\">{\"@context\":\"https:\\\/\\\/schema.org\",\"@graph\":[{\"@type\":\"WebPage\",\"@id\":\"https:\\\/\\\/adepublicite.fr\\\/accueil\\\/contraintes-techniques\\\/\",\"url\":\"https:\\\/\\\/adepublicite.fr\\\/accueil\\\/contraintes-techniques\\\/\",\"name\":\"Contraintes techniques - ADE Publicit\u00e9\",\"isPartOf\":{\"@id\":\"https:\\\/\\\/adepublicite.fr\\\/#website\"},\"primaryImageOfPage\":{\"@id\":\"https:\\\/\\\/adepublicite.fr\\\/accueil\\\/contraintes-techniques\\\/#primaryimage\"},\"image\":{\"@id\":\"https:\\\/\\\/adepublicite.fr\\\/accueil\\\/contraintes-techniques\\\/#primaryimage\"},\"thumbnailUrl\":\"http:\\\/\\\/adepublicite.fr\\\/wp-content\\\/uploads\\\/2018\\\/05\\\/contraintes_techniques_3.jpg\",\"datePublished\":\"2018-05-02T20:18:31+00:00\",\"dateModified\":\"2022-09-20T11:19:55+00:00\",\"description\":\"Quelques conseils pour nous envoyer vos fichiers ou choisir vos baguettes d'encadrement.\",\"breadcrumb\":{\"@id\":\"https:\\\/\\\/adepublicite.fr\\\/accueil\\\/contraintes-techniques\\\/#breadcrumb\"},\"inLanguage\":\"en-US\",\"potentialAction\":[{\"@type\":\"ReadAction\",\"target\":[\"https:\\\/\\\/adepublicite.fr\\\/accueil\\\/contraintes-techniques\\\/\"]}]},{\"@type\":\"ImageObject\",\"inLanguage\":\"en-US\",\"@id\":\"https:\\\/\\\/adepublicite.fr\\\/accueil\\\/contraintes-techniques\\\/#primaryimage\",\"url\":\"http:\\\/\\\/adepublicite.fr\\\/wp-content\\\/uploads\\\/2018\\\/05\\\/contraintes_techniques_3.jpg\",\"contentUrl\":\"http:\\\/\\\/adepublicite.fr\\\/wp-content\\\/uploads\\\/2018\\\/05\\\/contraintes_techniques_3.jpg\"},{\"@type\":\"BreadcrumbList\",\"@id\":\"https:\\\/\\\/adepublicite.fr\\\/accueil\\\/contraintes-techniques\\\/#breadcrumb\",\"itemListElement\":[{\"@type\":\"ListItem\",\"position\":1,\"name\":\"Accueil\",\"item\":\"https:\\\/\\\/adepublicite.fr\\\/\"},{\"@type\":\"ListItem\",\"position\":2,\"name\":\"Accueil\",\"item\":\"https:\\\/\\\/adepublicite.fr\\\/\"},{\"@type\":\"ListItem\",\"position\":3,\"name\":\"Contraintes techniques\"}]},{\"@type\":\"WebSite\",\"@id\":\"https:\\\/\\\/adepublicite.fr\\\/#website\",\"url\":\"https:\\\/\\\/adepublicite.fr\\\/\",\"name\":\"ADE Publicit\u00e9\",\"description\":\"\",\"publisher\":{\"@id\":\"https:\\\/\\\/adepublicite.fr\\\/#organization\"},\"potentialAction\":[{\"@type\":\"SearchAction\",\"target\":{\"@type\":\"EntryPoint\",\"urlTemplate\":\"https:\\\/\\\/adepublicite.fr\\\/?s={search_term_string}\"},\"query-input\":{\"@type\":\"PropertyValueSpecification\",\"valueRequired\":true,\"valueName\":\"search_term_string\"}}],\"inLanguage\":\"en-US\"},{\"@type\":\"Organization\",\"@id\":\"https:\\\/\\\/adepublicite.fr\\\/#organization\",\"name\":\"ADE Publicit\u00e9\",\"url\":\"https:\\\/\\\/adepublicite.fr\\\/\",\"logo\":{\"@type\":\"ImageObject\",\"inLanguage\":\"en-US\",\"@id\":\"https:\\\/\\\/adepublicite.fr\\\/#\\\/schema\\\/logo\\\/image\\\/\",\"url\":\"https:\\\/\\\/adepublicite.fr\\\/wp-content\\\/uploads\\\/2018\\\/05\\\/FAVICON.png\",\"contentUrl\":\"https:\\\/\\\/adepublicite.fr\\\/wp-content\\\/uploads\\\/2018\\\/05\\\/FAVICON.png\",\"width\":512,\"height\":512,\"caption\":\"ADE Publicit\u00e9\"},\"image\":{\"@id\":\"https:\\\/\\\/adepublicite.fr\\\/#\\\/schema\\\/logo\\\/image\\\/\"},\"sameAs\":[\"https:\\\/\\\/www.facebook.com\\\/adepublicite\\\/?ref=bookmarks\",\"https:\\\/\\\/www.linkedin.com\\\/company\\\/ade-publicit\u00e9\\\/\"]}]}<\/script>\n<!-- \/ Yoast SEO plugin. -->","yoast_head_json":{"title":"Contraintes techniques - ADE Publicit\u00e9","robots":{"index":"index","follow":"follow","max-snippet":"max-snippet:-1","max-image-preview":"max-image-preview:large","max-video-preview":"max-video-preview:-1"},"canonical":"https:\/\/adepublicite.fr\/accueil\/contraintes-techniques\/","og_locale":"en_US","og_type":"article","og_title":"Contraintes techniques - ADE Publicit\u00e9","og_url":"https:\/\/adepublicite.fr\/accueil\/contraintes-techniques\/","og_site_name":"ADE Publicit\u00e9","article_publisher":"https:\/\/www.facebook.com\/adepublicite\/?ref=bookmarks","article_modified_time":"2022-09-20T11:19:55+00:00","og_image":[{"url":"http:\/\/adepublicite.fr\/wp-content\/uploads\/2018\/05\/contraintes_techniques_3.jpg","type":"","width":"","height":""}],"twitter_card":"summary_large_image","twitter_misc":{"Est. reading time":"2 minutes"},"schema":{"@context":"https:\/\/schema.org","@graph":[{"@type":"WebPage","@id":"https:\/\/adepublicite.fr\/accueil\/contraintes-techniques\/","url":"https:\/\/adepublicite.fr\/accueil\/contraintes-techniques\/","name":"Contraintes techniques - ADE Publicit\u00e9","isPartOf":{"@id":"https:\/\/adepublicite.fr\/#website"},"primaryImageOfPage":{"@id":"https:\/\/adepublicite.fr\/accueil\/contraintes-techniques\/#primaryimage"},"image":{"@id":"https:\/\/adepublicite.fr\/accueil\/contraintes-techniques\/#primaryimage"},"thumbnailUrl":"http:\/\/adepublicite.fr\/wp-content\/uploads\/2018\/05\/contraintes_techniques_3.jpg","datePublished":"2018-05-02T20:18:31+00:00","dateModified":"2022-09-20T11:19:55+00:00","description":"Quelques conseils pour nous envoyer vos fichiers ou choisir vos baguettes d'encadrement.","breadcrumb":{"@id":"https:\/\/adepublicite.fr\/accueil\/contraintes-techniques\/#breadcrumb"},"inLanguage":"en-US","potentialAction":[{"@type":"ReadAction","target":["https:\/\/adepublicite.fr\/accueil\/contraintes-techniques\/"]}]},{"@type":"ImageObject","inLanguage":"en-US","@id":"https:\/\/adepublicite.fr\/accueil\/contraintes-techniques\/#primaryimage","url":"http:\/\/adepublicite.fr\/wp-content\/uploads\/2018\/05\/contraintes_techniques_3.jpg","contentUrl":"http:\/\/adepublicite.fr\/wp-content\/uploads\/2018\/05\/contraintes_techniques_3.jpg"},{"@type":"BreadcrumbList","@id":"https:\/\/adepublicite.fr\/accueil\/contraintes-techniques\/#breadcrumb","itemListElement":[{"@type":"ListItem","position":1,"name":"Accueil","item":"https:\/\/adepublicite.fr\/"},{"@type":"ListItem","position":2,"name":"Accueil","item":"https:\/\/adepublicite.fr\/"},{"@type":"ListItem","position":3,"name":"Contraintes techniques"}]},{"@type":"WebSite","@id":"https:\/\/adepublicite.fr\/#website","url":"https:\/\/adepublicite.fr\/","name":"ADE Publicit\u00e9","description":"","publisher":{"@id":"https:\/\/adepublicite.fr\/#organization"},"potentialAction":[{"@type":"SearchAction","target":{"@type":"EntryPoint","urlTemplate":"https:\/\/adepublicite.fr\/?s={search_term_string}"},"query-input":{"@type":"PropertyValueSpecification","valueRequired":true,"valueName":"search_term_string"}}],"inLanguage":"en-US"},{"@type":"Organization","@id":"https:\/\/adepublicite.fr\/#organization","name":"ADE Publicit\u00e9","url":"https:\/\/adepublicite.fr\/","logo":{"@type":"ImageObject","inLanguage":"en-US","@id":"https:\/\/adepublicite.fr\/#\/schema\/logo\/image\/","url":"https:\/\/adepublicite.fr\/wp-content\/uploads\/2018\/05\/FAVICON.png","contentUrl":"https:\/\/adepublicite.fr\/wp-content\/uploads\/2018\/05\/FAVICON.png","width":512,"height":512,"caption":"ADE Publicit\u00e9"},"image":{"@id":"https:\/\/adepublicite.fr\/#\/schema\/logo\/image\/"},"sameAs":["https:\/\/www.facebook.com\/adepublicite\/?ref=bookmarks","https:\/\/www.linkedin.com\/company\/ade-publicit\u00e9\/"]}]}},"amp_enabled":true,"_links":{"self":[{"href":"https:\/\/adepublicite.fr\/en\/wp-json\/wp\/v2\/pages\/412","targetHints":{"allow":["GET"]}}],"collection":[{"href":"https:\/\/adepublicite.fr\/en\/wp-json\/wp\/v2\/pages"}],"about":[{"href":"https:\/\/adepublicite.fr\/en\/wp-json\/wp\/v2\/types\/page"}],"author":[{"embeddable":true,"href":"https:\/\/adepublicite.fr\/en\/wp-json\/wp\/v2\/users\/1"}],"replies":[{"embeddable":true,"href":"https:\/\/adepublicite.fr\/en\/wp-json\/wp\/v2\/comments?post=412"}],"version-history":[{"count":16,"href":"https:\/\/adepublicite.fr\/en\/wp-json\/wp\/v2\/pages\/412\/revisions"}],"predecessor-version":[{"id":3924,"href":"https:\/\/adepublicite.fr\/en\/wp-json\/wp\/v2\/pages\/412\/revisions\/3924"}],"up":[{"embeddable":true,"href":"https:\/\/adepublicite.fr\/en\/wp-json\/wp\/v2\/pages\/2"}],"wp:attachment":[{"href":"https:\/\/adepublicite.fr\/en\/wp-json\/wp\/v2\/media?parent=412"}],"curies":[{"name":"wp","href":"https:\/\/api.w.org\/{rel}","templated":true}]}}