{"id":3730,"date":"2022-07-19T09:30:36","date_gmt":"2022-07-19T07:30:36","guid":{"rendered":"http:\/\/adepublicite.fr\/?page_id=3730"},"modified":"2022-12-13T14:39:21","modified_gmt":"2022-12-13T13:39:21","slug":"plateau","status":"publish","type":"page","link":"https:\/\/adepublicite.fr\/en\/en-bois\/plateau\/","title":{"rendered":"Plateau"},"content":{"rendered":"<table>\n<tbody>\n<tr>\n<td>\n<h2>Description technique<\/h2>\n<p><strong>Support : <\/strong>bois (peuplier 8mm &#8230;), plexi (ou autres supports et \u00e9paisseurs)<\/p>\n<p><strong>Impression\u00a0:<\/strong> s\u00e9rigraphie ou num\u00e9rique ou gravure num\u00e9rique ou laser sur tout ou partie de la base du plateau, ou br\u00fblage \u00e0 chaud.<\/p>\n<p><strong>Formats standards\u00a0:<\/strong> tout format possible<\/p>\n<p><strong>Finitions et options\u00a0:<\/strong> vernis (et autres options \u00e0 la demande)<\/p>\n<p><strong>Emballage\u00a0:<\/strong>\u00a0individuel sous film<\/p>\n<p><strong>Origine\u00a0:\u00a0<\/strong>dans nos locaux en Is\u00e8re (France)<\/p>\n<p>Vous souhaitez en savoir plus sur nos techniques de fabrication ? Consultez la page <a href=\"https:\/\/adepublicite.fr\/savoir-faire\/\">savoir-faire<\/a>\u00a0ou\u00a0<a href=\"https:\/\/adepublicite.fr\/contact\/\">venez nous rencontrer<\/a>\u00a0!<\/td>\n<td style=\"width: 25%; text-align: center; vertical-align: top;\"><div id=\"metaslider-id-3748\" style=\"max-width: 700px;\" class=\"ml-slider-3-107-0 metaslider metaslider-flex metaslider-3748 ml-slider ms-theme-default nav-hidden\" role=\"region\" aria-label=\"Plateaux\" data-height=\"300\" data-width=\"700\">\n    <div id=\"metaslider_container_3748\">\n        <div id=\"metaslider_3748\">\n            <ul class='slides'>\n                <li style=\"display: block; width: 100%;\" class=\"slide-3749 ms-image \" aria-roledescription=\"slide\" data-date=\"2022-07-19 10:02:02\" data-filename=\"plateau-plexi-Ducros-test-ADE-2021.png\" data-slide-type=\"image\"><img loading=\"lazy\" decoding=\"async\" width=\"886\" height=\"886\" src=\"https:\/\/adepublicite.fr\/wp-content\/uploads\/2022\/05\/plateau-plexi-Ducros-test-ADE-2021.png\" class=\"slider-3748 slide-3749 msDefaultImage\" alt=\"\" rel=\"\" title=\"plateau plexi Ducros test ADE 2021\" srcset=\"https:\/\/adepublicite.fr\/wp-content\/uploads\/2022\/05\/plateau-plexi-Ducros-test-ADE-2021.png 886w, https:\/\/adepublicite.fr\/wp-content\/uploads\/2022\/05\/plateau-plexi-Ducros-test-ADE-2021-300x300.png 300w, https:\/\/adepublicite.fr\/wp-content\/uploads\/2022\/05\/plateau-plexi-Ducros-test-ADE-2021-150x150.png 150w, https:\/\/adepublicite.fr\/wp-content\/uploads\/2022\/05\/plateau-plexi-Ducros-test-ADE-2021-768x768.png 768w, https:\/\/adepublicite.fr\/wp-content\/uploads\/2022\/05\/plateau-plexi-Ducros-test-ADE-2021-730x730.png 730w, https:\/\/adepublicite.fr\/wp-content\/uploads\/2022\/05\/plateau-plexi-Ducros-test-ADE-2021-365x365.png 365w\" sizes=\"auto, (max-width: 886px) 100vw, 886px\" \/><\/li>\n                <li style=\"display: none; width: 100%;\" class=\"slide-3750 ms-image \" aria-roledescription=\"slide\" data-date=\"2022-07-19 10:02:02\" data-filename=\"plateau-bois-La-Gaffeliere-proto-OBJET-2021.png\" data-slide-type=\"image\"><img loading=\"lazy\" decoding=\"async\" width=\"886\" height=\"886\" src=\"https:\/\/adepublicite.fr\/wp-content\/uploads\/2022\/07\/plateau-bois-La-Gaffeliere-proto-OBJET-2021.png\" class=\"slider-3748 slide-3750 msDefaultImage\" alt=\"\" rel=\"\" title=\"plateau bois\" srcset=\"https:\/\/adepublicite.fr\/wp-content\/uploads\/2022\/07\/plateau-bois-La-Gaffeliere-proto-OBJET-2021.png 886w, https:\/\/adepublicite.fr\/wp-content\/uploads\/2022\/07\/plateau-bois-La-Gaffeliere-proto-OBJET-2021-300x300.png 300w, https:\/\/adepublicite.fr\/wp-content\/uploads\/2022\/07\/plateau-bois-La-Gaffeliere-proto-OBJET-2021-150x150.png 150w, https:\/\/adepublicite.fr\/wp-content\/uploads\/2022\/07\/plateau-bois-La-Gaffeliere-proto-OBJET-2021-768x768.png 768w\" sizes=\"auto, (max-width: 886px) 100vw, 886px\" \/><\/li>\n                <li style=\"display: none; width: 100%;\" class=\"slide-3751 ms-image \" aria-roledescription=\"slide\" data-date=\"2022-07-19 10:02:02\" data-filename=\"plateau-bois-1.png\" data-slide-type=\"image\"><img loading=\"lazy\" decoding=\"async\" width=\"886\" height=\"886\" src=\"https:\/\/adepublicite.fr\/wp-content\/uploads\/2022\/07\/plateau-bois-1.png\" class=\"slider-3748 slide-3751 msDefaultImage\" alt=\"\" rel=\"\" title=\"plateau bois (1)\" srcset=\"https:\/\/adepublicite.fr\/wp-content\/uploads\/2022\/07\/plateau-bois-1.png 886w, https:\/\/adepublicite.fr\/wp-content\/uploads\/2022\/07\/plateau-bois-1-300x300.png 300w, https:\/\/adepublicite.fr\/wp-content\/uploads\/2022\/07\/plateau-bois-1-150x150.png 150w, https:\/\/adepublicite.fr\/wp-content\/uploads\/2022\/07\/plateau-bois-1-768x768.png 768w\" sizes=\"auto, (max-width: 886px) 100vw, 886px\" \/><\/li>\n            <\/ul>\n        <\/div>\n        \n    <\/div>\n<\/div><\/td>\n<\/tr>\n<\/tbody>\n<\/table>\n<table>\n<tbody>\n<tr>\n<td><\/td>\n<\/tr>\n<\/tbody>\n<\/table>\n<p><span style=\"color: #172d82; font-family: Lato; font-size: 32px; font-weight: bold;\">Tarifs<\/span><\/p>\n<p>Nos tarifs d\u00e9pendent de vos crit\u00e8res de personnalisation (la taille de l\u2019ardoise, le nombre de couleurs \u00e0 l&#8217;impression, le type d\u2019encadrement, si besoin la retouche de vos fichiers, la quantit\u00e9 souhait\u00e9e&#8230; voir nos\u00a0<a href=\"https:\/\/adepublicite.fr\/savoir-faire\/\">savoir faire<\/a> pour plus d&#8217;explications), et sont donc exclusivement sur devis.<\/p>\n","protected":false},"excerpt":{"rendered":"<p>Description technique Support : bois (peuplier 8mm &hellip;), plexi (ou autres supports et &eacute;paisseurs) Impression&nbsp;: s&eacute;rigraphie ou num&eacute;rique ou gravure num&eacute;rique ou laser sur tout ou partie de la base du plateau, ou br&ucirc;lage &agrave; chaud. Formats standards&nbsp;: tout format &hellip; <a href=\"https:\/\/adepublicite.fr\/en\/en-bois\/plateau\/\">Continued<\/a><\/p>\n","protected":false},"author":1,"featured_media":3683,"parent":2713,"menu_order":0,"comment_status":"closed","ping_status":"closed","template":"","meta":{"kt_blocks_editor_width":"","_monsterinsights_skip_tracking":false,"_monsterinsights_sitenote_active":false,"_monsterinsights_sitenote_note":"","_monsterinsights_sitenote_category":0,"footnotes":""},"class_list":["post-3730","page","type-page","status-publish","has-post-thumbnail","hentry"],"translation":{"provider":"WPGlobus","version":"3.0.2","language":"en","enabled_languages":["fr","en"],"languages":{"fr":{"title":true,"content":true,"excerpt":false},"en":{"title":false,"content":false,"excerpt":false}}},"yoast_head":"<!-- This site is optimized with the Yoast SEO plugin v27.3 - https:\/\/yoast.com\/product\/yoast-seo-wordpress\/ -->\n<title>Plateau publicitaire personnalis\u00e9 sur mesure | ADE Publicit\u00e9<\/title>\n<meta name=\"robots\" content=\"index, follow, max-snippet:-1, max-image-preview:large, max-video-preview:-1\" \/>\n<link rel=\"canonical\" href=\"https:\/\/adepublicite.fr\/en-bois\/plateau\/\" \/>\n<meta property=\"og:locale\" content=\"en_US\" \/>\n<meta property=\"og:type\" content=\"article\" \/>\n<meta property=\"og:title\" content=\"Plateau - ADE Publicit\u00e9\" \/>\n<meta property=\"og:url\" content=\"https:\/\/adepublicite.fr\/en-bois\/plateau\/\" \/>\n<meta property=\"og:site_name\" content=\"ADE Publicit\u00e9\" \/>\n<meta property=\"article:publisher\" content=\"https:\/\/www.facebook.com\/adepublicite\/?ref=bookmarks\" \/>\n<meta property=\"article:modified_time\" content=\"2022-12-13T13:39:21+00:00\" \/>\n<meta property=\"og:image\" content=\"https:\/\/adepublicite.fr\/wp-content\/uploads\/2022\/05\/plateau-plexi-Ducros-test-ADE-2021.png\" \/>\n\t<meta property=\"og:image:width\" content=\"886\" \/>\n\t<meta property=\"og:image:height\" content=\"886\" \/>\n\t<meta property=\"og:image:type\" content=\"image\/png\" \/>\n<meta name=\"twitter:card\" content=\"summary_large_image\" \/>\n<meta name=\"twitter:label1\" content=\"Est. reading time\" \/>\n\t<meta name=\"twitter:data1\" content=\"1 minute\" \/>\n<script type=\"application\/ld+json\" class=\"yoast-schema-graph\">{\"@context\":\"https:\\\/\\\/schema.org\",\"@graph\":[{\"@type\":\"WebPage\",\"@id\":\"https:\\\/\\\/adepublicite.fr\\\/en-bois\\\/plateau\\\/\",\"url\":\"https:\\\/\\\/adepublicite.fr\\\/en-bois\\\/plateau\\\/\",\"name\":\"Plateau publicitaire personnalis\u00e9 sur mesure | ADE Publicit\u00e9\",\"isPartOf\":{\"@id\":\"https:\\\/\\\/adepublicite.fr\\\/#website\"},\"primaryImageOfPage\":{\"@id\":\"https:\\\/\\\/adepublicite.fr\\\/en-bois\\\/plateau\\\/#primaryimage\"},\"image\":{\"@id\":\"https:\\\/\\\/adepublicite.fr\\\/en-bois\\\/plateau\\\/#primaryimage\"},\"thumbnailUrl\":\"https:\\\/\\\/adepublicite.fr\\\/wp-content\\\/uploads\\\/2022\\\/05\\\/plateau-plexi-Ducros-test-ADE-2021.png\",\"datePublished\":\"2022-07-19T07:30:36+00:00\",\"dateModified\":\"2022-12-13T13:39:21+00:00\",\"breadcrumb\":{\"@id\":\"https:\\\/\\\/adepublicite.fr\\\/en-bois\\\/plateau\\\/#breadcrumb\"},\"inLanguage\":\"en-US\",\"potentialAction\":[{\"@type\":\"ReadAction\",\"target\":[\"https:\\\/\\\/adepublicite.fr\\\/en-bois\\\/plateau\\\/\"]}]},{\"@type\":\"ImageObject\",\"inLanguage\":\"en-US\",\"@id\":\"https:\\\/\\\/adepublicite.fr\\\/en-bois\\\/plateau\\\/#primaryimage\",\"url\":\"https:\\\/\\\/adepublicite.fr\\\/wp-content\\\/uploads\\\/2022\\\/05\\\/plateau-plexi-Ducros-test-ADE-2021.png\",\"contentUrl\":\"https:\\\/\\\/adepublicite.fr\\\/wp-content\\\/uploads\\\/2022\\\/05\\\/plateau-plexi-Ducros-test-ADE-2021.png\",\"width\":886,\"height\":886},{\"@type\":\"BreadcrumbList\",\"@id\":\"https:\\\/\\\/adepublicite.fr\\\/en-bois\\\/plateau\\\/#breadcrumb\",\"itemListElement\":[{\"@type\":\"ListItem\",\"position\":1,\"name\":\"Accueil\",\"item\":\"https:\\\/\\\/adepublicite.fr\\\/\"},{\"@type\":\"ListItem\",\"position\":2,\"name\":\"Planches et plateaux\",\"item\":\"https:\\\/\\\/adepublicite.fr\\\/en-bois\\\/\"},{\"@type\":\"ListItem\",\"position\":3,\"name\":\"Plateau\"}]},{\"@type\":\"WebSite\",\"@id\":\"https:\\\/\\\/adepublicite.fr\\\/#website\",\"url\":\"https:\\\/\\\/adepublicite.fr\\\/\",\"name\":\"ADE Publicit\u00e9\",\"description\":\"\",\"publisher\":{\"@id\":\"https:\\\/\\\/adepublicite.fr\\\/#organization\"},\"potentialAction\":[{\"@type\":\"SearchAction\",\"target\":{\"@type\":\"EntryPoint\",\"urlTemplate\":\"https:\\\/\\\/adepublicite.fr\\\/?s={search_term_string}\"},\"query-input\":{\"@type\":\"PropertyValueSpecification\",\"valueRequired\":true,\"valueName\":\"search_term_string\"}}],\"inLanguage\":\"en-US\"},{\"@type\":\"Organization\",\"@id\":\"https:\\\/\\\/adepublicite.fr\\\/#organization\",\"name\":\"ADE Publicit\u00e9\",\"url\":\"https:\\\/\\\/adepublicite.fr\\\/\",\"logo\":{\"@type\":\"ImageObject\",\"inLanguage\":\"en-US\",\"@id\":\"https:\\\/\\\/adepublicite.fr\\\/#\\\/schema\\\/logo\\\/image\\\/\",\"url\":\"https:\\\/\\\/adepublicite.fr\\\/wp-content\\\/uploads\\\/2018\\\/05\\\/FAVICON.png\",\"contentUrl\":\"https:\\\/\\\/adepublicite.fr\\\/wp-content\\\/uploads\\\/2018\\\/05\\\/FAVICON.png\",\"width\":512,\"height\":512,\"caption\":\"ADE Publicit\u00e9\"},\"image\":{\"@id\":\"https:\\\/\\\/adepublicite.fr\\\/#\\\/schema\\\/logo\\\/image\\\/\"},\"sameAs\":[\"https:\\\/\\\/www.facebook.com\\\/adepublicite\\\/?ref=bookmarks\",\"https:\\\/\\\/www.linkedin.com\\\/company\\\/ade-publicit\u00e9\\\/\"]}]}<\/script>\n<!-- \/ Yoast SEO plugin. -->","yoast_head_json":{"title":"Plateau publicitaire personnalis\u00e9 sur mesure | ADE Publicit\u00e9","robots":{"index":"index","follow":"follow","max-snippet":"max-snippet:-1","max-image-preview":"max-image-preview:large","max-video-preview":"max-video-preview:-1"},"canonical":"https:\/\/adepublicite.fr\/en-bois\/plateau\/","og_locale":"en_US","og_type":"article","og_title":"Plateau - ADE Publicit\u00e9","og_url":"https:\/\/adepublicite.fr\/en-bois\/plateau\/","og_site_name":"ADE Publicit\u00e9","article_publisher":"https:\/\/www.facebook.com\/adepublicite\/?ref=bookmarks","article_modified_time":"2022-12-13T13:39:21+00:00","og_image":[{"width":886,"height":886,"url":"https:\/\/adepublicite.fr\/wp-content\/uploads\/2022\/05\/plateau-plexi-Ducros-test-ADE-2021.png","type":"image\/png"}],"twitter_card":"summary_large_image","twitter_misc":{"Est. reading time":"1 minute"},"schema":{"@context":"https:\/\/schema.org","@graph":[{"@type":"WebPage","@id":"https:\/\/adepublicite.fr\/en-bois\/plateau\/","url":"https:\/\/adepublicite.fr\/en-bois\/plateau\/","name":"Plateau publicitaire personnalis\u00e9 sur mesure | ADE Publicit\u00e9","isPartOf":{"@id":"https:\/\/adepublicite.fr\/#website"},"primaryImageOfPage":{"@id":"https:\/\/adepublicite.fr\/en-bois\/plateau\/#primaryimage"},"image":{"@id":"https:\/\/adepublicite.fr\/en-bois\/plateau\/#primaryimage"},"thumbnailUrl":"https:\/\/adepublicite.fr\/wp-content\/uploads\/2022\/05\/plateau-plexi-Ducros-test-ADE-2021.png","datePublished":"2022-07-19T07:30:36+00:00","dateModified":"2022-12-13T13:39:21+00:00","breadcrumb":{"@id":"https:\/\/adepublicite.fr\/en-bois\/plateau\/#breadcrumb"},"inLanguage":"en-US","potentialAction":[{"@type":"ReadAction","target":["https:\/\/adepublicite.fr\/en-bois\/plateau\/"]}]},{"@type":"ImageObject","inLanguage":"en-US","@id":"https:\/\/adepublicite.fr\/en-bois\/plateau\/#primaryimage","url":"https:\/\/adepublicite.fr\/wp-content\/uploads\/2022\/05\/plateau-plexi-Ducros-test-ADE-2021.png","contentUrl":"https:\/\/adepublicite.fr\/wp-content\/uploads\/2022\/05\/plateau-plexi-Ducros-test-ADE-2021.png","width":886,"height":886},{"@type":"BreadcrumbList","@id":"https:\/\/adepublicite.fr\/en-bois\/plateau\/#breadcrumb","itemListElement":[{"@type":"ListItem","position":1,"name":"Accueil","item":"https:\/\/adepublicite.fr\/"},{"@type":"ListItem","position":2,"name":"Planches et plateaux","item":"https:\/\/adepublicite.fr\/en-bois\/"},{"@type":"ListItem","position":3,"name":"Plateau"}]},{"@type":"WebSite","@id":"https:\/\/adepublicite.fr\/#website","url":"https:\/\/adepublicite.fr\/","name":"ADE Publicit\u00e9","description":"","publisher":{"@id":"https:\/\/adepublicite.fr\/#organization"},"potentialAction":[{"@type":"SearchAction","target":{"@type":"EntryPoint","urlTemplate":"https:\/\/adepublicite.fr\/?s={search_term_string}"},"query-input":{"@type":"PropertyValueSpecification","valueRequired":true,"valueName":"search_term_string"}}],"inLanguage":"en-US"},{"@type":"Organization","@id":"https:\/\/adepublicite.fr\/#organization","name":"ADE Publicit\u00e9","url":"https:\/\/adepublicite.fr\/","logo":{"@type":"ImageObject","inLanguage":"en-US","@id":"https:\/\/adepublicite.fr\/#\/schema\/logo\/image\/","url":"https:\/\/adepublicite.fr\/wp-content\/uploads\/2018\/05\/FAVICON.png","contentUrl":"https:\/\/adepublicite.fr\/wp-content\/uploads\/2018\/05\/FAVICON.png","width":512,"height":512,"caption":"ADE Publicit\u00e9"},"image":{"@id":"https:\/\/adepublicite.fr\/#\/schema\/logo\/image\/"},"sameAs":["https:\/\/www.facebook.com\/adepublicite\/?ref=bookmarks","https:\/\/www.linkedin.com\/company\/ade-publicit\u00e9\/"]}]}},"amp_enabled":true,"_links":{"self":[{"href":"https:\/\/adepublicite.fr\/en\/wp-json\/wp\/v2\/pages\/3730","targetHints":{"allow":["GET"]}}],"collection":[{"href":"https:\/\/adepublicite.fr\/en\/wp-json\/wp\/v2\/pages"}],"about":[{"href":"https:\/\/adepublicite.fr\/en\/wp-json\/wp\/v2\/types\/page"}],"author":[{"embeddable":true,"href":"https:\/\/adepublicite.fr\/en\/wp-json\/wp\/v2\/users\/1"}],"replies":[{"embeddable":true,"href":"https:\/\/adepublicite.fr\/en\/wp-json\/wp\/v2\/comments?post=3730"}],"version-history":[{"count":7,"href":"https:\/\/adepublicite.fr\/en\/wp-json\/wp\/v2\/pages\/3730\/revisions"}],"predecessor-version":[{"id":3954,"href":"https:\/\/adepublicite.fr\/en\/wp-json\/wp\/v2\/pages\/3730\/revisions\/3954"}],"up":[{"embeddable":true,"href":"https:\/\/adepublicite.fr\/en\/wp-json\/wp\/v2\/pages\/2713"}],"wp:featuredmedia":[{"embeddable":true,"href":"https:\/\/adepublicite.fr\/en\/wp-json\/wp\/v2\/media\/3683"}],"wp:attachment":[{"href":"https:\/\/adepublicite.fr\/en\/wp-json\/wp\/v2\/media?parent=3730"}],"curies":[{"name":"wp","href":"https:\/\/api.w.org\/{rel}","templated":true}]}}