{"id":3299,"date":"2020-08-05T10:46:43","date_gmt":"2020-08-05T08:46:43","guid":{"rendered":"https:\/\/adepublicite.fr\/?page_id=3299"},"modified":"2020-08-05T11:56:03","modified_gmt":"2020-08-05T09:56:03","slug":"porte-telephone","status":"publish","type":"page","link":"https:\/\/adepublicite.fr\/en\/cadeaux-goodies\/porte-telephone\/","title":{"rendered":"Porte t\u00e9l\u00e9phone"},"content":{"rendered":"<table style=\"width: 100%;\">\n<tbody>\n<tr>\n<td style=\"width: 75%;\">\n<p>Un simple bloc avec une fente pour tenir le t\u00e9l\u00e9phone, plus complexe avec un visuel vertical \u00e0 l&#8217;arri\u00e8re, ou un assemblage de pi\u00e8ces d\u00e9coup\u00e9es au laser : dessinez le support de t\u00e9l\u00e9phone que vous souhaitez !<\/p>\n<h2>Description technique<\/h2>\n<p><strong>Support\u00a0:<\/strong> en bois, en plexiglas &#8230; diff\u00e9rentes \u00e9paisseurs possibles<\/p>\n<p><strong>Impression :<\/strong> s\u00e9rigraphie ou num\u00e9rique<\/p>\n<p><strong>Formats :<\/strong> sur mesure.<\/p>\n<p><strong>Origine\u00a0:\u00a0<\/strong>dans nos locaux en Is\u00e8re (France)<\/p>\n<p>Vous souhaitez en savoir plus sur nos techniques de fabrication d\u2019ardoise\u00a0? Consultez la page\u00a0<a href=\"http:\/\/adepublicite.fr\/savoir-faire\/\">savoir-faire<\/a>\u00a0ou\u00a0venez <a href=\"https:\/\/adepublicite.fr\/contact\/\">nous rencontrer<\/a>\u00a0!<\/p>\n<\/td>\n<td style=\"text-align: center; vertical-align: top;\"><div id=\"metaslider-id-3321\" style=\"max-width: 700px;\" class=\"ml-slider-3-107-0 metaslider metaslider-flex metaslider-3321 ml-slider ms-theme-default nav-hidden\" role=\"region\" aria-label=\"Support t\u00e9l\u00e9phone\" data-height=\"300\" data-width=\"700\">\n    <div id=\"metaslider_container_3321\">\n        <div id=\"metaslider_3321\">\n            <ul class='slides'>\n                <li style=\"display: block; width: 100%;\" class=\"slide-3322 ms-image \" aria-roledescription=\"slide\" data-date=\"2020-08-05 11:54:46\" data-filename=\"support_tel.png\" data-slide-type=\"image\"><img loading=\"lazy\" decoding=\"async\" width=\"500\" height=\"500\" src=\"https:\/\/adepublicite.fr\/wp-content\/uploads\/2020\/08\/support_tel.png\" class=\"slider-3321 slide-3322 msDefaultImage\" alt=\"\" rel=\"\" title=\"support_tel\" srcset=\"https:\/\/adepublicite.fr\/wp-content\/uploads\/2020\/08\/support_tel.png 500w, https:\/\/adepublicite.fr\/wp-content\/uploads\/2020\/08\/support_tel-300x300.png 300w, https:\/\/adepublicite.fr\/wp-content\/uploads\/2020\/08\/support_tel-150x150.png 150w\" sizes=\"auto, (max-width: 500px) 100vw, 500px\" \/><\/li>\n                <li style=\"display: none; width: 100%;\" class=\"slide-3323 ms-image \" aria-roledescription=\"slide\" data-date=\"2020-08-05 11:54:46\" data-filename=\"sur_mesure_3-1.jpg\" data-slide-type=\"image\"><img loading=\"lazy\" decoding=\"async\" width=\"500\" height=\"500\" src=\"https:\/\/adepublicite.fr\/wp-content\/uploads\/2018\/05\/sur_mesure_3-1.jpg\" class=\"slider-3321 slide-3323 msDefaultImage\" alt=\"\" rel=\"\" title=\"support_tel\" srcset=\"https:\/\/adepublicite.fr\/wp-content\/uploads\/2018\/05\/sur_mesure_3-1.jpg 500w, https:\/\/adepublicite.fr\/wp-content\/uploads\/2018\/05\/sur_mesure_3-1-150x150.jpg 150w, https:\/\/adepublicite.fr\/wp-content\/uploads\/2018\/05\/sur_mesure_3-1-300x300.jpg 300w, https:\/\/adepublicite.fr\/wp-content\/uploads\/2018\/05\/sur_mesure_3-1-365x365.jpg 365w\" sizes=\"auto, (max-width: 500px) 100vw, 500px\" \/><\/li>\n                <li style=\"display: none; width: 100%;\" class=\"slide-3324 ms-image \" aria-roledescription=\"slide\" data-date=\"2020-08-05 11:54:46\" data-filename=\"support-tel2.jpg\" data-slide-type=\"image\"><img loading=\"lazy\" decoding=\"async\" width=\"500\" height=\"500\" src=\"https:\/\/adepublicite.fr\/wp-content\/uploads\/2018\/07\/support-tel2.jpg\" class=\"slider-3321 slide-3324 msDefaultImage\" alt=\"\" rel=\"\" title=\"support tel2\" srcset=\"https:\/\/adepublicite.fr\/wp-content\/uploads\/2018\/07\/support-tel2.jpg 500w, https:\/\/adepublicite.fr\/wp-content\/uploads\/2018\/07\/support-tel2-150x150.jpg 150w, https:\/\/adepublicite.fr\/wp-content\/uploads\/2018\/07\/support-tel2-300x300.jpg 300w\" sizes=\"auto, (max-width: 500px) 100vw, 500px\" \/><\/li>\n                <li style=\"display: none; width: 100%;\" class=\"slide-3325 ms-image \" aria-roledescription=\"slide\" data-date=\"2020-08-05 11:54:46\" data-filename=\"support-tel.jpg\" data-slide-type=\"image\"><img loading=\"lazy\" decoding=\"async\" width=\"500\" height=\"500\" src=\"https:\/\/adepublicite.fr\/wp-content\/uploads\/2018\/07\/support-tel.jpg\" class=\"slider-3321 slide-3325 msDefaultImage\" alt=\"\" rel=\"\" title=\"support tel\" srcset=\"https:\/\/adepublicite.fr\/wp-content\/uploads\/2018\/07\/support-tel.jpg 500w, https:\/\/adepublicite.fr\/wp-content\/uploads\/2018\/07\/support-tel-150x150.jpg 150w, https:\/\/adepublicite.fr\/wp-content\/uploads\/2018\/07\/support-tel-300x300.jpg 300w\" sizes=\"auto, (max-width: 500px) 100vw, 500px\" \/><\/li>\n            <\/ul>\n        <\/div>\n        \n    <\/div>\n<\/div><\/td>\n<\/tr>\n<\/tbody>\n<\/table>\n\n\n<div style=\"height:20px\" aria-hidden=\"true\" class=\"wp-block-spacer\"><\/div>\n\n\n\n<h2 class=\"wp-block-heading\">Tarifs<\/h2>\n\n\n\n<p>Nos tarifs d\u00e9pendent de vos crit\u00e8res de personnalisation (la taille de l\u2019ardoise, le nombre de couleurs \u00e0 l&#8217;impression, le type d\u2019encadrement, si besoin la retouche de vos fichiers, la quantit\u00e9 souhait\u00e9e&#8230; voir nos&nbsp;<a href=\"http:\/\/adepublicite.fr\/savoir-faire\/\">savoir-faire<\/a>&nbsp;pour plus d&#8217;explications), et sont donc exclusivement sur devis.<\/p>\n","protected":false},"excerpt":{"rendered":"<p>Un simple bloc avec une fente pour tenir le t&eacute;l&eacute;phone, plus complexe avec un visuel vertical &agrave; l&rsquo;arri&egrave;re, ou un assemblage de pi&egrave;ces d&eacute;coup&eacute;es au laser : dessinez le support de t&eacute;l&eacute;phone que vous souhaitez ! Description technique Support&nbsp;: en &hellip; <a href=\"https:\/\/adepublicite.fr\/en\/cadeaux-goodies\/porte-telephone\/\">Continued<\/a><\/p>\n","protected":false},"author":1,"featured_media":951,"parent":535,"menu_order":2,"comment_status":"closed","ping_status":"closed","template":"","meta":{"kt_blocks_editor_width":"","_monsterinsights_skip_tracking":false,"_monsterinsights_sitenote_active":false,"_monsterinsights_sitenote_note":"","_monsterinsights_sitenote_category":0,"footnotes":""},"class_list":["post-3299","page","type-page","status-publish","has-post-thumbnail","hentry"],"translation":{"provider":"WPGlobus","version":"3.0.2","language":"en","enabled_languages":["fr","en"],"languages":{"fr":{"title":true,"content":true,"excerpt":false},"en":{"title":false,"content":false,"excerpt":false}}},"yoast_head":"<!-- This site is optimized with the Yoast SEO plugin v27.3 - https:\/\/yoast.com\/product\/yoast-seo-wordpress\/ -->\n<title>Porte t\u00e9l\u00e9phone publicitaire personnalis\u00e9 sur mesure | ADE Publicit\u00e9<\/title>\n<meta name=\"robots\" content=\"index, follow, max-snippet:-1, max-image-preview:large, max-video-preview:-1\" \/>\n<link rel=\"canonical\" href=\"https:\/\/adepublicite.fr\/cadeaux-goodies\/porte-telephone\/\" \/>\n<meta property=\"og:locale\" content=\"en_US\" \/>\n<meta property=\"og:type\" content=\"article\" \/>\n<meta property=\"og:title\" content=\"Porte t\u00e9l\u00e9phone - ADE Publicit\u00e9\" \/>\n<meta property=\"og:url\" content=\"https:\/\/adepublicite.fr\/cadeaux-goodies\/porte-telephone\/\" \/>\n<meta property=\"og:site_name\" content=\"ADE Publicit\u00e9\" \/>\n<meta property=\"article:publisher\" content=\"https:\/\/www.facebook.com\/adepublicite\/?ref=bookmarks\" \/>\n<meta property=\"article:modified_time\" content=\"2020-08-05T09:56:03+00:00\" \/>\n<meta property=\"og:image\" content=\"https:\/\/adepublicite.fr\/wp-content\/uploads\/2018\/05\/sur_mesure_3-1.jpg\" \/>\n\t<meta property=\"og:image:width\" content=\"500\" \/>\n\t<meta property=\"og:image:height\" content=\"500\" \/>\n\t<meta property=\"og:image:type\" content=\"image\/jpeg\" \/>\n<meta name=\"twitter:card\" content=\"summary_large_image\" \/>\n<meta name=\"twitter:label1\" content=\"Est. reading time\" \/>\n\t<meta name=\"twitter:data1\" content=\"1 minute\" \/>\n<script type=\"application\/ld+json\" class=\"yoast-schema-graph\">{\"@context\":\"https:\\\/\\\/schema.org\",\"@graph\":[{\"@type\":\"WebPage\",\"@id\":\"https:\\\/\\\/adepublicite.fr\\\/cadeaux-goodies\\\/porte-telephone\\\/\",\"url\":\"https:\\\/\\\/adepublicite.fr\\\/cadeaux-goodies\\\/porte-telephone\\\/\",\"name\":\"Porte t\u00e9l\u00e9phone publicitaire personnalis\u00e9 sur mesure | ADE Publicit\u00e9\",\"isPartOf\":{\"@id\":\"https:\\\/\\\/adepublicite.fr\\\/#website\"},\"primaryImageOfPage\":{\"@id\":\"https:\\\/\\\/adepublicite.fr\\\/cadeaux-goodies\\\/porte-telephone\\\/#primaryimage\"},\"image\":{\"@id\":\"https:\\\/\\\/adepublicite.fr\\\/cadeaux-goodies\\\/porte-telephone\\\/#primaryimage\"},\"thumbnailUrl\":\"https:\\\/\\\/adepublicite.fr\\\/wp-content\\\/uploads\\\/2018\\\/05\\\/sur_mesure_3-1.jpg\",\"datePublished\":\"2020-08-05T08:46:43+00:00\",\"dateModified\":\"2020-08-05T09:56:03+00:00\",\"description\":\"Le porte t\u00e9l\u00e9phone est le goodies id\u00e9al : tout le monde a un t\u00e9l\u00e9phone, mais personne ne sait o\u00f9 le poser ? Donnez-leur un support avec votre nom !\",\"breadcrumb\":{\"@id\":\"https:\\\/\\\/adepublicite.fr\\\/cadeaux-goodies\\\/porte-telephone\\\/#breadcrumb\"},\"inLanguage\":\"en-US\",\"potentialAction\":[{\"@type\":\"ReadAction\",\"target\":[\"https:\\\/\\\/adepublicite.fr\\\/cadeaux-goodies\\\/porte-telephone\\\/\"]}]},{\"@type\":\"ImageObject\",\"inLanguage\":\"en-US\",\"@id\":\"https:\\\/\\\/adepublicite.fr\\\/cadeaux-goodies\\\/porte-telephone\\\/#primaryimage\",\"url\":\"https:\\\/\\\/adepublicite.fr\\\/wp-content\\\/uploads\\\/2018\\\/05\\\/sur_mesure_3-1.jpg\",\"contentUrl\":\"https:\\\/\\\/adepublicite.fr\\\/wp-content\\\/uploads\\\/2018\\\/05\\\/sur_mesure_3-1.jpg\",\"width\":500,\"height\":500},{\"@type\":\"BreadcrumbList\",\"@id\":\"https:\\\/\\\/adepublicite.fr\\\/cadeaux-goodies\\\/porte-telephone\\\/#breadcrumb\",\"itemListElement\":[{\"@type\":\"ListItem\",\"position\":1,\"name\":\"Accueil\",\"item\":\"https:\\\/\\\/adepublicite.fr\\\/\"},{\"@type\":\"ListItem\",\"position\":2,\"name\":\"Cadeaux goodies\",\"item\":\"https:\\\/\\\/adepublicite.fr\\\/cadeaux-goodies\\\/\"},{\"@type\":\"ListItem\",\"position\":3,\"name\":\"Porte t\u00e9l\u00e9phone\"}]},{\"@type\":\"WebSite\",\"@id\":\"https:\\\/\\\/adepublicite.fr\\\/#website\",\"url\":\"https:\\\/\\\/adepublicite.fr\\\/\",\"name\":\"ADE Publicit\u00e9\",\"description\":\"\",\"publisher\":{\"@id\":\"https:\\\/\\\/adepublicite.fr\\\/#organization\"},\"potentialAction\":[{\"@type\":\"SearchAction\",\"target\":{\"@type\":\"EntryPoint\",\"urlTemplate\":\"https:\\\/\\\/adepublicite.fr\\\/?s={search_term_string}\"},\"query-input\":{\"@type\":\"PropertyValueSpecification\",\"valueRequired\":true,\"valueName\":\"search_term_string\"}}],\"inLanguage\":\"en-US\"},{\"@type\":\"Organization\",\"@id\":\"https:\\\/\\\/adepublicite.fr\\\/#organization\",\"name\":\"ADE Publicit\u00e9\",\"url\":\"https:\\\/\\\/adepublicite.fr\\\/\",\"logo\":{\"@type\":\"ImageObject\",\"inLanguage\":\"en-US\",\"@id\":\"https:\\\/\\\/adepublicite.fr\\\/#\\\/schema\\\/logo\\\/image\\\/\",\"url\":\"https:\\\/\\\/adepublicite.fr\\\/wp-content\\\/uploads\\\/2018\\\/05\\\/FAVICON.png\",\"contentUrl\":\"https:\\\/\\\/adepublicite.fr\\\/wp-content\\\/uploads\\\/2018\\\/05\\\/FAVICON.png\",\"width\":512,\"height\":512,\"caption\":\"ADE Publicit\u00e9\"},\"image\":{\"@id\":\"https:\\\/\\\/adepublicite.fr\\\/#\\\/schema\\\/logo\\\/image\\\/\"},\"sameAs\":[\"https:\\\/\\\/www.facebook.com\\\/adepublicite\\\/?ref=bookmarks\",\"https:\\\/\\\/www.linkedin.com\\\/company\\\/ade-publicit\u00e9\\\/\"]}]}<\/script>\n<!-- \/ Yoast SEO plugin. -->","yoast_head_json":{"title":"Porte t\u00e9l\u00e9phone publicitaire personnalis\u00e9 sur mesure | ADE Publicit\u00e9","robots":{"index":"index","follow":"follow","max-snippet":"max-snippet:-1","max-image-preview":"max-image-preview:large","max-video-preview":"max-video-preview:-1"},"canonical":"https:\/\/adepublicite.fr\/cadeaux-goodies\/porte-telephone\/","og_locale":"en_US","og_type":"article","og_title":"Porte t\u00e9l\u00e9phone - ADE Publicit\u00e9","og_url":"https:\/\/adepublicite.fr\/cadeaux-goodies\/porte-telephone\/","og_site_name":"ADE Publicit\u00e9","article_publisher":"https:\/\/www.facebook.com\/adepublicite\/?ref=bookmarks","article_modified_time":"2020-08-05T09:56:03+00:00","og_image":[{"width":500,"height":500,"url":"https:\/\/adepublicite.fr\/wp-content\/uploads\/2018\/05\/sur_mesure_3-1.jpg","type":"image\/jpeg"}],"twitter_card":"summary_large_image","twitter_misc":{"Est. reading time":"1 minute"},"schema":{"@context":"https:\/\/schema.org","@graph":[{"@type":"WebPage","@id":"https:\/\/adepublicite.fr\/cadeaux-goodies\/porte-telephone\/","url":"https:\/\/adepublicite.fr\/cadeaux-goodies\/porte-telephone\/","name":"Porte t\u00e9l\u00e9phone publicitaire personnalis\u00e9 sur mesure | ADE Publicit\u00e9","isPartOf":{"@id":"https:\/\/adepublicite.fr\/#website"},"primaryImageOfPage":{"@id":"https:\/\/adepublicite.fr\/cadeaux-goodies\/porte-telephone\/#primaryimage"},"image":{"@id":"https:\/\/adepublicite.fr\/cadeaux-goodies\/porte-telephone\/#primaryimage"},"thumbnailUrl":"https:\/\/adepublicite.fr\/wp-content\/uploads\/2018\/05\/sur_mesure_3-1.jpg","datePublished":"2020-08-05T08:46:43+00:00","dateModified":"2020-08-05T09:56:03+00:00","description":"Le porte t\u00e9l\u00e9phone est le goodies id\u00e9al : tout le monde a un t\u00e9l\u00e9phone, mais personne ne sait o\u00f9 le poser ? Donnez-leur un support avec votre nom !","breadcrumb":{"@id":"https:\/\/adepublicite.fr\/cadeaux-goodies\/porte-telephone\/#breadcrumb"},"inLanguage":"en-US","potentialAction":[{"@type":"ReadAction","target":["https:\/\/adepublicite.fr\/cadeaux-goodies\/porte-telephone\/"]}]},{"@type":"ImageObject","inLanguage":"en-US","@id":"https:\/\/adepublicite.fr\/cadeaux-goodies\/porte-telephone\/#primaryimage","url":"https:\/\/adepublicite.fr\/wp-content\/uploads\/2018\/05\/sur_mesure_3-1.jpg","contentUrl":"https:\/\/adepublicite.fr\/wp-content\/uploads\/2018\/05\/sur_mesure_3-1.jpg","width":500,"height":500},{"@type":"BreadcrumbList","@id":"https:\/\/adepublicite.fr\/cadeaux-goodies\/porte-telephone\/#breadcrumb","itemListElement":[{"@type":"ListItem","position":1,"name":"Accueil","item":"https:\/\/adepublicite.fr\/"},{"@type":"ListItem","position":2,"name":"Cadeaux goodies","item":"https:\/\/adepublicite.fr\/cadeaux-goodies\/"},{"@type":"ListItem","position":3,"name":"Porte t\u00e9l\u00e9phone"}]},{"@type":"WebSite","@id":"https:\/\/adepublicite.fr\/#website","url":"https:\/\/adepublicite.fr\/","name":"ADE Publicit\u00e9","description":"","publisher":{"@id":"https:\/\/adepublicite.fr\/#organization"},"potentialAction":[{"@type":"SearchAction","target":{"@type":"EntryPoint","urlTemplate":"https:\/\/adepublicite.fr\/?s={search_term_string}"},"query-input":{"@type":"PropertyValueSpecification","valueRequired":true,"valueName":"search_term_string"}}],"inLanguage":"en-US"},{"@type":"Organization","@id":"https:\/\/adepublicite.fr\/#organization","name":"ADE Publicit\u00e9","url":"https:\/\/adepublicite.fr\/","logo":{"@type":"ImageObject","inLanguage":"en-US","@id":"https:\/\/adepublicite.fr\/#\/schema\/logo\/image\/","url":"https:\/\/adepublicite.fr\/wp-content\/uploads\/2018\/05\/FAVICON.png","contentUrl":"https:\/\/adepublicite.fr\/wp-content\/uploads\/2018\/05\/FAVICON.png","width":512,"height":512,"caption":"ADE Publicit\u00e9"},"image":{"@id":"https:\/\/adepublicite.fr\/#\/schema\/logo\/image\/"},"sameAs":["https:\/\/www.facebook.com\/adepublicite\/?ref=bookmarks","https:\/\/www.linkedin.com\/company\/ade-publicit\u00e9\/"]}]}},"amp_enabled":true,"_links":{"self":[{"href":"https:\/\/adepublicite.fr\/en\/wp-json\/wp\/v2\/pages\/3299","targetHints":{"allow":["GET"]}}],"collection":[{"href":"https:\/\/adepublicite.fr\/en\/wp-json\/wp\/v2\/pages"}],"about":[{"href":"https:\/\/adepublicite.fr\/en\/wp-json\/wp\/v2\/types\/page"}],"author":[{"embeddable":true,"href":"https:\/\/adepublicite.fr\/en\/wp-json\/wp\/v2\/users\/1"}],"replies":[{"embeddable":true,"href":"https:\/\/adepublicite.fr\/en\/wp-json\/wp\/v2\/comments?post=3299"}],"version-history":[{"count":4,"href":"https:\/\/adepublicite.fr\/en\/wp-json\/wp\/v2\/pages\/3299\/revisions"}],"predecessor-version":[{"id":3327,"href":"https:\/\/adepublicite.fr\/en\/wp-json\/wp\/v2\/pages\/3299\/revisions\/3327"}],"up":[{"embeddable":true,"href":"https:\/\/adepublicite.fr\/en\/wp-json\/wp\/v2\/pages\/535"}],"wp:featuredmedia":[{"embeddable":true,"href":"https:\/\/adepublicite.fr\/en\/wp-json\/wp\/v2\/media\/951"}],"wp:attachment":[{"href":"https:\/\/adepublicite.fr\/en\/wp-json\/wp\/v2\/media?parent=3299"}],"curies":[{"name":"wp","href":"https:\/\/api.w.org\/{rel}","templated":true}]}}