{"id":3136,"date":"2020-08-04T10:07:09","date_gmt":"2020-08-04T08:07:09","guid":{"rendered":"https:\/\/adepublicite.fr\/?page_id=3136"},"modified":"2020-08-05T11:05:13","modified_gmt":"2020-08-05T09:05:13","slug":"sticker-adhesif","status":"publish","type":"page","link":"https:\/\/adepublicite.fr\/en\/adhesif\/sticker-adhesif\/","title":{"rendered":"Sticker adh\u00e9sif"},"content":{"rendered":"\n<div style=\"height:20px\" aria-hidden=\"true\" class=\"wp-block-spacer\"><\/div>\n\n\n<table style=\"width: 100%;\">\n<tbody>\n<tr>\n<td style=\"width: 75%;\">\n<h2>Description technique<\/h2>\n<p><strong>Support :&nbsp;<\/strong>adh\u00e9sif transparent, micro perfor\u00e9, repositionnable, micro ventous\u00e9 (sans colle) \u2026&nbsp;polym\u00e8re ou monom\u00e8re&nbsp;selon la dur\u00e9e de vie de votre projet (autres supports possibles)<\/p>\n<p><strong>Impression&nbsp;:<\/strong>&nbsp;num\u00e9rique<\/p>\n<p><strong>Formats&nbsp;:<\/strong>&nbsp;sur mesure<\/p>\n<p><strong>Finitions et options&nbsp;:<\/strong>&nbsp;lamination, d\u00e9coupe \u00e0 la forme (et autres options \u00e0 la demande)<\/p>\n<p><strong>Emballage&nbsp;:&nbsp;<\/strong>sous rouleau<\/p>\n<p><strong>Origine&nbsp;:&nbsp;<\/strong>dans nos locaux en Is\u00e8re (France)<\/p>\n<p>Vous souhaitez en savoir plus sur nos techniques de fabrication d\u2019adh\u00e9sif ? Consultez la page <a href=\"https:\/\/adepublicite.fr\/savoir-faire\/\">savoir faire<\/a>&nbsp;ou&nbsp;<a href=\"https:\/\/adepublicite.fr\/contact\/\">venez nous rencontrer<\/a>&nbsp;!<\/p>\n<\/td>\n<td style=\"text-align: center; vertical-align: top;\"><div id=\"metaslider-id-3165\" style=\"max-width: 700px;\" class=\"ml-slider-3-107-0 metaslider metaslider-flex metaslider-3165 ml-slider ms-theme-default nav-hidden\" role=\"region\" aria-label=\"Adh\u00e9sif sticker\" data-height=\"300\" data-width=\"700\">\n    <div id=\"metaslider_container_3165\">\n        <div id=\"metaslider_3165\">\n            <ul class='slides'>\n                <li style=\"display: block; width: 100%;\" class=\"slide-3166 ms-image \" aria-roledescription=\"slide\" data-date=\"2020-08-04 11:13:17\" data-filename=\"adhesif_sticker_1.jpg\" data-slide-type=\"image\"><img loading=\"lazy\" decoding=\"async\" width=\"500\" height=\"500\" src=\"https:\/\/adepublicite.fr\/wp-content\/uploads\/2020\/08\/adhesif_sticker_1.jpg\" class=\"slider-3165 slide-3166 msDefaultImage\" alt=\"sticker adh\u00e9sif\" rel=\"\" title=\"adhesif_sticker_1\" srcset=\"https:\/\/adepublicite.fr\/wp-content\/uploads\/2020\/08\/adhesif_sticker_1.jpg 500w, https:\/\/adepublicite.fr\/wp-content\/uploads\/2020\/08\/adhesif_sticker_1-300x300.jpg 300w, https:\/\/adepublicite.fr\/wp-content\/uploads\/2020\/08\/adhesif_sticker_1-150x150.jpg 150w, https:\/\/adepublicite.fr\/wp-content\/uploads\/2020\/08\/adhesif_sticker_1-365x365.jpg 365w\" sizes=\"auto, (max-width: 500px) 100vw, 500px\" \/><\/li>\n                <li style=\"display: none; width: 100%;\" class=\"slide-3167 ms-image \" aria-roledescription=\"slide\" data-date=\"2020-08-04 11:13:17\" data-filename=\"adhesif_sticker_2.jpg\" data-slide-type=\"image\"><img loading=\"lazy\" decoding=\"async\" width=\"500\" height=\"500\" src=\"https:\/\/adepublicite.fr\/wp-content\/uploads\/2020\/08\/adhesif_sticker_2.jpg\" class=\"slider-3165 slide-3167 msDefaultImage\" alt=\"sticker adh\u00e9sif\" rel=\"\" title=\"adhesif_sticker_2\" srcset=\"https:\/\/adepublicite.fr\/wp-content\/uploads\/2020\/08\/adhesif_sticker_2.jpg 500w, https:\/\/adepublicite.fr\/wp-content\/uploads\/2020\/08\/adhesif_sticker_2-300x300.jpg 300w, https:\/\/adepublicite.fr\/wp-content\/uploads\/2020\/08\/adhesif_sticker_2-150x150.jpg 150w\" sizes=\"auto, (max-width: 500px) 100vw, 500px\" \/><\/li>\n                <li style=\"display: none; width: 100%;\" class=\"slide-3168 ms-image \" aria-roledescription=\"slide\" data-date=\"2020-08-04 11:13:17\" data-filename=\"adhesif_sticker_4.jpg\" data-slide-type=\"image\"><img loading=\"lazy\" decoding=\"async\" width=\"500\" height=\"500\" src=\"https:\/\/adepublicite.fr\/wp-content\/uploads\/2020\/08\/adhesif_sticker_4.jpg\" class=\"slider-3165 slide-3168 msDefaultImage\" alt=\"sticker adh\u00e9sif\" rel=\"\" title=\"adhesif_sticker_4\" srcset=\"https:\/\/adepublicite.fr\/wp-content\/uploads\/2020\/08\/adhesif_sticker_4.jpg 500w, https:\/\/adepublicite.fr\/wp-content\/uploads\/2020\/08\/adhesif_sticker_4-300x300.jpg 300w, https:\/\/adepublicite.fr\/wp-content\/uploads\/2020\/08\/adhesif_sticker_4-150x150.jpg 150w\" sizes=\"auto, (max-width: 500px) 100vw, 500px\" \/><\/li>\n                <li style=\"display: none; width: 100%;\" class=\"slide-3169 ms-image \" aria-roledescription=\"slide\" data-date=\"2020-08-04 11:13:17\" data-filename=\"adhesif_sticker_3.jpg\" data-slide-type=\"image\"><img loading=\"lazy\" decoding=\"async\" width=\"500\" height=\"500\" src=\"https:\/\/adepublicite.fr\/wp-content\/uploads\/2020\/08\/adhesif_sticker_3.jpg\" class=\"slider-3165 slide-3169 msDefaultImage\" alt=\"sticker adh\u00e9sif\" rel=\"\" title=\"adhesif_sticker_3\" srcset=\"https:\/\/adepublicite.fr\/wp-content\/uploads\/2020\/08\/adhesif_sticker_3.jpg 500w, https:\/\/adepublicite.fr\/wp-content\/uploads\/2020\/08\/adhesif_sticker_3-300x300.jpg 300w, https:\/\/adepublicite.fr\/wp-content\/uploads\/2020\/08\/adhesif_sticker_3-150x150.jpg 150w\" sizes=\"auto, (max-width: 500px) 100vw, 500px\" \/><\/li>\n            <\/ul>\n        <\/div>\n        \n    <\/div>\n<\/div><\/td>\n<\/tr>\n<\/tbody>\n<\/table>\n\n\n<div style=\"height:20px\" aria-hidden=\"true\" class=\"wp-block-spacer\"><\/div>\n\n\n\n<h2 class=\"wp-block-heading\">Tarifs<\/h2>\n\n\n\n<p>Nos tarifs d\u00e9pendent de vos crit\u00e8res de personnalisation (la taille, le nombre de couleurs \u00e0 l&#8217;impression, si besoin la retouche de vos fichiers, la lamination de protection ou antid\u00e9rapant, la quantit\u00e9 souhait\u00e9e&#8230; voir nos <a href=\"https:\/\/adepublicite.fr\/savoir-faire\/\">savoir-faire<\/a>&nbsp;pour plus d&#8217;explications), et sont donc exclusivement sur devis.<\/p>\n\n\n\n<div style=\"height:20px\" aria-hidden=\"true\" class=\"wp-block-spacer\"><\/div>\n\n\n\n<h2 class=\"wp-block-heading\">Articles associ\u00e9s<\/h2>\n\n\n<table style=\"width: 100%;\">\n<tbody>\n<tr>\n<td style=\"width: 20%; text-align: center;\"><a href=\"https:\/\/adepublicite.fr\/adhesif\/adhesif-de-porte\/\"><img loading=\"lazy\" decoding=\"async\" class=\"alignnone wp-image-630 size-medium\" src=\"http:\/\/adepublicite.fr\/wp-content\/uploads\/2018\/05\/adhesif_de_porte-2-300x300.jpg\" alt=\"\" width=\"300\" height=\"300\" srcset=\"https:\/\/adepublicite.fr\/wp-content\/uploads\/2018\/05\/adhesif_de_porte-2-300x300.jpg 300w, https:\/\/adepublicite.fr\/wp-content\/uploads\/2018\/05\/adhesif_de_porte-2-150x150.jpg 150w, https:\/\/adepublicite.fr\/wp-content\/uploads\/2018\/05\/adhesif_de_porte-2-365x365.jpg 365w, https:\/\/adepublicite.fr\/wp-content\/uploads\/2018\/05\/adhesif_de_porte-2.jpg 500w\" sizes=\"auto, (max-width: 300px) 100vw, 300px\" \/><\/a><\/td>\n<td style=\"width: 20%; text-align: center;\"><a href=\"https:\/\/adepublicite.fr\/adhesif\/adhesif-de-sol\/\"><img loading=\"lazy\" decoding=\"async\" class=\"alignnone wp-image-633 size-medium\" src=\"https:\/\/adepublicite.fr\/wp-content\/uploads\/2018\/05\/adhesif_de_sol-1-300x300.jpg\" alt=\"\" width=\"300\" height=\"300\" srcset=\"https:\/\/adepublicite.fr\/wp-content\/uploads\/2018\/05\/adhesif_de_sol-1-300x300.jpg 300w, https:\/\/adepublicite.fr\/wp-content\/uploads\/2018\/05\/adhesif_de_sol-1-150x150.jpg 150w, https:\/\/adepublicite.fr\/wp-content\/uploads\/2018\/05\/adhesif_de_sol-1-365x365.jpg 365w, https:\/\/adepublicite.fr\/wp-content\/uploads\/2018\/05\/adhesif_de_sol-1.jpg 500w\" sizes=\"auto, (max-width: 300px) 100vw, 300px\" \/><\/a><\/td>\n<td style=\"width: 20%; text-align: center;\"><a href=\"https:\/\/adepublicite.fr\/adhesif\/adhesif-mural\/\"><img loading=\"lazy\" decoding=\"async\" class=\"alignnone wp-image-637 size-medium\" src=\"https:\/\/adepublicite.fr\/wp-content\/uploads\/2018\/05\/adhesif_mural-1-300x300.jpg\" alt=\"\" width=\"300\" height=\"300\" srcset=\"https:\/\/adepublicite.fr\/wp-content\/uploads\/2018\/05\/adhesif_mural-1-300x300.jpg 300w, https:\/\/adepublicite.fr\/wp-content\/uploads\/2018\/05\/adhesif_mural-1-150x150.jpg 150w, https:\/\/adepublicite.fr\/wp-content\/uploads\/2018\/05\/adhesif_mural-1-365x365.jpg 365w, https:\/\/adepublicite.fr\/wp-content\/uploads\/2018\/05\/adhesif_mural-1.jpg 500w\" sizes=\"auto, (max-width: 300px) 100vw, 300px\" \/><\/a><\/td>\n<td style=\"width: 20%; text-align: center;\"><a href=\"https:\/\/adepublicite.fr\/adhesif\/adhesif-de-vitrine\/\"><img loading=\"lazy\" decoding=\"async\" class=\"alignnone size-medium wp-image-3098\" src=\"https:\/\/adepublicite.fr\/wp-content\/uploads\/2020\/07\/adhesif_vitrine_1-300x300.jpg\" alt=\"\" width=\"300\" height=\"300\" srcset=\"https:\/\/adepublicite.fr\/wp-content\/uploads\/2020\/07\/adhesif_vitrine_1-300x300.jpg 300w, https:\/\/adepublicite.fr\/wp-content\/uploads\/2020\/07\/adhesif_vitrine_1-150x150.jpg 150w, https:\/\/adepublicite.fr\/wp-content\/uploads\/2020\/07\/adhesif_vitrine_1-365x365.jpg 365w, https:\/\/adepublicite.fr\/wp-content\/uploads\/2020\/07\/adhesif_vitrine_1.jpg 500w\" sizes=\"auto, (max-width: 300px) 100vw, 300px\" \/><\/a><\/td>\n<td style=\"width: 25%; text-align: center;\"><a href=\"https:\/\/adepublicite.fr\/adhesif\/adhesif-pour-vehicules\/\"><img loading=\"lazy\" decoding=\"async\" class=\"alignnone wp-image-641 size-medium\" src=\"https:\/\/adepublicite.fr\/wp-content\/uploads\/2018\/05\/adhesif_voiture-1-300x300.jpg\" alt=\"\" width=\"300\" height=\"300\" srcset=\"https:\/\/adepublicite.fr\/wp-content\/uploads\/2018\/05\/adhesif_voiture-1-300x300.jpg 300w, https:\/\/adepublicite.fr\/wp-content\/uploads\/2018\/05\/adhesif_voiture-1-150x150.jpg 150w, https:\/\/adepublicite.fr\/wp-content\/uploads\/2018\/05\/adhesif_voiture-1-365x365.jpg 365w, https:\/\/adepublicite.fr\/wp-content\/uploads\/2018\/05\/adhesif_voiture-1.jpg 500w\" sizes=\"auto, (max-width: 300px) 100vw, 300px\" \/><\/a><\/td>\n<\/tr>\n<tr>\n<td style=\"background-color: #ffffff; text-align: center;\"><a href=\"https:\/\/adepublicite.fr\/adhesif\/adhesif-de-porte\/\">Adh\u00e9sif de porte<\/a><\/td>\n<td style=\"background-color: #ffffff; text-align: center;\"><a href=\"https:\/\/adepublicite.fr\/adhesif\/adhesif-de-sol\/\">Adh\u00e9sif de sol<\/a><\/td>\n<td style=\"background-color: #ffffff; text-align: center;\"><a href=\"https:\/\/adepublicite.fr\/adhesif\/adhesif-mural\/\">Adh\u00e9sif mural<\/a><\/td>\n<td style=\"background-color: #ffffff; text-align: center;\"><a href=\"https:\/\/adepublicite.fr\/adhesif\/adhesif-de-vitrine\/\">Adh\u00e9sif de vitrine<\/a><\/td>\n<td style=\"background-color: #ffffff; text-align: center;\"><a href=\"https:\/\/adepublicite.fr\/adhesif\/adhesif-pour-vehicules\/\">Adh\u00e9sif pour v\u00e9hicules<\/a><\/td>\n<\/tr>\n<tr>\n<td style=\"background-color: #ffffff; text-align: center;\"><a href=\"https:\/\/adepublicite.fr\/adhesif\/vitrophanie\/\"><img loading=\"lazy\" decoding=\"async\" class=\"alignnone wp-image-645 size-medium\" src=\"https:\/\/adepublicite.fr\/wp-content\/uploads\/2018\/05\/adhesif_vitrophanie_1-300x300.jpg\" alt=\"\" width=\"300\" height=\"300\" srcset=\"https:\/\/adepublicite.fr\/wp-content\/uploads\/2018\/05\/adhesif_vitrophanie_1-300x300.jpg 300w, https:\/\/adepublicite.fr\/wp-content\/uploads\/2018\/05\/adhesif_vitrophanie_1-150x150.jpg 150w, https:\/\/adepublicite.fr\/wp-content\/uploads\/2018\/05\/adhesif_vitrophanie_1-365x365.jpg 365w, https:\/\/adepublicite.fr\/wp-content\/uploads\/2018\/05\/adhesif_vitrophanie_1.jpg 500w\" sizes=\"auto, (max-width: 300px) 100vw, 300px\" \/><\/a><\/td>\n<td style=\"background-color: #ffffff; text-align: center;\">&nbsp;<\/td>\n<td style=\"background-color: #ffffff; text-align: center;\">&nbsp;<\/td>\n<td style=\"background-color: #ffffff; text-align: center;\">&nbsp;<\/td>\n<td style=\"background-color: #ffffff; text-align: center;\">&nbsp;<\/td>\n<\/tr>\n<tr>\n<td style=\"background-color: #ffffff; text-align: center;\"><a href=\"https:\/\/adepublicite.fr\/adhesif\/vitrophanie\/\">Vitrophanie<\/a><\/td>\n<td style=\"background-color: #ffffff; text-align: center;\">&nbsp;<\/td>\n<td style=\"background-color: #ffffff; text-align: center;\">&nbsp;<\/td>\n<td style=\"background-color: #ffffff; text-align: center;\">&nbsp;<\/td>\n<td style=\"background-color: #ffffff; text-align: center;\">&nbsp;<\/td>\n<\/tr>\n<\/tbody>\n<\/table>","protected":false},"excerpt":{"rendered":"<p>Description technique Support :&nbsp;adh&eacute;sif transparent, micro perfor&eacute;, repositionnable, micro ventous&eacute; (sans colle) &hellip;&nbsp;polym&egrave;re ou monom&egrave;re&nbsp;selon la dur&eacute;e de vie de votre projet (autres supports possibles) Impression&nbsp;:&nbsp;num&eacute;rique Formats&nbsp;:&nbsp;sur mesure Finitions et options&nbsp;:&nbsp;lamination, d&eacute;coupe &agrave; la forme (et autres options &agrave; la &hellip; <a href=\"https:\/\/adepublicite.fr\/en\/adhesif\/sticker-adhesif\/\">Continued<\/a><\/p>\n","protected":false},"author":1,"featured_media":3161,"parent":509,"menu_order":6,"comment_status":"closed","ping_status":"closed","template":"","meta":{"kt_blocks_editor_width":"","_monsterinsights_skip_tracking":false,"_monsterinsights_sitenote_active":false,"_monsterinsights_sitenote_note":"","_monsterinsights_sitenote_category":0,"footnotes":""},"class_list":["post-3136","page","type-page","status-publish","has-post-thumbnail","hentry"],"translation":{"provider":"WPGlobus","version":"3.0.2","language":"en","enabled_languages":["fr","en"],"languages":{"fr":{"title":true,"content":true,"excerpt":false},"en":{"title":false,"content":false,"excerpt":false}}},"yoast_head":"<!-- This site is optimized with the Yoast SEO plugin v27.3 - https:\/\/yoast.com\/product\/yoast-seo-wordpress\/ -->\n<title>Sticker adh\u00e9sif publicitaire personnalis\u00e9 sur mesure | ADE Publicit\u00e9<\/title>\n<meta name=\"robots\" content=\"index, follow, max-snippet:-1, max-image-preview:large, max-video-preview:-1\" \/>\n<link rel=\"canonical\" href=\"https:\/\/adepublicite.fr\/adhesif\/sticker-adhesif\/\" \/>\n<meta property=\"og:locale\" content=\"en_US\" \/>\n<meta property=\"og:type\" content=\"article\" \/>\n<meta property=\"og:title\" content=\"Sticker adh\u00e9sif - ADE Publicit\u00e9\" \/>\n<meta property=\"og:url\" content=\"https:\/\/adepublicite.fr\/adhesif\/sticker-adhesif\/\" \/>\n<meta property=\"og:site_name\" content=\"ADE Publicit\u00e9\" \/>\n<meta property=\"article:publisher\" content=\"https:\/\/www.facebook.com\/adepublicite\/?ref=bookmarks\" \/>\n<meta property=\"article:modified_time\" content=\"2020-08-05T09:05:13+00:00\" \/>\n<meta property=\"og:image\" content=\"https:\/\/adepublicite.fr\/wp-content\/uploads\/2020\/08\/adhesif_sticker_1.jpg\" \/>\n\t<meta property=\"og:image:width\" content=\"500\" \/>\n\t<meta property=\"og:image:height\" content=\"500\" \/>\n\t<meta property=\"og:image:type\" content=\"image\/jpeg\" \/>\n<meta name=\"twitter:card\" content=\"summary_large_image\" \/>\n<meta name=\"twitter:label1\" content=\"Est. reading time\" \/>\n\t<meta name=\"twitter:data1\" content=\"1 minute\" \/>\n<script type=\"application\/ld+json\" class=\"yoast-schema-graph\">{\"@context\":\"https:\\\/\\\/schema.org\",\"@graph\":[{\"@type\":\"WebPage\",\"@id\":\"https:\\\/\\\/adepublicite.fr\\\/adhesif\\\/sticker-adhesif\\\/\",\"url\":\"https:\\\/\\\/adepublicite.fr\\\/adhesif\\\/sticker-adhesif\\\/\",\"name\":\"Sticker adh\u00e9sif publicitaire personnalis\u00e9 sur mesure | ADE Publicit\u00e9\",\"isPartOf\":{\"@id\":\"https:\\\/\\\/adepublicite.fr\\\/#website\"},\"primaryImageOfPage\":{\"@id\":\"https:\\\/\\\/adepublicite.fr\\\/adhesif\\\/sticker-adhesif\\\/#primaryimage\"},\"image\":{\"@id\":\"https:\\\/\\\/adepublicite.fr\\\/adhesif\\\/sticker-adhesif\\\/#primaryimage\"},\"thumbnailUrl\":\"https:\\\/\\\/adepublicite.fr\\\/wp-content\\\/uploads\\\/2020\\\/08\\\/adhesif_sticker_1.jpg\",\"datePublished\":\"2020-08-04T08:07:09+00:00\",\"dateModified\":\"2020-08-05T09:05:13+00:00\",\"description\":\"Stickers adh\u00e9sifs : l'adh\u00e9sif pratique, \u00e0 coller partout ! Une publicit\u00e9, un logo, une image ... un adh\u00e9sif r\u00e9alis\u00e9 sur mesure !\",\"breadcrumb\":{\"@id\":\"https:\\\/\\\/adepublicite.fr\\\/adhesif\\\/sticker-adhesif\\\/#breadcrumb\"},\"inLanguage\":\"en-US\",\"potentialAction\":[{\"@type\":\"ReadAction\",\"target\":[\"https:\\\/\\\/adepublicite.fr\\\/adhesif\\\/sticker-adhesif\\\/\"]}]},{\"@type\":\"ImageObject\",\"inLanguage\":\"en-US\",\"@id\":\"https:\\\/\\\/adepublicite.fr\\\/adhesif\\\/sticker-adhesif\\\/#primaryimage\",\"url\":\"https:\\\/\\\/adepublicite.fr\\\/wp-content\\\/uploads\\\/2020\\\/08\\\/adhesif_sticker_1.jpg\",\"contentUrl\":\"https:\\\/\\\/adepublicite.fr\\\/wp-content\\\/uploads\\\/2020\\\/08\\\/adhesif_sticker_1.jpg\",\"width\":500,\"height\":500,\"caption\":\"sticker adh\u00e9sif\"},{\"@type\":\"BreadcrumbList\",\"@id\":\"https:\\\/\\\/adepublicite.fr\\\/adhesif\\\/sticker-adhesif\\\/#breadcrumb\",\"itemListElement\":[{\"@type\":\"ListItem\",\"position\":1,\"name\":\"Accueil\",\"item\":\"https:\\\/\\\/adepublicite.fr\\\/\"},{\"@type\":\"ListItem\",\"position\":2,\"name\":\"Adh\u00e9sifs\",\"item\":\"https:\\\/\\\/adepublicite.fr\\\/adhesif\\\/\"},{\"@type\":\"ListItem\",\"position\":3,\"name\":\"Sticker adh\u00e9sif\"}]},{\"@type\":\"WebSite\",\"@id\":\"https:\\\/\\\/adepublicite.fr\\\/#website\",\"url\":\"https:\\\/\\\/adepublicite.fr\\\/\",\"name\":\"ADE Publicit\u00e9\",\"description\":\"\",\"publisher\":{\"@id\":\"https:\\\/\\\/adepublicite.fr\\\/#organization\"},\"potentialAction\":[{\"@type\":\"SearchAction\",\"target\":{\"@type\":\"EntryPoint\",\"urlTemplate\":\"https:\\\/\\\/adepublicite.fr\\\/?s={search_term_string}\"},\"query-input\":{\"@type\":\"PropertyValueSpecification\",\"valueRequired\":true,\"valueName\":\"search_term_string\"}}],\"inLanguage\":\"en-US\"},{\"@type\":\"Organization\",\"@id\":\"https:\\\/\\\/adepublicite.fr\\\/#organization\",\"name\":\"ADE Publicit\u00e9\",\"url\":\"https:\\\/\\\/adepublicite.fr\\\/\",\"logo\":{\"@type\":\"ImageObject\",\"inLanguage\":\"en-US\",\"@id\":\"https:\\\/\\\/adepublicite.fr\\\/#\\\/schema\\\/logo\\\/image\\\/\",\"url\":\"https:\\\/\\\/adepublicite.fr\\\/wp-content\\\/uploads\\\/2018\\\/05\\\/FAVICON.png\",\"contentUrl\":\"https:\\\/\\\/adepublicite.fr\\\/wp-content\\\/uploads\\\/2018\\\/05\\\/FAVICON.png\",\"width\":512,\"height\":512,\"caption\":\"ADE Publicit\u00e9\"},\"image\":{\"@id\":\"https:\\\/\\\/adepublicite.fr\\\/#\\\/schema\\\/logo\\\/image\\\/\"},\"sameAs\":[\"https:\\\/\\\/www.facebook.com\\\/adepublicite\\\/?ref=bookmarks\",\"https:\\\/\\\/www.linkedin.com\\\/company\\\/ade-publicit\u00e9\\\/\"]}]}<\/script>\n<!-- \/ Yoast SEO plugin. -->","yoast_head_json":{"title":"Sticker adh\u00e9sif publicitaire personnalis\u00e9 sur mesure | ADE Publicit\u00e9","robots":{"index":"index","follow":"follow","max-snippet":"max-snippet:-1","max-image-preview":"max-image-preview:large","max-video-preview":"max-video-preview:-1"},"canonical":"https:\/\/adepublicite.fr\/adhesif\/sticker-adhesif\/","og_locale":"en_US","og_type":"article","og_title":"Sticker adh\u00e9sif - ADE Publicit\u00e9","og_url":"https:\/\/adepublicite.fr\/adhesif\/sticker-adhesif\/","og_site_name":"ADE Publicit\u00e9","article_publisher":"https:\/\/www.facebook.com\/adepublicite\/?ref=bookmarks","article_modified_time":"2020-08-05T09:05:13+00:00","og_image":[{"width":500,"height":500,"url":"https:\/\/adepublicite.fr\/wp-content\/uploads\/2020\/08\/adhesif_sticker_1.jpg","type":"image\/jpeg"}],"twitter_card":"summary_large_image","twitter_misc":{"Est. reading time":"1 minute"},"schema":{"@context":"https:\/\/schema.org","@graph":[{"@type":"WebPage","@id":"https:\/\/adepublicite.fr\/adhesif\/sticker-adhesif\/","url":"https:\/\/adepublicite.fr\/adhesif\/sticker-adhesif\/","name":"Sticker adh\u00e9sif publicitaire personnalis\u00e9 sur mesure | ADE Publicit\u00e9","isPartOf":{"@id":"https:\/\/adepublicite.fr\/#website"},"primaryImageOfPage":{"@id":"https:\/\/adepublicite.fr\/adhesif\/sticker-adhesif\/#primaryimage"},"image":{"@id":"https:\/\/adepublicite.fr\/adhesif\/sticker-adhesif\/#primaryimage"},"thumbnailUrl":"https:\/\/adepublicite.fr\/wp-content\/uploads\/2020\/08\/adhesif_sticker_1.jpg","datePublished":"2020-08-04T08:07:09+00:00","dateModified":"2020-08-05T09:05:13+00:00","description":"Stickers adh\u00e9sifs : l'adh\u00e9sif pratique, \u00e0 coller partout ! Une publicit\u00e9, un logo, une image ... un adh\u00e9sif r\u00e9alis\u00e9 sur mesure !","breadcrumb":{"@id":"https:\/\/adepublicite.fr\/adhesif\/sticker-adhesif\/#breadcrumb"},"inLanguage":"en-US","potentialAction":[{"@type":"ReadAction","target":["https:\/\/adepublicite.fr\/adhesif\/sticker-adhesif\/"]}]},{"@type":"ImageObject","inLanguage":"en-US","@id":"https:\/\/adepublicite.fr\/adhesif\/sticker-adhesif\/#primaryimage","url":"https:\/\/adepublicite.fr\/wp-content\/uploads\/2020\/08\/adhesif_sticker_1.jpg","contentUrl":"https:\/\/adepublicite.fr\/wp-content\/uploads\/2020\/08\/adhesif_sticker_1.jpg","width":500,"height":500,"caption":"sticker adh\u00e9sif"},{"@type":"BreadcrumbList","@id":"https:\/\/adepublicite.fr\/adhesif\/sticker-adhesif\/#breadcrumb","itemListElement":[{"@type":"ListItem","position":1,"name":"Accueil","item":"https:\/\/adepublicite.fr\/"},{"@type":"ListItem","position":2,"name":"Adh\u00e9sifs","item":"https:\/\/adepublicite.fr\/adhesif\/"},{"@type":"ListItem","position":3,"name":"Sticker adh\u00e9sif"}]},{"@type":"WebSite","@id":"https:\/\/adepublicite.fr\/#website","url":"https:\/\/adepublicite.fr\/","name":"ADE Publicit\u00e9","description":"","publisher":{"@id":"https:\/\/adepublicite.fr\/#organization"},"potentialAction":[{"@type":"SearchAction","target":{"@type":"EntryPoint","urlTemplate":"https:\/\/adepublicite.fr\/?s={search_term_string}"},"query-input":{"@type":"PropertyValueSpecification","valueRequired":true,"valueName":"search_term_string"}}],"inLanguage":"en-US"},{"@type":"Organization","@id":"https:\/\/adepublicite.fr\/#organization","name":"ADE Publicit\u00e9","url":"https:\/\/adepublicite.fr\/","logo":{"@type":"ImageObject","inLanguage":"en-US","@id":"https:\/\/adepublicite.fr\/#\/schema\/logo\/image\/","url":"https:\/\/adepublicite.fr\/wp-content\/uploads\/2018\/05\/FAVICON.png","contentUrl":"https:\/\/adepublicite.fr\/wp-content\/uploads\/2018\/05\/FAVICON.png","width":512,"height":512,"caption":"ADE Publicit\u00e9"},"image":{"@id":"https:\/\/adepublicite.fr\/#\/schema\/logo\/image\/"},"sameAs":["https:\/\/www.facebook.com\/adepublicite\/?ref=bookmarks","https:\/\/www.linkedin.com\/company\/ade-publicit\u00e9\/"]}]}},"amp_enabled":true,"_links":{"self":[{"href":"https:\/\/adepublicite.fr\/en\/wp-json\/wp\/v2\/pages\/3136","targetHints":{"allow":["GET"]}}],"collection":[{"href":"https:\/\/adepublicite.fr\/en\/wp-json\/wp\/v2\/pages"}],"about":[{"href":"https:\/\/adepublicite.fr\/en\/wp-json\/wp\/v2\/types\/page"}],"author":[{"embeddable":true,"href":"https:\/\/adepublicite.fr\/en\/wp-json\/wp\/v2\/users\/1"}],"replies":[{"embeddable":true,"href":"https:\/\/adepublicite.fr\/en\/wp-json\/wp\/v2\/comments?post=3136"}],"version-history":[{"count":7,"href":"https:\/\/adepublicite.fr\/en\/wp-json\/wp\/v2\/pages\/3136\/revisions"}],"predecessor-version":[{"id":3314,"href":"https:\/\/adepublicite.fr\/en\/wp-json\/wp\/v2\/pages\/3136\/revisions\/3314"}],"up":[{"embeddable":true,"href":"https:\/\/adepublicite.fr\/en\/wp-json\/wp\/v2\/pages\/509"}],"wp:featuredmedia":[{"embeddable":true,"href":"https:\/\/adepublicite.fr\/en\/wp-json\/wp\/v2\/media\/3161"}],"wp:attachment":[{"href":"https:\/\/adepublicite.fr\/en\/wp-json\/wp\/v2\/media?parent=3136"}],"curies":[{"name":"wp","href":"https:\/\/api.w.org\/{rel}","templated":true}]}}