{"id":2817,"date":"2020-07-09T10:44:00","date_gmt":"2020-07-09T08:44:00","guid":{"rendered":"https:\/\/adepublicite.fr\/?page_id=2817"},"modified":"2021-01-05T11:50:50","modified_gmt":"2021-01-05T10:50:50","slug":"signaletique","status":"publish","type":"page","link":"https:\/\/adepublicite.fr\/en\/signaletique\/","title":{"rendered":"Signal\u00e9tique"},"content":{"rendered":"<p>Nous imprimons vos \u00e9l\u00e9ments de signal\u00e9tique en adaptant les mat\u00e9riaux, les types de marquage, les finitions &#8230;<\/p>\n<table style=\"width: 100%;\">\n<tbody>\n<tr>\n<td style=\"width: 20%; background-color: #ffffff; text-align: center;\"><img loading=\"lazy\" decoding=\"async\" class=\"alignnone size-medium wp-image-2074\" src=\"https:\/\/adepublicite.fr\/wp-content\/uploads\/2019\/06\/gravure_2-300x300.jpg\" alt=\"\" width=\"300\" height=\"300\" srcset=\"https:\/\/adepublicite.fr\/wp-content\/uploads\/2019\/06\/gravure_2-300x300.jpg 300w, https:\/\/adepublicite.fr\/wp-content\/uploads\/2019\/06\/gravure_2-150x150.jpg 150w, https:\/\/adepublicite.fr\/wp-content\/uploads\/2019\/06\/gravure_2.jpg 500w\" sizes=\"auto, (max-width: 300px) 100vw, 300px\" \/><\/td>\n<td style=\"width: 20%; background-color: #ffffff; text-align: center;\"><img loading=\"lazy\" decoding=\"async\" class=\"alignnone size-medium wp-image-3520\" src=\"https:\/\/adepublicite.fr\/wp-content\/uploads\/2021\/01\/panneau-Pole-enfance-300x220.jpg\" alt=\"\" width=\"300\" height=\"220\" srcset=\"https:\/\/adepublicite.fr\/wp-content\/uploads\/2021\/01\/panneau-Pole-enfance-300x220.jpg 300w, https:\/\/adepublicite.fr\/wp-content\/uploads\/2021\/01\/panneau-Pole-enfance-768x563.jpg 768w, https:\/\/adepublicite.fr\/wp-content\/uploads\/2021\/01\/panneau-Pole-enfance.jpg 773w\" sizes=\"auto, (max-width: 300px) 100vw, 300px\" \/><\/td>\n<td style=\"width: 20%; background-color: #ffffff; text-align: center;\"><img loading=\"lazy\" decoding=\"async\" class=\"alignnone size-medium wp-image-3522\" src=\"https:\/\/adepublicite.fr\/wp-content\/uploads\/2021\/01\/plaque-horaires-223x300.png\" alt=\"\" width=\"223\" height=\"300\" srcset=\"https:\/\/adepublicite.fr\/wp-content\/uploads\/2021\/01\/plaque-horaires-223x300.png 223w, https:\/\/adepublicite.fr\/wp-content\/uploads\/2021\/01\/plaque-horaires-762x1024.png 762w, https:\/\/adepublicite.fr\/wp-content\/uploads\/2021\/01\/plaque-horaires-768x1032.png 768w, https:\/\/adepublicite.fr\/wp-content\/uploads\/2021\/01\/plaque-horaires.png 1043w\" sizes=\"auto, (max-width: 223px) 100vw, 223px\" \/><\/td>\n<td style=\"width: 20%; background-color: #ffffff; text-align: center;\"><img loading=\"lazy\" decoding=\"async\" class=\"alignnone size-medium wp-image-647\" src=\"https:\/\/adepublicite.fr\/wp-content\/uploads\/2018\/05\/adhesif_vitrophanie_3-300x300.jpg\" alt=\"vitrophanie\" width=\"300\" height=\"300\" srcset=\"https:\/\/adepublicite.fr\/wp-content\/uploads\/2018\/05\/adhesif_vitrophanie_3-300x300.jpg 300w, https:\/\/adepublicite.fr\/wp-content\/uploads\/2018\/05\/adhesif_vitrophanie_3-150x150.jpg 150w, https:\/\/adepublicite.fr\/wp-content\/uploads\/2018\/05\/adhesif_vitrophanie_3.jpg 500w\" sizes=\"auto, (max-width: 300px) 100vw, 300px\" \/><\/td>\n<td style=\"width: 25%; background-color: #ffffff; text-align: center;\"><img loading=\"lazy\" decoding=\"async\" class=\"alignnone size-medium wp-image-954\" src=\"https:\/\/adepublicite.fr\/wp-content\/uploads\/2018\/05\/plaque_de_porte_1-300x300.jpg\" alt=\"\" width=\"300\" height=\"300\" srcset=\"https:\/\/adepublicite.fr\/wp-content\/uploads\/2018\/05\/plaque_de_porte_1-300x300.jpg 300w, https:\/\/adepublicite.fr\/wp-content\/uploads\/2018\/05\/plaque_de_porte_1-150x150.jpg 150w, https:\/\/adepublicite.fr\/wp-content\/uploads\/2018\/05\/plaque_de_porte_1.jpg 500w\" sizes=\"auto, (max-width: 300px) 100vw, 300px\" \/><\/td>\n<\/tr>\n<tr>\n<td style=\"background-color: #ffffff; text-align: center;\">Enseignes<\/td>\n<td style=\"background-color: #ffffff; text-align: center;\">Panneaux de chantier<\/td>\n<td style=\"background-color: #ffffff; text-align: center;\">Panneaux horaires<\/td>\n<td style=\"background-color: #ffffff; text-align: center;\">Panneaux vitrine<\/td>\n<td style=\"width: 25%; background-color: #ffffff; text-align: center;\">Plaques de porte<\/td>\n<\/tr>\n<tr>\n<td style=\"background-color: #ffffff; text-align: center;\">\u00a0<\/td>\n<td style=\"background-color: #ffffff; text-align: center;\">\u00a0<\/td>\n<td style=\"background-color: #ffffff; text-align: center;\">\u00a0<\/td>\n<td style=\"background-color: #ffffff; text-align: center;\">\u00a0<\/td>\n<td style=\"width: 25%; background-color: #ffffff; text-align: center;\">\u00a0<\/td>\n<\/tr>\n<tr>\n<td style=\"background-color: #ffffff; text-align: center;\"><img loading=\"lazy\" decoding=\"async\" class=\"alignnone size-medium wp-image-966\" src=\"https:\/\/adepublicite.fr\/wp-content\/uploads\/2018\/05\/plv_suspendue-300x300.jpg\" alt=\"\" width=\"300\" height=\"300\" srcset=\"https:\/\/adepublicite.fr\/wp-content\/uploads\/2018\/05\/plv_suspendue-300x300.jpg 300w, https:\/\/adepublicite.fr\/wp-content\/uploads\/2018\/05\/plv_suspendue-150x150.jpg 150w, https:\/\/adepublicite.fr\/wp-content\/uploads\/2018\/05\/plv_suspendue.jpg 500w\" sizes=\"auto, (max-width: 300px) 100vw, 300px\" \/><\/td>\n<td style=\"background-color: #ffffff; text-align: center;\"><img loading=\"lazy\" decoding=\"async\" class=\"alignnone size-medium wp-image-967\" src=\"https:\/\/adepublicite.fr\/wp-content\/uploads\/2018\/05\/stop_rayon-300x300.jpg\" alt=\"\" width=\"300\" height=\"300\" srcset=\"https:\/\/adepublicite.fr\/wp-content\/uploads\/2018\/05\/stop_rayon-300x300.jpg 300w, https:\/\/adepublicite.fr\/wp-content\/uploads\/2018\/05\/stop_rayon-150x150.jpg 150w, https:\/\/adepublicite.fr\/wp-content\/uploads\/2018\/05\/stop_rayon.jpg 500w\" sizes=\"auto, (max-width: 300px) 100vw, 300px\" \/><\/td>\n<td style=\"background-color: #ffffff; text-align: center;\"><img loading=\"lazy\" decoding=\"async\" class=\"alignnone size-medium wp-image-3526\" src=\"https:\/\/adepublicite.fr\/wp-content\/uploads\/2021\/01\/etiquette-Boulangerie-300x300.png\" alt=\"\" width=\"300\" height=\"300\" srcset=\"https:\/\/adepublicite.fr\/wp-content\/uploads\/2021\/01\/etiquette-Boulangerie-300x300.png 300w, https:\/\/adepublicite.fr\/wp-content\/uploads\/2021\/01\/etiquette-Boulangerie-150x150.png 150w, https:\/\/adepublicite.fr\/wp-content\/uploads\/2021\/01\/etiquette-Boulangerie-768x768.png 768w, https:\/\/adepublicite.fr\/wp-content\/uploads\/2021\/01\/etiquette-Boulangerie.png 886w\" sizes=\"auto, (max-width: 300px) 100vw, 300px\" \/><\/td>\n<td style=\"background-color: #ffffff; text-align: center;\"><img loading=\"lazy\" decoding=\"async\" class=\"alignnone size-medium wp-image-3525\" src=\"https:\/\/adepublicite.fr\/wp-content\/uploads\/2021\/01\/totem-Open-Beer-300x300.png\" alt=\"\" width=\"300\" height=\"300\" srcset=\"https:\/\/adepublicite.fr\/wp-content\/uploads\/2021\/01\/totem-Open-Beer-300x300.png 300w, https:\/\/adepublicite.fr\/wp-content\/uploads\/2021\/01\/totem-Open-Beer-150x150.png 150w, https:\/\/adepublicite.fr\/wp-content\/uploads\/2021\/01\/totem-Open-Beer-768x768.png 768w, https:\/\/adepublicite.fr\/wp-content\/uploads\/2021\/01\/totem-Open-Beer.png 886w\" sizes=\"auto, (max-width: 300px) 100vw, 300px\" \/><\/td>\n<td style=\"width: 25%; background-color: #ffffff; text-align: center;\">\u00a0<\/td>\n<\/tr>\n<tr>\n<td style=\"background-color: #ffffff; text-align: center;\">PLV suspendues<\/td>\n<td style=\"background-color: #ffffff; text-align: center;\">Stop rayon<\/td>\n<td style=\"background-color: #ffffff; text-align: center;\">\u00c9tiquettes<\/td>\n<td style=\"background-color: #ffffff; text-align: center;\">Totems<\/td>\n<td style=\"width: 25%; background-color: #ffffff; text-align: center;\">\u00a0<\/td>\n<\/tr>\n<\/tbody>\n<\/table>\n\n\n<p><\/p>\n","protected":false},"excerpt":{"rendered":"<p>Nous imprimons vos &eacute;l&eacute;ments de signal&eacute;tique en adaptant les mat&eacute;riaux, les types de marquage, les finitions &hellip; Enseignes Panneaux de chantier Panneaux horaires Panneaux vitrine Plaques de porte &nbsp; &nbsp; &nbsp; &nbsp; &nbsp; &nbsp; PLV suspendues Stop rayon &Eacute;tiquettes Totems &hellip; <a href=\"https:\/\/adepublicite.fr\/en\/signaletique\/\">Continued<\/a><\/p>\n","protected":false},"author":1,"featured_media":0,"parent":0,"menu_order":0,"comment_status":"closed","ping_status":"closed","template":"","meta":{"kt_blocks_editor_width":"","_monsterinsights_skip_tracking":false,"_monsterinsights_sitenote_active":false,"_monsterinsights_sitenote_note":"","_monsterinsights_sitenote_category":0,"footnotes":""},"class_list":["post-2817","page","type-page","status-publish","hentry"],"translation":{"provider":"WPGlobus","version":"3.0.2","language":"en","enabled_languages":["fr","en"],"languages":{"fr":{"title":true,"content":true,"excerpt":false},"en":{"title":false,"content":false,"excerpt":false}}},"yoast_head":"<!-- This site is optimized with the Yoast SEO plugin v27.3 - https:\/\/yoast.com\/product\/yoast-seo-wordpress\/ -->\n<title>Signal\u00e9tique personnalis\u00e9e sur mesure | ADE Publicit\u00e9<\/title>\n<meta name=\"robots\" content=\"index, follow, max-snippet:-1, max-image-preview:large, max-video-preview:-1\" \/>\n<link rel=\"canonical\" href=\"https:\/\/adepublicite.fr\/signaletique\/\" \/>\n<meta property=\"og:locale\" content=\"en_US\" \/>\n<meta property=\"og:type\" content=\"article\" \/>\n<meta property=\"og:title\" content=\"Signal\u00e9tique - ADE Publicit\u00e9\" \/>\n<meta property=\"og:url\" content=\"https:\/\/adepublicite.fr\/signaletique\/\" \/>\n<meta property=\"og:site_name\" content=\"ADE Publicit\u00e9\" \/>\n<meta property=\"article:publisher\" content=\"https:\/\/www.facebook.com\/adepublicite\/?ref=bookmarks\" \/>\n<meta property=\"article:modified_time\" content=\"2021-01-05T10:50:50+00:00\" \/>\n<meta property=\"og:image\" content=\"https:\/\/adepublicite.fr\/wp-content\/uploads\/2019\/06\/gravure_2-300x300.jpg\" \/>\n<meta name=\"twitter:card\" content=\"summary_large_image\" \/>\n<script type=\"application\/ld+json\" class=\"yoast-schema-graph\">{\"@context\":\"https:\\\/\\\/schema.org\",\"@graph\":[{\"@type\":\"WebPage\",\"@id\":\"https:\\\/\\\/adepublicite.fr\\\/signaletique\\\/\",\"url\":\"https:\\\/\\\/adepublicite.fr\\\/signaletique\\\/\",\"name\":\"Signal\u00e9tique personnalis\u00e9e sur mesure | ADE Publicit\u00e9\",\"isPartOf\":{\"@id\":\"https:\\\/\\\/adepublicite.fr\\\/#website\"},\"primaryImageOfPage\":{\"@id\":\"https:\\\/\\\/adepublicite.fr\\\/signaletique\\\/#primaryimage\"},\"image\":{\"@id\":\"https:\\\/\\\/adepublicite.fr\\\/signaletique\\\/#primaryimage\"},\"thumbnailUrl\":\"https:\\\/\\\/adepublicite.fr\\\/wp-content\\\/uploads\\\/2019\\\/06\\\/gravure_2-300x300.jpg\",\"datePublished\":\"2020-07-09T08:44:00+00:00\",\"dateModified\":\"2021-01-05T10:50:50+00:00\",\"breadcrumb\":{\"@id\":\"https:\\\/\\\/adepublicite.fr\\\/signaletique\\\/#breadcrumb\"},\"inLanguage\":\"en-US\",\"potentialAction\":[{\"@type\":\"ReadAction\",\"target\":[\"https:\\\/\\\/adepublicite.fr\\\/signaletique\\\/\"]}]},{\"@type\":\"ImageObject\",\"inLanguage\":\"en-US\",\"@id\":\"https:\\\/\\\/adepublicite.fr\\\/signaletique\\\/#primaryimage\",\"url\":\"https:\\\/\\\/adepublicite.fr\\\/wp-content\\\/uploads\\\/2019\\\/06\\\/gravure_2-300x300.jpg\",\"contentUrl\":\"https:\\\/\\\/adepublicite.fr\\\/wp-content\\\/uploads\\\/2019\\\/06\\\/gravure_2-300x300.jpg\"},{\"@type\":\"BreadcrumbList\",\"@id\":\"https:\\\/\\\/adepublicite.fr\\\/signaletique\\\/#breadcrumb\",\"itemListElement\":[{\"@type\":\"ListItem\",\"position\":1,\"name\":\"Accueil\",\"item\":\"https:\\\/\\\/adepublicite.fr\\\/\"},{\"@type\":\"ListItem\",\"position\":2,\"name\":\"Signal\u00e9tique\"}]},{\"@type\":\"WebSite\",\"@id\":\"https:\\\/\\\/adepublicite.fr\\\/#website\",\"url\":\"https:\\\/\\\/adepublicite.fr\\\/\",\"name\":\"ADE Publicit\u00e9\",\"description\":\"\",\"publisher\":{\"@id\":\"https:\\\/\\\/adepublicite.fr\\\/#organization\"},\"potentialAction\":[{\"@type\":\"SearchAction\",\"target\":{\"@type\":\"EntryPoint\",\"urlTemplate\":\"https:\\\/\\\/adepublicite.fr\\\/?s={search_term_string}\"},\"query-input\":{\"@type\":\"PropertyValueSpecification\",\"valueRequired\":true,\"valueName\":\"search_term_string\"}}],\"inLanguage\":\"en-US\"},{\"@type\":\"Organization\",\"@id\":\"https:\\\/\\\/adepublicite.fr\\\/#organization\",\"name\":\"ADE Publicit\u00e9\",\"url\":\"https:\\\/\\\/adepublicite.fr\\\/\",\"logo\":{\"@type\":\"ImageObject\",\"inLanguage\":\"en-US\",\"@id\":\"https:\\\/\\\/adepublicite.fr\\\/#\\\/schema\\\/logo\\\/image\\\/\",\"url\":\"https:\\\/\\\/adepublicite.fr\\\/wp-content\\\/uploads\\\/2018\\\/05\\\/FAVICON.png\",\"contentUrl\":\"https:\\\/\\\/adepublicite.fr\\\/wp-content\\\/uploads\\\/2018\\\/05\\\/FAVICON.png\",\"width\":512,\"height\":512,\"caption\":\"ADE Publicit\u00e9\"},\"image\":{\"@id\":\"https:\\\/\\\/adepublicite.fr\\\/#\\\/schema\\\/logo\\\/image\\\/\"},\"sameAs\":[\"https:\\\/\\\/www.facebook.com\\\/adepublicite\\\/?ref=bookmarks\",\"https:\\\/\\\/www.linkedin.com\\\/company\\\/ade-publicit\u00e9\\\/\"]}]}<\/script>\n<!-- \/ Yoast SEO plugin. -->","yoast_head_json":{"title":"Signal\u00e9tique personnalis\u00e9e sur mesure | ADE Publicit\u00e9","robots":{"index":"index","follow":"follow","max-snippet":"max-snippet:-1","max-image-preview":"max-image-preview:large","max-video-preview":"max-video-preview:-1"},"canonical":"https:\/\/adepublicite.fr\/signaletique\/","og_locale":"en_US","og_type":"article","og_title":"Signal\u00e9tique - ADE Publicit\u00e9","og_url":"https:\/\/adepublicite.fr\/signaletique\/","og_site_name":"ADE Publicit\u00e9","article_publisher":"https:\/\/www.facebook.com\/adepublicite\/?ref=bookmarks","article_modified_time":"2021-01-05T10:50:50+00:00","og_image":[{"url":"https:\/\/adepublicite.fr\/wp-content\/uploads\/2019\/06\/gravure_2-300x300.jpg","type":"","width":"","height":""}],"twitter_card":"summary_large_image","schema":{"@context":"https:\/\/schema.org","@graph":[{"@type":"WebPage","@id":"https:\/\/adepublicite.fr\/signaletique\/","url":"https:\/\/adepublicite.fr\/signaletique\/","name":"Signal\u00e9tique personnalis\u00e9e sur mesure | ADE Publicit\u00e9","isPartOf":{"@id":"https:\/\/adepublicite.fr\/#website"},"primaryImageOfPage":{"@id":"https:\/\/adepublicite.fr\/signaletique\/#primaryimage"},"image":{"@id":"https:\/\/adepublicite.fr\/signaletique\/#primaryimage"},"thumbnailUrl":"https:\/\/adepublicite.fr\/wp-content\/uploads\/2019\/06\/gravure_2-300x300.jpg","datePublished":"2020-07-09T08:44:00+00:00","dateModified":"2021-01-05T10:50:50+00:00","breadcrumb":{"@id":"https:\/\/adepublicite.fr\/signaletique\/#breadcrumb"},"inLanguage":"en-US","potentialAction":[{"@type":"ReadAction","target":["https:\/\/adepublicite.fr\/signaletique\/"]}]},{"@type":"ImageObject","inLanguage":"en-US","@id":"https:\/\/adepublicite.fr\/signaletique\/#primaryimage","url":"https:\/\/adepublicite.fr\/wp-content\/uploads\/2019\/06\/gravure_2-300x300.jpg","contentUrl":"https:\/\/adepublicite.fr\/wp-content\/uploads\/2019\/06\/gravure_2-300x300.jpg"},{"@type":"BreadcrumbList","@id":"https:\/\/adepublicite.fr\/signaletique\/#breadcrumb","itemListElement":[{"@type":"ListItem","position":1,"name":"Accueil","item":"https:\/\/adepublicite.fr\/"},{"@type":"ListItem","position":2,"name":"Signal\u00e9tique"}]},{"@type":"WebSite","@id":"https:\/\/adepublicite.fr\/#website","url":"https:\/\/adepublicite.fr\/","name":"ADE Publicit\u00e9","description":"","publisher":{"@id":"https:\/\/adepublicite.fr\/#organization"},"potentialAction":[{"@type":"SearchAction","target":{"@type":"EntryPoint","urlTemplate":"https:\/\/adepublicite.fr\/?s={search_term_string}"},"query-input":{"@type":"PropertyValueSpecification","valueRequired":true,"valueName":"search_term_string"}}],"inLanguage":"en-US"},{"@type":"Organization","@id":"https:\/\/adepublicite.fr\/#organization","name":"ADE Publicit\u00e9","url":"https:\/\/adepublicite.fr\/","logo":{"@type":"ImageObject","inLanguage":"en-US","@id":"https:\/\/adepublicite.fr\/#\/schema\/logo\/image\/","url":"https:\/\/adepublicite.fr\/wp-content\/uploads\/2018\/05\/FAVICON.png","contentUrl":"https:\/\/adepublicite.fr\/wp-content\/uploads\/2018\/05\/FAVICON.png","width":512,"height":512,"caption":"ADE Publicit\u00e9"},"image":{"@id":"https:\/\/adepublicite.fr\/#\/schema\/logo\/image\/"},"sameAs":["https:\/\/www.facebook.com\/adepublicite\/?ref=bookmarks","https:\/\/www.linkedin.com\/company\/ade-publicit\u00e9\/"]}]}},"amp_enabled":true,"_links":{"self":[{"href":"https:\/\/adepublicite.fr\/en\/wp-json\/wp\/v2\/pages\/2817","targetHints":{"allow":["GET"]}}],"collection":[{"href":"https:\/\/adepublicite.fr\/en\/wp-json\/wp\/v2\/pages"}],"about":[{"href":"https:\/\/adepublicite.fr\/en\/wp-json\/wp\/v2\/types\/page"}],"author":[{"embeddable":true,"href":"https:\/\/adepublicite.fr\/en\/wp-json\/wp\/v2\/users\/1"}],"replies":[{"embeddable":true,"href":"https:\/\/adepublicite.fr\/en\/wp-json\/wp\/v2\/comments?post=2817"}],"version-history":[{"count":7,"href":"https:\/\/adepublicite.fr\/en\/wp-json\/wp\/v2\/pages\/2817\/revisions"}],"predecessor-version":[{"id":3530,"href":"https:\/\/adepublicite.fr\/en\/wp-json\/wp\/v2\/pages\/2817\/revisions\/3530"}],"wp:attachment":[{"href":"https:\/\/adepublicite.fr\/en\/wp-json\/wp\/v2\/media?parent=2817"}],"curies":[{"name":"wp","href":"https:\/\/api.w.org\/{rel}","templated":true}]}}