{"id":2729,"date":"2020-07-08T12:07:45","date_gmt":"2020-07-08T10:07:45","guid":{"rendered":"https:\/\/adepublicite.fr\/?page_id=2729"},"modified":"2022-12-13T13:29:25","modified_gmt":"2022-12-13T12:29:25","slug":"ramasse-monnaie","status":"publish","type":"page","link":"https:\/\/adepublicite.fr\/en\/plv-de-table\/ramasse-monnaie\/","title":{"rendered":"Ramasse monnaie"},"content":{"rendered":"<table>\n<tbody>\n<tr>\n<td>\n<h2>Description technique<\/h2>\n<p><strong>Support\u00a0:<\/strong> h\u00e9v\u00e9a 18 ou 22mm, h\u00eatre 19mm, PVC 10mm (ou autres essences de bois, autres supports et \u00e9paisseurs)<\/p>\n<p><strong>Impression\u00a0:<\/strong> s\u00e9rigraphie ou num\u00e9rique (1, 2 ou 3 couleurs, quadri, encres sp\u00e9ciales phosphorescentes, or, relief\u2026) ou br\u00fblage \u00e0 chaud ou gravure num\u00e9rique ou laser sur tout ou partie du ramasse monnaie.<\/p>\n<p><strong>Formats standards\u00a0:<\/strong> 15x15cm, 20cm\u00d8, 20x30cm (autres formats possibles)<\/p>\n<p><strong>Finitions et options\u00a0:<\/strong> d\u00e9coupe num\u00e9rique \u00e0 la forme de votre choix, vernis, patins caoutchouc (et autres options \u00e0 la demande)<\/p>\n<p><strong>Emballage\u00a0:<\/strong>\u00a0individuel sous film<\/p>\n<p><strong>Origine\u00a0:\u00a0<\/strong>dans nos locaux en Is\u00e8re (France)<\/p>\n<p>Vous souhaitez en savoir plus sur nos techniques de fabrication ? Consultez la page <a href=\"https:\/\/adepublicite.fr\/savoir-faire\/\">savoir-faire<\/a>\u00a0ou\u00a0<a href=\"https:\/\/adepublicite.fr\/contact\/\">venez nous rencontrer<\/a>\u00a0!<\/td>\n<td style=\"width: 25%; text-align: center; vertical-align: top;\"><div id=\"metaslider-id-2740\" style=\"max-width: 700px;\" class=\"ml-slider-3-107-0 metaslider metaslider-flex metaslider-2740 ml-slider ms-theme-default nav-hidden\" role=\"region\" aria-label=\"Ramasse monnaie\" data-height=\"300\" data-width=\"700\">\n    <div id=\"metaslider_container_2740\">\n        <div id=\"metaslider_2740\">\n            <ul class='slides'>\n                <li style=\"display: block; width: 100%;\" class=\"slide-2741 ms-image \" aria-roledescription=\"slide\" data-date=\"2020-07-08 12:04:41\" data-filename=\"ramasse_monnaie_1.png\" data-slide-type=\"image\"><img loading=\"lazy\" decoding=\"async\" width=\"500\" height=\"500\" src=\"https:\/\/adepublicite.fr\/wp-content\/uploads\/2020\/07\/ramasse_monnaie_1.png\" class=\"slider-2740 slide-2741 msDefaultImage\" alt=\"\" rel=\"\" title=\"ramasse_monnaie_1\" srcset=\"https:\/\/adepublicite.fr\/wp-content\/uploads\/2020\/07\/ramasse_monnaie_1.png 500w, https:\/\/adepublicite.fr\/wp-content\/uploads\/2020\/07\/ramasse_monnaie_1-300x300.png 300w, https:\/\/adepublicite.fr\/wp-content\/uploads\/2020\/07\/ramasse_monnaie_1-150x150.png 150w, https:\/\/adepublicite.fr\/wp-content\/uploads\/2020\/07\/ramasse_monnaie_1-365x365.png 365w\" sizes=\"auto, (max-width: 500px) 100vw, 500px\" \/><\/li>\n                <li style=\"display: none; width: 100%;\" class=\"slide-2742 ms-image \" aria-roledescription=\"slide\" data-date=\"2020-07-08 12:04:41\" data-filename=\"ramasse_monnaie_2.jpg\" data-slide-type=\"image\"><img loading=\"lazy\" decoding=\"async\" width=\"500\" height=\"500\" src=\"https:\/\/adepublicite.fr\/wp-content\/uploads\/2020\/07\/ramasse_monnaie_2.jpg\" class=\"slider-2740 slide-2742 msDefaultImage\" alt=\"\" rel=\"\" title=\"ramasse_monnaie_2\" srcset=\"https:\/\/adepublicite.fr\/wp-content\/uploads\/2020\/07\/ramasse_monnaie_2.jpg 500w, https:\/\/adepublicite.fr\/wp-content\/uploads\/2020\/07\/ramasse_monnaie_2-300x300.jpg 300w, https:\/\/adepublicite.fr\/wp-content\/uploads\/2020\/07\/ramasse_monnaie_2-150x150.jpg 150w\" sizes=\"auto, (max-width: 500px) 100vw, 500px\" \/><\/li>\n            <\/ul>\n        <\/div>\n        \n    <\/div>\n<\/div><\/td>\n<\/tr>\n<\/tbody>\n<\/table>\n<table>\n<tbody>\n<tr>\n<td><\/td>\n<\/tr>\n<\/tbody>\n<\/table>\n<p><span style=\"color: #172d82; font-family: Lato; font-size: 32px; font-weight: bold;\">Tarifs<\/span><\/p>\n<p>Nos tarifs d\u00e9pendent de vos crit\u00e8res de personnalisation (la taille de l\u2019ardoise, le nombre de couleurs \u00e0 l&#8217;impression, le type d\u2019encadrement, si besoin la retouche de vos fichiers, la quantit\u00e9 souhait\u00e9e &#8230; voir nos <a href=\"https:\/\/adepublicite.fr\/savoir-faire\/\">savoir faire<\/a> pour plus d&#8217;explications), et sont donc exclusivement sur devis.<\/p>\n","protected":false},"excerpt":{"rendered":"<p>Description technique Support&nbsp;: h&eacute;v&eacute;a 18 ou 22mm, h&ecirc;tre 19mm, PVC 10mm (ou autres essences de bois, autres supports et &eacute;paisseurs) Impression&nbsp;: s&eacute;rigraphie ou num&eacute;rique (1, 2 ou 3 couleurs, quadri, encres sp&eacute;ciales phosphorescentes, or, relief&hellip;) ou br&ucirc;lage &agrave; chaud ou &hellip; <a href=\"https:\/\/adepublicite.fr\/en\/plv-de-table\/ramasse-monnaie\/\">Continued<\/a><\/p>\n","protected":false},"author":1,"featured_media":2720,"parent":441,"menu_order":0,"comment_status":"closed","ping_status":"closed","template":"","meta":{"kt_blocks_editor_width":"","_monsterinsights_skip_tracking":false,"_monsterinsights_sitenote_active":false,"_monsterinsights_sitenote_note":"","_monsterinsights_sitenote_category":0,"footnotes":""},"class_list":["post-2729","page","type-page","status-publish","has-post-thumbnail","hentry"],"translation":{"provider":"WPGlobus","version":"3.0.2","language":"en","enabled_languages":["fr","en"],"languages":{"fr":{"title":true,"content":true,"excerpt":false},"en":{"title":false,"content":false,"excerpt":false}}},"yoast_head":"<!-- This site is optimized with the Yoast SEO plugin v27.3 - https:\/\/yoast.com\/product\/yoast-seo-wordpress\/ -->\n<title>Ramasse monnaie publicitaire personnalis\u00e9 sur mesure | ADE<\/title>\n<meta name=\"robots\" content=\"index, follow, max-snippet:-1, max-image-preview:large, max-video-preview:-1\" \/>\n<link rel=\"canonical\" href=\"https:\/\/adepublicite.fr\/plv-de-table\/ramasse-monnaie\/\" \/>\n<meta property=\"og:locale\" content=\"en_US\" \/>\n<meta property=\"og:type\" content=\"article\" \/>\n<meta property=\"og:title\" content=\"Ramasse monnaie - ADE Publicit\u00e9\" \/>\n<meta property=\"og:url\" content=\"https:\/\/adepublicite.fr\/plv-de-table\/ramasse-monnaie\/\" \/>\n<meta property=\"og:site_name\" content=\"ADE Publicit\u00e9\" \/>\n<meta property=\"article:publisher\" content=\"https:\/\/www.facebook.com\/adepublicite\/?ref=bookmarks\" \/>\n<meta property=\"article:modified_time\" content=\"2022-12-13T12:29:25+00:00\" \/>\n<meta property=\"og:image\" content=\"https:\/\/adepublicite.fr\/wp-content\/uploads\/2020\/07\/ramasse_monnaie_1.png\" \/>\n\t<meta property=\"og:image:width\" content=\"500\" \/>\n\t<meta property=\"og:image:height\" content=\"500\" \/>\n\t<meta property=\"og:image:type\" content=\"image\/png\" \/>\n<meta name=\"twitter:card\" content=\"summary_large_image\" \/>\n<meta name=\"twitter:label1\" content=\"Est. reading time\" \/>\n\t<meta name=\"twitter:data1\" content=\"1 minute\" \/>\n<script type=\"application\/ld+json\" class=\"yoast-schema-graph\">{\"@context\":\"https:\\\/\\\/schema.org\",\"@graph\":[{\"@type\":\"WebPage\",\"@id\":\"https:\\\/\\\/adepublicite.fr\\\/plv-de-table\\\/ramasse-monnaie\\\/\",\"url\":\"https:\\\/\\\/adepublicite.fr\\\/plv-de-table\\\/ramasse-monnaie\\\/\",\"name\":\"Ramasse monnaie publicitaire personnalis\u00e9 sur mesure | ADE\",\"isPartOf\":{\"@id\":\"https:\\\/\\\/adepublicite.fr\\\/#website\"},\"primaryImageOfPage\":{\"@id\":\"https:\\\/\\\/adepublicite.fr\\\/plv-de-table\\\/ramasse-monnaie\\\/#primaryimage\"},\"image\":{\"@id\":\"https:\\\/\\\/adepublicite.fr\\\/plv-de-table\\\/ramasse-monnaie\\\/#primaryimage\"},\"thumbnailUrl\":\"https:\\\/\\\/adepublicite.fr\\\/wp-content\\\/uploads\\\/2020\\\/07\\\/ramasse_monnaie_1.png\",\"datePublished\":\"2020-07-08T10:07:45+00:00\",\"dateModified\":\"2022-12-13T12:29:25+00:00\",\"breadcrumb\":{\"@id\":\"https:\\\/\\\/adepublicite.fr\\\/plv-de-table\\\/ramasse-monnaie\\\/#breadcrumb\"},\"inLanguage\":\"en-US\",\"potentialAction\":[{\"@type\":\"ReadAction\",\"target\":[\"https:\\\/\\\/adepublicite.fr\\\/plv-de-table\\\/ramasse-monnaie\\\/\"]}]},{\"@type\":\"ImageObject\",\"inLanguage\":\"en-US\",\"@id\":\"https:\\\/\\\/adepublicite.fr\\\/plv-de-table\\\/ramasse-monnaie\\\/#primaryimage\",\"url\":\"https:\\\/\\\/adepublicite.fr\\\/wp-content\\\/uploads\\\/2020\\\/07\\\/ramasse_monnaie_1.png\",\"contentUrl\":\"https:\\\/\\\/adepublicite.fr\\\/wp-content\\\/uploads\\\/2020\\\/07\\\/ramasse_monnaie_1.png\",\"width\":500,\"height\":500},{\"@type\":\"BreadcrumbList\",\"@id\":\"https:\\\/\\\/adepublicite.fr\\\/plv-de-table\\\/ramasse-monnaie\\\/#breadcrumb\",\"itemListElement\":[{\"@type\":\"ListItem\",\"position\":1,\"name\":\"Accueil\",\"item\":\"https:\\\/\\\/adepublicite.fr\\\/\"},{\"@type\":\"ListItem\",\"position\":2,\"name\":\"PLV de table\",\"item\":\"https:\\\/\\\/adepublicite.fr\\\/plv-de-table\\\/\"},{\"@type\":\"ListItem\",\"position\":3,\"name\":\"Ramasse monnaie\"}]},{\"@type\":\"WebSite\",\"@id\":\"https:\\\/\\\/adepublicite.fr\\\/#website\",\"url\":\"https:\\\/\\\/adepublicite.fr\\\/\",\"name\":\"ADE Publicit\u00e9\",\"description\":\"\",\"publisher\":{\"@id\":\"https:\\\/\\\/adepublicite.fr\\\/#organization\"},\"potentialAction\":[{\"@type\":\"SearchAction\",\"target\":{\"@type\":\"EntryPoint\",\"urlTemplate\":\"https:\\\/\\\/adepublicite.fr\\\/?s={search_term_string}\"},\"query-input\":{\"@type\":\"PropertyValueSpecification\",\"valueRequired\":true,\"valueName\":\"search_term_string\"}}],\"inLanguage\":\"en-US\"},{\"@type\":\"Organization\",\"@id\":\"https:\\\/\\\/adepublicite.fr\\\/#organization\",\"name\":\"ADE Publicit\u00e9\",\"url\":\"https:\\\/\\\/adepublicite.fr\\\/\",\"logo\":{\"@type\":\"ImageObject\",\"inLanguage\":\"en-US\",\"@id\":\"https:\\\/\\\/adepublicite.fr\\\/#\\\/schema\\\/logo\\\/image\\\/\",\"url\":\"https:\\\/\\\/adepublicite.fr\\\/wp-content\\\/uploads\\\/2018\\\/05\\\/FAVICON.png\",\"contentUrl\":\"https:\\\/\\\/adepublicite.fr\\\/wp-content\\\/uploads\\\/2018\\\/05\\\/FAVICON.png\",\"width\":512,\"height\":512,\"caption\":\"ADE Publicit\u00e9\"},\"image\":{\"@id\":\"https:\\\/\\\/adepublicite.fr\\\/#\\\/schema\\\/logo\\\/image\\\/\"},\"sameAs\":[\"https:\\\/\\\/www.facebook.com\\\/adepublicite\\\/?ref=bookmarks\",\"https:\\\/\\\/www.linkedin.com\\\/company\\\/ade-publicit\u00e9\\\/\"]}]}<\/script>\n<!-- \/ Yoast SEO plugin. -->","yoast_head_json":{"title":"Ramasse monnaie publicitaire personnalis\u00e9 sur mesure | ADE","robots":{"index":"index","follow":"follow","max-snippet":"max-snippet:-1","max-image-preview":"max-image-preview:large","max-video-preview":"max-video-preview:-1"},"canonical":"https:\/\/adepublicite.fr\/plv-de-table\/ramasse-monnaie\/","og_locale":"en_US","og_type":"article","og_title":"Ramasse monnaie - ADE Publicit\u00e9","og_url":"https:\/\/adepublicite.fr\/plv-de-table\/ramasse-monnaie\/","og_site_name":"ADE Publicit\u00e9","article_publisher":"https:\/\/www.facebook.com\/adepublicite\/?ref=bookmarks","article_modified_time":"2022-12-13T12:29:25+00:00","og_image":[{"width":500,"height":500,"url":"https:\/\/adepublicite.fr\/wp-content\/uploads\/2020\/07\/ramasse_monnaie_1.png","type":"image\/png"}],"twitter_card":"summary_large_image","twitter_misc":{"Est. reading time":"1 minute"},"schema":{"@context":"https:\/\/schema.org","@graph":[{"@type":"WebPage","@id":"https:\/\/adepublicite.fr\/plv-de-table\/ramasse-monnaie\/","url":"https:\/\/adepublicite.fr\/plv-de-table\/ramasse-monnaie\/","name":"Ramasse monnaie publicitaire personnalis\u00e9 sur mesure | ADE","isPartOf":{"@id":"https:\/\/adepublicite.fr\/#website"},"primaryImageOfPage":{"@id":"https:\/\/adepublicite.fr\/plv-de-table\/ramasse-monnaie\/#primaryimage"},"image":{"@id":"https:\/\/adepublicite.fr\/plv-de-table\/ramasse-monnaie\/#primaryimage"},"thumbnailUrl":"https:\/\/adepublicite.fr\/wp-content\/uploads\/2020\/07\/ramasse_monnaie_1.png","datePublished":"2020-07-08T10:07:45+00:00","dateModified":"2022-12-13T12:29:25+00:00","breadcrumb":{"@id":"https:\/\/adepublicite.fr\/plv-de-table\/ramasse-monnaie\/#breadcrumb"},"inLanguage":"en-US","potentialAction":[{"@type":"ReadAction","target":["https:\/\/adepublicite.fr\/plv-de-table\/ramasse-monnaie\/"]}]},{"@type":"ImageObject","inLanguage":"en-US","@id":"https:\/\/adepublicite.fr\/plv-de-table\/ramasse-monnaie\/#primaryimage","url":"https:\/\/adepublicite.fr\/wp-content\/uploads\/2020\/07\/ramasse_monnaie_1.png","contentUrl":"https:\/\/adepublicite.fr\/wp-content\/uploads\/2020\/07\/ramasse_monnaie_1.png","width":500,"height":500},{"@type":"BreadcrumbList","@id":"https:\/\/adepublicite.fr\/plv-de-table\/ramasse-monnaie\/#breadcrumb","itemListElement":[{"@type":"ListItem","position":1,"name":"Accueil","item":"https:\/\/adepublicite.fr\/"},{"@type":"ListItem","position":2,"name":"PLV de table","item":"https:\/\/adepublicite.fr\/plv-de-table\/"},{"@type":"ListItem","position":3,"name":"Ramasse monnaie"}]},{"@type":"WebSite","@id":"https:\/\/adepublicite.fr\/#website","url":"https:\/\/adepublicite.fr\/","name":"ADE Publicit\u00e9","description":"","publisher":{"@id":"https:\/\/adepublicite.fr\/#organization"},"potentialAction":[{"@type":"SearchAction","target":{"@type":"EntryPoint","urlTemplate":"https:\/\/adepublicite.fr\/?s={search_term_string}"},"query-input":{"@type":"PropertyValueSpecification","valueRequired":true,"valueName":"search_term_string"}}],"inLanguage":"en-US"},{"@type":"Organization","@id":"https:\/\/adepublicite.fr\/#organization","name":"ADE Publicit\u00e9","url":"https:\/\/adepublicite.fr\/","logo":{"@type":"ImageObject","inLanguage":"en-US","@id":"https:\/\/adepublicite.fr\/#\/schema\/logo\/image\/","url":"https:\/\/adepublicite.fr\/wp-content\/uploads\/2018\/05\/FAVICON.png","contentUrl":"https:\/\/adepublicite.fr\/wp-content\/uploads\/2018\/05\/FAVICON.png","width":512,"height":512,"caption":"ADE Publicit\u00e9"},"image":{"@id":"https:\/\/adepublicite.fr\/#\/schema\/logo\/image\/"},"sameAs":["https:\/\/www.facebook.com\/adepublicite\/?ref=bookmarks","https:\/\/www.linkedin.com\/company\/ade-publicit\u00e9\/"]}]}},"amp_enabled":true,"_links":{"self":[{"href":"https:\/\/adepublicite.fr\/en\/wp-json\/wp\/v2\/pages\/2729","targetHints":{"allow":["GET"]}}],"collection":[{"href":"https:\/\/adepublicite.fr\/en\/wp-json\/wp\/v2\/pages"}],"about":[{"href":"https:\/\/adepublicite.fr\/en\/wp-json\/wp\/v2\/types\/page"}],"author":[{"embeddable":true,"href":"https:\/\/adepublicite.fr\/en\/wp-json\/wp\/v2\/users\/1"}],"replies":[{"embeddable":true,"href":"https:\/\/adepublicite.fr\/en\/wp-json\/wp\/v2\/comments?post=2729"}],"version-history":[{"count":3,"href":"https:\/\/adepublicite.fr\/en\/wp-json\/wp\/v2\/pages\/2729\/revisions"}],"predecessor-version":[{"id":3944,"href":"https:\/\/adepublicite.fr\/en\/wp-json\/wp\/v2\/pages\/2729\/revisions\/3944"}],"up":[{"embeddable":true,"href":"https:\/\/adepublicite.fr\/en\/wp-json\/wp\/v2\/pages\/441"}],"wp:featuredmedia":[{"embeddable":true,"href":"https:\/\/adepublicite.fr\/en\/wp-json\/wp\/v2\/media\/2720"}],"wp:attachment":[{"href":"https:\/\/adepublicite.fr\/en\/wp-json\/wp\/v2\/media?parent=2729"}],"curies":[{"name":"wp","href":"https:\/\/api.w.org\/{rel}","templated":true}]}}