{"id":2727,"date":"2020-07-08T11:59:22","date_gmt":"2020-07-08T09:59:22","guid":{"rendered":"https:\/\/adepublicite.fr\/?page_id=2727"},"modified":"2022-12-13T13:49:24","modified_gmt":"2022-12-13T12:49:24","slug":"planche-a-decouper","status":"publish","type":"page","link":"https:\/\/adepublicite.fr\/en\/en-bois\/planche-a-decouper\/","title":{"rendered":"Planche \u00e0 d\u00e9couper"},"content":{"rendered":"<table>\n<tbody>\n<tr>\n<td>\n<h2>Description technique<\/h2>\n<p><strong>Support : <\/strong>peuplier 8mm, pin 19mm, h\u00e9v\u00e9a 22mm &#8230; (ou autres supports et \u00e9paisseurs)<\/p>\n<p><strong>Impression\u00a0:<\/strong> s\u00e9rigraphie ou num\u00e9rique ou gravure num\u00e9rique ou laser sur tout ou partie de la planche, ou br\u00fblage \u00e0 chaud.<\/p>\n<p><strong>Formats standards\u00a0:<\/strong> 38x15cm, 30x20cm, 40x30cm \u2026 (ou autre format possible)<\/p>\n<p><strong>Finitions et options\u00a0:<\/strong> vernis, insertion ardoise v\u00e9ritable ou vitre dans la planche &#8230; (et autres options \u00e0 la demande)<\/p>\n<p><strong>Emballage\u00a0:<\/strong>\u00a0individuel sous film<\/p>\n<p><strong>Origine\u00a0:\u00a0<\/strong>dans nos locaux en Is\u00e8re (France)<\/p>\n<p>Vous souhaitez en savoir plus sur nos techniques de fabrication ? Consultez la page <a href=\"https:\/\/adepublicite.fr\/savoir-faire\/\">savoir-faire<\/a>\u00a0ou\u00a0<a href=\"https:\/\/adepublicite.fr\/contact\/\">venez nous rencontrer<\/a>\u00a0!<\/td>\n<td style=\"width: 25%; text-align: center; vertical-align: top;\"><div id=\"metaslider-id-2730\" style=\"max-width: 700px;\" class=\"ml-slider-3-107-0 metaslider metaslider-flex metaslider-2730 ml-slider ms-theme-default nav-hidden\" role=\"region\" aria-label=\"Planches \u00e0 d\u00e9couper\" data-height=\"300\" data-width=\"700\">\n    <div id=\"metaslider_container_2730\">\n        <div id=\"metaslider_2730\">\n            <ul class='slides'>\n                <li style=\"display: block; width: 100%;\" class=\"slide-2731 ms-image \" aria-roledescription=\"slide\" data-date=\"2020-07-08 11:56:45\" data-filename=\"planche_bois_2.jpg\" data-slide-type=\"image\"><img loading=\"lazy\" decoding=\"async\" width=\"500\" height=\"500\" src=\"https:\/\/adepublicite.fr\/wp-content\/uploads\/2020\/07\/planche_bois_2.jpg\" class=\"slider-2730 slide-2731 msDefaultImage\" alt=\"\" rel=\"\" title=\"planche_bois_2\" srcset=\"https:\/\/adepublicite.fr\/wp-content\/uploads\/2020\/07\/planche_bois_2.jpg 500w, https:\/\/adepublicite.fr\/wp-content\/uploads\/2020\/07\/planche_bois_2-300x300.jpg 300w, https:\/\/adepublicite.fr\/wp-content\/uploads\/2020\/07\/planche_bois_2-150x150.jpg 150w, https:\/\/adepublicite.fr\/wp-content\/uploads\/2020\/07\/planche_bois_2-365x365.jpg 365w\" sizes=\"auto, (max-width: 500px) 100vw, 500px\" \/><\/li>\n                <li style=\"display: none; width: 100%;\" class=\"slide-2732 ms-image \" aria-roledescription=\"slide\" data-date=\"2020-07-08 11:56:45\" data-filename=\"planche_bois_1.jpg\" data-slide-type=\"image\"><img loading=\"lazy\" decoding=\"async\" width=\"500\" height=\"500\" src=\"https:\/\/adepublicite.fr\/wp-content\/uploads\/2020\/07\/planche_bois_1.jpg\" class=\"slider-2730 slide-2732 msDefaultImage\" alt=\"\" rel=\"\" title=\"planche_bois_1\" srcset=\"https:\/\/adepublicite.fr\/wp-content\/uploads\/2020\/07\/planche_bois_1.jpg 500w, https:\/\/adepublicite.fr\/wp-content\/uploads\/2020\/07\/planche_bois_1-300x300.jpg 300w, https:\/\/adepublicite.fr\/wp-content\/uploads\/2020\/07\/planche_bois_1-150x150.jpg 150w, https:\/\/adepublicite.fr\/wp-content\/uploads\/2020\/07\/planche_bois_1-365x365.jpg 365w\" sizes=\"auto, (max-width: 500px) 100vw, 500px\" \/><\/li>\n                <li style=\"display: none; width: 100%;\" class=\"slide-2733 ms-image \" aria-roledescription=\"slide\" data-date=\"2020-07-08 11:56:45\" data-filename=\"planche_bois_3.jpg\" data-slide-type=\"image\"><img loading=\"lazy\" decoding=\"async\" width=\"500\" height=\"500\" src=\"https:\/\/adepublicite.fr\/wp-content\/uploads\/2020\/07\/planche_bois_3.jpg\" class=\"slider-2730 slide-2733 msDefaultImage\" alt=\"\" rel=\"\" title=\"planche_bois_3\" srcset=\"https:\/\/adepublicite.fr\/wp-content\/uploads\/2020\/07\/planche_bois_3.jpg 500w, https:\/\/adepublicite.fr\/wp-content\/uploads\/2020\/07\/planche_bois_3-300x300.jpg 300w, https:\/\/adepublicite.fr\/wp-content\/uploads\/2020\/07\/planche_bois_3-150x150.jpg 150w\" sizes=\"auto, (max-width: 500px) 100vw, 500px\" \/><\/li>\n            <\/ul>\n        <\/div>\n        \n    <\/div>\n<\/div><\/td>\n<\/tr>\n<\/tbody>\n<\/table>\n<table>\n<tbody>\n<tr>\n<td><\/td>\n<\/tr>\n<\/tbody>\n<\/table>\n<p><span style=\"color: #172d82; font-family: Lato; font-size: 32px; font-weight: bold;\">Tarifs<\/span><\/p>\n<p>Nos tarifs d\u00e9pendent de vos crit\u00e8res de personnalisation (la taille de l\u2019ardoise, le nombre de couleurs \u00e0 l&#8217;impression, le type d\u2019encadrement, si besoin la retouche de vos fichiers, la quantit\u00e9 souhait\u00e9e &#8230; voir nos <a href=\"https:\/\/adepublicite.fr\/savoir-faire\/\">savoir-faire<\/a> pour plus d&#8217;explications), et sont donc exclusivement sur devis.<\/p>\n","protected":false},"excerpt":{"rendered":"<p>Description technique Support : peuplier 8mm, pin 19mm, h&eacute;v&eacute;a 22mm &hellip; (ou autres supports et &eacute;paisseurs) Impression&nbsp;: s&eacute;rigraphie ou num&eacute;rique ou gravure num&eacute;rique ou laser sur tout ou partie de la planche, ou br&ucirc;lage &agrave; chaud. Formats standards&nbsp;: 38x15cm, 30x20cm, &hellip; <a href=\"https:\/\/adepublicite.fr\/en\/en-bois\/planche-a-decouper\/\">Continued<\/a><\/p>\n","protected":false},"author":1,"featured_media":2711,"parent":2713,"menu_order":0,"comment_status":"closed","ping_status":"closed","template":"","meta":{"kt_blocks_editor_width":"","_monsterinsights_skip_tracking":false,"_monsterinsights_sitenote_active":false,"_monsterinsights_sitenote_note":"","_monsterinsights_sitenote_category":0,"footnotes":""},"class_list":["post-2727","page","type-page","status-publish","has-post-thumbnail","hentry"],"translation":{"provider":"WPGlobus","version":"3.0.2","language":"en","enabled_languages":["fr","en"],"languages":{"fr":{"title":true,"content":true,"excerpt":false},"en":{"title":false,"content":false,"excerpt":false}}},"yoast_head":"<!-- This site is optimized with the Yoast SEO plugin v27.3 - https:\/\/yoast.com\/product\/yoast-seo-wordpress\/ -->\n<title>Planche \u00e0 d\u00e9couper publicitaire personnalis\u00e9e sur mesure | ADE<\/title>\n<meta name=\"robots\" content=\"index, follow, max-snippet:-1, max-image-preview:large, max-video-preview:-1\" \/>\n<link rel=\"canonical\" href=\"https:\/\/adepublicite.fr\/en-bois\/planche-a-decouper\/\" \/>\n<meta property=\"og:locale\" content=\"en_US\" \/>\n<meta property=\"og:type\" content=\"article\" \/>\n<meta property=\"og:title\" content=\"Planche \u00e0 d\u00e9couper - ADE Publicit\u00e9\" \/>\n<meta property=\"og:url\" content=\"https:\/\/adepublicite.fr\/en-bois\/planche-a-decouper\/\" \/>\n<meta property=\"og:site_name\" content=\"ADE Publicit\u00e9\" \/>\n<meta property=\"article:publisher\" content=\"https:\/\/www.facebook.com\/adepublicite\/?ref=bookmarks\" \/>\n<meta property=\"article:modified_time\" content=\"2022-12-13T12:49:24+00:00\" \/>\n<meta property=\"og:image\" content=\"https:\/\/adepublicite.fr\/wp-content\/uploads\/2020\/07\/planche_bois_2.jpg\" \/>\n\t<meta property=\"og:image:width\" content=\"500\" \/>\n\t<meta property=\"og:image:height\" content=\"500\" \/>\n\t<meta property=\"og:image:type\" content=\"image\/jpeg\" \/>\n<meta name=\"twitter:card\" content=\"summary_large_image\" \/>\n<meta name=\"twitter:label1\" content=\"Est. reading time\" \/>\n\t<meta name=\"twitter:data1\" content=\"1 minute\" \/>\n<script type=\"application\/ld+json\" class=\"yoast-schema-graph\">{\"@context\":\"https:\\\/\\\/schema.org\",\"@graph\":[{\"@type\":\"WebPage\",\"@id\":\"https:\\\/\\\/adepublicite.fr\\\/en-bois\\\/planche-a-decouper\\\/\",\"url\":\"https:\\\/\\\/adepublicite.fr\\\/en-bois\\\/planche-a-decouper\\\/\",\"name\":\"Planche \u00e0 d\u00e9couper publicitaire personnalis\u00e9e sur mesure | ADE\",\"isPartOf\":{\"@id\":\"https:\\\/\\\/adepublicite.fr\\\/#website\"},\"primaryImageOfPage\":{\"@id\":\"https:\\\/\\\/adepublicite.fr\\\/en-bois\\\/planche-a-decouper\\\/#primaryimage\"},\"image\":{\"@id\":\"https:\\\/\\\/adepublicite.fr\\\/en-bois\\\/planche-a-decouper\\\/#primaryimage\"},\"thumbnailUrl\":\"https:\\\/\\\/adepublicite.fr\\\/wp-content\\\/uploads\\\/2020\\\/07\\\/planche_bois_2.jpg\",\"datePublished\":\"2020-07-08T09:59:22+00:00\",\"dateModified\":\"2022-12-13T12:49:24+00:00\",\"breadcrumb\":{\"@id\":\"https:\\\/\\\/adepublicite.fr\\\/en-bois\\\/planche-a-decouper\\\/#breadcrumb\"},\"inLanguage\":\"en-US\",\"potentialAction\":[{\"@type\":\"ReadAction\",\"target\":[\"https:\\\/\\\/adepublicite.fr\\\/en-bois\\\/planche-a-decouper\\\/\"]}]},{\"@type\":\"ImageObject\",\"inLanguage\":\"en-US\",\"@id\":\"https:\\\/\\\/adepublicite.fr\\\/en-bois\\\/planche-a-decouper\\\/#primaryimage\",\"url\":\"https:\\\/\\\/adepublicite.fr\\\/wp-content\\\/uploads\\\/2020\\\/07\\\/planche_bois_2.jpg\",\"contentUrl\":\"https:\\\/\\\/adepublicite.fr\\\/wp-content\\\/uploads\\\/2020\\\/07\\\/planche_bois_2.jpg\",\"width\":500,\"height\":500},{\"@type\":\"BreadcrumbList\",\"@id\":\"https:\\\/\\\/adepublicite.fr\\\/en-bois\\\/planche-a-decouper\\\/#breadcrumb\",\"itemListElement\":[{\"@type\":\"ListItem\",\"position\":1,\"name\":\"Accueil\",\"item\":\"https:\\\/\\\/adepublicite.fr\\\/\"},{\"@type\":\"ListItem\",\"position\":2,\"name\":\"Planches et plateaux\",\"item\":\"https:\\\/\\\/adepublicite.fr\\\/en-bois\\\/\"},{\"@type\":\"ListItem\",\"position\":3,\"name\":\"Planche \u00e0 d\u00e9couper\"}]},{\"@type\":\"WebSite\",\"@id\":\"https:\\\/\\\/adepublicite.fr\\\/#website\",\"url\":\"https:\\\/\\\/adepublicite.fr\\\/\",\"name\":\"ADE Publicit\u00e9\",\"description\":\"\",\"publisher\":{\"@id\":\"https:\\\/\\\/adepublicite.fr\\\/#organization\"},\"potentialAction\":[{\"@type\":\"SearchAction\",\"target\":{\"@type\":\"EntryPoint\",\"urlTemplate\":\"https:\\\/\\\/adepublicite.fr\\\/?s={search_term_string}\"},\"query-input\":{\"@type\":\"PropertyValueSpecification\",\"valueRequired\":true,\"valueName\":\"search_term_string\"}}],\"inLanguage\":\"en-US\"},{\"@type\":\"Organization\",\"@id\":\"https:\\\/\\\/adepublicite.fr\\\/#organization\",\"name\":\"ADE Publicit\u00e9\",\"url\":\"https:\\\/\\\/adepublicite.fr\\\/\",\"logo\":{\"@type\":\"ImageObject\",\"inLanguage\":\"en-US\",\"@id\":\"https:\\\/\\\/adepublicite.fr\\\/#\\\/schema\\\/logo\\\/image\\\/\",\"url\":\"https:\\\/\\\/adepublicite.fr\\\/wp-content\\\/uploads\\\/2018\\\/05\\\/FAVICON.png\",\"contentUrl\":\"https:\\\/\\\/adepublicite.fr\\\/wp-content\\\/uploads\\\/2018\\\/05\\\/FAVICON.png\",\"width\":512,\"height\":512,\"caption\":\"ADE Publicit\u00e9\"},\"image\":{\"@id\":\"https:\\\/\\\/adepublicite.fr\\\/#\\\/schema\\\/logo\\\/image\\\/\"},\"sameAs\":[\"https:\\\/\\\/www.facebook.com\\\/adepublicite\\\/?ref=bookmarks\",\"https:\\\/\\\/www.linkedin.com\\\/company\\\/ade-publicit\u00e9\\\/\"]}]}<\/script>\n<!-- \/ Yoast SEO plugin. -->","yoast_head_json":{"title":"Planche \u00e0 d\u00e9couper publicitaire personnalis\u00e9e sur mesure | ADE","robots":{"index":"index","follow":"follow","max-snippet":"max-snippet:-1","max-image-preview":"max-image-preview:large","max-video-preview":"max-video-preview:-1"},"canonical":"https:\/\/adepublicite.fr\/en-bois\/planche-a-decouper\/","og_locale":"en_US","og_type":"article","og_title":"Planche \u00e0 d\u00e9couper - ADE Publicit\u00e9","og_url":"https:\/\/adepublicite.fr\/en-bois\/planche-a-decouper\/","og_site_name":"ADE Publicit\u00e9","article_publisher":"https:\/\/www.facebook.com\/adepublicite\/?ref=bookmarks","article_modified_time":"2022-12-13T12:49:24+00:00","og_image":[{"width":500,"height":500,"url":"https:\/\/adepublicite.fr\/wp-content\/uploads\/2020\/07\/planche_bois_2.jpg","type":"image\/jpeg"}],"twitter_card":"summary_large_image","twitter_misc":{"Est. reading time":"1 minute"},"schema":{"@context":"https:\/\/schema.org","@graph":[{"@type":"WebPage","@id":"https:\/\/adepublicite.fr\/en-bois\/planche-a-decouper\/","url":"https:\/\/adepublicite.fr\/en-bois\/planche-a-decouper\/","name":"Planche \u00e0 d\u00e9couper publicitaire personnalis\u00e9e sur mesure | ADE","isPartOf":{"@id":"https:\/\/adepublicite.fr\/#website"},"primaryImageOfPage":{"@id":"https:\/\/adepublicite.fr\/en-bois\/planche-a-decouper\/#primaryimage"},"image":{"@id":"https:\/\/adepublicite.fr\/en-bois\/planche-a-decouper\/#primaryimage"},"thumbnailUrl":"https:\/\/adepublicite.fr\/wp-content\/uploads\/2020\/07\/planche_bois_2.jpg","datePublished":"2020-07-08T09:59:22+00:00","dateModified":"2022-12-13T12:49:24+00:00","breadcrumb":{"@id":"https:\/\/adepublicite.fr\/en-bois\/planche-a-decouper\/#breadcrumb"},"inLanguage":"en-US","potentialAction":[{"@type":"ReadAction","target":["https:\/\/adepublicite.fr\/en-bois\/planche-a-decouper\/"]}]},{"@type":"ImageObject","inLanguage":"en-US","@id":"https:\/\/adepublicite.fr\/en-bois\/planche-a-decouper\/#primaryimage","url":"https:\/\/adepublicite.fr\/wp-content\/uploads\/2020\/07\/planche_bois_2.jpg","contentUrl":"https:\/\/adepublicite.fr\/wp-content\/uploads\/2020\/07\/planche_bois_2.jpg","width":500,"height":500},{"@type":"BreadcrumbList","@id":"https:\/\/adepublicite.fr\/en-bois\/planche-a-decouper\/#breadcrumb","itemListElement":[{"@type":"ListItem","position":1,"name":"Accueil","item":"https:\/\/adepublicite.fr\/"},{"@type":"ListItem","position":2,"name":"Planches et plateaux","item":"https:\/\/adepublicite.fr\/en-bois\/"},{"@type":"ListItem","position":3,"name":"Planche \u00e0 d\u00e9couper"}]},{"@type":"WebSite","@id":"https:\/\/adepublicite.fr\/#website","url":"https:\/\/adepublicite.fr\/","name":"ADE Publicit\u00e9","description":"","publisher":{"@id":"https:\/\/adepublicite.fr\/#organization"},"potentialAction":[{"@type":"SearchAction","target":{"@type":"EntryPoint","urlTemplate":"https:\/\/adepublicite.fr\/?s={search_term_string}"},"query-input":{"@type":"PropertyValueSpecification","valueRequired":true,"valueName":"search_term_string"}}],"inLanguage":"en-US"},{"@type":"Organization","@id":"https:\/\/adepublicite.fr\/#organization","name":"ADE Publicit\u00e9","url":"https:\/\/adepublicite.fr\/","logo":{"@type":"ImageObject","inLanguage":"en-US","@id":"https:\/\/adepublicite.fr\/#\/schema\/logo\/image\/","url":"https:\/\/adepublicite.fr\/wp-content\/uploads\/2018\/05\/FAVICON.png","contentUrl":"https:\/\/adepublicite.fr\/wp-content\/uploads\/2018\/05\/FAVICON.png","width":512,"height":512,"caption":"ADE Publicit\u00e9"},"image":{"@id":"https:\/\/adepublicite.fr\/#\/schema\/logo\/image\/"},"sameAs":["https:\/\/www.facebook.com\/adepublicite\/?ref=bookmarks","https:\/\/www.linkedin.com\/company\/ade-publicit\u00e9\/"]}]}},"amp_enabled":true,"_links":{"self":[{"href":"https:\/\/adepublicite.fr\/en\/wp-json\/wp\/v2\/pages\/2727","targetHints":{"allow":["GET"]}}],"collection":[{"href":"https:\/\/adepublicite.fr\/en\/wp-json\/wp\/v2\/pages"}],"about":[{"href":"https:\/\/adepublicite.fr\/en\/wp-json\/wp\/v2\/types\/page"}],"author":[{"embeddable":true,"href":"https:\/\/adepublicite.fr\/en\/wp-json\/wp\/v2\/users\/1"}],"replies":[{"embeddable":true,"href":"https:\/\/adepublicite.fr\/en\/wp-json\/wp\/v2\/comments?post=2727"}],"version-history":[{"count":5,"href":"https:\/\/adepublicite.fr\/en\/wp-json\/wp\/v2\/pages\/2727\/revisions"}],"predecessor-version":[{"id":3951,"href":"https:\/\/adepublicite.fr\/en\/wp-json\/wp\/v2\/pages\/2727\/revisions\/3951"}],"up":[{"embeddable":true,"href":"https:\/\/adepublicite.fr\/en\/wp-json\/wp\/v2\/pages\/2713"}],"wp:featuredmedia":[{"embeddable":true,"href":"https:\/\/adepublicite.fr\/en\/wp-json\/wp\/v2\/media\/2711"}],"wp:attachment":[{"href":"https:\/\/adepublicite.fr\/en\/wp-json\/wp\/v2\/media?parent=2727"}],"curies":[{"name":"wp","href":"https:\/\/api.w.org\/{rel}","templated":true}]}}