{"id":2713,"date":"2020-07-08T11:28:33","date_gmt":"2020-07-08T09:28:33","guid":{"rendered":"https:\/\/adepublicite.fr\/?page_id=2713"},"modified":"2022-12-13T13:45:36","modified_gmt":"2022-12-13T12:45:36","slug":"en-bois","status":"publish","type":"page","link":"https:\/\/adepublicite.fr\/en\/en-bois\/","title":{"rendered":"Planches et plateaux"},"content":{"rendered":"\n<h2 class=\"wp-block-heading\">Pourquoi une planche ou un plateau ?<\/h2>\n\n\n\n<ul class=\"wp-block-list\">\n<li>Vous cherchez un cadeau d&#8217;affaires<strong> qui marque<\/strong> vos clients ?<\/li>\n<\/ul>\n\n\n\n<p>La planche \u00e0 d\u00e9couper ou le plateau est un cadeau original qui saura s\u00e9duire le plus grand nombre, d&#8217;autant plus que nous le fabriquons sur mesure, \u00e0 la forme que vous aurez choisie !<\/p>\n\n\n\n<ul class=\"wp-block-list\">\n<li>Vous cherchez un support <strong>\u00e9co responsable<\/strong> ?<\/li>\n<\/ul>\n\n\n\n<p>Choisissez une fabrication en bois !<\/p>\n\n\n\n<ul class=\"wp-block-list\">\n<li>Vous cherchez un produit qui sera <strong>r\u00e9utilis\u00e9 <\/strong>par vos clients ?<\/li>\n<\/ul>\n\n\n\n<p>Vos clients seront fiers de ressortir votre planche ou plateau chez eux, devant leurs amis, pour leur montrer cet objet que vous aurez rendu si particulier !<\/p>\n\n\n\n<div style=\"height:20px\" aria-hidden=\"true\" class=\"wp-block-spacer\"><\/div>\n\n\n\n<h2 class=\"wp-block-heading\">Quelle personnalisation ?<\/h2>\n\n\n<table style=\"width: 100%;\">\n<tbody>\n<tr>\n<td style=\"width: 20%; text-align: center;\"><a href=\"https:\/\/adepublicite.fr\/planche-a-decouper\/\"><img loading=\"lazy\" decoding=\"async\" class=\"alignnone size-medium wp-image-2711\" src=\"https:\/\/adepublicite.fr\/wp-content\/uploads\/2020\/07\/planche_bois_2-300x300.jpg\" alt=\"\" width=\"300\" height=\"300\" srcset=\"https:\/\/adepublicite.fr\/wp-content\/uploads\/2020\/07\/planche_bois_2-300x300.jpg 300w, https:\/\/adepublicite.fr\/wp-content\/uploads\/2020\/07\/planche_bois_2-150x150.jpg 150w, https:\/\/adepublicite.fr\/wp-content\/uploads\/2020\/07\/planche_bois_2-365x365.jpg 365w, https:\/\/adepublicite.fr\/wp-content\/uploads\/2020\/07\/planche_bois_2.jpg 500w\" sizes=\"auto, (max-width: 300px) 100vw, 300px\" \/><\/a><\/td>\n<td style=\"width: 20%; text-align: center;\"><a href=\"https:\/\/adepublicite.fr\/planche-cocktail\/\"><img loading=\"lazy\" decoding=\"async\" class=\"alignnone size-medium wp-image-2715\" src=\"https:\/\/adepublicite.fr\/wp-content\/uploads\/2020\/07\/plateau_cocktail_1-300x300.jpg\" alt=\"\" width=\"300\" height=\"300\" srcset=\"https:\/\/adepublicite.fr\/wp-content\/uploads\/2020\/07\/plateau_cocktail_1-300x300.jpg 300w, https:\/\/adepublicite.fr\/wp-content\/uploads\/2020\/07\/plateau_cocktail_1-150x150.jpg 150w, https:\/\/adepublicite.fr\/wp-content\/uploads\/2020\/07\/plateau_cocktail_1.jpg 500w\" sizes=\"auto, (max-width: 300px) 100vw, 300px\" \/><\/a><\/td>\n<td style=\"width: 20%; text-align: center;\"><a href=\"http:\/\/adepublicite.fr\/plateau\/\"><img loading=\"lazy\" decoding=\"async\" class=\"alignnone size-medium wp-image-3683\" src=\"http:\/\/adepublicite.fr\/wp-content\/uploads\/2022\/05\/plateau-plexi-Ducros-test-ADE-2021-300x300.png\" alt=\"\" width=\"300\" height=\"300\" srcset=\"https:\/\/adepublicite.fr\/wp-content\/uploads\/2022\/05\/plateau-plexi-Ducros-test-ADE-2021-300x300.png 300w, https:\/\/adepublicite.fr\/wp-content\/uploads\/2022\/05\/plateau-plexi-Ducros-test-ADE-2021-150x150.png 150w, https:\/\/adepublicite.fr\/wp-content\/uploads\/2022\/05\/plateau-plexi-Ducros-test-ADE-2021-768x768.png 768w, https:\/\/adepublicite.fr\/wp-content\/uploads\/2022\/05\/plateau-plexi-Ducros-test-ADE-2021-730x730.png 730w, https:\/\/adepublicite.fr\/wp-content\/uploads\/2022\/05\/plateau-plexi-Ducros-test-ADE-2021-365x365.png 365w, https:\/\/adepublicite.fr\/wp-content\/uploads\/2022\/05\/plateau-plexi-Ducros-test-ADE-2021.png 886w\" sizes=\"auto, (max-width: 300px) 100vw, 300px\" \/><\/a><\/td>\n<td style=\"width: 20%; text-align: center;\">\u00a0<\/td>\n<td style=\"width: 25%; text-align: center;\">\u00a0<\/td>\n<\/tr>\n<tr>\n<td style=\"background-color: #ffffff; text-align: center;\"><a href=\"https:\/\/adepublicite.fr\/planche-a-decouper\/\">Planche \u00e0 d\u00e9couper<\/a><\/td>\n<td style=\"background-color: #ffffff; text-align: center;\"><a href=\"https:\/\/adepublicite.fr\/planche-cocktail\/\">Planche cocktail<\/a><\/td>\n<td style=\"background-color: #ffffff; text-align: center;\"><a href=\"http:\/\/adepublicite.fr\/plateau\/\">Plateau<\/a><\/td>\n<td style=\"background-color: #ffffff; text-align: center;\">\u00a0<\/td>\n<td style=\"width: 25%; background-color: #ffffff; text-align: center;\">\u00a0<\/td>\n<\/tr>\n<\/tbody>\n<\/table>","protected":false},"excerpt":{"rendered":"<p>Pourquoi une planche ou un plateau ? La planche &agrave; d&eacute;couper ou le plateau est un cadeau original qui saura s&eacute;duire le plus grand nombre, d&rsquo;autant plus que nous le fabriquons sur mesure, &agrave; la forme que vous aurez choisie &hellip; <a href=\"https:\/\/adepublicite.fr\/en\/en-bois\/\">Continued<\/a><\/p>\n","protected":false},"author":1,"featured_media":2710,"parent":0,"menu_order":0,"comment_status":"closed","ping_status":"closed","template":"","meta":{"kt_blocks_editor_width":"","_monsterinsights_skip_tracking":false,"_monsterinsights_sitenote_active":false,"_monsterinsights_sitenote_note":"","_monsterinsights_sitenote_category":0,"footnotes":""},"class_list":["post-2713","page","type-page","status-publish","has-post-thumbnail","hentry"],"translation":{"provider":"WPGlobus","version":"3.0.2","language":"en","enabled_languages":["fr","en"],"languages":{"fr":{"title":true,"content":true,"excerpt":false},"en":{"title":false,"content":false,"excerpt":false}}},"yoast_head":"<!-- This site is optimized with the Yoast SEO plugin v27.3 - https:\/\/yoast.com\/product\/yoast-seo-wordpress\/ -->\n<title>Planches et plateaux publicitaires sur mesure | ADE Publicit\u00e9<\/title>\n<meta name=\"robots\" content=\"index, follow, max-snippet:-1, max-image-preview:large, max-video-preview:-1\" \/>\n<link rel=\"canonical\" href=\"https:\/\/adepublicite.fr\/en-bois\/\" \/>\n<meta property=\"og:locale\" content=\"en_US\" \/>\n<meta property=\"og:type\" content=\"article\" \/>\n<meta property=\"og:title\" content=\"Planches et plateaux - ADE Publicit\u00e9\" \/>\n<meta property=\"og:url\" content=\"https:\/\/adepublicite.fr\/en-bois\/\" \/>\n<meta property=\"og:site_name\" content=\"ADE Publicit\u00e9\" \/>\n<meta property=\"article:publisher\" content=\"https:\/\/www.facebook.com\/adepublicite\/?ref=bookmarks\" \/>\n<meta property=\"article:modified_time\" content=\"2022-12-13T12:45:36+00:00\" \/>\n<meta property=\"og:image\" content=\"https:\/\/adepublicite.fr\/wp-content\/uploads\/2020\/07\/planche_bois_1.jpg\" \/>\n\t<meta property=\"og:image:width\" content=\"500\" \/>\n\t<meta property=\"og:image:height\" content=\"500\" \/>\n\t<meta property=\"og:image:type\" content=\"image\/jpeg\" \/>\n<meta name=\"twitter:card\" content=\"summary_large_image\" \/>\n<meta name=\"twitter:label1\" content=\"Est. reading time\" \/>\n\t<meta name=\"twitter:data1\" content=\"2 minutes\" \/>\n<script type=\"application\/ld+json\" class=\"yoast-schema-graph\">{\"@context\":\"https:\\\/\\\/schema.org\",\"@graph\":[{\"@type\":\"WebPage\",\"@id\":\"https:\\\/\\\/adepublicite.fr\\\/en-bois\\\/\",\"url\":\"https:\\\/\\\/adepublicite.fr\\\/en-bois\\\/\",\"name\":\"Planches et plateaux publicitaires sur mesure | ADE Publicit\u00e9\",\"isPartOf\":{\"@id\":\"https:\\\/\\\/adepublicite.fr\\\/#website\"},\"primaryImageOfPage\":{\"@id\":\"https:\\\/\\\/adepublicite.fr\\\/en-bois\\\/#primaryimage\"},\"image\":{\"@id\":\"https:\\\/\\\/adepublicite.fr\\\/en-bois\\\/#primaryimage\"},\"thumbnailUrl\":\"https:\\\/\\\/adepublicite.fr\\\/wp-content\\\/uploads\\\/2020\\\/07\\\/planche_bois_1.jpg\",\"datePublished\":\"2020-07-08T09:28:33+00:00\",\"dateModified\":\"2022-12-13T12:45:36+00:00\",\"breadcrumb\":{\"@id\":\"https:\\\/\\\/adepublicite.fr\\\/en-bois\\\/#breadcrumb\"},\"inLanguage\":\"en-US\",\"potentialAction\":[{\"@type\":\"ReadAction\",\"target\":[\"https:\\\/\\\/adepublicite.fr\\\/en-bois\\\/\"]}]},{\"@type\":\"ImageObject\",\"inLanguage\":\"en-US\",\"@id\":\"https:\\\/\\\/adepublicite.fr\\\/en-bois\\\/#primaryimage\",\"url\":\"https:\\\/\\\/adepublicite.fr\\\/wp-content\\\/uploads\\\/2020\\\/07\\\/planche_bois_1.jpg\",\"contentUrl\":\"https:\\\/\\\/adepublicite.fr\\\/wp-content\\\/uploads\\\/2020\\\/07\\\/planche_bois_1.jpg\",\"width\":500,\"height\":500},{\"@type\":\"BreadcrumbList\",\"@id\":\"https:\\\/\\\/adepublicite.fr\\\/en-bois\\\/#breadcrumb\",\"itemListElement\":[{\"@type\":\"ListItem\",\"position\":1,\"name\":\"Accueil\",\"item\":\"https:\\\/\\\/adepublicite.fr\\\/\"},{\"@type\":\"ListItem\",\"position\":2,\"name\":\"Planches et plateaux\"}]},{\"@type\":\"WebSite\",\"@id\":\"https:\\\/\\\/adepublicite.fr\\\/#website\",\"url\":\"https:\\\/\\\/adepublicite.fr\\\/\",\"name\":\"ADE Publicit\u00e9\",\"description\":\"\",\"publisher\":{\"@id\":\"https:\\\/\\\/adepublicite.fr\\\/#organization\"},\"potentialAction\":[{\"@type\":\"SearchAction\",\"target\":{\"@type\":\"EntryPoint\",\"urlTemplate\":\"https:\\\/\\\/adepublicite.fr\\\/?s={search_term_string}\"},\"query-input\":{\"@type\":\"PropertyValueSpecification\",\"valueRequired\":true,\"valueName\":\"search_term_string\"}}],\"inLanguage\":\"en-US\"},{\"@type\":\"Organization\",\"@id\":\"https:\\\/\\\/adepublicite.fr\\\/#organization\",\"name\":\"ADE Publicit\u00e9\",\"url\":\"https:\\\/\\\/adepublicite.fr\\\/\",\"logo\":{\"@type\":\"ImageObject\",\"inLanguage\":\"en-US\",\"@id\":\"https:\\\/\\\/adepublicite.fr\\\/#\\\/schema\\\/logo\\\/image\\\/\",\"url\":\"https:\\\/\\\/adepublicite.fr\\\/wp-content\\\/uploads\\\/2018\\\/05\\\/FAVICON.png\",\"contentUrl\":\"https:\\\/\\\/adepublicite.fr\\\/wp-content\\\/uploads\\\/2018\\\/05\\\/FAVICON.png\",\"width\":512,\"height\":512,\"caption\":\"ADE Publicit\u00e9\"},\"image\":{\"@id\":\"https:\\\/\\\/adepublicite.fr\\\/#\\\/schema\\\/logo\\\/image\\\/\"},\"sameAs\":[\"https:\\\/\\\/www.facebook.com\\\/adepublicite\\\/?ref=bookmarks\",\"https:\\\/\\\/www.linkedin.com\\\/company\\\/ade-publicit\u00e9\\\/\"]}]}<\/script>\n<!-- \/ Yoast SEO plugin. -->","yoast_head_json":{"title":"Planches et plateaux publicitaires sur mesure | ADE Publicit\u00e9","robots":{"index":"index","follow":"follow","max-snippet":"max-snippet:-1","max-image-preview":"max-image-preview:large","max-video-preview":"max-video-preview:-1"},"canonical":"https:\/\/adepublicite.fr\/en-bois\/","og_locale":"en_US","og_type":"article","og_title":"Planches et plateaux - ADE Publicit\u00e9","og_url":"https:\/\/adepublicite.fr\/en-bois\/","og_site_name":"ADE Publicit\u00e9","article_publisher":"https:\/\/www.facebook.com\/adepublicite\/?ref=bookmarks","article_modified_time":"2022-12-13T12:45:36+00:00","og_image":[{"width":500,"height":500,"url":"https:\/\/adepublicite.fr\/wp-content\/uploads\/2020\/07\/planche_bois_1.jpg","type":"image\/jpeg"}],"twitter_card":"summary_large_image","twitter_misc":{"Est. reading time":"2 minutes"},"schema":{"@context":"https:\/\/schema.org","@graph":[{"@type":"WebPage","@id":"https:\/\/adepublicite.fr\/en-bois\/","url":"https:\/\/adepublicite.fr\/en-bois\/","name":"Planches et plateaux publicitaires sur mesure | ADE Publicit\u00e9","isPartOf":{"@id":"https:\/\/adepublicite.fr\/#website"},"primaryImageOfPage":{"@id":"https:\/\/adepublicite.fr\/en-bois\/#primaryimage"},"image":{"@id":"https:\/\/adepublicite.fr\/en-bois\/#primaryimage"},"thumbnailUrl":"https:\/\/adepublicite.fr\/wp-content\/uploads\/2020\/07\/planche_bois_1.jpg","datePublished":"2020-07-08T09:28:33+00:00","dateModified":"2022-12-13T12:45:36+00:00","breadcrumb":{"@id":"https:\/\/adepublicite.fr\/en-bois\/#breadcrumb"},"inLanguage":"en-US","potentialAction":[{"@type":"ReadAction","target":["https:\/\/adepublicite.fr\/en-bois\/"]}]},{"@type":"ImageObject","inLanguage":"en-US","@id":"https:\/\/adepublicite.fr\/en-bois\/#primaryimage","url":"https:\/\/adepublicite.fr\/wp-content\/uploads\/2020\/07\/planche_bois_1.jpg","contentUrl":"https:\/\/adepublicite.fr\/wp-content\/uploads\/2020\/07\/planche_bois_1.jpg","width":500,"height":500},{"@type":"BreadcrumbList","@id":"https:\/\/adepublicite.fr\/en-bois\/#breadcrumb","itemListElement":[{"@type":"ListItem","position":1,"name":"Accueil","item":"https:\/\/adepublicite.fr\/"},{"@type":"ListItem","position":2,"name":"Planches et plateaux"}]},{"@type":"WebSite","@id":"https:\/\/adepublicite.fr\/#website","url":"https:\/\/adepublicite.fr\/","name":"ADE Publicit\u00e9","description":"","publisher":{"@id":"https:\/\/adepublicite.fr\/#organization"},"potentialAction":[{"@type":"SearchAction","target":{"@type":"EntryPoint","urlTemplate":"https:\/\/adepublicite.fr\/?s={search_term_string}"},"query-input":{"@type":"PropertyValueSpecification","valueRequired":true,"valueName":"search_term_string"}}],"inLanguage":"en-US"},{"@type":"Organization","@id":"https:\/\/adepublicite.fr\/#organization","name":"ADE Publicit\u00e9","url":"https:\/\/adepublicite.fr\/","logo":{"@type":"ImageObject","inLanguage":"en-US","@id":"https:\/\/adepublicite.fr\/#\/schema\/logo\/image\/","url":"https:\/\/adepublicite.fr\/wp-content\/uploads\/2018\/05\/FAVICON.png","contentUrl":"https:\/\/adepublicite.fr\/wp-content\/uploads\/2018\/05\/FAVICON.png","width":512,"height":512,"caption":"ADE Publicit\u00e9"},"image":{"@id":"https:\/\/adepublicite.fr\/#\/schema\/logo\/image\/"},"sameAs":["https:\/\/www.facebook.com\/adepublicite\/?ref=bookmarks","https:\/\/www.linkedin.com\/company\/ade-publicit\u00e9\/"]}]}},"amp_enabled":true,"_links":{"self":[{"href":"https:\/\/adepublicite.fr\/en\/wp-json\/wp\/v2\/pages\/2713","targetHints":{"allow":["GET"]}}],"collection":[{"href":"https:\/\/adepublicite.fr\/en\/wp-json\/wp\/v2\/pages"}],"about":[{"href":"https:\/\/adepublicite.fr\/en\/wp-json\/wp\/v2\/types\/page"}],"author":[{"embeddable":true,"href":"https:\/\/adepublicite.fr\/en\/wp-json\/wp\/v2\/users\/1"}],"replies":[{"embeddable":true,"href":"https:\/\/adepublicite.fr\/en\/wp-json\/wp\/v2\/comments?post=2713"}],"version-history":[{"count":15,"href":"https:\/\/adepublicite.fr\/en\/wp-json\/wp\/v2\/pages\/2713\/revisions"}],"predecessor-version":[{"id":3947,"href":"https:\/\/adepublicite.fr\/en\/wp-json\/wp\/v2\/pages\/2713\/revisions\/3947"}],"wp:featuredmedia":[{"embeddable":true,"href":"https:\/\/adepublicite.fr\/en\/wp-json\/wp\/v2\/media\/2710"}],"wp:attachment":[{"href":"https:\/\/adepublicite.fr\/en\/wp-json\/wp\/v2\/media?parent=2713"}],"curies":[{"name":"wp","href":"https:\/\/api.w.org\/{rel}","templated":true}]}}