{"id":2613,"date":"2020-05-13T16:48:53","date_gmt":"2020-05-13T14:48:53","guid":{"rendered":"https:\/\/adepublicite.fr\/?page_id=2613"},"modified":"2020-05-13T16:48:56","modified_gmt":"2020-05-13T14:48:56","slug":"et-ce-quon-faisait-deja-avant","status":"publish","type":"page","link":"https:\/\/adepublicite.fr\/en\/nos-produits-special-covid-19\/et-ce-quon-faisait-deja-avant\/","title":{"rendered":"et ce qu&#8217;on faisait d\u00e9j\u00e0 avant !"},"content":{"rendered":"\n<h2 class=\"wp-block-heading\">Vous voulez \u00e9viter les menus qui passent de mains en mains ?<\/h2>\n\n\n\n<p>Utilisez des ardoises !<\/p>\n\n\n\n<p><a href=\"https:\/\/adepublicite.fr\/ardoise-tableau-craie-publicitaire\/\">Ardoises murales<\/a>, <a href=\"https:\/\/adepublicite.fr\/ardoise-tableau-craie-publicitaire\/ardoise-effacable-a-sec\/\">tableaux effa\u00e7ables \u00e0 sec<\/a>, <a href=\"https:\/\/adepublicite.fr\/plv-de-table\/\">ardoises de table<\/a>, <a href=\"https:\/\/adepublicite.fr\/stop-trottoir\/\">stop trottoir<\/a> &#8230; tous ces produits que l&#8217;on fabrique depuis 30 ans n&#8217;ont jamais \u00e9t\u00e9 autant d&#8217;actualit\u00e9 !<\/p>\n\n\n\n<figure class=\"wp-block-image size-large is-resized\"><img loading=\"lazy\" decoding=\"async\" src=\"https:\/\/adepublicite.fr\/wp-content\/uploads\/2020\/05\/ardoises.jpg\" alt=\"\" class=\"wp-image-2581\" width=\"500\" height=\"150\" srcset=\"https:\/\/adepublicite.fr\/wp-content\/uploads\/2020\/05\/ardoises.jpg 903w, https:\/\/adepublicite.fr\/wp-content\/uploads\/2020\/05\/ardoises-300x90.jpg 300w, https:\/\/adepublicite.fr\/wp-content\/uploads\/2020\/05\/ardoises-768x230.jpg 768w\" sizes=\"auto, (max-width: 500px) 100vw, 500px\" \/><\/figure>\n\n\n\n<p>Personnalisez vos supports \u00e0 l&#8217;infini pour avoir le support qui vous ressemble !<\/p>\n\n\n\n<p><\/p>\n\n\n\n<h2 class=\"wp-block-heading\">Vous voulez informer vos clients \/ usagers ?<\/h2>\n\n\n\n<p>Roll-up, kakemonos, b\u00e2ches, chevalets &#8230; nous imprimons tous vos supports de communication !<\/p>\n\n\n\n<figure class=\"wp-block-image size-large\"><img loading=\"lazy\" decoding=\"async\" width=\"903\" height=\"271\" src=\"https:\/\/adepublicite.fr\/wp-content\/uploads\/2020\/05\/affichage.jpg\" alt=\"\" class=\"wp-image-2579\" srcset=\"https:\/\/adepublicite.fr\/wp-content\/uploads\/2020\/05\/affichage.jpg 903w, https:\/\/adepublicite.fr\/wp-content\/uploads\/2020\/05\/affichage-300x90.jpg 300w, https:\/\/adepublicite.fr\/wp-content\/uploads\/2020\/05\/affichage-768x230.jpg 768w\" sizes=\"auto, (max-width: 903px) 100vw, 903px\" \/><\/figure>\n","protected":false},"excerpt":{"rendered":"<p>Vous voulez &eacute;viter les menus qui passent de mains en mains ? Utilisez des ardoises ! Ardoises murales, tableaux effa&ccedil;ables &agrave; sec, ardoises de table, stop trottoir &hellip; tous ces produits que l&rsquo;on fabrique depuis 30 ans n&rsquo;ont jamais &eacute;t&eacute; &hellip; <a href=\"https:\/\/adepublicite.fr\/en\/nos-produits-special-covid-19\/et-ce-quon-faisait-deja-avant\/\">Continued<\/a><\/p>\n","protected":false},"author":1,"featured_media":0,"parent":2588,"menu_order":0,"comment_status":"closed","ping_status":"closed","template":"","meta":{"kt_blocks_editor_width":"","_monsterinsights_skip_tracking":false,"_monsterinsights_sitenote_active":false,"_monsterinsights_sitenote_note":"","_monsterinsights_sitenote_category":0,"footnotes":""},"class_list":["post-2613","page","type-page","status-publish","hentry"],"translation":{"provider":"WPGlobus","version":"3.0.2","language":"en","enabled_languages":["fr","en"],"languages":{"fr":{"title":true,"content":true,"excerpt":false},"en":{"title":false,"content":false,"excerpt":false}}},"yoast_head":"<!-- This site is optimized with the Yoast SEO plugin v27.3 - https:\/\/yoast.com\/product\/yoast-seo-wordpress\/ -->\n<title>et ce qu&#039;on faisait d\u00e9j\u00e0 avant ! - ADE Publicit\u00e9<\/title>\n<meta name=\"robots\" content=\"index, follow, max-snippet:-1, max-image-preview:large, max-video-preview:-1\" \/>\n<link rel=\"canonical\" href=\"https:\/\/adepublicite.fr\/nos-produits-special-covid-19\/et-ce-quon-faisait-deja-avant\/\" \/>\n<meta property=\"og:locale\" content=\"en_US\" \/>\n<meta property=\"og:type\" content=\"article\" \/>\n<meta property=\"og:title\" content=\"et ce qu&#039;on faisait d\u00e9j\u00e0 avant ! - ADE Publicit\u00e9\" \/>\n<meta property=\"og:url\" content=\"https:\/\/adepublicite.fr\/nos-produits-special-covid-19\/et-ce-quon-faisait-deja-avant\/\" \/>\n<meta property=\"og:site_name\" content=\"ADE Publicit\u00e9\" \/>\n<meta property=\"article:publisher\" content=\"https:\/\/www.facebook.com\/adepublicite\/?ref=bookmarks\" \/>\n<meta property=\"article:modified_time\" content=\"2020-05-13T14:48:56+00:00\" \/>\n<meta property=\"og:image\" content=\"https:\/\/adepublicite.fr\/wp-content\/uploads\/2020\/05\/ardoises.jpg\" \/>\n<meta name=\"twitter:card\" content=\"summary_large_image\" \/>\n<script type=\"application\/ld+json\" class=\"yoast-schema-graph\">{\"@context\":\"https:\\\/\\\/schema.org\",\"@graph\":[{\"@type\":\"WebPage\",\"@id\":\"https:\\\/\\\/adepublicite.fr\\\/nos-produits-special-covid-19\\\/et-ce-quon-faisait-deja-avant\\\/\",\"url\":\"https:\\\/\\\/adepublicite.fr\\\/nos-produits-special-covid-19\\\/et-ce-quon-faisait-deja-avant\\\/\",\"name\":\"et ce qu'on faisait d\u00e9j\u00e0 avant ! - ADE Publicit\u00e9\",\"isPartOf\":{\"@id\":\"https:\\\/\\\/adepublicite.fr\\\/#website\"},\"primaryImageOfPage\":{\"@id\":\"https:\\\/\\\/adepublicite.fr\\\/nos-produits-special-covid-19\\\/et-ce-quon-faisait-deja-avant\\\/#primaryimage\"},\"image\":{\"@id\":\"https:\\\/\\\/adepublicite.fr\\\/nos-produits-special-covid-19\\\/et-ce-quon-faisait-deja-avant\\\/#primaryimage\"},\"thumbnailUrl\":\"https:\\\/\\\/adepublicite.fr\\\/wp-content\\\/uploads\\\/2020\\\/05\\\/ardoises.jpg\",\"datePublished\":\"2020-05-13T14:48:53+00:00\",\"dateModified\":\"2020-05-13T14:48:56+00:00\",\"breadcrumb\":{\"@id\":\"https:\\\/\\\/adepublicite.fr\\\/nos-produits-special-covid-19\\\/et-ce-quon-faisait-deja-avant\\\/#breadcrumb\"},\"inLanguage\":\"en-US\",\"potentialAction\":[{\"@type\":\"ReadAction\",\"target\":[\"https:\\\/\\\/adepublicite.fr\\\/nos-produits-special-covid-19\\\/et-ce-quon-faisait-deja-avant\\\/\"]}]},{\"@type\":\"ImageObject\",\"inLanguage\":\"en-US\",\"@id\":\"https:\\\/\\\/adepublicite.fr\\\/nos-produits-special-covid-19\\\/et-ce-quon-faisait-deja-avant\\\/#primaryimage\",\"url\":\"https:\\\/\\\/adepublicite.fr\\\/wp-content\\\/uploads\\\/2020\\\/05\\\/ardoises.jpg\",\"contentUrl\":\"https:\\\/\\\/adepublicite.fr\\\/wp-content\\\/uploads\\\/2020\\\/05\\\/ardoises.jpg\"},{\"@type\":\"BreadcrumbList\",\"@id\":\"https:\\\/\\\/adepublicite.fr\\\/nos-produits-special-covid-19\\\/et-ce-quon-faisait-deja-avant\\\/#breadcrumb\",\"itemListElement\":[{\"@type\":\"ListItem\",\"position\":1,\"name\":\"Accueil\",\"item\":\"https:\\\/\\\/adepublicite.fr\\\/\"},{\"@type\":\"ListItem\",\"position\":2,\"name\":\"Nos produits \u00ab\u00a0sp\u00e9cial Covid-19\u00a0\u00bb\",\"item\":\"https:\\\/\\\/adepublicite.fr\\\/nos-produits-special-covid-19\\\/\"},{\"@type\":\"ListItem\",\"position\":3,\"name\":\"et ce qu&rsquo;on faisait d\u00e9j\u00e0 avant !\"}]},{\"@type\":\"WebSite\",\"@id\":\"https:\\\/\\\/adepublicite.fr\\\/#website\",\"url\":\"https:\\\/\\\/adepublicite.fr\\\/\",\"name\":\"ADE Publicit\u00e9\",\"description\":\"\",\"publisher\":{\"@id\":\"https:\\\/\\\/adepublicite.fr\\\/#organization\"},\"potentialAction\":[{\"@type\":\"SearchAction\",\"target\":{\"@type\":\"EntryPoint\",\"urlTemplate\":\"https:\\\/\\\/adepublicite.fr\\\/?s={search_term_string}\"},\"query-input\":{\"@type\":\"PropertyValueSpecification\",\"valueRequired\":true,\"valueName\":\"search_term_string\"}}],\"inLanguage\":\"en-US\"},{\"@type\":\"Organization\",\"@id\":\"https:\\\/\\\/adepublicite.fr\\\/#organization\",\"name\":\"ADE Publicit\u00e9\",\"url\":\"https:\\\/\\\/adepublicite.fr\\\/\",\"logo\":{\"@type\":\"ImageObject\",\"inLanguage\":\"en-US\",\"@id\":\"https:\\\/\\\/adepublicite.fr\\\/#\\\/schema\\\/logo\\\/image\\\/\",\"url\":\"https:\\\/\\\/adepublicite.fr\\\/wp-content\\\/uploads\\\/2018\\\/05\\\/FAVICON.png\",\"contentUrl\":\"https:\\\/\\\/adepublicite.fr\\\/wp-content\\\/uploads\\\/2018\\\/05\\\/FAVICON.png\",\"width\":512,\"height\":512,\"caption\":\"ADE Publicit\u00e9\"},\"image\":{\"@id\":\"https:\\\/\\\/adepublicite.fr\\\/#\\\/schema\\\/logo\\\/image\\\/\"},\"sameAs\":[\"https:\\\/\\\/www.facebook.com\\\/adepublicite\\\/?ref=bookmarks\",\"https:\\\/\\\/www.linkedin.com\\\/company\\\/ade-publicit\u00e9\\\/\"]}]}<\/script>\n<!-- \/ Yoast SEO plugin. -->","yoast_head_json":{"title":"et ce qu'on faisait d\u00e9j\u00e0 avant ! - ADE Publicit\u00e9","robots":{"index":"index","follow":"follow","max-snippet":"max-snippet:-1","max-image-preview":"max-image-preview:large","max-video-preview":"max-video-preview:-1"},"canonical":"https:\/\/adepublicite.fr\/nos-produits-special-covid-19\/et-ce-quon-faisait-deja-avant\/","og_locale":"en_US","og_type":"article","og_title":"et ce qu'on faisait d\u00e9j\u00e0 avant ! - ADE Publicit\u00e9","og_url":"https:\/\/adepublicite.fr\/nos-produits-special-covid-19\/et-ce-quon-faisait-deja-avant\/","og_site_name":"ADE Publicit\u00e9","article_publisher":"https:\/\/www.facebook.com\/adepublicite\/?ref=bookmarks","article_modified_time":"2020-05-13T14:48:56+00:00","og_image":[{"url":"https:\/\/adepublicite.fr\/wp-content\/uploads\/2020\/05\/ardoises.jpg","type":"","width":"","height":""}],"twitter_card":"summary_large_image","schema":{"@context":"https:\/\/schema.org","@graph":[{"@type":"WebPage","@id":"https:\/\/adepublicite.fr\/nos-produits-special-covid-19\/et-ce-quon-faisait-deja-avant\/","url":"https:\/\/adepublicite.fr\/nos-produits-special-covid-19\/et-ce-quon-faisait-deja-avant\/","name":"et ce qu'on faisait d\u00e9j\u00e0 avant ! - ADE Publicit\u00e9","isPartOf":{"@id":"https:\/\/adepublicite.fr\/#website"},"primaryImageOfPage":{"@id":"https:\/\/adepublicite.fr\/nos-produits-special-covid-19\/et-ce-quon-faisait-deja-avant\/#primaryimage"},"image":{"@id":"https:\/\/adepublicite.fr\/nos-produits-special-covid-19\/et-ce-quon-faisait-deja-avant\/#primaryimage"},"thumbnailUrl":"https:\/\/adepublicite.fr\/wp-content\/uploads\/2020\/05\/ardoises.jpg","datePublished":"2020-05-13T14:48:53+00:00","dateModified":"2020-05-13T14:48:56+00:00","breadcrumb":{"@id":"https:\/\/adepublicite.fr\/nos-produits-special-covid-19\/et-ce-quon-faisait-deja-avant\/#breadcrumb"},"inLanguage":"en-US","potentialAction":[{"@type":"ReadAction","target":["https:\/\/adepublicite.fr\/nos-produits-special-covid-19\/et-ce-quon-faisait-deja-avant\/"]}]},{"@type":"ImageObject","inLanguage":"en-US","@id":"https:\/\/adepublicite.fr\/nos-produits-special-covid-19\/et-ce-quon-faisait-deja-avant\/#primaryimage","url":"https:\/\/adepublicite.fr\/wp-content\/uploads\/2020\/05\/ardoises.jpg","contentUrl":"https:\/\/adepublicite.fr\/wp-content\/uploads\/2020\/05\/ardoises.jpg"},{"@type":"BreadcrumbList","@id":"https:\/\/adepublicite.fr\/nos-produits-special-covid-19\/et-ce-quon-faisait-deja-avant\/#breadcrumb","itemListElement":[{"@type":"ListItem","position":1,"name":"Accueil","item":"https:\/\/adepublicite.fr\/"},{"@type":"ListItem","position":2,"name":"Nos produits \u00ab\u00a0sp\u00e9cial Covid-19\u00a0\u00bb","item":"https:\/\/adepublicite.fr\/nos-produits-special-covid-19\/"},{"@type":"ListItem","position":3,"name":"et ce qu&rsquo;on faisait d\u00e9j\u00e0 avant !"}]},{"@type":"WebSite","@id":"https:\/\/adepublicite.fr\/#website","url":"https:\/\/adepublicite.fr\/","name":"ADE Publicit\u00e9","description":"","publisher":{"@id":"https:\/\/adepublicite.fr\/#organization"},"potentialAction":[{"@type":"SearchAction","target":{"@type":"EntryPoint","urlTemplate":"https:\/\/adepublicite.fr\/?s={search_term_string}"},"query-input":{"@type":"PropertyValueSpecification","valueRequired":true,"valueName":"search_term_string"}}],"inLanguage":"en-US"},{"@type":"Organization","@id":"https:\/\/adepublicite.fr\/#organization","name":"ADE Publicit\u00e9","url":"https:\/\/adepublicite.fr\/","logo":{"@type":"ImageObject","inLanguage":"en-US","@id":"https:\/\/adepublicite.fr\/#\/schema\/logo\/image\/","url":"https:\/\/adepublicite.fr\/wp-content\/uploads\/2018\/05\/FAVICON.png","contentUrl":"https:\/\/adepublicite.fr\/wp-content\/uploads\/2018\/05\/FAVICON.png","width":512,"height":512,"caption":"ADE Publicit\u00e9"},"image":{"@id":"https:\/\/adepublicite.fr\/#\/schema\/logo\/image\/"},"sameAs":["https:\/\/www.facebook.com\/adepublicite\/?ref=bookmarks","https:\/\/www.linkedin.com\/company\/ade-publicit\u00e9\/"]}]}},"amp_enabled":true,"_links":{"self":[{"href":"https:\/\/adepublicite.fr\/en\/wp-json\/wp\/v2\/pages\/2613","targetHints":{"allow":["GET"]}}],"collection":[{"href":"https:\/\/adepublicite.fr\/en\/wp-json\/wp\/v2\/pages"}],"about":[{"href":"https:\/\/adepublicite.fr\/en\/wp-json\/wp\/v2\/types\/page"}],"author":[{"embeddable":true,"href":"https:\/\/adepublicite.fr\/en\/wp-json\/wp\/v2\/users\/1"}],"replies":[{"embeddable":true,"href":"https:\/\/adepublicite.fr\/en\/wp-json\/wp\/v2\/comments?post=2613"}],"version-history":[{"count":1,"href":"https:\/\/adepublicite.fr\/en\/wp-json\/wp\/v2\/pages\/2613\/revisions"}],"predecessor-version":[{"id":2615,"href":"https:\/\/adepublicite.fr\/en\/wp-json\/wp\/v2\/pages\/2613\/revisions\/2615"}],"up":[{"embeddable":true,"href":"https:\/\/adepublicite.fr\/en\/wp-json\/wp\/v2\/pages\/2588"}],"wp:attachment":[{"href":"https:\/\/adepublicite.fr\/en\/wp-json\/wp\/v2\/media?parent=2613"}],"curies":[{"name":"wp","href":"https:\/\/api.w.org\/{rel}","templated":true}]}}