{"id":2610,"date":"2020-05-13T16:39:11","date_gmt":"2020-05-13T14:39:11","guid":{"rendered":"https:\/\/adepublicite.fr\/?page_id=2610"},"modified":"2020-05-13T17:32:04","modified_gmt":"2020-05-13T15:32:04","slug":"adhesifs-de-securite","status":"publish","type":"page","link":"https:\/\/adepublicite.fr\/en\/nos-produits-special-covid-19\/adhesifs-de-securite\/","title":{"rendered":"Adh\u00e9sifs de s\u00e9curit\u00e9"},"content":{"rendered":"\n<h2 class=\"wp-block-heading\">Pourquoi des adh\u00e9sifs de s\u00e9curit\u00e9 ?<\/h2>\n\n\n\n<p>Les bandes de signalisation \u00e0 poser au sol, les macarons, d\u00e9limitez les zones d&#8217;attente pour vos clients ou usagers !<\/p>\n\n\n\n<p><\/p>\n\n\n\n<div class=\"wp-block-image\"><figure class=\"aligncenter size-large is-resized\"><img loading=\"lazy\" decoding=\"async\" src=\"https:\/\/adepublicite.fr\/wp-content\/uploads\/2020\/05\/ADE-adhesif-COVID-1-1024x344.jpg\" alt=\"\" class=\"wp-image-2575\" width=\"390\" height=\"130\" srcset=\"https:\/\/adepublicite.fr\/wp-content\/uploads\/2020\/05\/ADE-adhesif-COVID-1-1024x344.jpg 1024w, https:\/\/adepublicite.fr\/wp-content\/uploads\/2020\/05\/ADE-adhesif-COVID-1-300x101.jpg 300w, https:\/\/adepublicite.fr\/wp-content\/uploads\/2020\/05\/ADE-adhesif-COVID-1-768x258.jpg 768w, https:\/\/adepublicite.fr\/wp-content\/uploads\/2020\/05\/ADE-adhesif-COVID-1.jpg 1182w\" sizes=\"auto, (max-width: 390px) 100vw, 390px\" \/><\/figure><\/div>\n\n\n\n<p><\/p>\n\n\n\n<h2 class=\"wp-block-heading\">Description technique<\/h2>\n\n\n\n<p><strong>Support&nbsp;:<\/strong>&nbsp;adh\u00e9sif monom\u00e8re<\/p>\n\n\n\n<p><strong>Impression&nbsp;:<\/strong>&nbsp;quadri<\/p>\n\n\n\n<p><strong>Formats standards&nbsp;:<\/strong>&nbsp;100x10cm, 20cm\u00d8 (autres formats possibles)<\/p>\n\n\n\n<p><strong>Finitions et options&nbsp;:<\/strong>&nbsp;d\u00e9coupe \u00e0 la forme, lamination anti-d\u00e9rapant &#8230; (et autres options \u00e0 la demande)<\/p>\n\n\n\n<p><strong>Emballage&nbsp;:<\/strong>&nbsp;sous film<\/p>\n\n\n\n<p><strong>Origine&nbsp;:&nbsp;<\/strong>dans nos locaux en Is\u00e8re (France)<\/p>\n\n\n\n<p>Vous souhaitez en savoir plus sur nos techniques de fabrication&nbsp;? Consultez la page&nbsp;<a href=\"http:\/\/adepublicite.fr\/savoir-faire\/\">savoir faire<\/a>&nbsp;ou&nbsp;venez&nbsp;<a href=\"https:\/\/adepublicite.fr\/contact\/\">nous rencontrer<\/a>&nbsp;!<\/p>\n","protected":false},"excerpt":{"rendered":"<p>Pourquoi des adh&eacute;sifs de s&eacute;curit&eacute; ? Les bandes de signalisation &agrave; poser au sol, les macarons, d&eacute;limitez les zones d&rsquo;attente pour vos clients ou usagers ! Description technique Support&nbsp;:&nbsp;adh&eacute;sif monom&egrave;re Impression&nbsp;:&nbsp;quadri Formats standards&nbsp;:&nbsp;100x10cm, 20cm&Oslash; (autres formats possibles) Finitions et options&nbsp;:&nbsp;d&eacute;coupe &hellip; <a href=\"https:\/\/adepublicite.fr\/en\/nos-produits-special-covid-19\/adhesifs-de-securite\/\">Continued<\/a><\/p>\n","protected":false},"author":1,"featured_media":0,"parent":2588,"menu_order":0,"comment_status":"closed","ping_status":"closed","template":"","meta":{"kt_blocks_editor_width":"","_monsterinsights_skip_tracking":false,"_monsterinsights_sitenote_active":false,"_monsterinsights_sitenote_note":"","_monsterinsights_sitenote_category":0,"footnotes":""},"class_list":["post-2610","page","type-page","status-publish","hentry"],"translation":{"provider":"WPGlobus","version":"3.0.2","language":"en","enabled_languages":["fr","en"],"languages":{"fr":{"title":true,"content":true,"excerpt":false},"en":{"title":false,"content":false,"excerpt":false}}},"yoast_head":"<!-- This site is optimized with the Yoast SEO plugin v27.3 - https:\/\/yoast.com\/product\/yoast-seo-wordpress\/ -->\n<title>Adh\u00e9sifs de s\u00e9curit\u00e9 - ADE Publicit\u00e9<\/title>\n<meta name=\"robots\" content=\"index, follow, max-snippet:-1, max-image-preview:large, max-video-preview:-1\" \/>\n<link rel=\"canonical\" href=\"https:\/\/adepublicite.fr\/nos-produits-special-covid-19\/adhesifs-de-securite\/\" \/>\n<meta property=\"og:locale\" content=\"en_US\" \/>\n<meta property=\"og:type\" content=\"article\" \/>\n<meta property=\"og:title\" content=\"Adh\u00e9sifs de s\u00e9curit\u00e9 - ADE Publicit\u00e9\" \/>\n<meta property=\"og:url\" content=\"https:\/\/adepublicite.fr\/nos-produits-special-covid-19\/adhesifs-de-securite\/\" \/>\n<meta property=\"og:site_name\" content=\"ADE Publicit\u00e9\" \/>\n<meta property=\"article:publisher\" content=\"https:\/\/www.facebook.com\/adepublicite\/?ref=bookmarks\" \/>\n<meta property=\"article:modified_time\" content=\"2020-05-13T15:32:04+00:00\" \/>\n<meta property=\"og:image\" content=\"https:\/\/adepublicite.fr\/wp-content\/uploads\/2020\/05\/ADE-adhesif-COVID-1-1024x344.jpg\" \/>\n<meta name=\"twitter:card\" content=\"summary_large_image\" \/>\n<meta name=\"twitter:label1\" content=\"Est. reading time\" \/>\n\t<meta name=\"twitter:data1\" content=\"1 minute\" \/>\n<script type=\"application\/ld+json\" class=\"yoast-schema-graph\">{\"@context\":\"https:\\\/\\\/schema.org\",\"@graph\":[{\"@type\":\"WebPage\",\"@id\":\"https:\\\/\\\/adepublicite.fr\\\/nos-produits-special-covid-19\\\/adhesifs-de-securite\\\/\",\"url\":\"https:\\\/\\\/adepublicite.fr\\\/nos-produits-special-covid-19\\\/adhesifs-de-securite\\\/\",\"name\":\"Adh\u00e9sifs de s\u00e9curit\u00e9 - ADE Publicit\u00e9\",\"isPartOf\":{\"@id\":\"https:\\\/\\\/adepublicite.fr\\\/#website\"},\"primaryImageOfPage\":{\"@id\":\"https:\\\/\\\/adepublicite.fr\\\/nos-produits-special-covid-19\\\/adhesifs-de-securite\\\/#primaryimage\"},\"image\":{\"@id\":\"https:\\\/\\\/adepublicite.fr\\\/nos-produits-special-covid-19\\\/adhesifs-de-securite\\\/#primaryimage\"},\"thumbnailUrl\":\"https:\\\/\\\/adepublicite.fr\\\/wp-content\\\/uploads\\\/2020\\\/05\\\/ADE-adhesif-COVID-1-1024x344.jpg\",\"datePublished\":\"2020-05-13T14:39:11+00:00\",\"dateModified\":\"2020-05-13T15:32:04+00:00\",\"breadcrumb\":{\"@id\":\"https:\\\/\\\/adepublicite.fr\\\/nos-produits-special-covid-19\\\/adhesifs-de-securite\\\/#breadcrumb\"},\"inLanguage\":\"en-US\",\"potentialAction\":[{\"@type\":\"ReadAction\",\"target\":[\"https:\\\/\\\/adepublicite.fr\\\/nos-produits-special-covid-19\\\/adhesifs-de-securite\\\/\"]}]},{\"@type\":\"ImageObject\",\"inLanguage\":\"en-US\",\"@id\":\"https:\\\/\\\/adepublicite.fr\\\/nos-produits-special-covid-19\\\/adhesifs-de-securite\\\/#primaryimage\",\"url\":\"https:\\\/\\\/adepublicite.fr\\\/wp-content\\\/uploads\\\/2020\\\/05\\\/ADE-adhesif-COVID-1-1024x344.jpg\",\"contentUrl\":\"https:\\\/\\\/adepublicite.fr\\\/wp-content\\\/uploads\\\/2020\\\/05\\\/ADE-adhesif-COVID-1-1024x344.jpg\"},{\"@type\":\"BreadcrumbList\",\"@id\":\"https:\\\/\\\/adepublicite.fr\\\/nos-produits-special-covid-19\\\/adhesifs-de-securite\\\/#breadcrumb\",\"itemListElement\":[{\"@type\":\"ListItem\",\"position\":1,\"name\":\"Accueil\",\"item\":\"https:\\\/\\\/adepublicite.fr\\\/\"},{\"@type\":\"ListItem\",\"position\":2,\"name\":\"Nos produits \u00ab\u00a0sp\u00e9cial Covid-19\u00a0\u00bb\",\"item\":\"https:\\\/\\\/adepublicite.fr\\\/nos-produits-special-covid-19\\\/\"},{\"@type\":\"ListItem\",\"position\":3,\"name\":\"Adh\u00e9sifs de s\u00e9curit\u00e9\"}]},{\"@type\":\"WebSite\",\"@id\":\"https:\\\/\\\/adepublicite.fr\\\/#website\",\"url\":\"https:\\\/\\\/adepublicite.fr\\\/\",\"name\":\"ADE Publicit\u00e9\",\"description\":\"\",\"publisher\":{\"@id\":\"https:\\\/\\\/adepublicite.fr\\\/#organization\"},\"potentialAction\":[{\"@type\":\"SearchAction\",\"target\":{\"@type\":\"EntryPoint\",\"urlTemplate\":\"https:\\\/\\\/adepublicite.fr\\\/?s={search_term_string}\"},\"query-input\":{\"@type\":\"PropertyValueSpecification\",\"valueRequired\":true,\"valueName\":\"search_term_string\"}}],\"inLanguage\":\"en-US\"},{\"@type\":\"Organization\",\"@id\":\"https:\\\/\\\/adepublicite.fr\\\/#organization\",\"name\":\"ADE Publicit\u00e9\",\"url\":\"https:\\\/\\\/adepublicite.fr\\\/\",\"logo\":{\"@type\":\"ImageObject\",\"inLanguage\":\"en-US\",\"@id\":\"https:\\\/\\\/adepublicite.fr\\\/#\\\/schema\\\/logo\\\/image\\\/\",\"url\":\"https:\\\/\\\/adepublicite.fr\\\/wp-content\\\/uploads\\\/2018\\\/05\\\/FAVICON.png\",\"contentUrl\":\"https:\\\/\\\/adepublicite.fr\\\/wp-content\\\/uploads\\\/2018\\\/05\\\/FAVICON.png\",\"width\":512,\"height\":512,\"caption\":\"ADE Publicit\u00e9\"},\"image\":{\"@id\":\"https:\\\/\\\/adepublicite.fr\\\/#\\\/schema\\\/logo\\\/image\\\/\"},\"sameAs\":[\"https:\\\/\\\/www.facebook.com\\\/adepublicite\\\/?ref=bookmarks\",\"https:\\\/\\\/www.linkedin.com\\\/company\\\/ade-publicit\u00e9\\\/\"]}]}<\/script>\n<!-- \/ Yoast SEO plugin. -->","yoast_head_json":{"title":"Adh\u00e9sifs de s\u00e9curit\u00e9 - ADE Publicit\u00e9","robots":{"index":"index","follow":"follow","max-snippet":"max-snippet:-1","max-image-preview":"max-image-preview:large","max-video-preview":"max-video-preview:-1"},"canonical":"https:\/\/adepublicite.fr\/nos-produits-special-covid-19\/adhesifs-de-securite\/","og_locale":"en_US","og_type":"article","og_title":"Adh\u00e9sifs de s\u00e9curit\u00e9 - ADE Publicit\u00e9","og_url":"https:\/\/adepublicite.fr\/nos-produits-special-covid-19\/adhesifs-de-securite\/","og_site_name":"ADE Publicit\u00e9","article_publisher":"https:\/\/www.facebook.com\/adepublicite\/?ref=bookmarks","article_modified_time":"2020-05-13T15:32:04+00:00","og_image":[{"url":"https:\/\/adepublicite.fr\/wp-content\/uploads\/2020\/05\/ADE-adhesif-COVID-1-1024x344.jpg","type":"","width":"","height":""}],"twitter_card":"summary_large_image","twitter_misc":{"Est. reading time":"1 minute"},"schema":{"@context":"https:\/\/schema.org","@graph":[{"@type":"WebPage","@id":"https:\/\/adepublicite.fr\/nos-produits-special-covid-19\/adhesifs-de-securite\/","url":"https:\/\/adepublicite.fr\/nos-produits-special-covid-19\/adhesifs-de-securite\/","name":"Adh\u00e9sifs de s\u00e9curit\u00e9 - ADE Publicit\u00e9","isPartOf":{"@id":"https:\/\/adepublicite.fr\/#website"},"primaryImageOfPage":{"@id":"https:\/\/adepublicite.fr\/nos-produits-special-covid-19\/adhesifs-de-securite\/#primaryimage"},"image":{"@id":"https:\/\/adepublicite.fr\/nos-produits-special-covid-19\/adhesifs-de-securite\/#primaryimage"},"thumbnailUrl":"https:\/\/adepublicite.fr\/wp-content\/uploads\/2020\/05\/ADE-adhesif-COVID-1-1024x344.jpg","datePublished":"2020-05-13T14:39:11+00:00","dateModified":"2020-05-13T15:32:04+00:00","breadcrumb":{"@id":"https:\/\/adepublicite.fr\/nos-produits-special-covid-19\/adhesifs-de-securite\/#breadcrumb"},"inLanguage":"en-US","potentialAction":[{"@type":"ReadAction","target":["https:\/\/adepublicite.fr\/nos-produits-special-covid-19\/adhesifs-de-securite\/"]}]},{"@type":"ImageObject","inLanguage":"en-US","@id":"https:\/\/adepublicite.fr\/nos-produits-special-covid-19\/adhesifs-de-securite\/#primaryimage","url":"https:\/\/adepublicite.fr\/wp-content\/uploads\/2020\/05\/ADE-adhesif-COVID-1-1024x344.jpg","contentUrl":"https:\/\/adepublicite.fr\/wp-content\/uploads\/2020\/05\/ADE-adhesif-COVID-1-1024x344.jpg"},{"@type":"BreadcrumbList","@id":"https:\/\/adepublicite.fr\/nos-produits-special-covid-19\/adhesifs-de-securite\/#breadcrumb","itemListElement":[{"@type":"ListItem","position":1,"name":"Accueil","item":"https:\/\/adepublicite.fr\/"},{"@type":"ListItem","position":2,"name":"Nos produits \u00ab\u00a0sp\u00e9cial Covid-19\u00a0\u00bb","item":"https:\/\/adepublicite.fr\/nos-produits-special-covid-19\/"},{"@type":"ListItem","position":3,"name":"Adh\u00e9sifs de s\u00e9curit\u00e9"}]},{"@type":"WebSite","@id":"https:\/\/adepublicite.fr\/#website","url":"https:\/\/adepublicite.fr\/","name":"ADE Publicit\u00e9","description":"","publisher":{"@id":"https:\/\/adepublicite.fr\/#organization"},"potentialAction":[{"@type":"SearchAction","target":{"@type":"EntryPoint","urlTemplate":"https:\/\/adepublicite.fr\/?s={search_term_string}"},"query-input":{"@type":"PropertyValueSpecification","valueRequired":true,"valueName":"search_term_string"}}],"inLanguage":"en-US"},{"@type":"Organization","@id":"https:\/\/adepublicite.fr\/#organization","name":"ADE Publicit\u00e9","url":"https:\/\/adepublicite.fr\/","logo":{"@type":"ImageObject","inLanguage":"en-US","@id":"https:\/\/adepublicite.fr\/#\/schema\/logo\/image\/","url":"https:\/\/adepublicite.fr\/wp-content\/uploads\/2018\/05\/FAVICON.png","contentUrl":"https:\/\/adepublicite.fr\/wp-content\/uploads\/2018\/05\/FAVICON.png","width":512,"height":512,"caption":"ADE Publicit\u00e9"},"image":{"@id":"https:\/\/adepublicite.fr\/#\/schema\/logo\/image\/"},"sameAs":["https:\/\/www.facebook.com\/adepublicite\/?ref=bookmarks","https:\/\/www.linkedin.com\/company\/ade-publicit\u00e9\/"]}]}},"amp_enabled":true,"_links":{"self":[{"href":"https:\/\/adepublicite.fr\/en\/wp-json\/wp\/v2\/pages\/2610","targetHints":{"allow":["GET"]}}],"collection":[{"href":"https:\/\/adepublicite.fr\/en\/wp-json\/wp\/v2\/pages"}],"about":[{"href":"https:\/\/adepublicite.fr\/en\/wp-json\/wp\/v2\/types\/page"}],"author":[{"embeddable":true,"href":"https:\/\/adepublicite.fr\/en\/wp-json\/wp\/v2\/users\/1"}],"replies":[{"embeddable":true,"href":"https:\/\/adepublicite.fr\/en\/wp-json\/wp\/v2\/comments?post=2610"}],"version-history":[{"count":2,"href":"https:\/\/adepublicite.fr\/en\/wp-json\/wp\/v2\/pages\/2610\/revisions"}],"predecessor-version":[{"id":2622,"href":"https:\/\/adepublicite.fr\/en\/wp-json\/wp\/v2\/pages\/2610\/revisions\/2622"}],"up":[{"embeddable":true,"href":"https:\/\/adepublicite.fr\/en\/wp-json\/wp\/v2\/pages\/2588"}],"wp:attachment":[{"href":"https:\/\/adepublicite.fr\/en\/wp-json\/wp\/v2\/media?parent=2610"}],"curies":[{"name":"wp","href":"https:\/\/api.w.org\/{rel}","templated":true}]}}