{"id":2588,"date":"2020-05-13T16:12:34","date_gmt":"2020-05-13T14:12:34","guid":{"rendered":"https:\/\/adepublicite.fr\/?page_id=2588"},"modified":"2020-05-13T16:49:21","modified_gmt":"2020-05-13T14:49:21","slug":"nos-produits-special-covid-19","status":"publish","type":"page","link":"https:\/\/adepublicite.fr\/en\/nos-produits-special-covid-19\/","title":{"rendered":"Nos produits &#8220;sp\u00e9cial Covid-19&#8221;"},"content":{"rendered":"\n<p>Pour vous aider en cette p\u00e9riode de reprise, nous vous proposons d&#8217;utiliser nos machines et nos mati\u00e8res premi\u00e8res pour fabriquer des produits qu&#8217;on ne fait pas habituellement &#8230; mais qui utilisent nos savoir-faire !<\/p>\n\n\n<table class=\" aligncenter\" style=\"background-color: #ffffff; width: 100%;\">\n<tbody>\n<tr>\n<td style=\"width: 50%; text-align: center; vertical-align: middle;\"><a href=\"https:\/\/adepublicite.fr\/vitres-de-protection\/\"><img loading=\"lazy\" decoding=\"async\" class=\"alignnone size-medium wp-image-2593\" src=\"https:\/\/adepublicite.fr\/wp-content\/uploads\/2020\/05\/hygiaphone-1-300x256.jpg\" alt=\"\" width=\"300\" height=\"256\" srcset=\"https:\/\/adepublicite.fr\/wp-content\/uploads\/2020\/05\/hygiaphone-1-300x256.jpg 300w, https:\/\/adepublicite.fr\/wp-content\/uploads\/2020\/05\/hygiaphone-1.jpg 463w\" sizes=\"auto, (max-width: 300px) 100vw, 300px\" \/><\/a><\/td>\n<td style=\"width: 50%; text-align: center; vertical-align: middle;\"><a href=\"https:\/\/adepublicite.fr\/cles-ouvre-portes\/\"><img loading=\"lazy\" decoding=\"async\" class=\"alignnone size-medium wp-image-2591\" src=\"https:\/\/adepublicite.fr\/wp-content\/uploads\/2020\/05\/cles-300x300.jpg\" alt=\"\" width=\"300\" height=\"300\" srcset=\"https:\/\/adepublicite.fr\/wp-content\/uploads\/2020\/05\/cles-300x300.jpg 300w, https:\/\/adepublicite.fr\/wp-content\/uploads\/2020\/05\/cles-150x150.jpg 150w, https:\/\/adepublicite.fr\/wp-content\/uploads\/2020\/05\/cles-768x768.jpg 768w, https:\/\/adepublicite.fr\/wp-content\/uploads\/2020\/05\/cles.jpg 886w\" sizes=\"auto, (max-width: 300px) 100vw, 300px\" \/><\/a><\/td>\n<\/tr>\n<tr>\n<td style=\"width: 50%; background-color: #ffffff; text-align: center; vertical-align: middle;\"><a href=\"https:\/\/adepublicite.fr\/vitres-de-protection\/\">vitre de protection<\/a><\/td>\n<td style=\"width: 50%; background-color: #ffffff; text-align: center; vertical-align: middle;\"><a href=\"https:\/\/adepublicite.fr\/cles-ouvre-portes\/\">cl\u00e9 ouvre-porte<\/a><\/td>\n<\/tr>\n<tr>\n<td style=\"width: 50%; text-align: center; vertical-align: middle;\"><a href=\"https:\/\/adepublicite.fr\/nos-produits-special-covid-19\/adhesifs-de-securite\/\"><img loading=\"lazy\" decoding=\"async\" class=\"alignnone size-medium wp-image-2595\" src=\"https:\/\/adepublicite.fr\/wp-content\/uploads\/2020\/05\/adhesifs-300x300.jpg\" alt=\"\" width=\"300\" height=\"300\" srcset=\"https:\/\/adepublicite.fr\/wp-content\/uploads\/2020\/05\/adhesifs-300x300.jpg 300w, https:\/\/adepublicite.fr\/wp-content\/uploads\/2020\/05\/adhesifs-150x150.jpg 150w, https:\/\/adepublicite.fr\/wp-content\/uploads\/2020\/05\/adhesifs-768x768.jpg 768w, https:\/\/adepublicite.fr\/wp-content\/uploads\/2020\/05\/adhesifs.jpg 886w\" sizes=\"auto, (max-width: 300px) 100vw, 300px\" \/><\/a><\/td>\n<td style=\"width: 50%; text-align: center; vertical-align: middle;\"><a href=\"https:\/\/adepublicite.fr\/nos-produits-special-covid-19\/et-ce-quon-faisait-deja-avant\/\"><img loading=\"lazy\" decoding=\"async\" class=\"alignnone size-medium wp-image-2596\" src=\"https:\/\/adepublicite.fr\/wp-content\/uploads\/2020\/05\/produits-300x300.jpg\" alt=\"\" width=\"300\" height=\"300\" srcset=\"https:\/\/adepublicite.fr\/wp-content\/uploads\/2020\/05\/produits-300x300.jpg 300w, https:\/\/adepublicite.fr\/wp-content\/uploads\/2020\/05\/produits-150x150.jpg 150w, https:\/\/adepublicite.fr\/wp-content\/uploads\/2020\/05\/produits-768x768.jpg 768w, https:\/\/adepublicite.fr\/wp-content\/uploads\/2020\/05\/produits.jpg 886w\" sizes=\"auto, (max-width: 300px) 100vw, 300px\" \/><\/a><\/td>\n<\/tr>\n<tr>\n<td style=\"width: 50%; background-color: #ffffff; text-align: center; vertical-align: middle;\"><a href=\"https:\/\/adepublicite.fr\/nos-produits-special-covid-19\/adhesifs-de-securite\/\">adh\u00e9sif de s\u00e9curit\u00e9<\/a><\/td>\n<td style=\"width: 50%; background-color: #ffffff; text-align: center; vertical-align: middle;\"><a href=\"https:\/\/adepublicite.fr\/nos-produits-special-covid-19\/et-ce-quon-faisait-deja-avant\/\">et ce qu&#8217;on faisait d\u00e9j\u00e0 avant !<\/a><\/td>\n<\/tr>\n<\/tbody>\n<\/table>","protected":false},"excerpt":{"rendered":"<p>Pour vous aider en cette p&eacute;riode de reprise, nous vous proposons d&rsquo;utiliser nos machines et nos mati&egrave;res premi&egrave;res pour fabriquer des produits qu&rsquo;on ne fait pas habituellement &hellip; mais qui utilisent nos savoir-faire ! vitre de protection cl&eacute; ouvre-porte adh&eacute;sif &hellip; <a href=\"https:\/\/adepublicite.fr\/en\/nos-produits-special-covid-19\/\">Continued<\/a><\/p>\n","protected":false},"author":1,"featured_media":0,"parent":0,"menu_order":0,"comment_status":"closed","ping_status":"closed","template":"","meta":{"kt_blocks_editor_width":"","_monsterinsights_skip_tracking":false,"_monsterinsights_sitenote_active":false,"_monsterinsights_sitenote_note":"","_monsterinsights_sitenote_category":0,"footnotes":""},"class_list":["post-2588","page","type-page","status-publish","hentry"],"translation":{"provider":"WPGlobus","version":"3.0.2","language":"en","enabled_languages":["fr","en"],"languages":{"fr":{"title":true,"content":true,"excerpt":false},"en":{"title":false,"content":false,"excerpt":false}}},"yoast_head":"<!-- This site is optimized with the Yoast SEO plugin v27.3 - https:\/\/yoast.com\/product\/yoast-seo-wordpress\/ -->\n<title>Nos produits &quot;sp\u00e9cial Covid-19&quot; - ADE Publicit\u00e9<\/title>\n<meta name=\"robots\" content=\"index, follow, max-snippet:-1, max-image-preview:large, max-video-preview:-1\" \/>\n<link rel=\"canonical\" href=\"https:\/\/adepublicite.fr\/nos-produits-special-covid-19\/\" \/>\n<meta property=\"og:locale\" content=\"en_US\" \/>\n<meta property=\"og:type\" content=\"article\" \/>\n<meta property=\"og:title\" content=\"Nos produits &quot;sp\u00e9cial Covid-19&quot; - ADE Publicit\u00e9\" \/>\n<meta property=\"og:url\" content=\"https:\/\/adepublicite.fr\/nos-produits-special-covid-19\/\" \/>\n<meta property=\"og:site_name\" content=\"ADE Publicit\u00e9\" \/>\n<meta property=\"article:publisher\" content=\"https:\/\/www.facebook.com\/adepublicite\/?ref=bookmarks\" \/>\n<meta property=\"article:modified_time\" content=\"2020-05-13T14:49:21+00:00\" \/>\n<meta property=\"og:image\" content=\"https:\/\/adepublicite.fr\/wp-content\/uploads\/2020\/05\/hygiaphone-1-300x256.jpg\" \/>\n<meta name=\"twitter:card\" content=\"summary_large_image\" \/>\n<script type=\"application\/ld+json\" class=\"yoast-schema-graph\">{\"@context\":\"https:\\\/\\\/schema.org\",\"@graph\":[{\"@type\":\"WebPage\",\"@id\":\"https:\\\/\\\/adepublicite.fr\\\/nos-produits-special-covid-19\\\/\",\"url\":\"https:\\\/\\\/adepublicite.fr\\\/nos-produits-special-covid-19\\\/\",\"name\":\"Nos produits \\\"sp\u00e9cial Covid-19\\\" - ADE Publicit\u00e9\",\"isPartOf\":{\"@id\":\"https:\\\/\\\/adepublicite.fr\\\/#website\"},\"primaryImageOfPage\":{\"@id\":\"https:\\\/\\\/adepublicite.fr\\\/nos-produits-special-covid-19\\\/#primaryimage\"},\"image\":{\"@id\":\"https:\\\/\\\/adepublicite.fr\\\/nos-produits-special-covid-19\\\/#primaryimage\"},\"thumbnailUrl\":\"https:\\\/\\\/adepublicite.fr\\\/wp-content\\\/uploads\\\/2020\\\/05\\\/hygiaphone-1-300x256.jpg\",\"datePublished\":\"2020-05-13T14:12:34+00:00\",\"dateModified\":\"2020-05-13T14:49:21+00:00\",\"breadcrumb\":{\"@id\":\"https:\\\/\\\/adepublicite.fr\\\/nos-produits-special-covid-19\\\/#breadcrumb\"},\"inLanguage\":\"en-US\",\"potentialAction\":[{\"@type\":\"ReadAction\",\"target\":[\"https:\\\/\\\/adepublicite.fr\\\/nos-produits-special-covid-19\\\/\"]}]},{\"@type\":\"ImageObject\",\"inLanguage\":\"en-US\",\"@id\":\"https:\\\/\\\/adepublicite.fr\\\/nos-produits-special-covid-19\\\/#primaryimage\",\"url\":\"https:\\\/\\\/adepublicite.fr\\\/wp-content\\\/uploads\\\/2020\\\/05\\\/hygiaphone-1-300x256.jpg\",\"contentUrl\":\"https:\\\/\\\/adepublicite.fr\\\/wp-content\\\/uploads\\\/2020\\\/05\\\/hygiaphone-1-300x256.jpg\"},{\"@type\":\"BreadcrumbList\",\"@id\":\"https:\\\/\\\/adepublicite.fr\\\/nos-produits-special-covid-19\\\/#breadcrumb\",\"itemListElement\":[{\"@type\":\"ListItem\",\"position\":1,\"name\":\"Accueil\",\"item\":\"https:\\\/\\\/adepublicite.fr\\\/\"},{\"@type\":\"ListItem\",\"position\":2,\"name\":\"Nos produits \u00ab\u00a0sp\u00e9cial Covid-19\u00a0\u00bb\"}]},{\"@type\":\"WebSite\",\"@id\":\"https:\\\/\\\/adepublicite.fr\\\/#website\",\"url\":\"https:\\\/\\\/adepublicite.fr\\\/\",\"name\":\"ADE Publicit\u00e9\",\"description\":\"\",\"publisher\":{\"@id\":\"https:\\\/\\\/adepublicite.fr\\\/#organization\"},\"potentialAction\":[{\"@type\":\"SearchAction\",\"target\":{\"@type\":\"EntryPoint\",\"urlTemplate\":\"https:\\\/\\\/adepublicite.fr\\\/?s={search_term_string}\"},\"query-input\":{\"@type\":\"PropertyValueSpecification\",\"valueRequired\":true,\"valueName\":\"search_term_string\"}}],\"inLanguage\":\"en-US\"},{\"@type\":\"Organization\",\"@id\":\"https:\\\/\\\/adepublicite.fr\\\/#organization\",\"name\":\"ADE Publicit\u00e9\",\"url\":\"https:\\\/\\\/adepublicite.fr\\\/\",\"logo\":{\"@type\":\"ImageObject\",\"inLanguage\":\"en-US\",\"@id\":\"https:\\\/\\\/adepublicite.fr\\\/#\\\/schema\\\/logo\\\/image\\\/\",\"url\":\"https:\\\/\\\/adepublicite.fr\\\/wp-content\\\/uploads\\\/2018\\\/05\\\/FAVICON.png\",\"contentUrl\":\"https:\\\/\\\/adepublicite.fr\\\/wp-content\\\/uploads\\\/2018\\\/05\\\/FAVICON.png\",\"width\":512,\"height\":512,\"caption\":\"ADE Publicit\u00e9\"},\"image\":{\"@id\":\"https:\\\/\\\/adepublicite.fr\\\/#\\\/schema\\\/logo\\\/image\\\/\"},\"sameAs\":[\"https:\\\/\\\/www.facebook.com\\\/adepublicite\\\/?ref=bookmarks\",\"https:\\\/\\\/www.linkedin.com\\\/company\\\/ade-publicit\u00e9\\\/\"]}]}<\/script>\n<!-- \/ Yoast SEO plugin. -->","yoast_head_json":{"title":"Nos produits \"sp\u00e9cial Covid-19\" - ADE Publicit\u00e9","robots":{"index":"index","follow":"follow","max-snippet":"max-snippet:-1","max-image-preview":"max-image-preview:large","max-video-preview":"max-video-preview:-1"},"canonical":"https:\/\/adepublicite.fr\/nos-produits-special-covid-19\/","og_locale":"en_US","og_type":"article","og_title":"Nos produits \"sp\u00e9cial Covid-19\" - ADE Publicit\u00e9","og_url":"https:\/\/adepublicite.fr\/nos-produits-special-covid-19\/","og_site_name":"ADE Publicit\u00e9","article_publisher":"https:\/\/www.facebook.com\/adepublicite\/?ref=bookmarks","article_modified_time":"2020-05-13T14:49:21+00:00","og_image":[{"url":"https:\/\/adepublicite.fr\/wp-content\/uploads\/2020\/05\/hygiaphone-1-300x256.jpg","type":"","width":"","height":""}],"twitter_card":"summary_large_image","schema":{"@context":"https:\/\/schema.org","@graph":[{"@type":"WebPage","@id":"https:\/\/adepublicite.fr\/nos-produits-special-covid-19\/","url":"https:\/\/adepublicite.fr\/nos-produits-special-covid-19\/","name":"Nos produits \"sp\u00e9cial Covid-19\" - ADE Publicit\u00e9","isPartOf":{"@id":"https:\/\/adepublicite.fr\/#website"},"primaryImageOfPage":{"@id":"https:\/\/adepublicite.fr\/nos-produits-special-covid-19\/#primaryimage"},"image":{"@id":"https:\/\/adepublicite.fr\/nos-produits-special-covid-19\/#primaryimage"},"thumbnailUrl":"https:\/\/adepublicite.fr\/wp-content\/uploads\/2020\/05\/hygiaphone-1-300x256.jpg","datePublished":"2020-05-13T14:12:34+00:00","dateModified":"2020-05-13T14:49:21+00:00","breadcrumb":{"@id":"https:\/\/adepublicite.fr\/nos-produits-special-covid-19\/#breadcrumb"},"inLanguage":"en-US","potentialAction":[{"@type":"ReadAction","target":["https:\/\/adepublicite.fr\/nos-produits-special-covid-19\/"]}]},{"@type":"ImageObject","inLanguage":"en-US","@id":"https:\/\/adepublicite.fr\/nos-produits-special-covid-19\/#primaryimage","url":"https:\/\/adepublicite.fr\/wp-content\/uploads\/2020\/05\/hygiaphone-1-300x256.jpg","contentUrl":"https:\/\/adepublicite.fr\/wp-content\/uploads\/2020\/05\/hygiaphone-1-300x256.jpg"},{"@type":"BreadcrumbList","@id":"https:\/\/adepublicite.fr\/nos-produits-special-covid-19\/#breadcrumb","itemListElement":[{"@type":"ListItem","position":1,"name":"Accueil","item":"https:\/\/adepublicite.fr\/"},{"@type":"ListItem","position":2,"name":"Nos produits \u00ab\u00a0sp\u00e9cial Covid-19\u00a0\u00bb"}]},{"@type":"WebSite","@id":"https:\/\/adepublicite.fr\/#website","url":"https:\/\/adepublicite.fr\/","name":"ADE Publicit\u00e9","description":"","publisher":{"@id":"https:\/\/adepublicite.fr\/#organization"},"potentialAction":[{"@type":"SearchAction","target":{"@type":"EntryPoint","urlTemplate":"https:\/\/adepublicite.fr\/?s={search_term_string}"},"query-input":{"@type":"PropertyValueSpecification","valueRequired":true,"valueName":"search_term_string"}}],"inLanguage":"en-US"},{"@type":"Organization","@id":"https:\/\/adepublicite.fr\/#organization","name":"ADE Publicit\u00e9","url":"https:\/\/adepublicite.fr\/","logo":{"@type":"ImageObject","inLanguage":"en-US","@id":"https:\/\/adepublicite.fr\/#\/schema\/logo\/image\/","url":"https:\/\/adepublicite.fr\/wp-content\/uploads\/2018\/05\/FAVICON.png","contentUrl":"https:\/\/adepublicite.fr\/wp-content\/uploads\/2018\/05\/FAVICON.png","width":512,"height":512,"caption":"ADE Publicit\u00e9"},"image":{"@id":"https:\/\/adepublicite.fr\/#\/schema\/logo\/image\/"},"sameAs":["https:\/\/www.facebook.com\/adepublicite\/?ref=bookmarks","https:\/\/www.linkedin.com\/company\/ade-publicit\u00e9\/"]}]}},"amp_enabled":true,"_links":{"self":[{"href":"https:\/\/adepublicite.fr\/en\/wp-json\/wp\/v2\/pages\/2588","targetHints":{"allow":["GET"]}}],"collection":[{"href":"https:\/\/adepublicite.fr\/en\/wp-json\/wp\/v2\/pages"}],"about":[{"href":"https:\/\/adepublicite.fr\/en\/wp-json\/wp\/v2\/types\/page"}],"author":[{"embeddable":true,"href":"https:\/\/adepublicite.fr\/en\/wp-json\/wp\/v2\/users\/1"}],"replies":[{"embeddable":true,"href":"https:\/\/adepublicite.fr\/en\/wp-json\/wp\/v2\/comments?post=2588"}],"version-history":[{"count":6,"href":"https:\/\/adepublicite.fr\/en\/wp-json\/wp\/v2\/pages\/2588\/revisions"}],"predecessor-version":[{"id":2616,"href":"https:\/\/adepublicite.fr\/en\/wp-json\/wp\/v2\/pages\/2588\/revisions\/2616"}],"wp:attachment":[{"href":"https:\/\/adepublicite.fr\/en\/wp-json\/wp\/v2\/media?parent=2588"}],"curies":[{"name":"wp","href":"https:\/\/api.w.org\/{rel}","templated":true}]}}