{"id":1983,"date":"2019-06-14T15:53:53","date_gmt":"2019-06-14T13:53:53","guid":{"rendered":"https:\/\/adepublicite.fr\/?page_id=1983"},"modified":"2022-12-13T14:42:06","modified_gmt":"2022-12-13T13:42:06","slug":"cavaliers-de-pompe","status":"publish","type":"page","link":"https:\/\/adepublicite.fr\/en\/cavaliers-de-pompe\/","title":{"rendered":"Cavaliers de pompe"},"content":{"rendered":"<table style=\"width: 100%;\">\n<tbody>\n<tr>\n<td style=\"width: 75%;\">\n<h2>Pourquoi un cavalier de pompe ?<\/h2>\n<ul>\n<li>Vous cherchez\u00a0<strong>un outil de travail pour votre client<\/strong>\u00a0?<\/li>\n<\/ul>\n<p>Le cavalier de pompe permet au consommateur d&#8217;identifier rapidement les boissons qui lui sont propos\u00e9es. Que votre client soit un caf\u00e9, h\u00f4tel, restaurant (\u2026) le cavalier de pompe est un outil de pr\u00e9sentation \u00e0 privil\u00e9gier !<\/p>\n<ul>\n<li>Vous cherchez un produit qui sera\u00a0<strong>toujours install\u00e9 au meilleur endroit<\/strong>\u00a0?<\/li>\n<\/ul>\n<p>Le cavalier de pompe sera install\u00e9 sur la pompe sur le comptoir, visible de loin par tous les consommateurs !<\/p>\n<ul>\n<li>Vous cherchez une communication\u00a0<strong>au moment o\u00f9 le consommateur passe sa commande<\/strong>\u00a0?<\/li>\n<\/ul>\n<p>Au moment o\u00f9 le consommateur vient passer sa commande, le cavalier de pompe attire le regard.<\/td>\n<td style=\"text-align: center; vertical-align: top;\"><div id=\"metaslider-id-1992\" style=\"max-width: 700px;\" class=\"ml-slider-3-107-0 metaslider metaslider-flex metaslider-1992 ml-slider ms-theme-default nav-hidden\" role=\"region\" aria-label=\"Cavaliers\" data-height=\"300\" data-width=\"700\">\n    <div id=\"metaslider_container_1992\">\n        <div id=\"metaslider_1992\">\n            <ul class='slides'>\n                <li style=\"display: block; width: 100%;\" class=\"slide-1993 ms-image \" aria-roledescription=\"slide\" data-date=\"2019-06-14 16:01:10\" data-filename=\"cavalier_de_pompe_1.jpg\" data-slide-type=\"image\"><img loading=\"lazy\" decoding=\"async\" width=\"500\" height=\"500\" src=\"https:\/\/adepublicite.fr\/wp-content\/uploads\/2019\/06\/cavalier_de_pompe_1.jpg\" class=\"slider-1992 slide-1993 msDefaultImage\" alt=\"\" rel=\"\" title=\"cavalier_de_pompe_1\" srcset=\"https:\/\/adepublicite.fr\/wp-content\/uploads\/2019\/06\/cavalier_de_pompe_1.jpg 500w, https:\/\/adepublicite.fr\/wp-content\/uploads\/2019\/06\/cavalier_de_pompe_1-150x150.jpg 150w, https:\/\/adepublicite.fr\/wp-content\/uploads\/2019\/06\/cavalier_de_pompe_1-300x300.jpg 300w\" sizes=\"auto, (max-width: 500px) 100vw, 500px\" \/><\/li>\n                <li style=\"display: none; width: 100%;\" class=\"slide-1994 ms-image \" aria-roledescription=\"slide\" data-date=\"2019-06-14 16:01:10\" data-filename=\"cavalier_de_pompe_3.jpg\" data-slide-type=\"image\"><img loading=\"lazy\" decoding=\"async\" width=\"500\" height=\"500\" src=\"https:\/\/adepublicite.fr\/wp-content\/uploads\/2019\/06\/cavalier_de_pompe_3.jpg\" class=\"slider-1992 slide-1994 msDefaultImage\" alt=\"\" rel=\"\" title=\"cavalier_de_pompe_3\" srcset=\"https:\/\/adepublicite.fr\/wp-content\/uploads\/2019\/06\/cavalier_de_pompe_3.jpg 500w, https:\/\/adepublicite.fr\/wp-content\/uploads\/2019\/06\/cavalier_de_pompe_3-150x150.jpg 150w, https:\/\/adepublicite.fr\/wp-content\/uploads\/2019\/06\/cavalier_de_pompe_3-300x300.jpg 300w\" sizes=\"auto, (max-width: 500px) 100vw, 500px\" \/><\/li>\n                <li style=\"display: none; width: 100%;\" class=\"slide-1995 ms-image \" aria-roledescription=\"slide\" data-date=\"2019-06-14 16:01:11\" data-filename=\"cavalier_de_pompe_2.jpg\" data-slide-type=\"image\"><img loading=\"lazy\" decoding=\"async\" width=\"500\" height=\"500\" src=\"https:\/\/adepublicite.fr\/wp-content\/uploads\/2019\/06\/cavalier_de_pompe_2.jpg\" class=\"slider-1992 slide-1995 msDefaultImage\" alt=\"\" rel=\"\" title=\"cavalier_de_pompe_2\" srcset=\"https:\/\/adepublicite.fr\/wp-content\/uploads\/2019\/06\/cavalier_de_pompe_2.jpg 500w, https:\/\/adepublicite.fr\/wp-content\/uploads\/2019\/06\/cavalier_de_pompe_2-150x150.jpg 150w, https:\/\/adepublicite.fr\/wp-content\/uploads\/2019\/06\/cavalier_de_pompe_2-300x300.jpg 300w\" sizes=\"auto, (max-width: 500px) 100vw, 500px\" \/><\/li>\n            <\/ul>\n        <\/div>\n        \n    <\/div>\n<\/div><\/td>\n<\/tr>\n<\/tbody>\n<\/table>\n<table>\n<tbody>\n<tr>\n<td><\/td>\n<\/tr>\n<\/tbody>\n<\/table>\n<h2>Quelle personnalisation ?<\/h2>\n<p><strong>Support\u00a0:<\/strong> m\u00e9dium, peuplier, okoum\u00e9, plexiglass, PVC, aluminium &#8230; (diff\u00e9rentes \u00e9paisseurs possibles)<\/p>\n<p><strong>Impression\u00a0:<\/strong>\u00a0s\u00e9rigraphie ou num\u00e9rique<\/p>\n<p><strong>Formats standards\u00a0:<\/strong> 11x17cm (autres formats possibles)<\/p>\n<p><strong>Finitions et options\u00a0:<\/strong> clip d&#8217;accroche en m\u00e9tal, d\u00e9coupe \u00e0 la forme, impression en relief &#8230; (et autres options \u00e0 la demande)<\/p>\n<p><strong>Emballage\u00a0:<\/strong> par 5 sous film<\/p>\n<p><strong>Origine\u00a0:\u00a0<\/strong>dans nos locaux en Is\u00e8re (France)<\/p>\n<p>Vous souhaitez en savoir plus sur nos techniques de fabrication d\u2019ardoise\u00a0? Consultez la page\u00a0<a href=\"https:\/\/adepublicite.fr\/savoir-faire\/\">savoir-faire<\/a>\u00a0ou\u00a0<a href=\"https:\/\/adepublicite.fr\/contact\/\">venez nous rencontrer<\/a>\u00a0!<\/p>\n<h2>Tarifs<\/h2>\n<p>Nos tarifs d\u00e9pendent de vos crit\u00e8res de personnalisation (la taille de l\u2019ardoise, le nombre de couleurs \u00e0 l&#8217;impression, le type d\u2019encadrement, si besoin la retouche de vos fichiers, la quantit\u00e9 souhait\u00e9e&#8230; voir nos\u00a0<a href=\"https:\/\/adepublicite.fr\/savoir-faire\/\">savoir faire<\/a>\u00a0pour plus d&#8217;explications), et sont donc exclusivement sur devis.<\/p>\n","protected":false},"excerpt":{"rendered":"<p>Pourquoi un cavalier de pompe ? Vous cherchez&nbsp;un outil de travail pour votre client&nbsp;? Le cavalier de pompe permet au consommateur d&rsquo;identifier rapidement les boissons qui lui sont propos&eacute;es. Que votre client soit un caf&eacute;, h&ocirc;tel, restaurant (&hellip;) le cavalier &hellip; <a href=\"https:\/\/adepublicite.fr\/en\/cavaliers-de-pompe\/\">Continued<\/a><\/p>\n","protected":false},"author":1,"featured_media":0,"parent":0,"menu_order":0,"comment_status":"closed","ping_status":"closed","template":"","meta":{"kt_blocks_editor_width":"","_monsterinsights_skip_tracking":false,"_monsterinsights_sitenote_active":false,"_monsterinsights_sitenote_note":"","_monsterinsights_sitenote_category":0,"footnotes":""},"class_list":["post-1983","page","type-page","status-publish","hentry"],"translation":{"provider":"WPGlobus","version":"3.0.2","language":"en","enabled_languages":["fr","en"],"languages":{"fr":{"title":true,"content":true,"excerpt":false},"en":{"title":false,"content":false,"excerpt":false}}},"yoast_head":"<!-- This site is optimized with the Yoast SEO plugin v27.3 - https:\/\/yoast.com\/product\/yoast-seo-wordpress\/ -->\n<title>Cavaliers de pompe publicitaires personnalis\u00e9s sur mesure | ADE Publicit\u00e9<\/title>\n<meta name=\"robots\" content=\"index, follow, max-snippet:-1, max-image-preview:large, max-video-preview:-1\" \/>\n<link rel=\"canonical\" href=\"https:\/\/adepublicite.fr\/cavaliers-de-pompe\/\" \/>\n<meta property=\"og:locale\" content=\"en_US\" \/>\n<meta property=\"og:type\" content=\"article\" \/>\n<meta property=\"og:title\" content=\"Cavaliers de pompe - ADE Publicit\u00e9\" \/>\n<meta property=\"og:url\" content=\"https:\/\/adepublicite.fr\/cavaliers-de-pompe\/\" \/>\n<meta property=\"og:site_name\" content=\"ADE Publicit\u00e9\" \/>\n<meta property=\"article:publisher\" content=\"https:\/\/www.facebook.com\/adepublicite\/?ref=bookmarks\" \/>\n<meta property=\"article:modified_time\" content=\"2022-12-13T13:42:06+00:00\" \/>\n<meta name=\"twitter:card\" content=\"summary_large_image\" \/>\n<meta name=\"twitter:label1\" content=\"Est. reading time\" \/>\n\t<meta name=\"twitter:data1\" content=\"2 minutes\" \/>\n<script type=\"application\/ld+json\" class=\"yoast-schema-graph\">{\"@context\":\"https:\\\/\\\/schema.org\",\"@graph\":[{\"@type\":\"WebPage\",\"@id\":\"https:\\\/\\\/adepublicite.fr\\\/cavaliers-de-pompe\\\/\",\"url\":\"https:\\\/\\\/adepublicite.fr\\\/cavaliers-de-pompe\\\/\",\"name\":\"Cavaliers de pompe publicitaires personnalis\u00e9s sur mesure | ADE Publicit\u00e9\",\"isPartOf\":{\"@id\":\"https:\\\/\\\/adepublicite.fr\\\/#website\"},\"datePublished\":\"2019-06-14T13:53:53+00:00\",\"dateModified\":\"2022-12-13T13:42:06+00:00\",\"breadcrumb\":{\"@id\":\"https:\\\/\\\/adepublicite.fr\\\/cavaliers-de-pompe\\\/#breadcrumb\"},\"inLanguage\":\"en-US\",\"potentialAction\":[{\"@type\":\"ReadAction\",\"target\":[\"https:\\\/\\\/adepublicite.fr\\\/cavaliers-de-pompe\\\/\"]}]},{\"@type\":\"BreadcrumbList\",\"@id\":\"https:\\\/\\\/adepublicite.fr\\\/cavaliers-de-pompe\\\/#breadcrumb\",\"itemListElement\":[{\"@type\":\"ListItem\",\"position\":1,\"name\":\"Accueil\",\"item\":\"https:\\\/\\\/adepublicite.fr\\\/\"},{\"@type\":\"ListItem\",\"position\":2,\"name\":\"Cavaliers de pompe\"}]},{\"@type\":\"WebSite\",\"@id\":\"https:\\\/\\\/adepublicite.fr\\\/#website\",\"url\":\"https:\\\/\\\/adepublicite.fr\\\/\",\"name\":\"ADE Publicit\u00e9\",\"description\":\"\",\"publisher\":{\"@id\":\"https:\\\/\\\/adepublicite.fr\\\/#organization\"},\"potentialAction\":[{\"@type\":\"SearchAction\",\"target\":{\"@type\":\"EntryPoint\",\"urlTemplate\":\"https:\\\/\\\/adepublicite.fr\\\/?s={search_term_string}\"},\"query-input\":{\"@type\":\"PropertyValueSpecification\",\"valueRequired\":true,\"valueName\":\"search_term_string\"}}],\"inLanguage\":\"en-US\"},{\"@type\":\"Organization\",\"@id\":\"https:\\\/\\\/adepublicite.fr\\\/#organization\",\"name\":\"ADE Publicit\u00e9\",\"url\":\"https:\\\/\\\/adepublicite.fr\\\/\",\"logo\":{\"@type\":\"ImageObject\",\"inLanguage\":\"en-US\",\"@id\":\"https:\\\/\\\/adepublicite.fr\\\/#\\\/schema\\\/logo\\\/image\\\/\",\"url\":\"https:\\\/\\\/adepublicite.fr\\\/wp-content\\\/uploads\\\/2018\\\/05\\\/FAVICON.png\",\"contentUrl\":\"https:\\\/\\\/adepublicite.fr\\\/wp-content\\\/uploads\\\/2018\\\/05\\\/FAVICON.png\",\"width\":512,\"height\":512,\"caption\":\"ADE Publicit\u00e9\"},\"image\":{\"@id\":\"https:\\\/\\\/adepublicite.fr\\\/#\\\/schema\\\/logo\\\/image\\\/\"},\"sameAs\":[\"https:\\\/\\\/www.facebook.com\\\/adepublicite\\\/?ref=bookmarks\",\"https:\\\/\\\/www.linkedin.com\\\/company\\\/ade-publicit\u00e9\\\/\"]}]}<\/script>\n<!-- \/ Yoast SEO plugin. -->","yoast_head_json":{"title":"Cavaliers de pompe publicitaires personnalis\u00e9s sur mesure | ADE Publicit\u00e9","robots":{"index":"index","follow":"follow","max-snippet":"max-snippet:-1","max-image-preview":"max-image-preview:large","max-video-preview":"max-video-preview:-1"},"canonical":"https:\/\/adepublicite.fr\/cavaliers-de-pompe\/","og_locale":"en_US","og_type":"article","og_title":"Cavaliers de pompe - ADE Publicit\u00e9","og_url":"https:\/\/adepublicite.fr\/cavaliers-de-pompe\/","og_site_name":"ADE Publicit\u00e9","article_publisher":"https:\/\/www.facebook.com\/adepublicite\/?ref=bookmarks","article_modified_time":"2022-12-13T13:42:06+00:00","twitter_card":"summary_large_image","twitter_misc":{"Est. reading time":"2 minutes"},"schema":{"@context":"https:\/\/schema.org","@graph":[{"@type":"WebPage","@id":"https:\/\/adepublicite.fr\/cavaliers-de-pompe\/","url":"https:\/\/adepublicite.fr\/cavaliers-de-pompe\/","name":"Cavaliers de pompe publicitaires personnalis\u00e9s sur mesure | ADE Publicit\u00e9","isPartOf":{"@id":"https:\/\/adepublicite.fr\/#website"},"datePublished":"2019-06-14T13:53:53+00:00","dateModified":"2022-12-13T13:42:06+00:00","breadcrumb":{"@id":"https:\/\/adepublicite.fr\/cavaliers-de-pompe\/#breadcrumb"},"inLanguage":"en-US","potentialAction":[{"@type":"ReadAction","target":["https:\/\/adepublicite.fr\/cavaliers-de-pompe\/"]}]},{"@type":"BreadcrumbList","@id":"https:\/\/adepublicite.fr\/cavaliers-de-pompe\/#breadcrumb","itemListElement":[{"@type":"ListItem","position":1,"name":"Accueil","item":"https:\/\/adepublicite.fr\/"},{"@type":"ListItem","position":2,"name":"Cavaliers de pompe"}]},{"@type":"WebSite","@id":"https:\/\/adepublicite.fr\/#website","url":"https:\/\/adepublicite.fr\/","name":"ADE Publicit\u00e9","description":"","publisher":{"@id":"https:\/\/adepublicite.fr\/#organization"},"potentialAction":[{"@type":"SearchAction","target":{"@type":"EntryPoint","urlTemplate":"https:\/\/adepublicite.fr\/?s={search_term_string}"},"query-input":{"@type":"PropertyValueSpecification","valueRequired":true,"valueName":"search_term_string"}}],"inLanguage":"en-US"},{"@type":"Organization","@id":"https:\/\/adepublicite.fr\/#organization","name":"ADE Publicit\u00e9","url":"https:\/\/adepublicite.fr\/","logo":{"@type":"ImageObject","inLanguage":"en-US","@id":"https:\/\/adepublicite.fr\/#\/schema\/logo\/image\/","url":"https:\/\/adepublicite.fr\/wp-content\/uploads\/2018\/05\/FAVICON.png","contentUrl":"https:\/\/adepublicite.fr\/wp-content\/uploads\/2018\/05\/FAVICON.png","width":512,"height":512,"caption":"ADE Publicit\u00e9"},"image":{"@id":"https:\/\/adepublicite.fr\/#\/schema\/logo\/image\/"},"sameAs":["https:\/\/www.facebook.com\/adepublicite\/?ref=bookmarks","https:\/\/www.linkedin.com\/company\/ade-publicit\u00e9\/"]}]}},"amp_enabled":true,"_links":{"self":[{"href":"https:\/\/adepublicite.fr\/en\/wp-json\/wp\/v2\/pages\/1983","targetHints":{"allow":["GET"]}}],"collection":[{"href":"https:\/\/adepublicite.fr\/en\/wp-json\/wp\/v2\/pages"}],"about":[{"href":"https:\/\/adepublicite.fr\/en\/wp-json\/wp\/v2\/types\/page"}],"author":[{"embeddable":true,"href":"https:\/\/adepublicite.fr\/en\/wp-json\/wp\/v2\/users\/1"}],"replies":[{"embeddable":true,"href":"https:\/\/adepublicite.fr\/en\/wp-json\/wp\/v2\/comments?post=1983"}],"version-history":[{"count":7,"href":"https:\/\/adepublicite.fr\/en\/wp-json\/wp\/v2\/pages\/1983\/revisions"}],"predecessor-version":[{"id":3957,"href":"https:\/\/adepublicite.fr\/en\/wp-json\/wp\/v2\/pages\/1983\/revisions\/3957"}],"wp:attachment":[{"href":"https:\/\/adepublicite.fr\/en\/wp-json\/wp\/v2\/media?parent=1983"}],"curies":[{"name":"wp","href":"https:\/\/api.w.org\/{rel}","templated":true}]}}